{"id":58520,"date":"2022-09-23T13:50:41","date_gmt":"2022-09-23T13:50:41","guid":{"rendered":"https:\/\/sales-ai-agents.com\/templates\/weekly-status-report\/"},"modified":"2023-12-31T16:43:34","modified_gmt":"2023-12-31T16:43:34","slug":"weekly-status-report","status":"publish","type":"product","link":"https:\/\/sales-ai-agents.com\/de\/templates\/weekly-status-report\/","title":{"rendered":"W\u00f6chentlicher Statusbericht"},"content":{"rendered":"<p>&nbsp;<\/p>\n<h2>W\u00f6chentlicher Statusbericht Vorlage<\/h2>\n<p class=\"desc-text\">Verwenden Sie diese Vorlage f\u00fcr einen w\u00f6chentlichen Statusbericht, um Ihre Woche Revue passieren zu lassen und Ihre Fortschritte zu \u00fcberpr\u00fcfen. Sie k\u00f6nnen auch Ziele f\u00fcr die n\u00e4chste Woche festlegen und eine Liste mit zuk\u00fcnftigen Aufgaben und Auftr\u00e4gen erstellen. Wenn Sie eine Bestandsaufnahme Ihres Arbeitspensums machen und Ihre Ziele notieren, k\u00f6nnen Sie gut vorbereitet und konzentriert in die neue Woche gehen.<\/p>\n<h5>Wie zu verwenden:<\/h5>\n<ul class=\"desc-item_list\">\n<li class=\"desc-item_list__point\">Liste der in dieser Woche erledigten Arbeiten und Aufgaben<\/li>\n<li class=\"desc-item_list__point\">Laufende Projekte verfolgen<\/li>\n<li class=\"desc-item_list__point\">Beachten Sie die n\u00e4chsten Schritte f\u00fcr laufende Projekte<\/li>\n<li class=\"desc-item_list__point\">Erstellen Sie eine Liste mit Aufgaben f\u00fcr die n\u00e4chste Woche<\/li>\n<li class=\"desc-item_list__point\">Definieren Sie Ziele f\u00fcr die Arbeit<\/li>\n<\/ul>\n","protected":false},"excerpt":{"rendered":"<p>Verwenden Sie diese Vorlage f\u00fcr einen Statusbericht, um Ihre Woche Revue passieren zu lassen und Ihre Fortschritte zu \u00fcberpr\u00fcfen. Ziehen Sie Bilanz \u00fcber Ihr Arbeitspensum und notieren Sie Ihre Ziele mit Nimbus!<\/p>\n","protected":false},"featured_media":20333,"template":"","meta":{"_acf_changed":false,"inline_featured_image":false},"product_brand":[],"product_cat":[178,179,185],"product_tag":[],"class_list":{"0":"post-58520","1":"product","2":"type-product","3":"status-publish","4":"has-post-thumbnail","6":"product_cat-operations-hr","7":"product_cat-organizers-planners","8":"product_cat-personal-work","10":"first","11":"instock","12":"virtual","13":"sold-individually","14":"product-type-simple"},"acf":[],"yoast_head":"<!-- This site is optimized with the Yoast SEO plugin v25.3.1 - https:\/\/yoast.com\/wordpress\/plugins\/seo\/ -->\n<title>W\u00f6chentlicher Statusbericht Vorlage - Sales AI Agents<\/title>\n<meta name=\"description\" content=\"Verwenden Sie diese Vorlage f\u00fcr einen Statusbericht, um Ihre Woche Revue passieren zu lassen und Ihre Fortschritte zu \u00fcberpr\u00fcfen. Ziehen Sie Bilanz \u00fcber Ihr Arbeitspensum und notieren Sie Ihre Ziele mit Nimbus!\" \/>\n<meta name=\"robots\" content=\"index, follow, max-snippet:-1, max-image-preview:large, max-video-preview:-1\" \/>\n<link rel=\"canonical\" href=\"https:\/\/sales-ai-agents.com\/de\/templates\/weekly-status-report\/\" \/>\n<meta property=\"og:locale\" content=\"de_DE\" \/>\n<meta property=\"og:type\" content=\"article\" \/>\n<meta property=\"og:title\" content=\"W\u00f6chentlicher Statusbericht Vorlage - Sales AI Agents\" \/>\n<meta property=\"og:description\" content=\"Verwenden Sie diese Vorlage f\u00fcr einen Statusbericht, um Ihre Woche Revue passieren zu lassen und Ihre Fortschritte zu \u00fcberpr\u00fcfen. Ziehen Sie Bilanz \u00fcber Ihr Arbeitspensum und notieren Sie Ihre Ziele mit Nimbus!\" \/>\n<meta property=\"og:url\" content=\"https:\/\/sales-ai-agents.com\/de\/templates\/weekly-status-report\/\" \/>\n<meta property=\"og:site_name\" content=\"Sales AI Agents\" \/>\n<meta property=\"article:modified_time\" content=\"2023-12-31T16:43:34+00:00\" \/>\n<meta property=\"og:image\" content=\"https:\/\/sales-ai-agents.com\/wp-content\/uploads\/2023\/01\/image-preview115611.png\" \/>\n\t<meta property=\"og:image:width\" content=\"1078\" \/>\n\t<meta property=\"og:image:height\" content=\"1346\" \/>\n\t<meta property=\"og:image:type\" content=\"image\/png\" \/>\n<meta name=\"twitter:card\" content=\"summary_large_image\" \/>\n<script type=\"application\/ld+json\" class=\"yoast-schema-graph\">{\"@context\":\"https:\/\/schema.org\",\"@graph\":[{\"@type\":\"WebPage\",\"@id\":\"https:\/\/sales-ai-agents.com\/de\/templates\/weekly-status-report\/\",\"url\":\"https:\/\/sales-ai-agents.com\/de\/templates\/weekly-status-report\/\",\"name\":\"W\u00f6chentlicher Statusbericht Vorlage - Sales AI Agents\",\"isPartOf\":{\"@id\":\"https:\/\/sales-ai-agents.com\/#website\"},\"primaryImageOfPage\":{\"@id\":\"https:\/\/sales-ai-agents.com\/de\/templates\/weekly-status-report\/#primaryimage\"},\"image\":{\"@id\":\"https:\/\/sales-ai-agents.com\/de\/templates\/weekly-status-report\/#primaryimage\"},\"thumbnailUrl\":\"https:\/\/sales-ai-agents.com\/wp-content\/uploads\/2023\/01\/image-preview115611.png\",\"datePublished\":\"2022-09-23T13:50:41+00:00\",\"dateModified\":\"2023-12-31T16:43:34+00:00\",\"description\":\"Verwenden Sie diese Vorlage f\u00fcr einen Statusbericht, um Ihre Woche Revue passieren zu lassen und Ihre Fortschritte zu \u00fcberpr\u00fcfen. Ziehen Sie Bilanz \u00fcber Ihr Arbeitspensum und notieren Sie Ihre Ziele mit Nimbus!\",\"inLanguage\":\"de-DE\",\"potentialAction\":[{\"@type\":\"ReadAction\",\"target\":[\"https:\/\/sales-ai-agents.com\/de\/templates\/weekly-status-report\/\"]}]},{\"@type\":\"ImageObject\",\"inLanguage\":\"de-DE\",\"@id\":\"https:\/\/sales-ai-agents.com\/de\/templates\/weekly-status-report\/#primaryimage\",\"url\":\"https:\/\/sales-ai-agents.com\/wp-content\/uploads\/2023\/01\/image-preview115611.png\",\"contentUrl\":\"https:\/\/sales-ai-agents.com\/wp-content\/uploads\/2023\/01\/image-preview115611.png\",\"width\":1078,\"height\":1346,\"caption\":\"Weekly Status Report Template - Nimbus Platform\"},{\"@type\":\"WebSite\",\"@id\":\"https:\/\/sales-ai-agents.com\/#website\",\"url\":\"https:\/\/sales-ai-agents.com\/\",\"name\":\"FuseBase\",\"description\":\"Nimbus Platform - Free Online Collaboration Software for Remote Teams. Build your wikis, client portals and more with the Nimbus Platform collaboration tool ? A perfect space for online work\",\"publisher\":{\"@id\":\"https:\/\/sales-ai-agents.com\/#organization\"},\"potentialAction\":[{\"@type\":\"SearchAction\",\"target\":{\"@type\":\"EntryPoint\",\"urlTemplate\":\"https:\/\/sales-ai-agents.com\/?s={search_term_string}\"},\"query-input\":{\"@type\":\"PropertyValueSpecification\",\"valueRequired\":true,\"valueName\":\"search_term_string\"}}],\"inLanguage\":\"de-DE\"},{\"@type\":\"Organization\",\"@id\":\"https:\/\/sales-ai-agents.com\/#organization\",\"name\":\"FuseBase\",\"url\":\"https:\/\/sales-ai-agents.com\/\",\"logo\":{\"@type\":\"ImageObject\",\"inLanguage\":\"de-DE\",\"@id\":\"https:\/\/sales-ai-agents.com\/#\/schema\/logo\/image\/\",\"url\":\"https:\/\/sales-ai-agents.com\/wp-content\/uploads\/2023\/11\/icon-7.svg\",\"contentUrl\":\"https:\/\/sales-ai-agents.com\/wp-content\/uploads\/2023\/11\/icon-7.svg\",\"width\":128,\"height\":128,\"caption\":\"FuseBase\"},\"image\":{\"@id\":\"https:\/\/sales-ai-agents.com\/#\/schema\/logo\/image\/\"}}]}<\/script>\n<!-- \/ Yoast SEO plugin. -->","yoast_head_json":{"title":"W\u00f6chentlicher Statusbericht Vorlage - Sales AI Agents","description":"Verwenden Sie diese Vorlage f\u00fcr einen Statusbericht, um Ihre Woche Revue passieren zu lassen und Ihre Fortschritte zu \u00fcberpr\u00fcfen. Ziehen Sie Bilanz \u00fcber Ihr Arbeitspensum und notieren Sie Ihre Ziele mit Nimbus!","robots":{"index":"index","follow":"follow","max-snippet":"max-snippet:-1","max-image-preview":"max-image-preview:large","max-video-preview":"max-video-preview:-1"},"canonical":"https:\/\/sales-ai-agents.com\/de\/templates\/weekly-status-report\/","og_locale":"de_DE","og_type":"article","og_title":"W\u00f6chentlicher Statusbericht Vorlage - Sales AI Agents","og_description":"Verwenden Sie diese Vorlage f\u00fcr einen Statusbericht, um Ihre Woche Revue passieren zu lassen und Ihre Fortschritte zu \u00fcberpr\u00fcfen. Ziehen Sie Bilanz \u00fcber Ihr Arbeitspensum und notieren Sie Ihre Ziele mit Nimbus!","og_url":"https:\/\/sales-ai-agents.com\/de\/templates\/weekly-status-report\/","og_site_name":"Sales AI Agents","article_modified_time":"2023-12-31T16:43:34+00:00","og_image":[{"width":1078,"height":1346,"url":"https:\/\/sales-ai-agents.com\/wp-content\/uploads\/2023\/01\/image-preview115611.png","type":"image\/png"}],"twitter_card":"summary_large_image","schema":{"@context":"https:\/\/schema.org","@graph":[{"@type":"WebPage","@id":"https:\/\/sales-ai-agents.com\/de\/templates\/weekly-status-report\/","url":"https:\/\/sales-ai-agents.com\/de\/templates\/weekly-status-report\/","name":"W\u00f6chentlicher Statusbericht Vorlage - Sales AI Agents","isPartOf":{"@id":"https:\/\/sales-ai-agents.com\/#website"},"primaryImageOfPage":{"@id":"https:\/\/sales-ai-agents.com\/de\/templates\/weekly-status-report\/#primaryimage"},"image":{"@id":"https:\/\/sales-ai-agents.com\/de\/templates\/weekly-status-report\/#primaryimage"},"thumbnailUrl":"https:\/\/sales-ai-agents.com\/wp-content\/uploads\/2023\/01\/image-preview115611.png","datePublished":"2022-09-23T13:50:41+00:00","dateModified":"2023-12-31T16:43:34+00:00","description":"Verwenden Sie diese Vorlage f\u00fcr einen Statusbericht, um Ihre Woche Revue passieren zu lassen und Ihre Fortschritte zu \u00fcberpr\u00fcfen. Ziehen Sie Bilanz \u00fcber Ihr Arbeitspensum und notieren Sie Ihre Ziele mit Nimbus!","inLanguage":"de-DE","potentialAction":[{"@type":"ReadAction","target":["https:\/\/sales-ai-agents.com\/de\/templates\/weekly-status-report\/"]}]},{"@type":"ImageObject","inLanguage":"de-DE","@id":"https:\/\/sales-ai-agents.com\/de\/templates\/weekly-status-report\/#primaryimage","url":"https:\/\/sales-ai-agents.com\/wp-content\/uploads\/2023\/01\/image-preview115611.png","contentUrl":"https:\/\/sales-ai-agents.com\/wp-content\/uploads\/2023\/01\/image-preview115611.png","width":1078,"height":1346,"caption":"Weekly Status Report Template - Nimbus Platform"},{"@type":"WebSite","@id":"https:\/\/sales-ai-agents.com\/#website","url":"https:\/\/sales-ai-agents.com\/","name":"FuseBase","description":"Nimbus Platform - Free Online Collaboration Software for Remote Teams. Build your wikis, client portals and more with the Nimbus Platform collaboration tool ? A perfect space for online work","publisher":{"@id":"https:\/\/sales-ai-agents.com\/#organization"},"potentialAction":[{"@type":"SearchAction","target":{"@type":"EntryPoint","urlTemplate":"https:\/\/sales-ai-agents.com\/?s={search_term_string}"},"query-input":{"@type":"PropertyValueSpecification","valueRequired":true,"valueName":"search_term_string"}}],"inLanguage":"de-DE"},{"@type":"Organization","@id":"https:\/\/sales-ai-agents.com\/#organization","name":"FuseBase","url":"https:\/\/sales-ai-agents.com\/","logo":{"@type":"ImageObject","inLanguage":"de-DE","@id":"https:\/\/sales-ai-agents.com\/#\/schema\/logo\/image\/","url":"https:\/\/sales-ai-agents.com\/wp-content\/uploads\/2023\/11\/icon-7.svg","contentUrl":"https:\/\/sales-ai-agents.com\/wp-content\/uploads\/2023\/11\/icon-7.svg","width":128,"height":128,"caption":"FuseBase"},"image":{"@id":"https:\/\/sales-ai-agents.com\/#\/schema\/logo\/image\/"}}]}},"_links":{"self":[{"href":"https:\/\/sales-ai-agents.com\/de\/wp-json\/wp\/v2\/product\/58520","targetHints":{"allow":["GET"]}}],"collection":[{"href":"https:\/\/sales-ai-agents.com\/de\/wp-json\/wp\/v2\/product"}],"about":[{"href":"https:\/\/sales-ai-agents.com\/de\/wp-json\/wp\/v2\/types\/product"}],"wp:featuredmedia":[{"embeddable":true,"href":"https:\/\/sales-ai-agents.com\/de\/wp-json\/wp\/v2\/media\/20333"}],"wp:attachment":[{"href":"https:\/\/sales-ai-agents.com\/de\/wp-json\/wp\/v2\/media?parent=58520"}],"wp:term":[{"taxonomy":"product_brand","embeddable":true,"href":"https:\/\/sales-ai-agents.com\/de\/wp-json\/wp\/v2\/product_brand?post=58520"},{"taxonomy":"product_cat","embeddable":true,"href":"https:\/\/sales-ai-agents.com\/de\/wp-json\/wp\/v2\/product_cat?post=58520"},{"taxonomy":"product_tag","embeddable":true,"href":"https:\/\/sales-ai-agents.com\/de\/wp-json\/wp\/v2\/product_tag?post=58520"}],"curies":[{"name":"wp","href":"https:\/\/api.w.org\/{rel}","templated":true}]}}