{"id":58521,"date":"2022-09-23T13:50:38","date_gmt":"2022-09-23T13:50:38","guid":{"rendered":"https:\/\/sales-ai-agents.com\/templates\/okr-by-department\/"},"modified":"2023-12-27T14:34:48","modified_gmt":"2023-12-27T14:34:48","slug":"okr-by-department","status":"publish","type":"product","link":"https:\/\/sales-ai-agents.com\/de\/templates\/okr-by-department\/","title":{"rendered":"OKR nach Abteilung"},"content":{"rendered":"<p>&nbsp;<\/p>\n<h2>Ziele und Schl\u00fcsselergebnisse nach Abteilungen Vorlage<\/h2>\n<p class=\"desc-text\">Ziele und Schl\u00fcsselergebnisse (OKRs) sollten einfach zu lesen sein und Schritte f\u00fcr messbare Erfolge enthalten. Diese Vorlage erm\u00f6glicht es Ihnen, die Ziele innerhalb einer Abteilung oder eines Teams zu verfolgen. Erstellen Sie Benchmarks und listen Sie die wichtigsten Ergebnisse auf, die Sie erreichen wollen. Bleiben Sie auf dem Laufenden und halten Sie Ihr gesamtes Team auf dem Laufenden.<\/p>\n<h5>Wie zu verwenden:<\/h5>\n<ul class=\"desc-item_list\">\n<li class=\"desc-item_list__point\">Auflistung der wichtigsten Ziele und Ergebnisse in der Tabelle<\/li>\n<li class=\"desc-item_list__point\">Berechnen Sie den Prozentsatz der Leistung<\/li>\n<li class=\"desc-item_list__point\">Detailliertere Ergebnisse f\u00fcr jedes Ziel auflisten<\/li>\n<li class=\"desc-item_list__point\">Teilen Sie Ihre Ideen mit Ihrer Abteilung<\/li>\n<\/ul>\n","protected":false},"excerpt":{"rendered":"<p>Organisieren Sie Ziele und Schl\u00fcsselergebnisse (OKRs), um produktiv zu arbeiten und Erfolge zu erzielen. Diese Vorlage erm\u00f6glicht es Ihnen, die Ziele innerhalb einer Abteilung oder eines Teams zu verfolgen.<\/p>\n","protected":false},"featured_media":20331,"template":"","meta":{"_acf_changed":false,"inline_featured_image":false},"product_brand":[],"product_cat":[178,179,191],"product_tag":[],"class_list":{"0":"post-58521","1":"product","2":"type-product","3":"status-publish","4":"has-post-thumbnail","6":"product_cat-operations-hr","7":"product_cat-organizers-planners","8":"product_cat-project-management","10":"first","11":"instock","12":"virtual","13":"sold-individually","14":"product-type-simple"},"acf":[],"yoast_head":"<!-- This site is optimized with the Yoast SEO plugin v25.3.1 - https:\/\/yoast.com\/wordpress\/plugins\/seo\/ -->\n<title>OKR nach Abteilung Vorlage - Sales AI Agents<\/title>\n<meta name=\"description\" content=\"Organisieren Sie Ziele und Schl\u00fcsselergebnisse (OKRs), um produktiv zu arbeiten und Erfolge zu erzielen. Diese Vorlage erm\u00f6glicht es Ihnen, die Ziele innerhalb eines Teams zu verfolgen.\" \/>\n<meta name=\"robots\" content=\"index, follow, max-snippet:-1, max-image-preview:large, max-video-preview:-1\" \/>\n<link rel=\"canonical\" href=\"https:\/\/sales-ai-agents.com\/de\/templates\/okr-by-department\/\" \/>\n<meta property=\"og:locale\" content=\"de_DE\" \/>\n<meta property=\"og:type\" content=\"article\" \/>\n<meta property=\"og:title\" content=\"OKR nach Abteilung Vorlage - Sales AI Agents\" \/>\n<meta property=\"og:description\" content=\"Organisieren Sie Ziele und Schl\u00fcsselergebnisse (OKRs), um produktiv zu arbeiten und Erfolge zu erzielen. Diese Vorlage erm\u00f6glicht es Ihnen, die Ziele innerhalb eines Teams zu verfolgen.\" \/>\n<meta property=\"og:url\" content=\"https:\/\/sales-ai-agents.com\/de\/templates\/okr-by-department\/\" \/>\n<meta property=\"og:site_name\" content=\"Sales AI Agents\" \/>\n<meta property=\"article:modified_time\" content=\"2023-12-27T14:34:48+00:00\" \/>\n<meta property=\"og:image\" content=\"https:\/\/sales-ai-agents.com\/wp-content\/uploads\/2023\/01\/image-preview115609.png\" \/>\n\t<meta property=\"og:image:width\" content=\"1078\" \/>\n\t<meta property=\"og:image:height\" content=\"1065\" \/>\n\t<meta property=\"og:image:type\" content=\"image\/png\" \/>\n<meta name=\"twitter:card\" content=\"summary_large_image\" \/>\n<script type=\"application\/ld+json\" class=\"yoast-schema-graph\">{\"@context\":\"https:\/\/schema.org\",\"@graph\":[{\"@type\":\"WebPage\",\"@id\":\"https:\/\/sales-ai-agents.com\/de\/templates\/okr-by-department\/\",\"url\":\"https:\/\/sales-ai-agents.com\/de\/templates\/okr-by-department\/\",\"name\":\"OKR nach Abteilung Vorlage - Sales AI Agents\",\"isPartOf\":{\"@id\":\"https:\/\/sales-ai-agents.com\/#website\"},\"primaryImageOfPage\":{\"@id\":\"https:\/\/sales-ai-agents.com\/de\/templates\/okr-by-department\/#primaryimage\"},\"image\":{\"@id\":\"https:\/\/sales-ai-agents.com\/de\/templates\/okr-by-department\/#primaryimage\"},\"thumbnailUrl\":\"https:\/\/sales-ai-agents.com\/wp-content\/uploads\/2023\/01\/image-preview115609.png\",\"datePublished\":\"2022-09-23T13:50:38+00:00\",\"dateModified\":\"2023-12-27T14:34:48+00:00\",\"description\":\"Organisieren Sie Ziele und Schl\u00fcsselergebnisse (OKRs), um produktiv zu arbeiten und Erfolge zu erzielen. Diese Vorlage erm\u00f6glicht es Ihnen, die Ziele innerhalb eines Teams zu verfolgen.\",\"inLanguage\":\"de-DE\",\"potentialAction\":[{\"@type\":\"ReadAction\",\"target\":[\"https:\/\/sales-ai-agents.com\/de\/templates\/okr-by-department\/\"]}]},{\"@type\":\"ImageObject\",\"inLanguage\":\"de-DE\",\"@id\":\"https:\/\/sales-ai-agents.com\/de\/templates\/okr-by-department\/#primaryimage\",\"url\":\"https:\/\/sales-ai-agents.com\/wp-content\/uploads\/2023\/01\/image-preview115609.png\",\"contentUrl\":\"https:\/\/sales-ai-agents.com\/wp-content\/uploads\/2023\/01\/image-preview115609.png\",\"width\":1078,\"height\":1065,\"caption\":\"Objectives and Key Results Template - Nimbus Platform\"},{\"@type\":\"WebSite\",\"@id\":\"https:\/\/sales-ai-agents.com\/#website\",\"url\":\"https:\/\/sales-ai-agents.com\/\",\"name\":\"FuseBase\",\"description\":\"Nimbus Platform - Free Online Collaboration Software for Remote Teams. Build your wikis, client portals and more with the Nimbus Platform collaboration tool ? A perfect space for online work\",\"publisher\":{\"@id\":\"https:\/\/sales-ai-agents.com\/#organization\"},\"potentialAction\":[{\"@type\":\"SearchAction\",\"target\":{\"@type\":\"EntryPoint\",\"urlTemplate\":\"https:\/\/sales-ai-agents.com\/?s={search_term_string}\"},\"query-input\":{\"@type\":\"PropertyValueSpecification\",\"valueRequired\":true,\"valueName\":\"search_term_string\"}}],\"inLanguage\":\"de-DE\"},{\"@type\":\"Organization\",\"@id\":\"https:\/\/sales-ai-agents.com\/#organization\",\"name\":\"FuseBase\",\"url\":\"https:\/\/sales-ai-agents.com\/\",\"logo\":{\"@type\":\"ImageObject\",\"inLanguage\":\"de-DE\",\"@id\":\"https:\/\/sales-ai-agents.com\/#\/schema\/logo\/image\/\",\"url\":\"https:\/\/sales-ai-agents.com\/wp-content\/uploads\/2023\/11\/icon-7.svg\",\"contentUrl\":\"https:\/\/sales-ai-agents.com\/wp-content\/uploads\/2023\/11\/icon-7.svg\",\"width\":128,\"height\":128,\"caption\":\"FuseBase\"},\"image\":{\"@id\":\"https:\/\/sales-ai-agents.com\/#\/schema\/logo\/image\/\"}}]}<\/script>\n<!-- \/ Yoast SEO plugin. -->","yoast_head_json":{"title":"OKR nach Abteilung Vorlage - Sales AI Agents","description":"Organisieren Sie Ziele und Schl\u00fcsselergebnisse (OKRs), um produktiv zu arbeiten und Erfolge zu erzielen. Diese Vorlage erm\u00f6glicht es Ihnen, die Ziele innerhalb eines Teams zu verfolgen.","robots":{"index":"index","follow":"follow","max-snippet":"max-snippet:-1","max-image-preview":"max-image-preview:large","max-video-preview":"max-video-preview:-1"},"canonical":"https:\/\/sales-ai-agents.com\/de\/templates\/okr-by-department\/","og_locale":"de_DE","og_type":"article","og_title":"OKR nach Abteilung Vorlage - Sales AI Agents","og_description":"Organisieren Sie Ziele und Schl\u00fcsselergebnisse (OKRs), um produktiv zu arbeiten und Erfolge zu erzielen. Diese Vorlage erm\u00f6glicht es Ihnen, die Ziele innerhalb eines Teams zu verfolgen.","og_url":"https:\/\/sales-ai-agents.com\/de\/templates\/okr-by-department\/","og_site_name":"Sales AI Agents","article_modified_time":"2023-12-27T14:34:48+00:00","og_image":[{"width":1078,"height":1065,"url":"https:\/\/sales-ai-agents.com\/wp-content\/uploads\/2023\/01\/image-preview115609.png","type":"image\/png"}],"twitter_card":"summary_large_image","schema":{"@context":"https:\/\/schema.org","@graph":[{"@type":"WebPage","@id":"https:\/\/sales-ai-agents.com\/de\/templates\/okr-by-department\/","url":"https:\/\/sales-ai-agents.com\/de\/templates\/okr-by-department\/","name":"OKR nach Abteilung Vorlage - Sales AI Agents","isPartOf":{"@id":"https:\/\/sales-ai-agents.com\/#website"},"primaryImageOfPage":{"@id":"https:\/\/sales-ai-agents.com\/de\/templates\/okr-by-department\/#primaryimage"},"image":{"@id":"https:\/\/sales-ai-agents.com\/de\/templates\/okr-by-department\/#primaryimage"},"thumbnailUrl":"https:\/\/sales-ai-agents.com\/wp-content\/uploads\/2023\/01\/image-preview115609.png","datePublished":"2022-09-23T13:50:38+00:00","dateModified":"2023-12-27T14:34:48+00:00","description":"Organisieren Sie Ziele und Schl\u00fcsselergebnisse (OKRs), um produktiv zu arbeiten und Erfolge zu erzielen. Diese Vorlage erm\u00f6glicht es Ihnen, die Ziele innerhalb eines Teams zu verfolgen.","inLanguage":"de-DE","potentialAction":[{"@type":"ReadAction","target":["https:\/\/sales-ai-agents.com\/de\/templates\/okr-by-department\/"]}]},{"@type":"ImageObject","inLanguage":"de-DE","@id":"https:\/\/sales-ai-agents.com\/de\/templates\/okr-by-department\/#primaryimage","url":"https:\/\/sales-ai-agents.com\/wp-content\/uploads\/2023\/01\/image-preview115609.png","contentUrl":"https:\/\/sales-ai-agents.com\/wp-content\/uploads\/2023\/01\/image-preview115609.png","width":1078,"height":1065,"caption":"Objectives and Key Results Template - Nimbus Platform"},{"@type":"WebSite","@id":"https:\/\/sales-ai-agents.com\/#website","url":"https:\/\/sales-ai-agents.com\/","name":"FuseBase","description":"Nimbus Platform - Free Online Collaboration Software for Remote Teams. Build your wikis, client portals and more with the Nimbus Platform collaboration tool ? A perfect space for online work","publisher":{"@id":"https:\/\/sales-ai-agents.com\/#organization"},"potentialAction":[{"@type":"SearchAction","target":{"@type":"EntryPoint","urlTemplate":"https:\/\/sales-ai-agents.com\/?s={search_term_string}"},"query-input":{"@type":"PropertyValueSpecification","valueRequired":true,"valueName":"search_term_string"}}],"inLanguage":"de-DE"},{"@type":"Organization","@id":"https:\/\/sales-ai-agents.com\/#organization","name":"FuseBase","url":"https:\/\/sales-ai-agents.com\/","logo":{"@type":"ImageObject","inLanguage":"de-DE","@id":"https:\/\/sales-ai-agents.com\/#\/schema\/logo\/image\/","url":"https:\/\/sales-ai-agents.com\/wp-content\/uploads\/2023\/11\/icon-7.svg","contentUrl":"https:\/\/sales-ai-agents.com\/wp-content\/uploads\/2023\/11\/icon-7.svg","width":128,"height":128,"caption":"FuseBase"},"image":{"@id":"https:\/\/sales-ai-agents.com\/#\/schema\/logo\/image\/"}}]}},"_links":{"self":[{"href":"https:\/\/sales-ai-agents.com\/de\/wp-json\/wp\/v2\/product\/58521","targetHints":{"allow":["GET"]}}],"collection":[{"href":"https:\/\/sales-ai-agents.com\/de\/wp-json\/wp\/v2\/product"}],"about":[{"href":"https:\/\/sales-ai-agents.com\/de\/wp-json\/wp\/v2\/types\/product"}],"wp:featuredmedia":[{"embeddable":true,"href":"https:\/\/sales-ai-agents.com\/de\/wp-json\/wp\/v2\/media\/20331"}],"wp:attachment":[{"href":"https:\/\/sales-ai-agents.com\/de\/wp-json\/wp\/v2\/media?parent=58521"}],"wp:term":[{"taxonomy":"product_brand","embeddable":true,"href":"https:\/\/sales-ai-agents.com\/de\/wp-json\/wp\/v2\/product_brand?post=58521"},{"taxonomy":"product_cat","embeddable":true,"href":"https:\/\/sales-ai-agents.com\/de\/wp-json\/wp\/v2\/product_cat?post=58521"},{"taxonomy":"product_tag","embeddable":true,"href":"https:\/\/sales-ai-agents.com\/de\/wp-json\/wp\/v2\/product_tag?post=58521"}],"curies":[{"name":"wp","href":"https:\/\/api.w.org\/{rel}","templated":true}]}}