{"id":58522,"date":"2022-09-23T13:50:22","date_gmt":"2022-09-23T13:50:22","guid":{"rendered":"https:\/\/sales-ai-agents.com\/templates\/product-launch-plan\/"},"modified":"2023-12-31T18:05:23","modified_gmt":"2023-12-31T18:05:23","slug":"product-launch-plan","status":"publish","type":"product","link":"https:\/\/sales-ai-agents.com\/de\/templates\/product-launch-plan\/","title":{"rendered":"Plan zur Produkteinf\u00fchrung"},"content":{"rendered":"<p>&nbsp;<\/p>\n<h2>Produkteinf\u00fchrungsplan Vorlage<\/h2>\n<p class=\"desc-text\">Bei der Planung Ihrer Produkteinf\u00fchrung ist es wichtig, dass sich Ihr Team auf die gleiche Seite begibt. Die Erstellung eines Einf\u00fchrungsplans kann Ihnen dabei helfen, Ihre Ideen den Beteiligten und Teammitgliedern zu vermitteln. Verwenden Sie diese Vorlage, um Ihren Support-Plan zu verfolgen, einschlie\u00dflich Konkurrenzanalysen, notieren Sie die Marktforschung und erl\u00e4utern Sie die Funktionen.<\/p>\n<h5>Wie zu verwenden:<\/h5>\n<ul class=\"desc-item_list\">\n<li class=\"desc-item_list__point\">Mitglieder, Mitwirkende und Interessenvertreter kennzeichnen<\/li>\n<li class=\"desc-item_list__point\">Marktforschung und Wettbewerbsvergleiche hinzuf\u00fcgen<\/li>\n<li class=\"desc-item_list__point\">Preisbildungsmodelle erl\u00e4utern<\/li>\n<li class=\"desc-item_list__point\">F\u00f6rderpl\u00e4ne verfolgen<\/li>\n<\/ul>\n","protected":false},"excerpt":{"rendered":"<p>Bringen Sie Ihr Team vor der Produkteinf\u00fchrung auf die gleiche Seite. Verwenden Sie diese Vorlage, um Ihren F\u00f6rderplan mit Konkurrenzanalysen zu verfolgen, Marktforschung zu notieren und vieles mehr.<\/p>\n","protected":false},"featured_media":20301,"template":"","meta":{"_acf_changed":false,"inline_featured_image":false},"product_brand":[],"product_cat":[186,189],"product_tag":[],"class_list":{"0":"post-58522","1":"product","2":"type-product","3":"status-publish","4":"has-post-thumbnail","6":"product_cat-product","7":"product_cat-product-management","9":"first","10":"instock","11":"virtual","12":"sold-individually","13":"product-type-simple"},"acf":[],"yoast_head":"<!-- This site is optimized with the Yoast SEO plugin v25.3.1 - https:\/\/yoast.com\/wordpress\/plugins\/seo\/ -->\n<title>Vorlage f\u00fcr einen Produkteinf\u00fchrungsplan - Sales AI Agents<\/title>\n<meta name=\"description\" content=\"Bringen Sie Ihr Team vor der Produkteinf\u00fchrung auf die gleiche Seite. Verwenden Sie diese Vorlage, um Ihren F\u00f6rderplan mit Konkurrenzanalysen zu verfolgen und Marktforschung zu betreiben.\" \/>\n<meta name=\"robots\" content=\"index, follow, max-snippet:-1, max-image-preview:large, max-video-preview:-1\" \/>\n<link rel=\"canonical\" href=\"https:\/\/sales-ai-agents.com\/de\/templates\/product-launch-plan\/\" \/>\n<meta property=\"og:locale\" content=\"de_DE\" \/>\n<meta property=\"og:type\" content=\"article\" \/>\n<meta property=\"og:title\" content=\"Vorlage f\u00fcr einen Produkteinf\u00fchrungsplan - Sales AI Agents\" \/>\n<meta property=\"og:description\" content=\"Bringen Sie Ihr Team vor der Produkteinf\u00fchrung auf die gleiche Seite. Verwenden Sie diese Vorlage, um Ihren F\u00f6rderplan mit Konkurrenzanalysen zu verfolgen und Marktforschung zu betreiben.\" \/>\n<meta property=\"og:url\" content=\"https:\/\/sales-ai-agents.com\/de\/templates\/product-launch-plan\/\" \/>\n<meta property=\"og:site_name\" content=\"Sales AI Agents\" \/>\n<meta property=\"article:modified_time\" content=\"2023-12-31T18:05:23+00:00\" \/>\n<meta property=\"og:image\" content=\"https:\/\/sales-ai-agents.com\/wp-content\/uploads\/2023\/01\/image-preview115242.png\" \/>\n\t<meta property=\"og:image:width\" content=\"1078\" \/>\n\t<meta property=\"og:image:height\" content=\"4161\" \/>\n\t<meta property=\"og:image:type\" content=\"image\/png\" \/>\n<meta name=\"twitter:card\" content=\"summary_large_image\" \/>\n<script type=\"application\/ld+json\" class=\"yoast-schema-graph\">{\"@context\":\"https:\/\/schema.org\",\"@graph\":[{\"@type\":\"WebPage\",\"@id\":\"https:\/\/sales-ai-agents.com\/de\/templates\/product-launch-plan\/\",\"url\":\"https:\/\/sales-ai-agents.com\/de\/templates\/product-launch-plan\/\",\"name\":\"Vorlage f\u00fcr einen Produkteinf\u00fchrungsplan - Sales AI Agents\",\"isPartOf\":{\"@id\":\"https:\/\/sales-ai-agents.com\/#website\"},\"primaryImageOfPage\":{\"@id\":\"https:\/\/sales-ai-agents.com\/de\/templates\/product-launch-plan\/#primaryimage\"},\"image\":{\"@id\":\"https:\/\/sales-ai-agents.com\/de\/templates\/product-launch-plan\/#primaryimage\"},\"thumbnailUrl\":\"https:\/\/sales-ai-agents.com\/wp-content\/uploads\/2023\/01\/image-preview115242.png\",\"datePublished\":\"2022-09-23T13:50:22+00:00\",\"dateModified\":\"2023-12-31T18:05:23+00:00\",\"description\":\"Bringen Sie Ihr Team vor der Produkteinf\u00fchrung auf die gleiche Seite. Verwenden Sie diese Vorlage, um Ihren F\u00f6rderplan mit Konkurrenzanalysen zu verfolgen und Marktforschung zu betreiben.\",\"inLanguage\":\"de-DE\",\"potentialAction\":[{\"@type\":\"ReadAction\",\"target\":[\"https:\/\/sales-ai-agents.com\/de\/templates\/product-launch-plan\/\"]}]},{\"@type\":\"ImageObject\",\"inLanguage\":\"de-DE\",\"@id\":\"https:\/\/sales-ai-agents.com\/de\/templates\/product-launch-plan\/#primaryimage\",\"url\":\"https:\/\/sales-ai-agents.com\/wp-content\/uploads\/2023\/01\/image-preview115242.png\",\"contentUrl\":\"https:\/\/sales-ai-agents.com\/wp-content\/uploads\/2023\/01\/image-preview115242.png\",\"width\":1078,\"height\":4161,\"caption\":\"Product Launch Plan Template - Nimbus Platform\"},{\"@type\":\"WebSite\",\"@id\":\"https:\/\/sales-ai-agents.com\/#website\",\"url\":\"https:\/\/sales-ai-agents.com\/\",\"name\":\"FuseBase\",\"description\":\"Nimbus Platform - Free Online Collaboration Software for Remote Teams. Build your wikis, client portals and more with the Nimbus Platform collaboration tool ? A perfect space for online work\",\"publisher\":{\"@id\":\"https:\/\/sales-ai-agents.com\/#organization\"},\"potentialAction\":[{\"@type\":\"SearchAction\",\"target\":{\"@type\":\"EntryPoint\",\"urlTemplate\":\"https:\/\/sales-ai-agents.com\/?s={search_term_string}\"},\"query-input\":{\"@type\":\"PropertyValueSpecification\",\"valueRequired\":true,\"valueName\":\"search_term_string\"}}],\"inLanguage\":\"de-DE\"},{\"@type\":\"Organization\",\"@id\":\"https:\/\/sales-ai-agents.com\/#organization\",\"name\":\"FuseBase\",\"url\":\"https:\/\/sales-ai-agents.com\/\",\"logo\":{\"@type\":\"ImageObject\",\"inLanguage\":\"de-DE\",\"@id\":\"https:\/\/sales-ai-agents.com\/#\/schema\/logo\/image\/\",\"url\":\"https:\/\/sales-ai-agents.com\/wp-content\/uploads\/2023\/11\/icon-7.svg\",\"contentUrl\":\"https:\/\/sales-ai-agents.com\/wp-content\/uploads\/2023\/11\/icon-7.svg\",\"width\":128,\"height\":128,\"caption\":\"FuseBase\"},\"image\":{\"@id\":\"https:\/\/sales-ai-agents.com\/#\/schema\/logo\/image\/\"}}]}<\/script>\n<!-- \/ Yoast SEO plugin. -->","yoast_head_json":{"title":"Vorlage f\u00fcr einen Produkteinf\u00fchrungsplan - Sales AI Agents","description":"Bringen Sie Ihr Team vor der Produkteinf\u00fchrung auf die gleiche Seite. Verwenden Sie diese Vorlage, um Ihren F\u00f6rderplan mit Konkurrenzanalysen zu verfolgen und Marktforschung zu betreiben.","robots":{"index":"index","follow":"follow","max-snippet":"max-snippet:-1","max-image-preview":"max-image-preview:large","max-video-preview":"max-video-preview:-1"},"canonical":"https:\/\/sales-ai-agents.com\/de\/templates\/product-launch-plan\/","og_locale":"de_DE","og_type":"article","og_title":"Vorlage f\u00fcr einen Produkteinf\u00fchrungsplan - Sales AI Agents","og_description":"Bringen Sie Ihr Team vor der Produkteinf\u00fchrung auf die gleiche Seite. Verwenden Sie diese Vorlage, um Ihren F\u00f6rderplan mit Konkurrenzanalysen zu verfolgen und Marktforschung zu betreiben.","og_url":"https:\/\/sales-ai-agents.com\/de\/templates\/product-launch-plan\/","og_site_name":"Sales AI Agents","article_modified_time":"2023-12-31T18:05:23+00:00","og_image":[{"width":1078,"height":4161,"url":"https:\/\/sales-ai-agents.com\/wp-content\/uploads\/2023\/01\/image-preview115242.png","type":"image\/png"}],"twitter_card":"summary_large_image","schema":{"@context":"https:\/\/schema.org","@graph":[{"@type":"WebPage","@id":"https:\/\/sales-ai-agents.com\/de\/templates\/product-launch-plan\/","url":"https:\/\/sales-ai-agents.com\/de\/templates\/product-launch-plan\/","name":"Vorlage f\u00fcr einen Produkteinf\u00fchrungsplan - Sales AI Agents","isPartOf":{"@id":"https:\/\/sales-ai-agents.com\/#website"},"primaryImageOfPage":{"@id":"https:\/\/sales-ai-agents.com\/de\/templates\/product-launch-plan\/#primaryimage"},"image":{"@id":"https:\/\/sales-ai-agents.com\/de\/templates\/product-launch-plan\/#primaryimage"},"thumbnailUrl":"https:\/\/sales-ai-agents.com\/wp-content\/uploads\/2023\/01\/image-preview115242.png","datePublished":"2022-09-23T13:50:22+00:00","dateModified":"2023-12-31T18:05:23+00:00","description":"Bringen Sie Ihr Team vor der Produkteinf\u00fchrung auf die gleiche Seite. Verwenden Sie diese Vorlage, um Ihren F\u00f6rderplan mit Konkurrenzanalysen zu verfolgen und Marktforschung zu betreiben.","inLanguage":"de-DE","potentialAction":[{"@type":"ReadAction","target":["https:\/\/sales-ai-agents.com\/de\/templates\/product-launch-plan\/"]}]},{"@type":"ImageObject","inLanguage":"de-DE","@id":"https:\/\/sales-ai-agents.com\/de\/templates\/product-launch-plan\/#primaryimage","url":"https:\/\/sales-ai-agents.com\/wp-content\/uploads\/2023\/01\/image-preview115242.png","contentUrl":"https:\/\/sales-ai-agents.com\/wp-content\/uploads\/2023\/01\/image-preview115242.png","width":1078,"height":4161,"caption":"Product Launch Plan Template - Nimbus Platform"},{"@type":"WebSite","@id":"https:\/\/sales-ai-agents.com\/#website","url":"https:\/\/sales-ai-agents.com\/","name":"FuseBase","description":"Nimbus Platform - Free Online Collaboration Software for Remote Teams. Build your wikis, client portals and more with the Nimbus Platform collaboration tool ? A perfect space for online work","publisher":{"@id":"https:\/\/sales-ai-agents.com\/#organization"},"potentialAction":[{"@type":"SearchAction","target":{"@type":"EntryPoint","urlTemplate":"https:\/\/sales-ai-agents.com\/?s={search_term_string}"},"query-input":{"@type":"PropertyValueSpecification","valueRequired":true,"valueName":"search_term_string"}}],"inLanguage":"de-DE"},{"@type":"Organization","@id":"https:\/\/sales-ai-agents.com\/#organization","name":"FuseBase","url":"https:\/\/sales-ai-agents.com\/","logo":{"@type":"ImageObject","inLanguage":"de-DE","@id":"https:\/\/sales-ai-agents.com\/#\/schema\/logo\/image\/","url":"https:\/\/sales-ai-agents.com\/wp-content\/uploads\/2023\/11\/icon-7.svg","contentUrl":"https:\/\/sales-ai-agents.com\/wp-content\/uploads\/2023\/11\/icon-7.svg","width":128,"height":128,"caption":"FuseBase"},"image":{"@id":"https:\/\/sales-ai-agents.com\/#\/schema\/logo\/image\/"}}]}},"_links":{"self":[{"href":"https:\/\/sales-ai-agents.com\/de\/wp-json\/wp\/v2\/product\/58522","targetHints":{"allow":["GET"]}}],"collection":[{"href":"https:\/\/sales-ai-agents.com\/de\/wp-json\/wp\/v2\/product"}],"about":[{"href":"https:\/\/sales-ai-agents.com\/de\/wp-json\/wp\/v2\/types\/product"}],"wp:featuredmedia":[{"embeddable":true,"href":"https:\/\/sales-ai-agents.com\/de\/wp-json\/wp\/v2\/media\/20301"}],"wp:attachment":[{"href":"https:\/\/sales-ai-agents.com\/de\/wp-json\/wp\/v2\/media?parent=58522"}],"wp:term":[{"taxonomy":"product_brand","embeddable":true,"href":"https:\/\/sales-ai-agents.com\/de\/wp-json\/wp\/v2\/product_brand?post=58522"},{"taxonomy":"product_cat","embeddable":true,"href":"https:\/\/sales-ai-agents.com\/de\/wp-json\/wp\/v2\/product_cat?post=58522"},{"taxonomy":"product_tag","embeddable":true,"href":"https:\/\/sales-ai-agents.com\/de\/wp-json\/wp\/v2\/product_tag?post=58522"}],"curies":[{"name":"wp","href":"https:\/\/api.w.org\/{rel}","templated":true}]}}