{"id":58523,"date":"2022-09-23T13:50:17","date_gmt":"2022-09-23T13:50:17","guid":{"rendered":"https:\/\/sales-ai-agents.com\/templates\/quarterly-review\/"},"modified":"2023-12-31T17:03:15","modified_gmt":"2023-12-31T17:03:15","slug":"quarterly-review","status":"publish","type":"product","link":"https:\/\/sales-ai-agents.com\/de\/templates\/quarterly-review\/","title":{"rendered":"Viertelj\u00e4hrlicher R\u00fcckblick"},"content":{"rendered":"<p>&nbsp;<\/p>\n<h2>Vierteljahresvorschau Vorlage<\/h2>\n<p class=\"desc-text\">Erstellen Sie mit Hilfe dieser Vorlage einen pers\u00f6nlichen Quartalsbericht und sehen Sie, wie Sie Ihre Ziele und Absichten verfolgt haben. Erh\u00f6hen Sie das Bewusstsein f\u00fcr Ihre Ziele, f\u00fcr die Verwendung Ihrer Ressourcen (z. B. Zeit, Energie, Geld) und f\u00fcr Ihre Verhaltensmuster.<\/p>\n<h5>Wie zu verwenden:<\/h5>\n<ul class=\"desc-item_list\">\n<li class=\"desc-item_list__point\">F\u00fchren Sie Ihre wichtigsten Erfolge des letzten Quartals auf<\/li>\n<li class=\"desc-item_list__point\">Beziehen Sie sich auf Ihre Ziele f\u00fcr das vergangene Quartal<\/li>\n<li class=\"desc-item_list__point\">Wenn Sie einen Lebensplan haben, lesen Sie ihn durch. Gibt es etwas, das Sie \u00fcberarbeiten, entfernen oder ersetzen m\u00fcssen?<\/li>\n<li class=\"desc-item_list__point\">Schreiben Sie Ihre Ziele zusammen mit eventuellen Anpassungen auf der Seite Jahresziele Ihres n\u00e4chsten Planers neu auf.<\/li>\n<li class=\"desc-item_list__point\">Planen Sie die &#8222;gro\u00dfen Felsen&#8220; des n\u00e4chsten Quartals<\/li>\n<li class=\"desc-item_list__point\">Optimieren Sie Ihre Ideale Woche auf der Grundlage Ihrer Erfahrungen<\/li>\n<li class=\"desc-item_list__point\">Optimieren Sie Ihre t\u00e4glichen Rituale auf der Grundlage Ihrer Erfahrungen<\/li>\n<li class=\"desc-item_list__point\">Tragen Sie die Daten auf den Tagesseiten in Ihrem neuen Planer f\u00fcr die ersten ein oder zwei Wochen des neuen Quartals ein<\/li>\n<\/ul>\n","protected":false},"excerpt":{"rendered":"<p>Erstellen Sie mit dieser Vorlage einen pers\u00f6nlichen Quartalsbericht. Sehen Sie, wie weit Sie mit Ihren Zielen und Absichten gekommen sind und wie viele Ressourcen (Zeit, Geld usw.) Sie aufgewendet haben.<\/p>\n","protected":false},"featured_media":27126,"template":"","meta":{"_acf_changed":false,"inline_featured_image":false},"product_brand":[],"product_cat":[179,180],"product_tag":[],"class_list":{"0":"post-58523","1":"product","2":"type-product","3":"status-publish","4":"has-post-thumbnail","6":"product_cat-organizers-planners","7":"product_cat-personal","9":"first","10":"instock","11":"virtual","12":"sold-individually","13":"product-type-simple"},"acf":[],"yoast_head":"<!-- This site is optimized with the Yoast SEO plugin v25.3.1 - https:\/\/yoast.com\/wordpress\/plugins\/seo\/ -->\n<title>Vorlage f\u00fcr den Quartalsbericht - Sales AI Agents<\/title>\n<meta name=\"description\" content=\"Erstellen Sie mit dieser Vorlage einen pers\u00f6nlichen Quartalsbericht. Sehen Sie, wie weit Sie mit Ihren Zielen und Absichten gekommen sind und wie viel Ressourcen (Zeit, Geld usw.) Sie aufgewendet haben\" \/>\n<meta name=\"robots\" content=\"index, follow, max-snippet:-1, max-image-preview:large, max-video-preview:-1\" \/>\n<link rel=\"canonical\" href=\"https:\/\/sales-ai-agents.com\/de\/templates\/quarterly-review\/\" \/>\n<meta property=\"og:locale\" content=\"de_DE\" \/>\n<meta property=\"og:type\" content=\"article\" \/>\n<meta property=\"og:title\" content=\"Vorlage f\u00fcr den Quartalsbericht - Sales AI Agents\" \/>\n<meta property=\"og:description\" content=\"Erstellen Sie mit dieser Vorlage einen pers\u00f6nlichen Quartalsbericht. Sehen Sie, wie weit Sie mit Ihren Zielen und Absichten gekommen sind und wie viel Ressourcen (Zeit, Geld usw.) Sie aufgewendet haben\" \/>\n<meta property=\"og:url\" content=\"https:\/\/sales-ai-agents.com\/de\/templates\/quarterly-review\/\" \/>\n<meta property=\"og:site_name\" content=\"Sales AI Agents\" \/>\n<meta property=\"article:modified_time\" content=\"2023-12-31T17:03:15+00:00\" \/>\n<meta property=\"og:image\" content=\"https:\/\/sales-ai-agents.com\/wp-content\/uploads\/2022\/09\/Quarterly-Review-Template.png\" \/>\n\t<meta property=\"og:image:width\" content=\"1700\" \/>\n\t<meta property=\"og:image:height\" content=\"1100\" \/>\n\t<meta property=\"og:image:type\" content=\"image\/png\" \/>\n<meta name=\"twitter:card\" content=\"summary_large_image\" \/>\n<script type=\"application\/ld+json\" class=\"yoast-schema-graph\">{\"@context\":\"https:\/\/schema.org\",\"@graph\":[{\"@type\":\"WebPage\",\"@id\":\"https:\/\/sales-ai-agents.com\/de\/templates\/quarterly-review\/\",\"url\":\"https:\/\/sales-ai-agents.com\/de\/templates\/quarterly-review\/\",\"name\":\"Vorlage f\u00fcr den Quartalsbericht - Sales AI Agents\",\"isPartOf\":{\"@id\":\"https:\/\/sales-ai-agents.com\/#website\"},\"primaryImageOfPage\":{\"@id\":\"https:\/\/sales-ai-agents.com\/de\/templates\/quarterly-review\/#primaryimage\"},\"image\":{\"@id\":\"https:\/\/sales-ai-agents.com\/de\/templates\/quarterly-review\/#primaryimage\"},\"thumbnailUrl\":\"https:\/\/sales-ai-agents.com\/wp-content\/uploads\/2022\/09\/Quarterly-Review-Template.png\",\"datePublished\":\"2022-09-23T13:50:17+00:00\",\"dateModified\":\"2023-12-31T17:03:15+00:00\",\"description\":\"Erstellen Sie mit dieser Vorlage einen pers\u00f6nlichen Quartalsbericht. Sehen Sie, wie weit Sie mit Ihren Zielen und Absichten gekommen sind und wie viel Ressourcen (Zeit, Geld usw.) Sie aufgewendet haben\",\"inLanguage\":\"de-DE\",\"potentialAction\":[{\"@type\":\"ReadAction\",\"target\":[\"https:\/\/sales-ai-agents.com\/de\/templates\/quarterly-review\/\"]}]},{\"@type\":\"ImageObject\",\"inLanguage\":\"de-DE\",\"@id\":\"https:\/\/sales-ai-agents.com\/de\/templates\/quarterly-review\/#primaryimage\",\"url\":\"https:\/\/sales-ai-agents.com\/wp-content\/uploads\/2022\/09\/Quarterly-Review-Template.png\",\"contentUrl\":\"https:\/\/sales-ai-agents.com\/wp-content\/uploads\/2022\/09\/Quarterly-Review-Template.png\",\"width\":1700,\"height\":1100,\"caption\":\"Make a personal quarterly review using this template.\"},{\"@type\":\"WebSite\",\"@id\":\"https:\/\/sales-ai-agents.com\/#website\",\"url\":\"https:\/\/sales-ai-agents.com\/\",\"name\":\"FuseBase\",\"description\":\"Nimbus Platform - Free Online Collaboration Software for Remote Teams. Build your wikis, client portals and more with the Nimbus Platform collaboration tool ? A perfect space for online work\",\"publisher\":{\"@id\":\"https:\/\/sales-ai-agents.com\/#organization\"},\"potentialAction\":[{\"@type\":\"SearchAction\",\"target\":{\"@type\":\"EntryPoint\",\"urlTemplate\":\"https:\/\/sales-ai-agents.com\/?s={search_term_string}\"},\"query-input\":{\"@type\":\"PropertyValueSpecification\",\"valueRequired\":true,\"valueName\":\"search_term_string\"}}],\"inLanguage\":\"de-DE\"},{\"@type\":\"Organization\",\"@id\":\"https:\/\/sales-ai-agents.com\/#organization\",\"name\":\"FuseBase\",\"url\":\"https:\/\/sales-ai-agents.com\/\",\"logo\":{\"@type\":\"ImageObject\",\"inLanguage\":\"de-DE\",\"@id\":\"https:\/\/sales-ai-agents.com\/#\/schema\/logo\/image\/\",\"url\":\"https:\/\/sales-ai-agents.com\/wp-content\/uploads\/2023\/11\/icon-7.svg\",\"contentUrl\":\"https:\/\/sales-ai-agents.com\/wp-content\/uploads\/2023\/11\/icon-7.svg\",\"width\":128,\"height\":128,\"caption\":\"FuseBase\"},\"image\":{\"@id\":\"https:\/\/sales-ai-agents.com\/#\/schema\/logo\/image\/\"}}]}<\/script>\n<!-- \/ Yoast SEO plugin. -->","yoast_head_json":{"title":"Vorlage f\u00fcr den Quartalsbericht - Sales AI Agents","description":"Erstellen Sie mit dieser Vorlage einen pers\u00f6nlichen Quartalsbericht. Sehen Sie, wie weit Sie mit Ihren Zielen und Absichten gekommen sind und wie viel Ressourcen (Zeit, Geld usw.) Sie aufgewendet haben","robots":{"index":"index","follow":"follow","max-snippet":"max-snippet:-1","max-image-preview":"max-image-preview:large","max-video-preview":"max-video-preview:-1"},"canonical":"https:\/\/sales-ai-agents.com\/de\/templates\/quarterly-review\/","og_locale":"de_DE","og_type":"article","og_title":"Vorlage f\u00fcr den Quartalsbericht - Sales AI Agents","og_description":"Erstellen Sie mit dieser Vorlage einen pers\u00f6nlichen Quartalsbericht. Sehen Sie, wie weit Sie mit Ihren Zielen und Absichten gekommen sind und wie viel Ressourcen (Zeit, Geld usw.) Sie aufgewendet haben","og_url":"https:\/\/sales-ai-agents.com\/de\/templates\/quarterly-review\/","og_site_name":"Sales AI Agents","article_modified_time":"2023-12-31T17:03:15+00:00","og_image":[{"width":1700,"height":1100,"url":"https:\/\/sales-ai-agents.com\/wp-content\/uploads\/2022\/09\/Quarterly-Review-Template.png","type":"image\/png"}],"twitter_card":"summary_large_image","schema":{"@context":"https:\/\/schema.org","@graph":[{"@type":"WebPage","@id":"https:\/\/sales-ai-agents.com\/de\/templates\/quarterly-review\/","url":"https:\/\/sales-ai-agents.com\/de\/templates\/quarterly-review\/","name":"Vorlage f\u00fcr den Quartalsbericht - Sales AI Agents","isPartOf":{"@id":"https:\/\/sales-ai-agents.com\/#website"},"primaryImageOfPage":{"@id":"https:\/\/sales-ai-agents.com\/de\/templates\/quarterly-review\/#primaryimage"},"image":{"@id":"https:\/\/sales-ai-agents.com\/de\/templates\/quarterly-review\/#primaryimage"},"thumbnailUrl":"https:\/\/sales-ai-agents.com\/wp-content\/uploads\/2022\/09\/Quarterly-Review-Template.png","datePublished":"2022-09-23T13:50:17+00:00","dateModified":"2023-12-31T17:03:15+00:00","description":"Erstellen Sie mit dieser Vorlage einen pers\u00f6nlichen Quartalsbericht. Sehen Sie, wie weit Sie mit Ihren Zielen und Absichten gekommen sind und wie viel Ressourcen (Zeit, Geld usw.) Sie aufgewendet haben","inLanguage":"de-DE","potentialAction":[{"@type":"ReadAction","target":["https:\/\/sales-ai-agents.com\/de\/templates\/quarterly-review\/"]}]},{"@type":"ImageObject","inLanguage":"de-DE","@id":"https:\/\/sales-ai-agents.com\/de\/templates\/quarterly-review\/#primaryimage","url":"https:\/\/sales-ai-agents.com\/wp-content\/uploads\/2022\/09\/Quarterly-Review-Template.png","contentUrl":"https:\/\/sales-ai-agents.com\/wp-content\/uploads\/2022\/09\/Quarterly-Review-Template.png","width":1700,"height":1100,"caption":"Make a personal quarterly review using this template."},{"@type":"WebSite","@id":"https:\/\/sales-ai-agents.com\/#website","url":"https:\/\/sales-ai-agents.com\/","name":"FuseBase","description":"Nimbus Platform - Free Online Collaboration Software for Remote Teams. Build your wikis, client portals and more with the Nimbus Platform collaboration tool ? A perfect space for online work","publisher":{"@id":"https:\/\/sales-ai-agents.com\/#organization"},"potentialAction":[{"@type":"SearchAction","target":{"@type":"EntryPoint","urlTemplate":"https:\/\/sales-ai-agents.com\/?s={search_term_string}"},"query-input":{"@type":"PropertyValueSpecification","valueRequired":true,"valueName":"search_term_string"}}],"inLanguage":"de-DE"},{"@type":"Organization","@id":"https:\/\/sales-ai-agents.com\/#organization","name":"FuseBase","url":"https:\/\/sales-ai-agents.com\/","logo":{"@type":"ImageObject","inLanguage":"de-DE","@id":"https:\/\/sales-ai-agents.com\/#\/schema\/logo\/image\/","url":"https:\/\/sales-ai-agents.com\/wp-content\/uploads\/2023\/11\/icon-7.svg","contentUrl":"https:\/\/sales-ai-agents.com\/wp-content\/uploads\/2023\/11\/icon-7.svg","width":128,"height":128,"caption":"FuseBase"},"image":{"@id":"https:\/\/sales-ai-agents.com\/#\/schema\/logo\/image\/"}}]}},"_links":{"self":[{"href":"https:\/\/sales-ai-agents.com\/de\/wp-json\/wp\/v2\/product\/58523","targetHints":{"allow":["GET"]}}],"collection":[{"href":"https:\/\/sales-ai-agents.com\/de\/wp-json\/wp\/v2\/product"}],"about":[{"href":"https:\/\/sales-ai-agents.com\/de\/wp-json\/wp\/v2\/types\/product"}],"wp:featuredmedia":[{"embeddable":true,"href":"https:\/\/sales-ai-agents.com\/de\/wp-json\/wp\/v2\/media\/27126"}],"wp:attachment":[{"href":"https:\/\/sales-ai-agents.com\/de\/wp-json\/wp\/v2\/media?parent=58523"}],"wp:term":[{"taxonomy":"product_brand","embeddable":true,"href":"https:\/\/sales-ai-agents.com\/de\/wp-json\/wp\/v2\/product_brand?post=58523"},{"taxonomy":"product_cat","embeddable":true,"href":"https:\/\/sales-ai-agents.com\/de\/wp-json\/wp\/v2\/product_cat?post=58523"},{"taxonomy":"product_tag","embeddable":true,"href":"https:\/\/sales-ai-agents.com\/de\/wp-json\/wp\/v2\/product_tag?post=58523"}],"curies":[{"name":"wp","href":"https:\/\/api.w.org\/{rel}","templated":true}]}}