{"id":58772,"date":"2022-09-23T13:50:04","date_gmt":"2022-09-23T13:50:04","guid":{"rendered":"https:\/\/sales-ai-agents.com\/templates\/debt-payments\/"},"modified":"2023-12-27T14:33:40","modified_gmt":"2023-12-27T14:33:40","slug":"debt-payments","status":"publish","type":"product","link":"https:\/\/sales-ai-agents.com\/de\/templates\/debt-payments\/","title":{"rendered":"Schuldentilgung"},"content":{"rendered":"<p>&nbsp;<\/p>\n<h2>Vorlage f\u00fcr Schuldentilgung<\/h2>\n<p class=\"desc-text\">Der beste Weg, Ihre finanzielle Situation zu verbessern, ist die Verwaltung Ihrer Schulden. Behalten Sie ganz einfach den \u00dcberblick \u00fcber Ihre Schulden und tilgen Sie sie schnell. Mit dieser Vorlage k\u00f6nnen Sie einen Schuldentilgungsplan erstellen und die H\u00f6he und den Saldo der Kredite verfolgen.<\/p>\n<h5>Wie zu verwenden:<\/h5>\n<ul class=\"desc-item_list\">\n<li><span data-preserver-spaces=\"true\">Geben Sie den geschuldeten Betrag, den Zinssatz, die Mindestzahlungen, den Anfangs- und Endsaldo ein.<\/span><\/li>\n<li class=\"desc-item_list__point\">F\u00fcgen Sie jede Zahlung hinzu, indem Sie das Datum, den Betrag und den Restsaldo angeben.<\/li>\n<li class=\"desc-item_list__point\">Verfolgen Sie Ihre Zahlungen und den Saldo f\u00fcr jedes Ihrer Darlehen anhand separater Tabellen<\/li>\n<\/ul>\n","protected":false},"excerpt":{"rendered":"<p>Verbessern Sie Ihre finanzielle Situation, indem Sie Ihre Schulden verwalten. Diese Vorlage hilft Ihnen bei der Erstellung eines Schuldentilgungsplans und der Verfolgung des Kreditsaldos.<\/p>\n","protected":false},"featured_media":20297,"template":"","meta":{"_acf_changed":false,"inline_featured_image":false},"product_brand":[],"product_cat":[179,180,184],"product_tag":[],"class_list":{"0":"post-58772","1":"product","2":"type-product","3":"status-publish","4":"has-post-thumbnail","6":"product_cat-organizers-planners","7":"product_cat-personal","8":"product_cat-personal-money","10":"first","11":"instock","12":"virtual","13":"sold-individually","14":"product-type-simple"},"acf":[],"yoast_head":"<!-- This site is optimized with the Yoast SEO plugin v25.3.1 - https:\/\/yoast.com\/wordpress\/plugins\/seo\/ -->\n<title>Zahlungsvorlage f\u00fcr Schulden - Sales AI Agents<\/title>\n<meta name=\"description\" content=\"Verbessern Sie Ihre finanzielle Situation, indem Sie Ihre Schulden verwalten. Diese Vorlage hilft Ihnen bei der Erstellung eines Schuldentilgungsplans und der Verfolgung des Kreditsaldos.\" \/>\n<meta name=\"robots\" content=\"index, follow, max-snippet:-1, max-image-preview:large, max-video-preview:-1\" \/>\n<link rel=\"canonical\" href=\"https:\/\/sales-ai-agents.com\/de\/templates\/debt-payments\/\" \/>\n<meta property=\"og:locale\" content=\"de_DE\" \/>\n<meta property=\"og:type\" content=\"article\" \/>\n<meta property=\"og:title\" content=\"Zahlungsvorlage f\u00fcr Schulden - Sales AI Agents\" \/>\n<meta property=\"og:description\" content=\"Verbessern Sie Ihre finanzielle Situation, indem Sie Ihre Schulden verwalten. Diese Vorlage hilft Ihnen bei der Erstellung eines Schuldentilgungsplans und der Verfolgung des Kreditsaldos.\" \/>\n<meta property=\"og:url\" content=\"https:\/\/sales-ai-agents.com\/de\/templates\/debt-payments\/\" \/>\n<meta property=\"og:site_name\" content=\"Sales AI Agents\" \/>\n<meta property=\"article:modified_time\" content=\"2023-12-27T14:33:40+00:00\" \/>\n<meta property=\"og:image\" content=\"https:\/\/sales-ai-agents.com\/wp-content\/uploads\/2023\/01\/image-preview115237.png\" \/>\n\t<meta property=\"og:image:width\" content=\"1078\" \/>\n\t<meta property=\"og:image:height\" content=\"1522\" \/>\n\t<meta property=\"og:image:type\" content=\"image\/png\" \/>\n<meta name=\"twitter:card\" content=\"summary_large_image\" \/>\n<script type=\"application\/ld+json\" class=\"yoast-schema-graph\">{\"@context\":\"https:\/\/schema.org\",\"@graph\":[{\"@type\":\"WebPage\",\"@id\":\"https:\/\/sales-ai-agents.com\/de\/templates\/debt-payments\/\",\"url\":\"https:\/\/sales-ai-agents.com\/de\/templates\/debt-payments\/\",\"name\":\"Zahlungsvorlage f\u00fcr Schulden - Sales AI Agents\",\"isPartOf\":{\"@id\":\"https:\/\/sales-ai-agents.com\/#website\"},\"primaryImageOfPage\":{\"@id\":\"https:\/\/sales-ai-agents.com\/de\/templates\/debt-payments\/#primaryimage\"},\"image\":{\"@id\":\"https:\/\/sales-ai-agents.com\/de\/templates\/debt-payments\/#primaryimage\"},\"thumbnailUrl\":\"https:\/\/sales-ai-agents.com\/wp-content\/uploads\/2023\/01\/image-preview115237.png\",\"datePublished\":\"2022-09-23T13:50:04+00:00\",\"dateModified\":\"2023-12-27T14:33:40+00:00\",\"description\":\"Verbessern Sie Ihre finanzielle Situation, indem Sie Ihre Schulden verwalten. Diese Vorlage hilft Ihnen bei der Erstellung eines Schuldentilgungsplans und der Verfolgung des Kreditsaldos.\",\"inLanguage\":\"de-DE\",\"potentialAction\":[{\"@type\":\"ReadAction\",\"target\":[\"https:\/\/sales-ai-agents.com\/de\/templates\/debt-payments\/\"]}]},{\"@type\":\"ImageObject\",\"inLanguage\":\"de-DE\",\"@id\":\"https:\/\/sales-ai-agents.com\/de\/templates\/debt-payments\/#primaryimage\",\"url\":\"https:\/\/sales-ai-agents.com\/wp-content\/uploads\/2023\/01\/image-preview115237.png\",\"contentUrl\":\"https:\/\/sales-ai-agents.com\/wp-content\/uploads\/2023\/01\/image-preview115237.png\",\"width\":1078,\"height\":1522,\"caption\":\"Debt Payments Template - Nimbus Platform\"},{\"@type\":\"WebSite\",\"@id\":\"https:\/\/sales-ai-agents.com\/#website\",\"url\":\"https:\/\/sales-ai-agents.com\/\",\"name\":\"FuseBase\",\"description\":\"Nimbus Platform - Free Online Collaboration Software for Remote Teams. Build your wikis, client portals and more with the Nimbus Platform collaboration tool ? A perfect space for online work\",\"publisher\":{\"@id\":\"https:\/\/sales-ai-agents.com\/#organization\"},\"potentialAction\":[{\"@type\":\"SearchAction\",\"target\":{\"@type\":\"EntryPoint\",\"urlTemplate\":\"https:\/\/sales-ai-agents.com\/?s={search_term_string}\"},\"query-input\":{\"@type\":\"PropertyValueSpecification\",\"valueRequired\":true,\"valueName\":\"search_term_string\"}}],\"inLanguage\":\"de-DE\"},{\"@type\":\"Organization\",\"@id\":\"https:\/\/sales-ai-agents.com\/#organization\",\"name\":\"FuseBase\",\"url\":\"https:\/\/sales-ai-agents.com\/\",\"logo\":{\"@type\":\"ImageObject\",\"inLanguage\":\"de-DE\",\"@id\":\"https:\/\/sales-ai-agents.com\/#\/schema\/logo\/image\/\",\"url\":\"https:\/\/sales-ai-agents.com\/wp-content\/uploads\/2023\/11\/icon-7.svg\",\"contentUrl\":\"https:\/\/sales-ai-agents.com\/wp-content\/uploads\/2023\/11\/icon-7.svg\",\"width\":128,\"height\":128,\"caption\":\"FuseBase\"},\"image\":{\"@id\":\"https:\/\/sales-ai-agents.com\/#\/schema\/logo\/image\/\"}}]}<\/script>\n<!-- \/ Yoast SEO plugin. -->","yoast_head_json":{"title":"Zahlungsvorlage f\u00fcr Schulden - Sales AI Agents","description":"Verbessern Sie Ihre finanzielle Situation, indem Sie Ihre Schulden verwalten. Diese Vorlage hilft Ihnen bei der Erstellung eines Schuldentilgungsplans und der Verfolgung des Kreditsaldos.","robots":{"index":"index","follow":"follow","max-snippet":"max-snippet:-1","max-image-preview":"max-image-preview:large","max-video-preview":"max-video-preview:-1"},"canonical":"https:\/\/sales-ai-agents.com\/de\/templates\/debt-payments\/","og_locale":"de_DE","og_type":"article","og_title":"Zahlungsvorlage f\u00fcr Schulden - Sales AI Agents","og_description":"Verbessern Sie Ihre finanzielle Situation, indem Sie Ihre Schulden verwalten. Diese Vorlage hilft Ihnen bei der Erstellung eines Schuldentilgungsplans und der Verfolgung des Kreditsaldos.","og_url":"https:\/\/sales-ai-agents.com\/de\/templates\/debt-payments\/","og_site_name":"Sales AI Agents","article_modified_time":"2023-12-27T14:33:40+00:00","og_image":[{"width":1078,"height":1522,"url":"https:\/\/sales-ai-agents.com\/wp-content\/uploads\/2023\/01\/image-preview115237.png","type":"image\/png"}],"twitter_card":"summary_large_image","schema":{"@context":"https:\/\/schema.org","@graph":[{"@type":"WebPage","@id":"https:\/\/sales-ai-agents.com\/de\/templates\/debt-payments\/","url":"https:\/\/sales-ai-agents.com\/de\/templates\/debt-payments\/","name":"Zahlungsvorlage f\u00fcr Schulden - Sales AI Agents","isPartOf":{"@id":"https:\/\/sales-ai-agents.com\/#website"},"primaryImageOfPage":{"@id":"https:\/\/sales-ai-agents.com\/de\/templates\/debt-payments\/#primaryimage"},"image":{"@id":"https:\/\/sales-ai-agents.com\/de\/templates\/debt-payments\/#primaryimage"},"thumbnailUrl":"https:\/\/sales-ai-agents.com\/wp-content\/uploads\/2023\/01\/image-preview115237.png","datePublished":"2022-09-23T13:50:04+00:00","dateModified":"2023-12-27T14:33:40+00:00","description":"Verbessern Sie Ihre finanzielle Situation, indem Sie Ihre Schulden verwalten. Diese Vorlage hilft Ihnen bei der Erstellung eines Schuldentilgungsplans und der Verfolgung des Kreditsaldos.","inLanguage":"de-DE","potentialAction":[{"@type":"ReadAction","target":["https:\/\/sales-ai-agents.com\/de\/templates\/debt-payments\/"]}]},{"@type":"ImageObject","inLanguage":"de-DE","@id":"https:\/\/sales-ai-agents.com\/de\/templates\/debt-payments\/#primaryimage","url":"https:\/\/sales-ai-agents.com\/wp-content\/uploads\/2023\/01\/image-preview115237.png","contentUrl":"https:\/\/sales-ai-agents.com\/wp-content\/uploads\/2023\/01\/image-preview115237.png","width":1078,"height":1522,"caption":"Debt Payments Template - Nimbus Platform"},{"@type":"WebSite","@id":"https:\/\/sales-ai-agents.com\/#website","url":"https:\/\/sales-ai-agents.com\/","name":"FuseBase","description":"Nimbus Platform - Free Online Collaboration Software for Remote Teams. Build your wikis, client portals and more with the Nimbus Platform collaboration tool ? A perfect space for online work","publisher":{"@id":"https:\/\/sales-ai-agents.com\/#organization"},"potentialAction":[{"@type":"SearchAction","target":{"@type":"EntryPoint","urlTemplate":"https:\/\/sales-ai-agents.com\/?s={search_term_string}"},"query-input":{"@type":"PropertyValueSpecification","valueRequired":true,"valueName":"search_term_string"}}],"inLanguage":"de-DE"},{"@type":"Organization","@id":"https:\/\/sales-ai-agents.com\/#organization","name":"FuseBase","url":"https:\/\/sales-ai-agents.com\/","logo":{"@type":"ImageObject","inLanguage":"de-DE","@id":"https:\/\/sales-ai-agents.com\/#\/schema\/logo\/image\/","url":"https:\/\/sales-ai-agents.com\/wp-content\/uploads\/2023\/11\/icon-7.svg","contentUrl":"https:\/\/sales-ai-agents.com\/wp-content\/uploads\/2023\/11\/icon-7.svg","width":128,"height":128,"caption":"FuseBase"},"image":{"@id":"https:\/\/sales-ai-agents.com\/#\/schema\/logo\/image\/"}}]}},"_links":{"self":[{"href":"https:\/\/sales-ai-agents.com\/de\/wp-json\/wp\/v2\/product\/58772","targetHints":{"allow":["GET"]}}],"collection":[{"href":"https:\/\/sales-ai-agents.com\/de\/wp-json\/wp\/v2\/product"}],"about":[{"href":"https:\/\/sales-ai-agents.com\/de\/wp-json\/wp\/v2\/types\/product"}],"wp:featuredmedia":[{"embeddable":true,"href":"https:\/\/sales-ai-agents.com\/de\/wp-json\/wp\/v2\/media\/20297"}],"wp:attachment":[{"href":"https:\/\/sales-ai-agents.com\/de\/wp-json\/wp\/v2\/media?parent=58772"}],"wp:term":[{"taxonomy":"product_brand","embeddable":true,"href":"https:\/\/sales-ai-agents.com\/de\/wp-json\/wp\/v2\/product_brand?post=58772"},{"taxonomy":"product_cat","embeddable":true,"href":"https:\/\/sales-ai-agents.com\/de\/wp-json\/wp\/v2\/product_cat?post=58772"},{"taxonomy":"product_tag","embeddable":true,"href":"https:\/\/sales-ai-agents.com\/de\/wp-json\/wp\/v2\/product_tag?post=58772"}],"curies":[{"name":"wp","href":"https:\/\/api.w.org\/{rel}","templated":true}]}}