{"id":58775,"date":"2022-09-23T13:50:00","date_gmt":"2022-09-23T13:50:00","guid":{"rendered":"https:\/\/sales-ai-agents.com\/templates\/weight-loss-progress\/"},"modified":"2023-12-27T14:10:56","modified_gmt":"2023-12-27T14:10:56","slug":"weight-loss-progress","status":"publish","type":"product","link":"https:\/\/sales-ai-agents.com\/de\/templates\/weight-loss-progress\/","title":{"rendered":"Fortschritte bei der Gewichtsabnahme"},"content":{"rendered":"<p>&nbsp;<\/p>\n<h2>Gewichtsverlust Fortschritt Vorlage<\/h2>\n<p class=\"desc-text\">Das Abnehmen ist eines der h\u00e4ufigsten Fitnessziele. Verwenden Sie die Vorlage f\u00fcr den Gewichtsverlust, um Ihr Gewicht und Ihren BMI zu verfolgen. Behalten Sie den \u00dcberblick und erreichen Sie Ihr Ziel Schritt f\u00fcr Schritt.<\/p>\n<h5>Wie zu verwenden:<\/h5>\n<ul class=\"desc-item_list\">\n<li class=\"desc-item_list__point\">F\u00fcgen Sie die Daten hinzu, um Ihr Gewicht zu verfolgen<\/li>\n<li class=\"desc-item_list__point\">Legen Sie Ihr Startgewicht und Ihr Zielgewicht fest<\/li>\n<li class=\"desc-item_list__point\">Geben Sie das Datum, die Uhrzeit, das Gewicht und den BMI ein<\/li>\n<li class=\"desc-item_list__point\">Bei Bedarf Kommentare hinzuf\u00fcgen<\/li>\n<li class=\"desc-item_list__point\">Verfolgen Sie Ihr Gewicht und Ihre Fortschritte auf dem Weg zu Ihrem Ziel<\/li>\n<\/ul>\n","protected":false},"excerpt":{"rendered":"<p>Das Abnehmen ist eines der h\u00e4ufigsten Fitnessziele. Verwenden Sie diese kostenlose Vorlage zur Gewichtsabnahme, um Ihr Gewicht zu verfolgen und sich fit zu halten.<\/p>\n","protected":false},"featured_media":20295,"template":"","meta":{"_acf_changed":false,"inline_featured_image":false},"product_brand":[],"product_cat":[179,180,183],"product_tag":[],"class_list":{"0":"post-58775","1":"product","2":"type-product","3":"status-publish","4":"has-post-thumbnail","6":"product_cat-organizers-planners","7":"product_cat-personal","8":"product_cat-personal-health","10":"first","11":"instock","12":"virtual","13":"sold-individually","14":"product-type-simple"},"acf":[],"yoast_head":"<!-- This site is optimized with the Yoast SEO plugin v25.3.1 - https:\/\/yoast.com\/wordpress\/plugins\/seo\/ -->\n<title>Vorlage zur Gewichtsabnahme - Sales AI Agents<\/title>\n<meta name=\"description\" content=\"Das Abnehmen ist eines der h\u00e4ufigsten Fitnessziele. Verwenden Sie diese kostenlose Vorlage zur Gewichtsabnahme, um Ihr Gewicht und Ihren BMI einfach zu verfolgen und sich fit zu halten.\" \/>\n<meta name=\"robots\" content=\"index, follow, max-snippet:-1, max-image-preview:large, max-video-preview:-1\" \/>\n<link rel=\"canonical\" href=\"https:\/\/sales-ai-agents.com\/de\/templates\/weight-loss-progress\/\" \/>\n<meta property=\"og:locale\" content=\"de_DE\" \/>\n<meta property=\"og:type\" content=\"article\" \/>\n<meta property=\"og:title\" content=\"Vorlage zur Gewichtsabnahme - Sales AI Agents\" \/>\n<meta property=\"og:description\" content=\"Das Abnehmen ist eines der h\u00e4ufigsten Fitnessziele. Verwenden Sie diese kostenlose Vorlage zur Gewichtsabnahme, um Ihr Gewicht und Ihren BMI einfach zu verfolgen und sich fit zu halten.\" \/>\n<meta property=\"og:url\" content=\"https:\/\/sales-ai-agents.com\/de\/templates\/weight-loss-progress\/\" \/>\n<meta property=\"og:site_name\" content=\"Sales AI Agents\" \/>\n<meta property=\"article:modified_time\" content=\"2023-12-27T14:10:56+00:00\" \/>\n<meta property=\"og:image\" content=\"https:\/\/sales-ai-agents.com\/wp-content\/uploads\/2023\/01\/image-preview115235.png\" \/>\n\t<meta property=\"og:image:width\" content=\"1078\" \/>\n\t<meta property=\"og:image:height\" content=\"760\" \/>\n\t<meta property=\"og:image:type\" content=\"image\/png\" \/>\n<meta name=\"twitter:card\" content=\"summary_large_image\" \/>\n<script type=\"application\/ld+json\" class=\"yoast-schema-graph\">{\"@context\":\"https:\/\/schema.org\",\"@graph\":[{\"@type\":\"WebPage\",\"@id\":\"https:\/\/sales-ai-agents.com\/de\/templates\/weight-loss-progress\/\",\"url\":\"https:\/\/sales-ai-agents.com\/de\/templates\/weight-loss-progress\/\",\"name\":\"Vorlage zur Gewichtsabnahme - Sales AI Agents\",\"isPartOf\":{\"@id\":\"https:\/\/sales-ai-agents.com\/#website\"},\"primaryImageOfPage\":{\"@id\":\"https:\/\/sales-ai-agents.com\/de\/templates\/weight-loss-progress\/#primaryimage\"},\"image\":{\"@id\":\"https:\/\/sales-ai-agents.com\/de\/templates\/weight-loss-progress\/#primaryimage\"},\"thumbnailUrl\":\"https:\/\/sales-ai-agents.com\/wp-content\/uploads\/2023\/01\/image-preview115235.png\",\"datePublished\":\"2022-09-23T13:50:00+00:00\",\"dateModified\":\"2023-12-27T14:10:56+00:00\",\"description\":\"Das Abnehmen ist eines der h\u00e4ufigsten Fitnessziele. Verwenden Sie diese kostenlose Vorlage zur Gewichtsabnahme, um Ihr Gewicht und Ihren BMI einfach zu verfolgen und sich fit zu halten.\",\"inLanguage\":\"de-DE\",\"potentialAction\":[{\"@type\":\"ReadAction\",\"target\":[\"https:\/\/sales-ai-agents.com\/de\/templates\/weight-loss-progress\/\"]}]},{\"@type\":\"ImageObject\",\"inLanguage\":\"de-DE\",\"@id\":\"https:\/\/sales-ai-agents.com\/de\/templates\/weight-loss-progress\/#primaryimage\",\"url\":\"https:\/\/sales-ai-agents.com\/wp-content\/uploads\/2023\/01\/image-preview115235.png\",\"contentUrl\":\"https:\/\/sales-ai-agents.com\/wp-content\/uploads\/2023\/01\/image-preview115235.png\",\"width\":1078,\"height\":760,\"caption\":\"Weight Loss Progress Template - Nimbus Platform\"},{\"@type\":\"WebSite\",\"@id\":\"https:\/\/sales-ai-agents.com\/#website\",\"url\":\"https:\/\/sales-ai-agents.com\/\",\"name\":\"FuseBase\",\"description\":\"Nimbus Platform - Free Online Collaboration Software for Remote Teams. Build your wikis, client portals and more with the Nimbus Platform collaboration tool ? A perfect space for online work\",\"publisher\":{\"@id\":\"https:\/\/sales-ai-agents.com\/#organization\"},\"potentialAction\":[{\"@type\":\"SearchAction\",\"target\":{\"@type\":\"EntryPoint\",\"urlTemplate\":\"https:\/\/sales-ai-agents.com\/?s={search_term_string}\"},\"query-input\":{\"@type\":\"PropertyValueSpecification\",\"valueRequired\":true,\"valueName\":\"search_term_string\"}}],\"inLanguage\":\"de-DE\"},{\"@type\":\"Organization\",\"@id\":\"https:\/\/sales-ai-agents.com\/#organization\",\"name\":\"FuseBase\",\"url\":\"https:\/\/sales-ai-agents.com\/\",\"logo\":{\"@type\":\"ImageObject\",\"inLanguage\":\"de-DE\",\"@id\":\"https:\/\/sales-ai-agents.com\/#\/schema\/logo\/image\/\",\"url\":\"https:\/\/sales-ai-agents.com\/wp-content\/uploads\/2023\/11\/icon-7.svg\",\"contentUrl\":\"https:\/\/sales-ai-agents.com\/wp-content\/uploads\/2023\/11\/icon-7.svg\",\"width\":128,\"height\":128,\"caption\":\"FuseBase\"},\"image\":{\"@id\":\"https:\/\/sales-ai-agents.com\/#\/schema\/logo\/image\/\"}}]}<\/script>\n<!-- \/ Yoast SEO plugin. -->","yoast_head_json":{"title":"Vorlage zur Gewichtsabnahme - Sales AI Agents","description":"Das Abnehmen ist eines der h\u00e4ufigsten Fitnessziele. Verwenden Sie diese kostenlose Vorlage zur Gewichtsabnahme, um Ihr Gewicht und Ihren BMI einfach zu verfolgen und sich fit zu halten.","robots":{"index":"index","follow":"follow","max-snippet":"max-snippet:-1","max-image-preview":"max-image-preview:large","max-video-preview":"max-video-preview:-1"},"canonical":"https:\/\/sales-ai-agents.com\/de\/templates\/weight-loss-progress\/","og_locale":"de_DE","og_type":"article","og_title":"Vorlage zur Gewichtsabnahme - Sales AI Agents","og_description":"Das Abnehmen ist eines der h\u00e4ufigsten Fitnessziele. Verwenden Sie diese kostenlose Vorlage zur Gewichtsabnahme, um Ihr Gewicht und Ihren BMI einfach zu verfolgen und sich fit zu halten.","og_url":"https:\/\/sales-ai-agents.com\/de\/templates\/weight-loss-progress\/","og_site_name":"Sales AI Agents","article_modified_time":"2023-12-27T14:10:56+00:00","og_image":[{"width":1078,"height":760,"url":"https:\/\/sales-ai-agents.com\/wp-content\/uploads\/2023\/01\/image-preview115235.png","type":"image\/png"}],"twitter_card":"summary_large_image","schema":{"@context":"https:\/\/schema.org","@graph":[{"@type":"WebPage","@id":"https:\/\/sales-ai-agents.com\/de\/templates\/weight-loss-progress\/","url":"https:\/\/sales-ai-agents.com\/de\/templates\/weight-loss-progress\/","name":"Vorlage zur Gewichtsabnahme - Sales AI Agents","isPartOf":{"@id":"https:\/\/sales-ai-agents.com\/#website"},"primaryImageOfPage":{"@id":"https:\/\/sales-ai-agents.com\/de\/templates\/weight-loss-progress\/#primaryimage"},"image":{"@id":"https:\/\/sales-ai-agents.com\/de\/templates\/weight-loss-progress\/#primaryimage"},"thumbnailUrl":"https:\/\/sales-ai-agents.com\/wp-content\/uploads\/2023\/01\/image-preview115235.png","datePublished":"2022-09-23T13:50:00+00:00","dateModified":"2023-12-27T14:10:56+00:00","description":"Das Abnehmen ist eines der h\u00e4ufigsten Fitnessziele. Verwenden Sie diese kostenlose Vorlage zur Gewichtsabnahme, um Ihr Gewicht und Ihren BMI einfach zu verfolgen und sich fit zu halten.","inLanguage":"de-DE","potentialAction":[{"@type":"ReadAction","target":["https:\/\/sales-ai-agents.com\/de\/templates\/weight-loss-progress\/"]}]},{"@type":"ImageObject","inLanguage":"de-DE","@id":"https:\/\/sales-ai-agents.com\/de\/templates\/weight-loss-progress\/#primaryimage","url":"https:\/\/sales-ai-agents.com\/wp-content\/uploads\/2023\/01\/image-preview115235.png","contentUrl":"https:\/\/sales-ai-agents.com\/wp-content\/uploads\/2023\/01\/image-preview115235.png","width":1078,"height":760,"caption":"Weight Loss Progress Template - Nimbus Platform"},{"@type":"WebSite","@id":"https:\/\/sales-ai-agents.com\/#website","url":"https:\/\/sales-ai-agents.com\/","name":"FuseBase","description":"Nimbus Platform - Free Online Collaboration Software for Remote Teams. Build your wikis, client portals and more with the Nimbus Platform collaboration tool ? A perfect space for online work","publisher":{"@id":"https:\/\/sales-ai-agents.com\/#organization"},"potentialAction":[{"@type":"SearchAction","target":{"@type":"EntryPoint","urlTemplate":"https:\/\/sales-ai-agents.com\/?s={search_term_string}"},"query-input":{"@type":"PropertyValueSpecification","valueRequired":true,"valueName":"search_term_string"}}],"inLanguage":"de-DE"},{"@type":"Organization","@id":"https:\/\/sales-ai-agents.com\/#organization","name":"FuseBase","url":"https:\/\/sales-ai-agents.com\/","logo":{"@type":"ImageObject","inLanguage":"de-DE","@id":"https:\/\/sales-ai-agents.com\/#\/schema\/logo\/image\/","url":"https:\/\/sales-ai-agents.com\/wp-content\/uploads\/2023\/11\/icon-7.svg","contentUrl":"https:\/\/sales-ai-agents.com\/wp-content\/uploads\/2023\/11\/icon-7.svg","width":128,"height":128,"caption":"FuseBase"},"image":{"@id":"https:\/\/sales-ai-agents.com\/#\/schema\/logo\/image\/"}}]}},"_links":{"self":[{"href":"https:\/\/sales-ai-agents.com\/de\/wp-json\/wp\/v2\/product\/58775","targetHints":{"allow":["GET"]}}],"collection":[{"href":"https:\/\/sales-ai-agents.com\/de\/wp-json\/wp\/v2\/product"}],"about":[{"href":"https:\/\/sales-ai-agents.com\/de\/wp-json\/wp\/v2\/types\/product"}],"wp:featuredmedia":[{"embeddable":true,"href":"https:\/\/sales-ai-agents.com\/de\/wp-json\/wp\/v2\/media\/20295"}],"wp:attachment":[{"href":"https:\/\/sales-ai-agents.com\/de\/wp-json\/wp\/v2\/media?parent=58775"}],"wp:term":[{"taxonomy":"product_brand","embeddable":true,"href":"https:\/\/sales-ai-agents.com\/de\/wp-json\/wp\/v2\/product_brand?post=58775"},{"taxonomy":"product_cat","embeddable":true,"href":"https:\/\/sales-ai-agents.com\/de\/wp-json\/wp\/v2\/product_cat?post=58775"},{"taxonomy":"product_tag","embeddable":true,"href":"https:\/\/sales-ai-agents.com\/de\/wp-json\/wp\/v2\/product_tag?post=58775"}],"curies":[{"name":"wp","href":"https:\/\/api.w.org\/{rel}","templated":true}]}}