{"id":58783,"date":"2022-09-23T13:49:58","date_gmt":"2022-09-23T13:49:58","guid":{"rendered":"https:\/\/sales-ai-agents.com\/templates\/simple-meeting-agenda\/"},"modified":"2023-12-27T14:11:38","modified_gmt":"2023-12-27T14:11:38","slug":"simple-meeting-agenda","status":"publish","type":"product","link":"https:\/\/sales-ai-agents.com\/de\/templates\/simple-meeting-agenda\/","title":{"rendered":"Einfache Meeting-Agenda"},"content":{"rendered":"<p>&nbsp;<\/p>\n<h2>Einfache Meeting Agenda Vorlage<\/h2>\n<p class=\"desc-text\">Bringen Sie Ihr gesamtes Team mit dieser Vorlage f\u00fcr die Tagesordnung auf den neuesten Stand. Planen Sie Ihre Besprechungen im Voraus, damit sie effizient und gut organisiert sind. Anhand dieser Tagesordnung k\u00f6nnen Sie die wichtigsten zu besprechenden Punkte festlegen und die f\u00fcr jedes Thema ben\u00f6tigte Zeit notieren. Teilen Sie die Informationen mit Ihrem Team, damit alle vorbereitet sind.<\/p>\n<h5>Wie zu verwenden:<\/h5>\n<ul class=\"desc-item_list\">\n<li class=\"desc-item_list__point\">Geben Sie Details zum Treffen an<\/li>\n<li class=\"desc-item_list__point\">Alle Teilnehmer markieren<\/li>\n<li class=\"desc-item_list__point\">Diskussionsthemen auflisten<\/li>\n<li class=\"desc-item_list__point\">Einschlie\u00dflich der zugewiesenen Zeit<\/li>\n<\/ul>\n","protected":false},"excerpt":{"rendered":"<p>Bringen Sie Ihr gesamtes Team mit dieser Vorlage f\u00fcr die Tagesordnung auf den neuesten Stand. Halten Sie Ihre Sitzungen effizient und organisiert, indem Sie Zeit einplanen, damit jeder seine Ideen vorstellen kann.<\/p>\n","protected":false},"featured_media":25377,"template":"","meta":{"_acf_changed":false,"inline_featured_image":false},"product_brand":[],"product_cat":[177,186],"product_tag":[],"class_list":{"0":"post-58783","1":"product","2":"type-product","3":"status-publish","4":"has-post-thumbnail","6":"product_cat-meeting","7":"product_cat-product","9":"first","10":"instock","11":"virtual","12":"sold-individually","13":"product-type-simple"},"acf":[],"yoast_head":"<!-- This site is optimized with the Yoast SEO plugin v25.3.1 - https:\/\/yoast.com\/wordpress\/plugins\/seo\/ -->\n<title>Einfache Tagesordnung Vorlage - Sales AI Agents<\/title>\n<meta name=\"description\" content=\"Bringen Sie Ihr gesamtes Team mit dieser Vorlage f\u00fcr die Tagesordnung auf den neuesten Stand. Halten Sie Ihre Sitzungen effizient und organisiert, indem Sie Zeit einplanen, damit jeder seine Ideen vorstellen kann.\" \/>\n<meta name=\"robots\" content=\"index, follow, max-snippet:-1, max-image-preview:large, max-video-preview:-1\" \/>\n<link rel=\"canonical\" href=\"https:\/\/sales-ai-agents.com\/de\/templates\/simple-meeting-agenda\/\" \/>\n<meta property=\"og:locale\" content=\"de_DE\" \/>\n<meta property=\"og:type\" content=\"article\" \/>\n<meta property=\"og:title\" content=\"Einfache Tagesordnung Vorlage - Sales AI Agents\" \/>\n<meta property=\"og:description\" content=\"Bringen Sie Ihr gesamtes Team mit dieser Vorlage f\u00fcr die Tagesordnung auf den neuesten Stand. Halten Sie Ihre Sitzungen effizient und organisiert, indem Sie Zeit einplanen, damit jeder seine Ideen vorstellen kann.\" \/>\n<meta property=\"og:url\" content=\"https:\/\/sales-ai-agents.com\/de\/templates\/simple-meeting-agenda\/\" \/>\n<meta property=\"og:site_name\" content=\"Sales AI Agents\" \/>\n<meta property=\"article:modified_time\" content=\"2023-12-27T14:11:38+00:00\" \/>\n<meta property=\"og:image\" content=\"https:\/\/sales-ai-agents.com\/wp-content\/uploads\/2022\/09\/Simple-Meeting-Agenda-Template.png\" \/>\n\t<meta property=\"og:image:width\" content=\"1700\" \/>\n\t<meta property=\"og:image:height\" content=\"1100\" \/>\n\t<meta property=\"og:image:type\" content=\"image\/png\" \/>\n<meta name=\"twitter:card\" content=\"summary_large_image\" \/>\n<script type=\"application\/ld+json\" class=\"yoast-schema-graph\">{\"@context\":\"https:\/\/schema.org\",\"@graph\":[{\"@type\":\"WebPage\",\"@id\":\"https:\/\/sales-ai-agents.com\/de\/templates\/simple-meeting-agenda\/\",\"url\":\"https:\/\/sales-ai-agents.com\/de\/templates\/simple-meeting-agenda\/\",\"name\":\"Einfache Tagesordnung Vorlage - Sales AI Agents\",\"isPartOf\":{\"@id\":\"https:\/\/sales-ai-agents.com\/#website\"},\"primaryImageOfPage\":{\"@id\":\"https:\/\/sales-ai-agents.com\/de\/templates\/simple-meeting-agenda\/#primaryimage\"},\"image\":{\"@id\":\"https:\/\/sales-ai-agents.com\/de\/templates\/simple-meeting-agenda\/#primaryimage\"},\"thumbnailUrl\":\"https:\/\/sales-ai-agents.com\/wp-content\/uploads\/2022\/09\/Simple-Meeting-Agenda-Template.png\",\"datePublished\":\"2022-09-23T13:49:58+00:00\",\"dateModified\":\"2023-12-27T14:11:38+00:00\",\"description\":\"Bringen Sie Ihr gesamtes Team mit dieser Vorlage f\u00fcr die Tagesordnung auf den neuesten Stand. Halten Sie Ihre Sitzungen effizient und organisiert, indem Sie Zeit einplanen, damit jeder seine Ideen vorstellen kann.\",\"inLanguage\":\"de-DE\",\"potentialAction\":[{\"@type\":\"ReadAction\",\"target\":[\"https:\/\/sales-ai-agents.com\/de\/templates\/simple-meeting-agenda\/\"]}]},{\"@type\":\"ImageObject\",\"inLanguage\":\"de-DE\",\"@id\":\"https:\/\/sales-ai-agents.com\/de\/templates\/simple-meeting-agenda\/#primaryimage\",\"url\":\"https:\/\/sales-ai-agents.com\/wp-content\/uploads\/2022\/09\/Simple-Meeting-Agenda-Template.png\",\"contentUrl\":\"https:\/\/sales-ai-agents.com\/wp-content\/uploads\/2022\/09\/Simple-Meeting-Agenda-Template.png\",\"width\":1700,\"height\":1100,\"caption\":\"Get your whole team updated with this meeting agenda template.\"},{\"@type\":\"WebSite\",\"@id\":\"https:\/\/sales-ai-agents.com\/#website\",\"url\":\"https:\/\/sales-ai-agents.com\/\",\"name\":\"FuseBase\",\"description\":\"Nimbus Platform - Free Online Collaboration Software for Remote Teams. Build your wikis, client portals and more with the Nimbus Platform collaboration tool ? A perfect space for online work\",\"publisher\":{\"@id\":\"https:\/\/sales-ai-agents.com\/#organization\"},\"potentialAction\":[{\"@type\":\"SearchAction\",\"target\":{\"@type\":\"EntryPoint\",\"urlTemplate\":\"https:\/\/sales-ai-agents.com\/?s={search_term_string}\"},\"query-input\":{\"@type\":\"PropertyValueSpecification\",\"valueRequired\":true,\"valueName\":\"search_term_string\"}}],\"inLanguage\":\"de-DE\"},{\"@type\":\"Organization\",\"@id\":\"https:\/\/sales-ai-agents.com\/#organization\",\"name\":\"FuseBase\",\"url\":\"https:\/\/sales-ai-agents.com\/\",\"logo\":{\"@type\":\"ImageObject\",\"inLanguage\":\"de-DE\",\"@id\":\"https:\/\/sales-ai-agents.com\/#\/schema\/logo\/image\/\",\"url\":\"https:\/\/sales-ai-agents.com\/wp-content\/uploads\/2023\/11\/icon-7.svg\",\"contentUrl\":\"https:\/\/sales-ai-agents.com\/wp-content\/uploads\/2023\/11\/icon-7.svg\",\"width\":128,\"height\":128,\"caption\":\"FuseBase\"},\"image\":{\"@id\":\"https:\/\/sales-ai-agents.com\/#\/schema\/logo\/image\/\"}}]}<\/script>\n<!-- \/ Yoast SEO plugin. -->","yoast_head_json":{"title":"Einfache Tagesordnung Vorlage - Sales AI Agents","description":"Bringen Sie Ihr gesamtes Team mit dieser Vorlage f\u00fcr die Tagesordnung auf den neuesten Stand. Halten Sie Ihre Sitzungen effizient und organisiert, indem Sie Zeit einplanen, damit jeder seine Ideen vorstellen kann.","robots":{"index":"index","follow":"follow","max-snippet":"max-snippet:-1","max-image-preview":"max-image-preview:large","max-video-preview":"max-video-preview:-1"},"canonical":"https:\/\/sales-ai-agents.com\/de\/templates\/simple-meeting-agenda\/","og_locale":"de_DE","og_type":"article","og_title":"Einfache Tagesordnung Vorlage - Sales AI Agents","og_description":"Bringen Sie Ihr gesamtes Team mit dieser Vorlage f\u00fcr die Tagesordnung auf den neuesten Stand. Halten Sie Ihre Sitzungen effizient und organisiert, indem Sie Zeit einplanen, damit jeder seine Ideen vorstellen kann.","og_url":"https:\/\/sales-ai-agents.com\/de\/templates\/simple-meeting-agenda\/","og_site_name":"Sales AI Agents","article_modified_time":"2023-12-27T14:11:38+00:00","og_image":[{"width":1700,"height":1100,"url":"https:\/\/sales-ai-agents.com\/wp-content\/uploads\/2022\/09\/Simple-Meeting-Agenda-Template.png","type":"image\/png"}],"twitter_card":"summary_large_image","schema":{"@context":"https:\/\/schema.org","@graph":[{"@type":"WebPage","@id":"https:\/\/sales-ai-agents.com\/de\/templates\/simple-meeting-agenda\/","url":"https:\/\/sales-ai-agents.com\/de\/templates\/simple-meeting-agenda\/","name":"Einfache Tagesordnung Vorlage - Sales AI Agents","isPartOf":{"@id":"https:\/\/sales-ai-agents.com\/#website"},"primaryImageOfPage":{"@id":"https:\/\/sales-ai-agents.com\/de\/templates\/simple-meeting-agenda\/#primaryimage"},"image":{"@id":"https:\/\/sales-ai-agents.com\/de\/templates\/simple-meeting-agenda\/#primaryimage"},"thumbnailUrl":"https:\/\/sales-ai-agents.com\/wp-content\/uploads\/2022\/09\/Simple-Meeting-Agenda-Template.png","datePublished":"2022-09-23T13:49:58+00:00","dateModified":"2023-12-27T14:11:38+00:00","description":"Bringen Sie Ihr gesamtes Team mit dieser Vorlage f\u00fcr die Tagesordnung auf den neuesten Stand. Halten Sie Ihre Sitzungen effizient und organisiert, indem Sie Zeit einplanen, damit jeder seine Ideen vorstellen kann.","inLanguage":"de-DE","potentialAction":[{"@type":"ReadAction","target":["https:\/\/sales-ai-agents.com\/de\/templates\/simple-meeting-agenda\/"]}]},{"@type":"ImageObject","inLanguage":"de-DE","@id":"https:\/\/sales-ai-agents.com\/de\/templates\/simple-meeting-agenda\/#primaryimage","url":"https:\/\/sales-ai-agents.com\/wp-content\/uploads\/2022\/09\/Simple-Meeting-Agenda-Template.png","contentUrl":"https:\/\/sales-ai-agents.com\/wp-content\/uploads\/2022\/09\/Simple-Meeting-Agenda-Template.png","width":1700,"height":1100,"caption":"Get your whole team updated with this meeting agenda template."},{"@type":"WebSite","@id":"https:\/\/sales-ai-agents.com\/#website","url":"https:\/\/sales-ai-agents.com\/","name":"FuseBase","description":"Nimbus Platform - Free Online Collaboration Software for Remote Teams. Build your wikis, client portals and more with the Nimbus Platform collaboration tool ? A perfect space for online work","publisher":{"@id":"https:\/\/sales-ai-agents.com\/#organization"},"potentialAction":[{"@type":"SearchAction","target":{"@type":"EntryPoint","urlTemplate":"https:\/\/sales-ai-agents.com\/?s={search_term_string}"},"query-input":{"@type":"PropertyValueSpecification","valueRequired":true,"valueName":"search_term_string"}}],"inLanguage":"de-DE"},{"@type":"Organization","@id":"https:\/\/sales-ai-agents.com\/#organization","name":"FuseBase","url":"https:\/\/sales-ai-agents.com\/","logo":{"@type":"ImageObject","inLanguage":"de-DE","@id":"https:\/\/sales-ai-agents.com\/#\/schema\/logo\/image\/","url":"https:\/\/sales-ai-agents.com\/wp-content\/uploads\/2023\/11\/icon-7.svg","contentUrl":"https:\/\/sales-ai-agents.com\/wp-content\/uploads\/2023\/11\/icon-7.svg","width":128,"height":128,"caption":"FuseBase"},"image":{"@id":"https:\/\/sales-ai-agents.com\/#\/schema\/logo\/image\/"}}]}},"_links":{"self":[{"href":"https:\/\/sales-ai-agents.com\/de\/wp-json\/wp\/v2\/product\/58783","targetHints":{"allow":["GET"]}}],"collection":[{"href":"https:\/\/sales-ai-agents.com\/de\/wp-json\/wp\/v2\/product"}],"about":[{"href":"https:\/\/sales-ai-agents.com\/de\/wp-json\/wp\/v2\/types\/product"}],"wp:featuredmedia":[{"embeddable":true,"href":"https:\/\/sales-ai-agents.com\/de\/wp-json\/wp\/v2\/media\/25377"}],"wp:attachment":[{"href":"https:\/\/sales-ai-agents.com\/de\/wp-json\/wp\/v2\/media?parent=58783"}],"wp:term":[{"taxonomy":"product_brand","embeddable":true,"href":"https:\/\/sales-ai-agents.com\/de\/wp-json\/wp\/v2\/product_brand?post=58783"},{"taxonomy":"product_cat","embeddable":true,"href":"https:\/\/sales-ai-agents.com\/de\/wp-json\/wp\/v2\/product_cat?post=58783"},{"taxonomy":"product_tag","embeddable":true,"href":"https:\/\/sales-ai-agents.com\/de\/wp-json\/wp\/v2\/product_tag?post=58783"}],"curies":[{"name":"wp","href":"https:\/\/api.w.org\/{rel}","templated":true}]}}