{"id":58786,"date":"2022-09-23T13:49:55","date_gmt":"2022-09-23T13:49:55","guid":{"rendered":"https:\/\/sales-ai-agents.com\/templates\/expense-tracker\/"},"modified":"2023-12-26T15:32:01","modified_gmt":"2023-12-26T15:32:01","slug":"expense-tracker","status":"publish","type":"product","link":"https:\/\/sales-ai-agents.com\/de\/templates\/expense-tracker\/","title":{"rendered":"Ausgaben-Tracker"},"content":{"rendered":"<p>&nbsp;<\/p>\n<h2>Expense Tracker Vorlage<\/h2>\n<p class=\"desc-text\">Die Budgetierung ist f\u00fcr die Verwaltung der Finanzen unerl\u00e4sslich. Achten Sie darauf, dass Sie Ihre Sparziele erreichen, indem Sie im Auge behalten, wohin Ihr Geld flie\u00dft. Probieren Sie unsere Vorlage f\u00fcr einen Ausgabenplaner aus, damit Sie Ihre Ausgaben und Rechnungen nicht mehr aus den Augen verlieren. Verwenden Sie diese Vorlage, um Ihre Zahlungen und Ausgaben zu erfassen. Wir haben Kontrollk\u00e4stchen eingef\u00fcgt, damit Sie alles kategorisieren k\u00f6nnen. Verfolgen Sie Ihre Ausgaben, damit Sie Ihre Gewohnheiten bewerten und Geld sparen k\u00f6nnen. Sie werden Ihre Ziele in k\u00fcrzester Zeit erreichen.<\/p>\n<h5>Wie zu verwenden:<\/h5>\n<ul class=\"desc-item_list\">\n<li class=\"desc-item_list__point\">Geben Sie das Datum des jeweiligen Kaufs an<\/li>\n<li class=\"desc-item_list__point\">Beschreiben Sie die Kosten<\/li>\n<li class=\"desc-item_list__point\">Geben Sie die H\u00f6he der Ausgaben an<\/li>\n<li class=\"desc-item_list__point\">Kreuzen Sie ein K\u00e4stchen an, um die Art des Kaufs zu kategorisieren<\/li>\n<li class=\"desc-item_list__point\">Kategorisieren Sie die Ausgabe als &#8222;Bedarf&#8220; oder &#8222;Wunsch&#8220;.<\/li>\n<\/ul>\n","protected":false},"excerpt":{"rendered":"<p>Behalten Sie den \u00dcberblick \u00fcber Ihr Budget und verwalten Sie Ihre Finanzen mit dieser kostenlosen Vorlage. Stellen Sie sicher, dass Sie Ihre Sparziele erreichen, indem Sie kontrollieren, wohin Ihr Geld flie\u00dft.<\/p>\n","protected":false},"featured_media":20323,"template":"","meta":{"_acf_changed":false,"inline_featured_image":false},"product_brand":[],"product_cat":[179,180,184],"product_tag":[],"class_list":{"0":"post-58786","1":"product","2":"type-product","3":"status-publish","4":"has-post-thumbnail","6":"product_cat-organizers-planners","7":"product_cat-personal","8":"product_cat-personal-money","10":"first","11":"instock","12":"virtual","13":"sold-individually","14":"product-type-simple"},"acf":[],"yoast_head":"<!-- This site is optimized with the Yoast SEO plugin v25.3.1 - https:\/\/yoast.com\/wordpress\/plugins\/seo\/ -->\n<title>Spesenabrechnung Vorlage - Sales AI Agents<\/title>\n<meta name=\"description\" content=\"Behalten Sie den \u00dcberblick \u00fcber Ihr Budget und verwalten Sie Ihre Finanzen mit dieser kostenlosen Vorlage. Stellen Sie sicher, dass Sie Ihre Sparziele erreichen, indem Sie kontrollieren, wohin Ihr Geld flie\u00dft.\" \/>\n<meta name=\"robots\" content=\"index, follow, max-snippet:-1, max-image-preview:large, max-video-preview:-1\" \/>\n<link rel=\"canonical\" href=\"https:\/\/sales-ai-agents.com\/de\/templates\/expense-tracker\/\" \/>\n<meta property=\"og:locale\" content=\"de_DE\" \/>\n<meta property=\"og:type\" content=\"article\" \/>\n<meta property=\"og:title\" content=\"Spesenabrechnung Vorlage - Sales AI Agents\" \/>\n<meta property=\"og:description\" content=\"Behalten Sie den \u00dcberblick \u00fcber Ihr Budget und verwalten Sie Ihre Finanzen mit dieser kostenlosen Vorlage. Stellen Sie sicher, dass Sie Ihre Sparziele erreichen, indem Sie kontrollieren, wohin Ihr Geld flie\u00dft.\" \/>\n<meta property=\"og:url\" content=\"https:\/\/sales-ai-agents.com\/de\/templates\/expense-tracker\/\" \/>\n<meta property=\"og:site_name\" content=\"Sales AI Agents\" \/>\n<meta property=\"article:modified_time\" content=\"2023-12-26T15:32:01+00:00\" \/>\n<meta property=\"og:image\" content=\"https:\/\/sales-ai-agents.com\/wp-content\/uploads\/2023\/01\/image-preview115531.png\" \/>\n\t<meta property=\"og:image:width\" content=\"1078\" \/>\n\t<meta property=\"og:image:height\" content=\"1206\" \/>\n\t<meta property=\"og:image:type\" content=\"image\/png\" \/>\n<meta name=\"twitter:card\" content=\"summary_large_image\" \/>\n<script type=\"application\/ld+json\" class=\"yoast-schema-graph\">{\"@context\":\"https:\/\/schema.org\",\"@graph\":[{\"@type\":\"WebPage\",\"@id\":\"https:\/\/sales-ai-agents.com\/de\/templates\/expense-tracker\/\",\"url\":\"https:\/\/sales-ai-agents.com\/de\/templates\/expense-tracker\/\",\"name\":\"Spesenabrechnung Vorlage - Sales AI Agents\",\"isPartOf\":{\"@id\":\"https:\/\/sales-ai-agents.com\/#website\"},\"primaryImageOfPage\":{\"@id\":\"https:\/\/sales-ai-agents.com\/de\/templates\/expense-tracker\/#primaryimage\"},\"image\":{\"@id\":\"https:\/\/sales-ai-agents.com\/de\/templates\/expense-tracker\/#primaryimage\"},\"thumbnailUrl\":\"https:\/\/sales-ai-agents.com\/wp-content\/uploads\/2023\/01\/image-preview115531.png\",\"datePublished\":\"2022-09-23T13:49:55+00:00\",\"dateModified\":\"2023-12-26T15:32:01+00:00\",\"description\":\"Behalten Sie den \u00dcberblick \u00fcber Ihr Budget und verwalten Sie Ihre Finanzen mit dieser kostenlosen Vorlage. Stellen Sie sicher, dass Sie Ihre Sparziele erreichen, indem Sie kontrollieren, wohin Ihr Geld flie\u00dft.\",\"inLanguage\":\"de-DE\",\"potentialAction\":[{\"@type\":\"ReadAction\",\"target\":[\"https:\/\/sales-ai-agents.com\/de\/templates\/expense-tracker\/\"]}]},{\"@type\":\"ImageObject\",\"inLanguage\":\"de-DE\",\"@id\":\"https:\/\/sales-ai-agents.com\/de\/templates\/expense-tracker\/#primaryimage\",\"url\":\"https:\/\/sales-ai-agents.com\/wp-content\/uploads\/2023\/01\/image-preview115531.png\",\"contentUrl\":\"https:\/\/sales-ai-agents.com\/wp-content\/uploads\/2023\/01\/image-preview115531.png\",\"width\":1078,\"height\":1206,\"caption\":\"Expense Tracker Template - Nimbus Platfomr\"},{\"@type\":\"WebSite\",\"@id\":\"https:\/\/sales-ai-agents.com\/#website\",\"url\":\"https:\/\/sales-ai-agents.com\/\",\"name\":\"FuseBase\",\"description\":\"Nimbus Platform - Free Online Collaboration Software for Remote Teams. Build your wikis, client portals and more with the Nimbus Platform collaboration tool ? A perfect space for online work\",\"publisher\":{\"@id\":\"https:\/\/sales-ai-agents.com\/#organization\"},\"potentialAction\":[{\"@type\":\"SearchAction\",\"target\":{\"@type\":\"EntryPoint\",\"urlTemplate\":\"https:\/\/sales-ai-agents.com\/?s={search_term_string}\"},\"query-input\":{\"@type\":\"PropertyValueSpecification\",\"valueRequired\":true,\"valueName\":\"search_term_string\"}}],\"inLanguage\":\"de-DE\"},{\"@type\":\"Organization\",\"@id\":\"https:\/\/sales-ai-agents.com\/#organization\",\"name\":\"FuseBase\",\"url\":\"https:\/\/sales-ai-agents.com\/\",\"logo\":{\"@type\":\"ImageObject\",\"inLanguage\":\"de-DE\",\"@id\":\"https:\/\/sales-ai-agents.com\/#\/schema\/logo\/image\/\",\"url\":\"https:\/\/sales-ai-agents.com\/wp-content\/uploads\/2023\/11\/icon-7.svg\",\"contentUrl\":\"https:\/\/sales-ai-agents.com\/wp-content\/uploads\/2023\/11\/icon-7.svg\",\"width\":128,\"height\":128,\"caption\":\"FuseBase\"},\"image\":{\"@id\":\"https:\/\/sales-ai-agents.com\/#\/schema\/logo\/image\/\"}}]}<\/script>\n<!-- \/ Yoast SEO plugin. -->","yoast_head_json":{"title":"Spesenabrechnung Vorlage - Sales AI Agents","description":"Behalten Sie den \u00dcberblick \u00fcber Ihr Budget und verwalten Sie Ihre Finanzen mit dieser kostenlosen Vorlage. Stellen Sie sicher, dass Sie Ihre Sparziele erreichen, indem Sie kontrollieren, wohin Ihr Geld flie\u00dft.","robots":{"index":"index","follow":"follow","max-snippet":"max-snippet:-1","max-image-preview":"max-image-preview:large","max-video-preview":"max-video-preview:-1"},"canonical":"https:\/\/sales-ai-agents.com\/de\/templates\/expense-tracker\/","og_locale":"de_DE","og_type":"article","og_title":"Spesenabrechnung Vorlage - Sales AI Agents","og_description":"Behalten Sie den \u00dcberblick \u00fcber Ihr Budget und verwalten Sie Ihre Finanzen mit dieser kostenlosen Vorlage. Stellen Sie sicher, dass Sie Ihre Sparziele erreichen, indem Sie kontrollieren, wohin Ihr Geld flie\u00dft.","og_url":"https:\/\/sales-ai-agents.com\/de\/templates\/expense-tracker\/","og_site_name":"Sales AI Agents","article_modified_time":"2023-12-26T15:32:01+00:00","og_image":[{"width":1078,"height":1206,"url":"https:\/\/sales-ai-agents.com\/wp-content\/uploads\/2023\/01\/image-preview115531.png","type":"image\/png"}],"twitter_card":"summary_large_image","schema":{"@context":"https:\/\/schema.org","@graph":[{"@type":"WebPage","@id":"https:\/\/sales-ai-agents.com\/de\/templates\/expense-tracker\/","url":"https:\/\/sales-ai-agents.com\/de\/templates\/expense-tracker\/","name":"Spesenabrechnung Vorlage - Sales AI Agents","isPartOf":{"@id":"https:\/\/sales-ai-agents.com\/#website"},"primaryImageOfPage":{"@id":"https:\/\/sales-ai-agents.com\/de\/templates\/expense-tracker\/#primaryimage"},"image":{"@id":"https:\/\/sales-ai-agents.com\/de\/templates\/expense-tracker\/#primaryimage"},"thumbnailUrl":"https:\/\/sales-ai-agents.com\/wp-content\/uploads\/2023\/01\/image-preview115531.png","datePublished":"2022-09-23T13:49:55+00:00","dateModified":"2023-12-26T15:32:01+00:00","description":"Behalten Sie den \u00dcberblick \u00fcber Ihr Budget und verwalten Sie Ihre Finanzen mit dieser kostenlosen Vorlage. Stellen Sie sicher, dass Sie Ihre Sparziele erreichen, indem Sie kontrollieren, wohin Ihr Geld flie\u00dft.","inLanguage":"de-DE","potentialAction":[{"@type":"ReadAction","target":["https:\/\/sales-ai-agents.com\/de\/templates\/expense-tracker\/"]}]},{"@type":"ImageObject","inLanguage":"de-DE","@id":"https:\/\/sales-ai-agents.com\/de\/templates\/expense-tracker\/#primaryimage","url":"https:\/\/sales-ai-agents.com\/wp-content\/uploads\/2023\/01\/image-preview115531.png","contentUrl":"https:\/\/sales-ai-agents.com\/wp-content\/uploads\/2023\/01\/image-preview115531.png","width":1078,"height":1206,"caption":"Expense Tracker Template - Nimbus Platfomr"},{"@type":"WebSite","@id":"https:\/\/sales-ai-agents.com\/#website","url":"https:\/\/sales-ai-agents.com\/","name":"FuseBase","description":"Nimbus Platform - Free Online Collaboration Software for Remote Teams. Build your wikis, client portals and more with the Nimbus Platform collaboration tool ? A perfect space for online work","publisher":{"@id":"https:\/\/sales-ai-agents.com\/#organization"},"potentialAction":[{"@type":"SearchAction","target":{"@type":"EntryPoint","urlTemplate":"https:\/\/sales-ai-agents.com\/?s={search_term_string}"},"query-input":{"@type":"PropertyValueSpecification","valueRequired":true,"valueName":"search_term_string"}}],"inLanguage":"de-DE"},{"@type":"Organization","@id":"https:\/\/sales-ai-agents.com\/#organization","name":"FuseBase","url":"https:\/\/sales-ai-agents.com\/","logo":{"@type":"ImageObject","inLanguage":"de-DE","@id":"https:\/\/sales-ai-agents.com\/#\/schema\/logo\/image\/","url":"https:\/\/sales-ai-agents.com\/wp-content\/uploads\/2023\/11\/icon-7.svg","contentUrl":"https:\/\/sales-ai-agents.com\/wp-content\/uploads\/2023\/11\/icon-7.svg","width":128,"height":128,"caption":"FuseBase"},"image":{"@id":"https:\/\/sales-ai-agents.com\/#\/schema\/logo\/image\/"}}]}},"_links":{"self":[{"href":"https:\/\/sales-ai-agents.com\/de\/wp-json\/wp\/v2\/product\/58786","targetHints":{"allow":["GET"]}}],"collection":[{"href":"https:\/\/sales-ai-agents.com\/de\/wp-json\/wp\/v2\/product"}],"about":[{"href":"https:\/\/sales-ai-agents.com\/de\/wp-json\/wp\/v2\/types\/product"}],"wp:featuredmedia":[{"embeddable":true,"href":"https:\/\/sales-ai-agents.com\/de\/wp-json\/wp\/v2\/media\/20323"}],"wp:attachment":[{"href":"https:\/\/sales-ai-agents.com\/de\/wp-json\/wp\/v2\/media?parent=58786"}],"wp:term":[{"taxonomy":"product_brand","embeddable":true,"href":"https:\/\/sales-ai-agents.com\/de\/wp-json\/wp\/v2\/product_brand?post=58786"},{"taxonomy":"product_cat","embeddable":true,"href":"https:\/\/sales-ai-agents.com\/de\/wp-json\/wp\/v2\/product_cat?post=58786"},{"taxonomy":"product_tag","embeddable":true,"href":"https:\/\/sales-ai-agents.com\/de\/wp-json\/wp\/v2\/product_tag?post=58786"}],"curies":[{"name":"wp","href":"https:\/\/api.w.org\/{rel}","templated":true}]}}