{"id":58789,"date":"2022-09-23T13:49:20","date_gmt":"2022-09-23T13:49:20","guid":{"rendered":"https:\/\/sales-ai-agents.com\/templates\/job-search-tracking\/"},"modified":"2023-12-27T15:00:07","modified_gmt":"2023-12-27T15:00:07","slug":"job-search-tracking","status":"publish","type":"product","link":"https:\/\/sales-ai-agents.com\/de\/templates\/job-search-tracking\/","title":{"rendered":"Verfolgung der Stellensuche"},"content":{"rendered":"<p>&nbsp;<\/p>\n<h2>Vorlage f\u00fcr die Nachverfolgung der Stellensuche<\/h2>\n<p class=\"desc-text\">Die Bewerbung um eine Stelle kann mehrere Bewerbungen und mehrere Runden von Vorstellungsgespr\u00e4chen umfassen. Um den Prozess zu strukturieren, verwenden Sie diese Vorlage f\u00fcr wichtige Informationen zur Stellensuche. Behalten Sie den \u00dcberblick \u00fcber offene Stellen und Bewerbungen, und nutzen Sie die Tabelle f\u00fcr wichtige Informationen \u00fcber das Unternehmen und die Stelle.<\/p>\n<h5>Wie zu verwenden:<\/h5>\n<ul class=\"desc-item_list\">\n<li class=\"desc-item_list__point\">Anmerkungen zum Einstellungsprozess enthalten<\/li>\n<li class=\"desc-item_list__point\">Unternehmensgr\u00f6\u00dfe und Eingabeort w\u00e4hlen<\/li>\n<li class=\"desc-item_list__point\">Wichtige Links hinzuf\u00fcgen<\/li>\n<li class=\"desc-item_list__point\">Verwenden Sie ein praktisches Kontrollk\u00e4stchen, um Nachfassaktionen zu verfolgen<\/li>\n<\/ul>\n","protected":false},"excerpt":{"rendered":"<p>Verwenden Sie diese kostenlose Vorlage f\u00fcr wichtige Informationen zur Stellensuche. Verfolgen Sie, wohin Sie Bewerbungen schicken und welche Vorstellungsgespr\u00e4che Sie bestanden haben, um die richtige Stelle f\u00fcr Sie auszuw\u00e4hlen.<\/p>\n","protected":false},"featured_media":20321,"template":"","meta":{"_acf_changed":false,"inline_featured_image":false},"product_brand":[],"product_cat":[185,197],"product_tag":[],"class_list":{"0":"post-58789","1":"product","2":"type-product","3":"status-publish","4":"has-post-thumbnail","6":"product_cat-personal-work","7":"product_cat-student","9":"first","10":"instock","11":"virtual","12":"sold-individually","13":"product-type-simple"},"acf":[],"yoast_head":"<!-- This site is optimized with the Yoast SEO plugin v25.3.1 - https:\/\/yoast.com\/wordpress\/plugins\/seo\/ -->\n<title>Vorlage f\u00fcr die Stellensuche - Sales AI Agents<\/title>\n<meta name=\"description\" content=\"Verwenden Sie diese kostenlose Vorlage f\u00fcr wichtige Informationen zur Stellensuche. Verfolgen Sie mit Nimbus, wohin Sie Bewerbungen schicken und welche Vorstellungsgespr\u00e4che Sie bestanden haben!\" \/>\n<meta name=\"robots\" content=\"index, follow, max-snippet:-1, max-image-preview:large, max-video-preview:-1\" \/>\n<link rel=\"canonical\" href=\"https:\/\/sales-ai-agents.com\/de\/templates\/job-search-tracking\/\" \/>\n<meta property=\"og:locale\" content=\"de_DE\" \/>\n<meta property=\"og:type\" content=\"article\" \/>\n<meta property=\"og:title\" content=\"Vorlage f\u00fcr die Stellensuche - Sales AI Agents\" \/>\n<meta property=\"og:description\" content=\"Verwenden Sie diese kostenlose Vorlage f\u00fcr wichtige Informationen zur Stellensuche. Verfolgen Sie mit Nimbus, wohin Sie Bewerbungen schicken und welche Vorstellungsgespr\u00e4che Sie bestanden haben!\" \/>\n<meta property=\"og:url\" content=\"https:\/\/sales-ai-agents.com\/de\/templates\/job-search-tracking\/\" \/>\n<meta property=\"og:site_name\" content=\"Sales AI Agents\" \/>\n<meta property=\"article:modified_time\" content=\"2023-12-27T15:00:07+00:00\" \/>\n<meta property=\"og:image\" content=\"https:\/\/sales-ai-agents.com\/wp-content\/uploads\/2023\/01\/image-preview115529.png\" \/>\n\t<meta property=\"og:image:width\" content=\"1078\" \/>\n\t<meta property=\"og:image:height\" content=\"760\" \/>\n\t<meta property=\"og:image:type\" content=\"image\/png\" \/>\n<meta name=\"twitter:card\" content=\"summary_large_image\" \/>\n<script type=\"application\/ld+json\" class=\"yoast-schema-graph\">{\"@context\":\"https:\/\/schema.org\",\"@graph\":[{\"@type\":\"WebPage\",\"@id\":\"https:\/\/sales-ai-agents.com\/de\/templates\/job-search-tracking\/\",\"url\":\"https:\/\/sales-ai-agents.com\/de\/templates\/job-search-tracking\/\",\"name\":\"Vorlage f\u00fcr die Stellensuche - Sales AI Agents\",\"isPartOf\":{\"@id\":\"https:\/\/sales-ai-agents.com\/#website\"},\"primaryImageOfPage\":{\"@id\":\"https:\/\/sales-ai-agents.com\/de\/templates\/job-search-tracking\/#primaryimage\"},\"image\":{\"@id\":\"https:\/\/sales-ai-agents.com\/de\/templates\/job-search-tracking\/#primaryimage\"},\"thumbnailUrl\":\"https:\/\/sales-ai-agents.com\/wp-content\/uploads\/2023\/01\/image-preview115529.png\",\"datePublished\":\"2022-09-23T13:49:20+00:00\",\"dateModified\":\"2023-12-27T15:00:07+00:00\",\"description\":\"Verwenden Sie diese kostenlose Vorlage f\u00fcr wichtige Informationen zur Stellensuche. Verfolgen Sie mit Nimbus, wohin Sie Bewerbungen schicken und welche Vorstellungsgespr\u00e4che Sie bestanden haben!\",\"inLanguage\":\"de-DE\",\"potentialAction\":[{\"@type\":\"ReadAction\",\"target\":[\"https:\/\/sales-ai-agents.com\/de\/templates\/job-search-tracking\/\"]}]},{\"@type\":\"ImageObject\",\"inLanguage\":\"de-DE\",\"@id\":\"https:\/\/sales-ai-agents.com\/de\/templates\/job-search-tracking\/#primaryimage\",\"url\":\"https:\/\/sales-ai-agents.com\/wp-content\/uploads\/2023\/01\/image-preview115529.png\",\"contentUrl\":\"https:\/\/sales-ai-agents.com\/wp-content\/uploads\/2023\/01\/image-preview115529.png\",\"width\":1078,\"height\":760,\"caption\":\"Job Search Tracking Template - Nimbus Platform\"},{\"@type\":\"WebSite\",\"@id\":\"https:\/\/sales-ai-agents.com\/#website\",\"url\":\"https:\/\/sales-ai-agents.com\/\",\"name\":\"FuseBase\",\"description\":\"Nimbus Platform - Free Online Collaboration Software for Remote Teams. Build your wikis, client portals and more with the Nimbus Platform collaboration tool ? A perfect space for online work\",\"publisher\":{\"@id\":\"https:\/\/sales-ai-agents.com\/#organization\"},\"potentialAction\":[{\"@type\":\"SearchAction\",\"target\":{\"@type\":\"EntryPoint\",\"urlTemplate\":\"https:\/\/sales-ai-agents.com\/?s={search_term_string}\"},\"query-input\":{\"@type\":\"PropertyValueSpecification\",\"valueRequired\":true,\"valueName\":\"search_term_string\"}}],\"inLanguage\":\"de-DE\"},{\"@type\":\"Organization\",\"@id\":\"https:\/\/sales-ai-agents.com\/#organization\",\"name\":\"FuseBase\",\"url\":\"https:\/\/sales-ai-agents.com\/\",\"logo\":{\"@type\":\"ImageObject\",\"inLanguage\":\"de-DE\",\"@id\":\"https:\/\/sales-ai-agents.com\/#\/schema\/logo\/image\/\",\"url\":\"https:\/\/sales-ai-agents.com\/wp-content\/uploads\/2023\/11\/icon-7.svg\",\"contentUrl\":\"https:\/\/sales-ai-agents.com\/wp-content\/uploads\/2023\/11\/icon-7.svg\",\"width\":128,\"height\":128,\"caption\":\"FuseBase\"},\"image\":{\"@id\":\"https:\/\/sales-ai-agents.com\/#\/schema\/logo\/image\/\"}}]}<\/script>\n<!-- \/ Yoast SEO plugin. -->","yoast_head_json":{"title":"Vorlage f\u00fcr die Stellensuche - Sales AI Agents","description":"Verwenden Sie diese kostenlose Vorlage f\u00fcr wichtige Informationen zur Stellensuche. Verfolgen Sie mit Nimbus, wohin Sie Bewerbungen schicken und welche Vorstellungsgespr\u00e4che Sie bestanden haben!","robots":{"index":"index","follow":"follow","max-snippet":"max-snippet:-1","max-image-preview":"max-image-preview:large","max-video-preview":"max-video-preview:-1"},"canonical":"https:\/\/sales-ai-agents.com\/de\/templates\/job-search-tracking\/","og_locale":"de_DE","og_type":"article","og_title":"Vorlage f\u00fcr die Stellensuche - Sales AI Agents","og_description":"Verwenden Sie diese kostenlose Vorlage f\u00fcr wichtige Informationen zur Stellensuche. Verfolgen Sie mit Nimbus, wohin Sie Bewerbungen schicken und welche Vorstellungsgespr\u00e4che Sie bestanden haben!","og_url":"https:\/\/sales-ai-agents.com\/de\/templates\/job-search-tracking\/","og_site_name":"Sales AI Agents","article_modified_time":"2023-12-27T15:00:07+00:00","og_image":[{"width":1078,"height":760,"url":"https:\/\/sales-ai-agents.com\/wp-content\/uploads\/2023\/01\/image-preview115529.png","type":"image\/png"}],"twitter_card":"summary_large_image","schema":{"@context":"https:\/\/schema.org","@graph":[{"@type":"WebPage","@id":"https:\/\/sales-ai-agents.com\/de\/templates\/job-search-tracking\/","url":"https:\/\/sales-ai-agents.com\/de\/templates\/job-search-tracking\/","name":"Vorlage f\u00fcr die Stellensuche - Sales AI Agents","isPartOf":{"@id":"https:\/\/sales-ai-agents.com\/#website"},"primaryImageOfPage":{"@id":"https:\/\/sales-ai-agents.com\/de\/templates\/job-search-tracking\/#primaryimage"},"image":{"@id":"https:\/\/sales-ai-agents.com\/de\/templates\/job-search-tracking\/#primaryimage"},"thumbnailUrl":"https:\/\/sales-ai-agents.com\/wp-content\/uploads\/2023\/01\/image-preview115529.png","datePublished":"2022-09-23T13:49:20+00:00","dateModified":"2023-12-27T15:00:07+00:00","description":"Verwenden Sie diese kostenlose Vorlage f\u00fcr wichtige Informationen zur Stellensuche. Verfolgen Sie mit Nimbus, wohin Sie Bewerbungen schicken und welche Vorstellungsgespr\u00e4che Sie bestanden haben!","inLanguage":"de-DE","potentialAction":[{"@type":"ReadAction","target":["https:\/\/sales-ai-agents.com\/de\/templates\/job-search-tracking\/"]}]},{"@type":"ImageObject","inLanguage":"de-DE","@id":"https:\/\/sales-ai-agents.com\/de\/templates\/job-search-tracking\/#primaryimage","url":"https:\/\/sales-ai-agents.com\/wp-content\/uploads\/2023\/01\/image-preview115529.png","contentUrl":"https:\/\/sales-ai-agents.com\/wp-content\/uploads\/2023\/01\/image-preview115529.png","width":1078,"height":760,"caption":"Job Search Tracking Template - Nimbus Platform"},{"@type":"WebSite","@id":"https:\/\/sales-ai-agents.com\/#website","url":"https:\/\/sales-ai-agents.com\/","name":"FuseBase","description":"Nimbus Platform - Free Online Collaboration Software for Remote Teams. Build your wikis, client portals and more with the Nimbus Platform collaboration tool ? A perfect space for online work","publisher":{"@id":"https:\/\/sales-ai-agents.com\/#organization"},"potentialAction":[{"@type":"SearchAction","target":{"@type":"EntryPoint","urlTemplate":"https:\/\/sales-ai-agents.com\/?s={search_term_string}"},"query-input":{"@type":"PropertyValueSpecification","valueRequired":true,"valueName":"search_term_string"}}],"inLanguage":"de-DE"},{"@type":"Organization","@id":"https:\/\/sales-ai-agents.com\/#organization","name":"FuseBase","url":"https:\/\/sales-ai-agents.com\/","logo":{"@type":"ImageObject","inLanguage":"de-DE","@id":"https:\/\/sales-ai-agents.com\/#\/schema\/logo\/image\/","url":"https:\/\/sales-ai-agents.com\/wp-content\/uploads\/2023\/11\/icon-7.svg","contentUrl":"https:\/\/sales-ai-agents.com\/wp-content\/uploads\/2023\/11\/icon-7.svg","width":128,"height":128,"caption":"FuseBase"},"image":{"@id":"https:\/\/sales-ai-agents.com\/#\/schema\/logo\/image\/"}}]}},"_links":{"self":[{"href":"https:\/\/sales-ai-agents.com\/de\/wp-json\/wp\/v2\/product\/58789","targetHints":{"allow":["GET"]}}],"collection":[{"href":"https:\/\/sales-ai-agents.com\/de\/wp-json\/wp\/v2\/product"}],"about":[{"href":"https:\/\/sales-ai-agents.com\/de\/wp-json\/wp\/v2\/types\/product"}],"wp:featuredmedia":[{"embeddable":true,"href":"https:\/\/sales-ai-agents.com\/de\/wp-json\/wp\/v2\/media\/20321"}],"wp:attachment":[{"href":"https:\/\/sales-ai-agents.com\/de\/wp-json\/wp\/v2\/media?parent=58789"}],"wp:term":[{"taxonomy":"product_brand","embeddable":true,"href":"https:\/\/sales-ai-agents.com\/de\/wp-json\/wp\/v2\/product_brand?post=58789"},{"taxonomy":"product_cat","embeddable":true,"href":"https:\/\/sales-ai-agents.com\/de\/wp-json\/wp\/v2\/product_cat?post=58789"},{"taxonomy":"product_tag","embeddable":true,"href":"https:\/\/sales-ai-agents.com\/de\/wp-json\/wp\/v2\/product_tag?post=58789"}],"curies":[{"name":"wp","href":"https:\/\/api.w.org\/{rel}","templated":true}]}}