{"id":58792,"date":"2022-09-23T13:49:18","date_gmt":"2022-09-23T13:49:18","guid":{"rendered":"https:\/\/sales-ai-agents.com\/templates\/agile-retrospective\/"},"modified":"2023-12-26T15:15:41","modified_gmt":"2023-12-26T15:15:41","slug":"agile-retrospective","status":"publish","type":"product","link":"https:\/\/sales-ai-agents.com\/de\/templates\/agile-retrospective\/","title":{"rendered":"Agile Retrospektive"},"content":{"rendered":"<p>&nbsp;<\/p>\n<h2>Agile Retrospektive Vorlage<\/h2>\n<p class=\"desc-text\">Diese Vorlage kann von agilen Teams verwendet werden, um zu verfolgen, was bei ihren Projekten gut funktioniert hat. Halten Sie au\u00dferdem fest, was nicht erfolgreich war, und geben Sie an, was Ihr Team daraus gelernt hat. Am Ende gibt es einen Abschnitt, in dem Sie Ihr Team f\u00fcr seine gro\u00dfartige Arbeit feiern und besonders erw\u00e4hnen k\u00f6nnen.<\/p>\n<h5>Wie zu verwenden:<\/h5>\n<ul class=\"desc-item_list\">\n<li class=\"desc-item_list__point\">Tag-Team-Mitglieder<\/li>\n<li class=\"desc-item_list__point\">Reflektieren Sie, wie das Projekt gelaufen ist<\/li>\n<li class=\"desc-item_list__point\">F\u00fcllen Sie Details dar\u00fcber aus, was effektiv war und was nicht funktioniert hat<\/li>\n<li class=\"desc-item_list__point\">Wichtige Erkenntnisse einbeziehen<\/li>\n<li class=\"desc-item_list__point\">Gratulieren Sie Teammitgliedern und feiern Sie Erfolge<\/li>\n<\/ul>\n","protected":false},"excerpt":{"rendered":"<p>Wenn Sie nach dem agilen System arbeiten &#8211; verwenden Sie diese Vorlage, um Ihre Projekte zu verfolgen. Halten Sie alle Ergebnisse und alle Informationen f\u00fcr die Retrospektive fest!<\/p>\n","protected":false},"featured_media":20285,"template":"","meta":{"_acf_changed":false,"inline_featured_image":false},"product_brand":[],"product_cat":[179,192,191],"product_tag":[],"class_list":{"0":"post-58792","1":"product","2":"type-product","3":"status-publish","4":"has-post-thumbnail","6":"product_cat-organizers-planners","7":"product_cat-programmer-engineer","8":"product_cat-project-management","9":"collections-team","11":"first","12":"instock","13":"virtual","14":"sold-individually","15":"product-type-simple"},"acf":[],"yoast_head":"<!-- This site is optimized with the Yoast SEO plugin v25.3.1 - https:\/\/yoast.com\/wordpress\/plugins\/seo\/ -->\n<title>Agile Retrospektive Vorlage - Sales AI Agents<\/title>\n<meta name=\"description\" content=\"Wenn Sie nach dem agilen System arbeiten - verwenden Sie diese Vorlage, um Ihre Projekte zu verfolgen. Halten Sie alle Ergebnisse und alle Informationen f\u00fcr die Retrospektive fest!\" \/>\n<meta name=\"robots\" content=\"index, follow, max-snippet:-1, max-image-preview:large, max-video-preview:-1\" \/>\n<link rel=\"canonical\" href=\"https:\/\/sales-ai-agents.com\/de\/templates\/agile-retrospective\/\" \/>\n<meta property=\"og:locale\" content=\"de_DE\" \/>\n<meta property=\"og:type\" content=\"article\" \/>\n<meta property=\"og:title\" content=\"Agile Retrospektive Vorlage - Sales AI Agents\" \/>\n<meta property=\"og:description\" content=\"Wenn Sie nach dem agilen System arbeiten - verwenden Sie diese Vorlage, um Ihre Projekte zu verfolgen. Halten Sie alle Ergebnisse und alle Informationen f\u00fcr die Retrospektive fest!\" \/>\n<meta property=\"og:url\" content=\"https:\/\/sales-ai-agents.com\/de\/templates\/agile-retrospective\/\" \/>\n<meta property=\"og:site_name\" content=\"Sales AI Agents\" \/>\n<meta property=\"article:modified_time\" content=\"2023-12-26T15:15:41+00:00\" \/>\n<meta property=\"og:image\" content=\"https:\/\/sales-ai-agents.com\/wp-content\/uploads\/2023\/01\/image-preview115120.png\" \/>\n\t<meta property=\"og:image:width\" content=\"1078\" \/>\n\t<meta property=\"og:image:height\" content=\"760\" \/>\n\t<meta property=\"og:image:type\" content=\"image\/png\" \/>\n<meta name=\"twitter:card\" content=\"summary_large_image\" \/>\n<script type=\"application\/ld+json\" class=\"yoast-schema-graph\">{\"@context\":\"https:\/\/schema.org\",\"@graph\":[{\"@type\":\"WebPage\",\"@id\":\"https:\/\/sales-ai-agents.com\/de\/templates\/agile-retrospective\/\",\"url\":\"https:\/\/sales-ai-agents.com\/de\/templates\/agile-retrospective\/\",\"name\":\"Agile Retrospektive Vorlage - Sales AI Agents\",\"isPartOf\":{\"@id\":\"https:\/\/sales-ai-agents.com\/#website\"},\"primaryImageOfPage\":{\"@id\":\"https:\/\/sales-ai-agents.com\/de\/templates\/agile-retrospective\/#primaryimage\"},\"image\":{\"@id\":\"https:\/\/sales-ai-agents.com\/de\/templates\/agile-retrospective\/#primaryimage\"},\"thumbnailUrl\":\"https:\/\/sales-ai-agents.com\/wp-content\/uploads\/2023\/01\/image-preview115120.png\",\"datePublished\":\"2022-09-23T13:49:18+00:00\",\"dateModified\":\"2023-12-26T15:15:41+00:00\",\"description\":\"Wenn Sie nach dem agilen System arbeiten - verwenden Sie diese Vorlage, um Ihre Projekte zu verfolgen. Halten Sie alle Ergebnisse und alle Informationen f\u00fcr die Retrospektive fest!\",\"inLanguage\":\"de-DE\",\"potentialAction\":[{\"@type\":\"ReadAction\",\"target\":[\"https:\/\/sales-ai-agents.com\/de\/templates\/agile-retrospective\/\"]}]},{\"@type\":\"ImageObject\",\"inLanguage\":\"de-DE\",\"@id\":\"https:\/\/sales-ai-agents.com\/de\/templates\/agile-retrospective\/#primaryimage\",\"url\":\"https:\/\/sales-ai-agents.com\/wp-content\/uploads\/2023\/01\/image-preview115120.png\",\"contentUrl\":\"https:\/\/sales-ai-agents.com\/wp-content\/uploads\/2023\/01\/image-preview115120.png\",\"width\":1078,\"height\":760,\"caption\":\"Agile Retrospective Template - Nimbus Platform\"},{\"@type\":\"WebSite\",\"@id\":\"https:\/\/sales-ai-agents.com\/#website\",\"url\":\"https:\/\/sales-ai-agents.com\/\",\"name\":\"FuseBase\",\"description\":\"Nimbus Platform - Free Online Collaboration Software for Remote Teams. Build your wikis, client portals and more with the Nimbus Platform collaboration tool ? A perfect space for online work\",\"publisher\":{\"@id\":\"https:\/\/sales-ai-agents.com\/#organization\"},\"potentialAction\":[{\"@type\":\"SearchAction\",\"target\":{\"@type\":\"EntryPoint\",\"urlTemplate\":\"https:\/\/sales-ai-agents.com\/?s={search_term_string}\"},\"query-input\":{\"@type\":\"PropertyValueSpecification\",\"valueRequired\":true,\"valueName\":\"search_term_string\"}}],\"inLanguage\":\"de-DE\"},{\"@type\":\"Organization\",\"@id\":\"https:\/\/sales-ai-agents.com\/#organization\",\"name\":\"FuseBase\",\"url\":\"https:\/\/sales-ai-agents.com\/\",\"logo\":{\"@type\":\"ImageObject\",\"inLanguage\":\"de-DE\",\"@id\":\"https:\/\/sales-ai-agents.com\/#\/schema\/logo\/image\/\",\"url\":\"https:\/\/sales-ai-agents.com\/wp-content\/uploads\/2023\/11\/icon-7.svg\",\"contentUrl\":\"https:\/\/sales-ai-agents.com\/wp-content\/uploads\/2023\/11\/icon-7.svg\",\"width\":128,\"height\":128,\"caption\":\"FuseBase\"},\"image\":{\"@id\":\"https:\/\/sales-ai-agents.com\/#\/schema\/logo\/image\/\"}}]}<\/script>\n<!-- \/ Yoast SEO plugin. -->","yoast_head_json":{"title":"Agile Retrospektive Vorlage - Sales AI Agents","description":"Wenn Sie nach dem agilen System arbeiten - verwenden Sie diese Vorlage, um Ihre Projekte zu verfolgen. Halten Sie alle Ergebnisse und alle Informationen f\u00fcr die Retrospektive fest!","robots":{"index":"index","follow":"follow","max-snippet":"max-snippet:-1","max-image-preview":"max-image-preview:large","max-video-preview":"max-video-preview:-1"},"canonical":"https:\/\/sales-ai-agents.com\/de\/templates\/agile-retrospective\/","og_locale":"de_DE","og_type":"article","og_title":"Agile Retrospektive Vorlage - Sales AI Agents","og_description":"Wenn Sie nach dem agilen System arbeiten - verwenden Sie diese Vorlage, um Ihre Projekte zu verfolgen. Halten Sie alle Ergebnisse und alle Informationen f\u00fcr die Retrospektive fest!","og_url":"https:\/\/sales-ai-agents.com\/de\/templates\/agile-retrospective\/","og_site_name":"Sales AI Agents","article_modified_time":"2023-12-26T15:15:41+00:00","og_image":[{"width":1078,"height":760,"url":"https:\/\/sales-ai-agents.com\/wp-content\/uploads\/2023\/01\/image-preview115120.png","type":"image\/png"}],"twitter_card":"summary_large_image","schema":{"@context":"https:\/\/schema.org","@graph":[{"@type":"WebPage","@id":"https:\/\/sales-ai-agents.com\/de\/templates\/agile-retrospective\/","url":"https:\/\/sales-ai-agents.com\/de\/templates\/agile-retrospective\/","name":"Agile Retrospektive Vorlage - Sales AI Agents","isPartOf":{"@id":"https:\/\/sales-ai-agents.com\/#website"},"primaryImageOfPage":{"@id":"https:\/\/sales-ai-agents.com\/de\/templates\/agile-retrospective\/#primaryimage"},"image":{"@id":"https:\/\/sales-ai-agents.com\/de\/templates\/agile-retrospective\/#primaryimage"},"thumbnailUrl":"https:\/\/sales-ai-agents.com\/wp-content\/uploads\/2023\/01\/image-preview115120.png","datePublished":"2022-09-23T13:49:18+00:00","dateModified":"2023-12-26T15:15:41+00:00","description":"Wenn Sie nach dem agilen System arbeiten - verwenden Sie diese Vorlage, um Ihre Projekte zu verfolgen. Halten Sie alle Ergebnisse und alle Informationen f\u00fcr die Retrospektive fest!","inLanguage":"de-DE","potentialAction":[{"@type":"ReadAction","target":["https:\/\/sales-ai-agents.com\/de\/templates\/agile-retrospective\/"]}]},{"@type":"ImageObject","inLanguage":"de-DE","@id":"https:\/\/sales-ai-agents.com\/de\/templates\/agile-retrospective\/#primaryimage","url":"https:\/\/sales-ai-agents.com\/wp-content\/uploads\/2023\/01\/image-preview115120.png","contentUrl":"https:\/\/sales-ai-agents.com\/wp-content\/uploads\/2023\/01\/image-preview115120.png","width":1078,"height":760,"caption":"Agile Retrospective Template - Nimbus Platform"},{"@type":"WebSite","@id":"https:\/\/sales-ai-agents.com\/#website","url":"https:\/\/sales-ai-agents.com\/","name":"FuseBase","description":"Nimbus Platform - Free Online Collaboration Software for Remote Teams. Build your wikis, client portals and more with the Nimbus Platform collaboration tool ? A perfect space for online work","publisher":{"@id":"https:\/\/sales-ai-agents.com\/#organization"},"potentialAction":[{"@type":"SearchAction","target":{"@type":"EntryPoint","urlTemplate":"https:\/\/sales-ai-agents.com\/?s={search_term_string}"},"query-input":{"@type":"PropertyValueSpecification","valueRequired":true,"valueName":"search_term_string"}}],"inLanguage":"de-DE"},{"@type":"Organization","@id":"https:\/\/sales-ai-agents.com\/#organization","name":"FuseBase","url":"https:\/\/sales-ai-agents.com\/","logo":{"@type":"ImageObject","inLanguage":"de-DE","@id":"https:\/\/sales-ai-agents.com\/#\/schema\/logo\/image\/","url":"https:\/\/sales-ai-agents.com\/wp-content\/uploads\/2023\/11\/icon-7.svg","contentUrl":"https:\/\/sales-ai-agents.com\/wp-content\/uploads\/2023\/11\/icon-7.svg","width":128,"height":128,"caption":"FuseBase"},"image":{"@id":"https:\/\/sales-ai-agents.com\/#\/schema\/logo\/image\/"}}]}},"_links":{"self":[{"href":"https:\/\/sales-ai-agents.com\/de\/wp-json\/wp\/v2\/product\/58792","targetHints":{"allow":["GET"]}}],"collection":[{"href":"https:\/\/sales-ai-agents.com\/de\/wp-json\/wp\/v2\/product"}],"about":[{"href":"https:\/\/sales-ai-agents.com\/de\/wp-json\/wp\/v2\/types\/product"}],"wp:featuredmedia":[{"embeddable":true,"href":"https:\/\/sales-ai-agents.com\/de\/wp-json\/wp\/v2\/media\/20285"}],"wp:attachment":[{"href":"https:\/\/sales-ai-agents.com\/de\/wp-json\/wp\/v2\/media?parent=58792"}],"wp:term":[{"taxonomy":"product_brand","embeddable":true,"href":"https:\/\/sales-ai-agents.com\/de\/wp-json\/wp\/v2\/product_brand?post=58792"},{"taxonomy":"product_cat","embeddable":true,"href":"https:\/\/sales-ai-agents.com\/de\/wp-json\/wp\/v2\/product_cat?post=58792"},{"taxonomy":"product_tag","embeddable":true,"href":"https:\/\/sales-ai-agents.com\/de\/wp-json\/wp\/v2\/product_tag?post=58792"}],"curies":[{"name":"wp","href":"https:\/\/api.w.org\/{rel}","templated":true}]}}