{"id":58797,"date":"2022-09-23T13:49:15","date_gmt":"2022-09-23T13:49:15","guid":{"rendered":"https:\/\/sales-ai-agents.com\/templates\/goals-signals-and-measures\/"},"modified":"2023-12-27T15:33:06","modified_gmt":"2023-12-27T15:33:06","slug":"goals-signals-and-measures","status":"publish","type":"product","link":"https:\/\/sales-ai-agents.com\/de\/templates\/goals-signals-and-measures\/","title":{"rendered":"Ziele, Signale und Ma\u00dfnahmen"},"content":{"rendered":"<p>&nbsp;<\/p>\n<h2>Vorlage f\u00fcr Ziele, Signale und Ma\u00dfnahmen<\/h2>\n<p class=\"desc-text\">Um effektiv zu planen, k\u00f6nnen Sie Ziele setzen, Signale erkennen und Messgr\u00f6\u00dfen zur Fortschrittsmessung erstellen. Diese Vorlage hilft Ihnen, sich auf gr\u00f6\u00dfere Ziele f\u00fcr Ihr Team zu konzentrieren. Mit diesen Zielen im Hinterkopf k\u00f6nnen Sie Signale setzen, die Sie Ihren Zielen n\u00e4her bringen. Indem Sie spezifische Signale und Messungen anstreben, k\u00f6nnen Sie sicherstellen, dass Ihre gr\u00f6\u00dferen, \u00fcbergeordneten Ziele erreicht werden.<\/p>\n<h5>Wie zu verwenden:<\/h5>\n<ul class=\"desc-item_list\">\n<li class=\"desc-item_list__point\">Bestimmen Sie ein Leitprinzip f\u00fcr Ihr Projekt<\/li>\n<li class=\"desc-item_list__point\">Legen Sie die zu erreichenden Ziele fest<\/li>\n<li class=\"desc-item_list__point\">Brainstorming mit Teammitgliedern<\/li>\n<li class=\"desc-item_list__point\">Listensignale f\u00fcr Leistungen<\/li>\n<li class=\"desc-item_list__point\">Liefern Sie spezifische Messungen<\/li>\n<\/ul>\n","protected":false},"excerpt":{"rendered":"<p>Um effektiv zu planen, k\u00f6nnen Sie Ziele setzen, Signale erkennen und Messgr\u00f6\u00dfen zur Fortschrittsmessung erstellen. Diese Vorlage hilft Ihnen, sich auf gr\u00f6\u00dfere Ziele zu konzentrieren.<\/p>\n","protected":false},"featured_media":25663,"template":"","meta":{"_acf_changed":false,"inline_featured_image":false},"product_brand":[],"product_cat":[171,176,191],"product_tag":[],"class_list":{"0":"post-58797","1":"product","2":"type-product","3":"status-publish","4":"has-post-thumbnail","6":"product_cat-marketing","7":"product_cat-marketing-strategy","8":"product_cat-project-management","10":"first","11":"instock","12":"virtual","13":"sold-individually","14":"product-type-simple"},"acf":[],"yoast_head":"<!-- This site is optimized with the Yoast SEO plugin v25.3.1 - https:\/\/yoast.com\/wordpress\/plugins\/seo\/ -->\n<title>Ziele, Signale und Ma\u00dfnahmen Vorlage - Sales AI Agents<\/title>\n<meta name=\"description\" content=\"Um effektiv zu planen, k\u00f6nnen Sie Ziele setzen, Signale erkennen und Messgr\u00f6\u00dfen zur Fortschrittsmessung erstellen. Diese Vorlage hilft Ihnen, sich auf gr\u00f6\u00dfere Ziele zu konzentrieren.\" \/>\n<meta name=\"robots\" content=\"index, follow, max-snippet:-1, max-image-preview:large, max-video-preview:-1\" \/>\n<link rel=\"canonical\" href=\"https:\/\/sales-ai-agents.com\/de\/templates\/goals-signals-and-measures\/\" \/>\n<meta property=\"og:locale\" content=\"de_DE\" \/>\n<meta property=\"og:type\" content=\"article\" \/>\n<meta property=\"og:title\" content=\"Ziele, Signale und Ma\u00dfnahmen Vorlage - Sales AI Agents\" \/>\n<meta property=\"og:description\" content=\"Um effektiv zu planen, k\u00f6nnen Sie Ziele setzen, Signale erkennen und Messgr\u00f6\u00dfen zur Fortschrittsmessung erstellen. Diese Vorlage hilft Ihnen, sich auf gr\u00f6\u00dfere Ziele zu konzentrieren.\" \/>\n<meta property=\"og:url\" content=\"https:\/\/sales-ai-agents.com\/de\/templates\/goals-signals-and-measures\/\" \/>\n<meta property=\"og:site_name\" content=\"Sales AI Agents\" \/>\n<meta property=\"article:modified_time\" content=\"2023-12-27T15:33:06+00:00\" \/>\n<meta property=\"og:image\" content=\"https:\/\/sales-ai-agents.com\/wp-content\/uploads\/2022\/09\/Goals-Signals-and-Measures-Template.png\" \/>\n\t<meta property=\"og:image:width\" content=\"1700\" \/>\n\t<meta property=\"og:image:height\" content=\"1100\" \/>\n\t<meta property=\"og:image:type\" content=\"image\/png\" \/>\n<meta name=\"twitter:card\" content=\"summary_large_image\" \/>\n<script type=\"application\/ld+json\" class=\"yoast-schema-graph\">{\"@context\":\"https:\/\/schema.org\",\"@graph\":[{\"@type\":\"WebPage\",\"@id\":\"https:\/\/sales-ai-agents.com\/de\/templates\/goals-signals-and-measures\/\",\"url\":\"https:\/\/sales-ai-agents.com\/de\/templates\/goals-signals-and-measures\/\",\"name\":\"Ziele, Signale und Ma\u00dfnahmen Vorlage - Sales AI Agents\",\"isPartOf\":{\"@id\":\"https:\/\/sales-ai-agents.com\/#website\"},\"primaryImageOfPage\":{\"@id\":\"https:\/\/sales-ai-agents.com\/de\/templates\/goals-signals-and-measures\/#primaryimage\"},\"image\":{\"@id\":\"https:\/\/sales-ai-agents.com\/de\/templates\/goals-signals-and-measures\/#primaryimage\"},\"thumbnailUrl\":\"https:\/\/sales-ai-agents.com\/wp-content\/uploads\/2022\/09\/Goals-Signals-and-Measures-Template.png\",\"datePublished\":\"2022-09-23T13:49:15+00:00\",\"dateModified\":\"2023-12-27T15:33:06+00:00\",\"description\":\"Um effektiv zu planen, k\u00f6nnen Sie Ziele setzen, Signale erkennen und Messgr\u00f6\u00dfen zur Fortschrittsmessung erstellen. Diese Vorlage hilft Ihnen, sich auf gr\u00f6\u00dfere Ziele zu konzentrieren.\",\"inLanguage\":\"de-DE\",\"potentialAction\":[{\"@type\":\"ReadAction\",\"target\":[\"https:\/\/sales-ai-agents.com\/de\/templates\/goals-signals-and-measures\/\"]}]},{\"@type\":\"ImageObject\",\"inLanguage\":\"de-DE\",\"@id\":\"https:\/\/sales-ai-agents.com\/de\/templates\/goals-signals-and-measures\/#primaryimage\",\"url\":\"https:\/\/sales-ai-agents.com\/wp-content\/uploads\/2022\/09\/Goals-Signals-and-Measures-Template.png\",\"contentUrl\":\"https:\/\/sales-ai-agents.com\/wp-content\/uploads\/2022\/09\/Goals-Signals-and-Measures-Template.png\",\"width\":1700,\"height\":1100,\"caption\":\"To plan effectively, you can set goals, identify signals, and build metrics to measure progress.\"},{\"@type\":\"WebSite\",\"@id\":\"https:\/\/sales-ai-agents.com\/#website\",\"url\":\"https:\/\/sales-ai-agents.com\/\",\"name\":\"FuseBase\",\"description\":\"Nimbus Platform - Free Online Collaboration Software for Remote Teams. Build your wikis, client portals and more with the Nimbus Platform collaboration tool ? A perfect space for online work\",\"publisher\":{\"@id\":\"https:\/\/sales-ai-agents.com\/#organization\"},\"potentialAction\":[{\"@type\":\"SearchAction\",\"target\":{\"@type\":\"EntryPoint\",\"urlTemplate\":\"https:\/\/sales-ai-agents.com\/?s={search_term_string}\"},\"query-input\":{\"@type\":\"PropertyValueSpecification\",\"valueRequired\":true,\"valueName\":\"search_term_string\"}}],\"inLanguage\":\"de-DE\"},{\"@type\":\"Organization\",\"@id\":\"https:\/\/sales-ai-agents.com\/#organization\",\"name\":\"FuseBase\",\"url\":\"https:\/\/sales-ai-agents.com\/\",\"logo\":{\"@type\":\"ImageObject\",\"inLanguage\":\"de-DE\",\"@id\":\"https:\/\/sales-ai-agents.com\/#\/schema\/logo\/image\/\",\"url\":\"https:\/\/sales-ai-agents.com\/wp-content\/uploads\/2023\/11\/icon-7.svg\",\"contentUrl\":\"https:\/\/sales-ai-agents.com\/wp-content\/uploads\/2023\/11\/icon-7.svg\",\"width\":128,\"height\":128,\"caption\":\"FuseBase\"},\"image\":{\"@id\":\"https:\/\/sales-ai-agents.com\/#\/schema\/logo\/image\/\"}}]}<\/script>\n<!-- \/ Yoast SEO plugin. -->","yoast_head_json":{"title":"Ziele, Signale und Ma\u00dfnahmen Vorlage - Sales AI Agents","description":"Um effektiv zu planen, k\u00f6nnen Sie Ziele setzen, Signale erkennen und Messgr\u00f6\u00dfen zur Fortschrittsmessung erstellen. Diese Vorlage hilft Ihnen, sich auf gr\u00f6\u00dfere Ziele zu konzentrieren.","robots":{"index":"index","follow":"follow","max-snippet":"max-snippet:-1","max-image-preview":"max-image-preview:large","max-video-preview":"max-video-preview:-1"},"canonical":"https:\/\/sales-ai-agents.com\/de\/templates\/goals-signals-and-measures\/","og_locale":"de_DE","og_type":"article","og_title":"Ziele, Signale und Ma\u00dfnahmen Vorlage - Sales AI Agents","og_description":"Um effektiv zu planen, k\u00f6nnen Sie Ziele setzen, Signale erkennen und Messgr\u00f6\u00dfen zur Fortschrittsmessung erstellen. Diese Vorlage hilft Ihnen, sich auf gr\u00f6\u00dfere Ziele zu konzentrieren.","og_url":"https:\/\/sales-ai-agents.com\/de\/templates\/goals-signals-and-measures\/","og_site_name":"Sales AI Agents","article_modified_time":"2023-12-27T15:33:06+00:00","og_image":[{"width":1700,"height":1100,"url":"https:\/\/sales-ai-agents.com\/wp-content\/uploads\/2022\/09\/Goals-Signals-and-Measures-Template.png","type":"image\/png"}],"twitter_card":"summary_large_image","schema":{"@context":"https:\/\/schema.org","@graph":[{"@type":"WebPage","@id":"https:\/\/sales-ai-agents.com\/de\/templates\/goals-signals-and-measures\/","url":"https:\/\/sales-ai-agents.com\/de\/templates\/goals-signals-and-measures\/","name":"Ziele, Signale und Ma\u00dfnahmen Vorlage - Sales AI Agents","isPartOf":{"@id":"https:\/\/sales-ai-agents.com\/#website"},"primaryImageOfPage":{"@id":"https:\/\/sales-ai-agents.com\/de\/templates\/goals-signals-and-measures\/#primaryimage"},"image":{"@id":"https:\/\/sales-ai-agents.com\/de\/templates\/goals-signals-and-measures\/#primaryimage"},"thumbnailUrl":"https:\/\/sales-ai-agents.com\/wp-content\/uploads\/2022\/09\/Goals-Signals-and-Measures-Template.png","datePublished":"2022-09-23T13:49:15+00:00","dateModified":"2023-12-27T15:33:06+00:00","description":"Um effektiv zu planen, k\u00f6nnen Sie Ziele setzen, Signale erkennen und Messgr\u00f6\u00dfen zur Fortschrittsmessung erstellen. Diese Vorlage hilft Ihnen, sich auf gr\u00f6\u00dfere Ziele zu konzentrieren.","inLanguage":"de-DE","potentialAction":[{"@type":"ReadAction","target":["https:\/\/sales-ai-agents.com\/de\/templates\/goals-signals-and-measures\/"]}]},{"@type":"ImageObject","inLanguage":"de-DE","@id":"https:\/\/sales-ai-agents.com\/de\/templates\/goals-signals-and-measures\/#primaryimage","url":"https:\/\/sales-ai-agents.com\/wp-content\/uploads\/2022\/09\/Goals-Signals-and-Measures-Template.png","contentUrl":"https:\/\/sales-ai-agents.com\/wp-content\/uploads\/2022\/09\/Goals-Signals-and-Measures-Template.png","width":1700,"height":1100,"caption":"To plan effectively, you can set goals, identify signals, and build metrics to measure progress."},{"@type":"WebSite","@id":"https:\/\/sales-ai-agents.com\/#website","url":"https:\/\/sales-ai-agents.com\/","name":"FuseBase","description":"Nimbus Platform - Free Online Collaboration Software for Remote Teams. Build your wikis, client portals and more with the Nimbus Platform collaboration tool ? A perfect space for online work","publisher":{"@id":"https:\/\/sales-ai-agents.com\/#organization"},"potentialAction":[{"@type":"SearchAction","target":{"@type":"EntryPoint","urlTemplate":"https:\/\/sales-ai-agents.com\/?s={search_term_string}"},"query-input":{"@type":"PropertyValueSpecification","valueRequired":true,"valueName":"search_term_string"}}],"inLanguage":"de-DE"},{"@type":"Organization","@id":"https:\/\/sales-ai-agents.com\/#organization","name":"FuseBase","url":"https:\/\/sales-ai-agents.com\/","logo":{"@type":"ImageObject","inLanguage":"de-DE","@id":"https:\/\/sales-ai-agents.com\/#\/schema\/logo\/image\/","url":"https:\/\/sales-ai-agents.com\/wp-content\/uploads\/2023\/11\/icon-7.svg","contentUrl":"https:\/\/sales-ai-agents.com\/wp-content\/uploads\/2023\/11\/icon-7.svg","width":128,"height":128,"caption":"FuseBase"},"image":{"@id":"https:\/\/sales-ai-agents.com\/#\/schema\/logo\/image\/"}}]}},"_links":{"self":[{"href":"https:\/\/sales-ai-agents.com\/de\/wp-json\/wp\/v2\/product\/58797","targetHints":{"allow":["GET"]}}],"collection":[{"href":"https:\/\/sales-ai-agents.com\/de\/wp-json\/wp\/v2\/product"}],"about":[{"href":"https:\/\/sales-ai-agents.com\/de\/wp-json\/wp\/v2\/types\/product"}],"wp:featuredmedia":[{"embeddable":true,"href":"https:\/\/sales-ai-agents.com\/de\/wp-json\/wp\/v2\/media\/25663"}],"wp:attachment":[{"href":"https:\/\/sales-ai-agents.com\/de\/wp-json\/wp\/v2\/media?parent=58797"}],"wp:term":[{"taxonomy":"product_brand","embeddable":true,"href":"https:\/\/sales-ai-agents.com\/de\/wp-json\/wp\/v2\/product_brand?post=58797"},{"taxonomy":"product_cat","embeddable":true,"href":"https:\/\/sales-ai-agents.com\/de\/wp-json\/wp\/v2\/product_cat?post=58797"},{"taxonomy":"product_tag","embeddable":true,"href":"https:\/\/sales-ai-agents.com\/de\/wp-json\/wp\/v2\/product_tag?post=58797"}],"curies":[{"name":"wp","href":"https:\/\/api.w.org\/{rel}","templated":true}]}}