{"id":58800,"date":"2022-09-23T13:49:12","date_gmt":"2022-09-23T13:49:12","guid":{"rendered":"https:\/\/sales-ai-agents.com\/templates\/decision-making-record\/"},"modified":"2023-12-31T16:32:55","modified_gmt":"2023-12-31T16:32:55","slug":"decision-making-record","status":"publish","type":"product","link":"https:\/\/sales-ai-agents.com\/de\/templates\/decision-making-record\/","title":{"rendered":"Beschlussfassungsprotokoll"},"content":{"rendered":"<p>&nbsp;<\/p>\n<h2>Vorlage f\u00fcr Entscheidungsprotokoll<\/h2>\n<p class=\"desc-text\">Das Abw\u00e4gen der Vor- und Nachteile kann hilfreich sein, wenn Sie eine wichtige Entscheidung zu treffen haben. Erstellen Sie anhand dieser Vorlage eine \u00dcbersicht \u00fcber die Vor- und Nachteile einer Entscheidung und ordnen Sie jedem einzelnen Punkt einen Wert zu, je nach Wichtigkeit. Wenn Sie weitere Hilfe ben\u00f6tigen, beantworten Sie einige Fragen zu Ihrem Problem und Ihren M\u00f6glichkeiten. Pr\u00fcfen Sie Ihre Gef\u00fchle, um festzustellen, ob die L\u00f6sung f\u00fcr Sie die richtige ist.<\/p>\n<h5>Wie zu verwenden:<\/h5>\n<ul class=\"desc-item_list\">\n<li class=\"desc-item_list__point\">Vor- und Nachteile mit einem Zahlenwert auflisten<\/li>\n<li class=\"desc-item_list__point\">Addieren Sie alle Vor- und Nachteile sowie den Wert<\/li>\n<li class=\"desc-item_list__point\">Nachdenken \u00fcber das Problem und m\u00f6gliche Entscheidungen<\/li>\n<li class=\"desc-item_list__point\">Achten Sie auf Ihre Gef\u00fchle, wenn Sie eine Entscheidung treffen<\/li>\n<\/ul>\n","protected":false},"excerpt":{"rendered":"<p>W\u00e4gen Sie die Vor- und Nachteile ab, um eine wichtige Entscheidung zu treffen. Stellen Sie anhand dieser Vorlage die Vor- und Nachteile dar und ordnen Sie jedem Punkt je nach Wichtigkeit einen Wert zu.<\/p>\n","protected":false},"featured_media":20281,"template":"","meta":{"_acf_changed":false,"inline_featured_image":false},"product_brand":[],"product_cat":[178,191],"product_tag":[],"class_list":{"0":"post-58800","1":"product","2":"type-product","3":"status-publish","4":"has-post-thumbnail","6":"product_cat-operations-hr","7":"product_cat-project-management","9":"first","10":"instock","11":"virtual","12":"sold-individually","13":"product-type-simple"},"acf":[],"yoast_head":"<!-- This site is optimized with the Yoast SEO plugin v25.3.1 - https:\/\/yoast.com\/wordpress\/plugins\/seo\/ -->\n<title>Vorlage f\u00fcr Entscheidungsprotokoll - Sales AI Agents<\/title>\n<meta name=\"description\" content=\"W\u00e4gen Sie die Vor- und Nachteile ab, um eine wichtige Entscheidung zu treffen. Stellen Sie anhand dieser Vorlage die Vor- und Nachteile dar und ordnen Sie jedem Punkt je nach Wichtigkeit einen Wert zu.\" \/>\n<meta name=\"robots\" content=\"index, follow, max-snippet:-1, max-image-preview:large, max-video-preview:-1\" \/>\n<link rel=\"canonical\" href=\"https:\/\/sales-ai-agents.com\/de\/templates\/decision-making-record\/\" \/>\n<meta property=\"og:locale\" content=\"de_DE\" \/>\n<meta property=\"og:type\" content=\"article\" \/>\n<meta property=\"og:title\" content=\"Vorlage f\u00fcr Entscheidungsprotokoll - Sales AI Agents\" \/>\n<meta property=\"og:description\" content=\"W\u00e4gen Sie die Vor- und Nachteile ab, um eine wichtige Entscheidung zu treffen. Stellen Sie anhand dieser Vorlage die Vor- und Nachteile dar und ordnen Sie jedem Punkt je nach Wichtigkeit einen Wert zu.\" \/>\n<meta property=\"og:url\" content=\"https:\/\/sales-ai-agents.com\/de\/templates\/decision-making-record\/\" \/>\n<meta property=\"og:site_name\" content=\"Sales AI Agents\" \/>\n<meta property=\"article:modified_time\" content=\"2023-12-31T16:32:55+00:00\" \/>\n<meta property=\"og:image\" content=\"https:\/\/sales-ai-agents.com\/wp-content\/uploads\/2023\/01\/image-preview115115.png\" \/>\n\t<meta property=\"og:image:width\" content=\"1078\" \/>\n\t<meta property=\"og:image:height\" content=\"1585\" \/>\n\t<meta property=\"og:image:type\" content=\"image\/png\" \/>\n<meta name=\"twitter:card\" content=\"summary_large_image\" \/>\n<script type=\"application\/ld+json\" class=\"yoast-schema-graph\">{\"@context\":\"https:\/\/schema.org\",\"@graph\":[{\"@type\":\"WebPage\",\"@id\":\"https:\/\/sales-ai-agents.com\/de\/templates\/decision-making-record\/\",\"url\":\"https:\/\/sales-ai-agents.com\/de\/templates\/decision-making-record\/\",\"name\":\"Vorlage f\u00fcr Entscheidungsprotokoll - Sales AI Agents\",\"isPartOf\":{\"@id\":\"https:\/\/sales-ai-agents.com\/#website\"},\"primaryImageOfPage\":{\"@id\":\"https:\/\/sales-ai-agents.com\/de\/templates\/decision-making-record\/#primaryimage\"},\"image\":{\"@id\":\"https:\/\/sales-ai-agents.com\/de\/templates\/decision-making-record\/#primaryimage\"},\"thumbnailUrl\":\"https:\/\/sales-ai-agents.com\/wp-content\/uploads\/2023\/01\/image-preview115115.png\",\"datePublished\":\"2022-09-23T13:49:12+00:00\",\"dateModified\":\"2023-12-31T16:32:55+00:00\",\"description\":\"W\u00e4gen Sie die Vor- und Nachteile ab, um eine wichtige Entscheidung zu treffen. Stellen Sie anhand dieser Vorlage die Vor- und Nachteile dar und ordnen Sie jedem Punkt je nach Wichtigkeit einen Wert zu.\",\"inLanguage\":\"de-DE\",\"potentialAction\":[{\"@type\":\"ReadAction\",\"target\":[\"https:\/\/sales-ai-agents.com\/de\/templates\/decision-making-record\/\"]}]},{\"@type\":\"ImageObject\",\"inLanguage\":\"de-DE\",\"@id\":\"https:\/\/sales-ai-agents.com\/de\/templates\/decision-making-record\/#primaryimage\",\"url\":\"https:\/\/sales-ai-agents.com\/wp-content\/uploads\/2023\/01\/image-preview115115.png\",\"contentUrl\":\"https:\/\/sales-ai-agents.com\/wp-content\/uploads\/2023\/01\/image-preview115115.png\",\"width\":1078,\"height\":1585,\"caption\":\"Decision-Making Record Template - Nimbus Platform\"},{\"@type\":\"WebSite\",\"@id\":\"https:\/\/sales-ai-agents.com\/#website\",\"url\":\"https:\/\/sales-ai-agents.com\/\",\"name\":\"FuseBase\",\"description\":\"Nimbus Platform - Free Online Collaboration Software for Remote Teams. Build your wikis, client portals and more with the Nimbus Platform collaboration tool ? A perfect space for online work\",\"publisher\":{\"@id\":\"https:\/\/sales-ai-agents.com\/#organization\"},\"potentialAction\":[{\"@type\":\"SearchAction\",\"target\":{\"@type\":\"EntryPoint\",\"urlTemplate\":\"https:\/\/sales-ai-agents.com\/?s={search_term_string}\"},\"query-input\":{\"@type\":\"PropertyValueSpecification\",\"valueRequired\":true,\"valueName\":\"search_term_string\"}}],\"inLanguage\":\"de-DE\"},{\"@type\":\"Organization\",\"@id\":\"https:\/\/sales-ai-agents.com\/#organization\",\"name\":\"FuseBase\",\"url\":\"https:\/\/sales-ai-agents.com\/\",\"logo\":{\"@type\":\"ImageObject\",\"inLanguage\":\"de-DE\",\"@id\":\"https:\/\/sales-ai-agents.com\/#\/schema\/logo\/image\/\",\"url\":\"https:\/\/sales-ai-agents.com\/wp-content\/uploads\/2023\/11\/icon-7.svg\",\"contentUrl\":\"https:\/\/sales-ai-agents.com\/wp-content\/uploads\/2023\/11\/icon-7.svg\",\"width\":128,\"height\":128,\"caption\":\"FuseBase\"},\"image\":{\"@id\":\"https:\/\/sales-ai-agents.com\/#\/schema\/logo\/image\/\"}}]}<\/script>\n<!-- \/ Yoast SEO plugin. -->","yoast_head_json":{"title":"Vorlage f\u00fcr Entscheidungsprotokoll - Sales AI Agents","description":"W\u00e4gen Sie die Vor- und Nachteile ab, um eine wichtige Entscheidung zu treffen. Stellen Sie anhand dieser Vorlage die Vor- und Nachteile dar und ordnen Sie jedem Punkt je nach Wichtigkeit einen Wert zu.","robots":{"index":"index","follow":"follow","max-snippet":"max-snippet:-1","max-image-preview":"max-image-preview:large","max-video-preview":"max-video-preview:-1"},"canonical":"https:\/\/sales-ai-agents.com\/de\/templates\/decision-making-record\/","og_locale":"de_DE","og_type":"article","og_title":"Vorlage f\u00fcr Entscheidungsprotokoll - Sales AI Agents","og_description":"W\u00e4gen Sie die Vor- und Nachteile ab, um eine wichtige Entscheidung zu treffen. Stellen Sie anhand dieser Vorlage die Vor- und Nachteile dar und ordnen Sie jedem Punkt je nach Wichtigkeit einen Wert zu.","og_url":"https:\/\/sales-ai-agents.com\/de\/templates\/decision-making-record\/","og_site_name":"Sales AI Agents","article_modified_time":"2023-12-31T16:32:55+00:00","og_image":[{"width":1078,"height":1585,"url":"https:\/\/sales-ai-agents.com\/wp-content\/uploads\/2023\/01\/image-preview115115.png","type":"image\/png"}],"twitter_card":"summary_large_image","schema":{"@context":"https:\/\/schema.org","@graph":[{"@type":"WebPage","@id":"https:\/\/sales-ai-agents.com\/de\/templates\/decision-making-record\/","url":"https:\/\/sales-ai-agents.com\/de\/templates\/decision-making-record\/","name":"Vorlage f\u00fcr Entscheidungsprotokoll - Sales AI Agents","isPartOf":{"@id":"https:\/\/sales-ai-agents.com\/#website"},"primaryImageOfPage":{"@id":"https:\/\/sales-ai-agents.com\/de\/templates\/decision-making-record\/#primaryimage"},"image":{"@id":"https:\/\/sales-ai-agents.com\/de\/templates\/decision-making-record\/#primaryimage"},"thumbnailUrl":"https:\/\/sales-ai-agents.com\/wp-content\/uploads\/2023\/01\/image-preview115115.png","datePublished":"2022-09-23T13:49:12+00:00","dateModified":"2023-12-31T16:32:55+00:00","description":"W\u00e4gen Sie die Vor- und Nachteile ab, um eine wichtige Entscheidung zu treffen. Stellen Sie anhand dieser Vorlage die Vor- und Nachteile dar und ordnen Sie jedem Punkt je nach Wichtigkeit einen Wert zu.","inLanguage":"de-DE","potentialAction":[{"@type":"ReadAction","target":["https:\/\/sales-ai-agents.com\/de\/templates\/decision-making-record\/"]}]},{"@type":"ImageObject","inLanguage":"de-DE","@id":"https:\/\/sales-ai-agents.com\/de\/templates\/decision-making-record\/#primaryimage","url":"https:\/\/sales-ai-agents.com\/wp-content\/uploads\/2023\/01\/image-preview115115.png","contentUrl":"https:\/\/sales-ai-agents.com\/wp-content\/uploads\/2023\/01\/image-preview115115.png","width":1078,"height":1585,"caption":"Decision-Making Record Template - Nimbus Platform"},{"@type":"WebSite","@id":"https:\/\/sales-ai-agents.com\/#website","url":"https:\/\/sales-ai-agents.com\/","name":"FuseBase","description":"Nimbus Platform - Free Online Collaboration Software for Remote Teams. Build your wikis, client portals and more with the Nimbus Platform collaboration tool ? A perfect space for online work","publisher":{"@id":"https:\/\/sales-ai-agents.com\/#organization"},"potentialAction":[{"@type":"SearchAction","target":{"@type":"EntryPoint","urlTemplate":"https:\/\/sales-ai-agents.com\/?s={search_term_string}"},"query-input":{"@type":"PropertyValueSpecification","valueRequired":true,"valueName":"search_term_string"}}],"inLanguage":"de-DE"},{"@type":"Organization","@id":"https:\/\/sales-ai-agents.com\/#organization","name":"FuseBase","url":"https:\/\/sales-ai-agents.com\/","logo":{"@type":"ImageObject","inLanguage":"de-DE","@id":"https:\/\/sales-ai-agents.com\/#\/schema\/logo\/image\/","url":"https:\/\/sales-ai-agents.com\/wp-content\/uploads\/2023\/11\/icon-7.svg","contentUrl":"https:\/\/sales-ai-agents.com\/wp-content\/uploads\/2023\/11\/icon-7.svg","width":128,"height":128,"caption":"FuseBase"},"image":{"@id":"https:\/\/sales-ai-agents.com\/#\/schema\/logo\/image\/"}}]}},"_links":{"self":[{"href":"https:\/\/sales-ai-agents.com\/de\/wp-json\/wp\/v2\/product\/58800","targetHints":{"allow":["GET"]}}],"collection":[{"href":"https:\/\/sales-ai-agents.com\/de\/wp-json\/wp\/v2\/product"}],"about":[{"href":"https:\/\/sales-ai-agents.com\/de\/wp-json\/wp\/v2\/types\/product"}],"wp:featuredmedia":[{"embeddable":true,"href":"https:\/\/sales-ai-agents.com\/de\/wp-json\/wp\/v2\/media\/20281"}],"wp:attachment":[{"href":"https:\/\/sales-ai-agents.com\/de\/wp-json\/wp\/v2\/media?parent=58800"}],"wp:term":[{"taxonomy":"product_brand","embeddable":true,"href":"https:\/\/sales-ai-agents.com\/de\/wp-json\/wp\/v2\/product_brand?post=58800"},{"taxonomy":"product_cat","embeddable":true,"href":"https:\/\/sales-ai-agents.com\/de\/wp-json\/wp\/v2\/product_cat?post=58800"},{"taxonomy":"product_tag","embeddable":true,"href":"https:\/\/sales-ai-agents.com\/de\/wp-json\/wp\/v2\/product_tag?post=58800"}],"curies":[{"name":"wp","href":"https:\/\/api.w.org\/{rel}","templated":true}]}}