{"id":58804,"date":"2022-09-23T13:49:09","date_gmt":"2022-09-23T13:49:09","guid":{"rendered":"https:\/\/sales-ai-agents.com\/templates\/syllabus\/"},"modified":"2023-12-27T14:28:02","modified_gmt":"2023-12-27T14:28:02","slug":"syllabus","status":"publish","type":"product","link":"https:\/\/sales-ai-agents.com\/de\/templates\/syllabus\/","title":{"rendered":"Syllabus"},"content":{"rendered":"<p>&nbsp;<\/p>\n<h2>Syllabus Vorlage<\/h2>\n<p class=\"desc-text\">Ein informatives Kursprogramm hilft den Studierenden, die Ziele und Erwartungen der Vorlesungen zu verstehen. Ein Lehrplan enth\u00e4lt wichtige Details &#8211; Pr\u00fcfungstermine, Notenaufteilung und erforderliche Lekt\u00fcre. Erstellen Sie einen auff\u00e4lligen Lehrplan, um wichtige Informationen an Ihre Sch\u00fcler weiterzugeben. Geben Sie ihnen Zugriff auf die beste Lern-App, damit Sie Echtzeit-Updates austauschen und das Lernen effizient, gemeinschaftlich und einfach gestalten k\u00f6nnen.<\/p>\n<h5>Wie zu verwenden:<\/h5>\n<ul class=\"desc-item_list\">\n<li class=\"desc-item_list__point\">Wichtige Kontaktinformationen einf\u00fcgen<\/li>\n<li class=\"desc-item_list__point\">Auflistung der Messwerte in der anpassbaren Tabelle<\/li>\n<li class=\"desc-item_list__point\">Erstellen Sie einen Zeitplan f\u00fcr den Kurs und nutzen Sie unsere Tools f\u00fcr den Unterricht<\/li>\n<li class=\"desc-item_list__point\">Kennzeichnen Sie jedes geplante Element nach Typ<\/li>\n<li class=\"desc-item_list__point\">Aufschl\u00fcsselung der Noten einbeziehen<\/li>\n<\/ul>\n","protected":false},"excerpt":{"rendered":"<p>Erstellen Sie einen informativen Lehrplan, der die Kursziele und Erwartungen aufzeigt. Mit dieser Vorlage k\u00f6nnen Sie ganz einfach einen auff\u00e4lligen Lehrplan f\u00fcr Sch\u00fcler erstellen.<\/p>\n","protected":false},"featured_media":20279,"template":"","meta":{"_acf_changed":false,"inline_featured_image":false},"product_brand":[],"product_cat":[198,197],"product_tag":[],"class_list":{"0":"post-58804","1":"product","2":"type-product","3":"status-publish","4":"has-post-thumbnail","6":"product_cat-teacher","7":"product_cat-student","9":"first","10":"instock","11":"virtual","12":"sold-individually","13":"product-type-simple"},"acf":[],"yoast_head":"<!-- This site is optimized with the Yoast SEO plugin v25.3.1 - https:\/\/yoast.com\/wordpress\/plugins\/seo\/ -->\n<title>Lehrplan Vorlage - Sales AI Agents<\/title>\n<meta name=\"description\" content=\"Erstellen Sie einen informativen Lehrplan, der die Kursziele und Erwartungen aufzeigt. Mit dieser Vorlage k\u00f6nnen Sie ganz einfach einen auff\u00e4lligen Lehrplan f\u00fcr Sch\u00fcler erstellen.\" \/>\n<meta name=\"robots\" content=\"index, follow, max-snippet:-1, max-image-preview:large, max-video-preview:-1\" \/>\n<link rel=\"canonical\" href=\"https:\/\/sales-ai-agents.com\/de\/templates\/syllabus\/\" \/>\n<meta property=\"og:locale\" content=\"de_DE\" \/>\n<meta property=\"og:type\" content=\"article\" \/>\n<meta property=\"og:title\" content=\"Lehrplan Vorlage - Sales AI Agents\" \/>\n<meta property=\"og:description\" content=\"Erstellen Sie einen informativen Lehrplan, der die Kursziele und Erwartungen aufzeigt. Mit dieser Vorlage k\u00f6nnen Sie ganz einfach einen auff\u00e4lligen Lehrplan f\u00fcr Sch\u00fcler erstellen.\" \/>\n<meta property=\"og:url\" content=\"https:\/\/sales-ai-agents.com\/de\/templates\/syllabus\/\" \/>\n<meta property=\"og:site_name\" content=\"Sales AI Agents\" \/>\n<meta property=\"article:modified_time\" content=\"2023-12-27T14:28:02+00:00\" \/>\n<meta property=\"og:image\" content=\"https:\/\/sales-ai-agents.com\/wp-content\/uploads\/2023\/01\/image-preview115112.png\" \/>\n\t<meta property=\"og:image:width\" content=\"1078\" \/>\n\t<meta property=\"og:image:height\" content=\"2500\" \/>\n\t<meta property=\"og:image:type\" content=\"image\/png\" \/>\n<meta name=\"twitter:card\" content=\"summary_large_image\" \/>\n<script type=\"application\/ld+json\" class=\"yoast-schema-graph\">{\"@context\":\"https:\/\/schema.org\",\"@graph\":[{\"@type\":\"WebPage\",\"@id\":\"https:\/\/sales-ai-agents.com\/de\/templates\/syllabus\/\",\"url\":\"https:\/\/sales-ai-agents.com\/de\/templates\/syllabus\/\",\"name\":\"Lehrplan Vorlage - Sales AI Agents\",\"isPartOf\":{\"@id\":\"https:\/\/sales-ai-agents.com\/#website\"},\"primaryImageOfPage\":{\"@id\":\"https:\/\/sales-ai-agents.com\/de\/templates\/syllabus\/#primaryimage\"},\"image\":{\"@id\":\"https:\/\/sales-ai-agents.com\/de\/templates\/syllabus\/#primaryimage\"},\"thumbnailUrl\":\"https:\/\/sales-ai-agents.com\/wp-content\/uploads\/2023\/01\/image-preview115112.png\",\"datePublished\":\"2022-09-23T13:49:09+00:00\",\"dateModified\":\"2023-12-27T14:28:02+00:00\",\"description\":\"Erstellen Sie einen informativen Lehrplan, der die Kursziele und Erwartungen aufzeigt. Mit dieser Vorlage k\u00f6nnen Sie ganz einfach einen auff\u00e4lligen Lehrplan f\u00fcr Sch\u00fcler erstellen.\",\"inLanguage\":\"de-DE\",\"potentialAction\":[{\"@type\":\"ReadAction\",\"target\":[\"https:\/\/sales-ai-agents.com\/de\/templates\/syllabus\/\"]}]},{\"@type\":\"ImageObject\",\"inLanguage\":\"de-DE\",\"@id\":\"https:\/\/sales-ai-agents.com\/de\/templates\/syllabus\/#primaryimage\",\"url\":\"https:\/\/sales-ai-agents.com\/wp-content\/uploads\/2023\/01\/image-preview115112.png\",\"contentUrl\":\"https:\/\/sales-ai-agents.com\/wp-content\/uploads\/2023\/01\/image-preview115112.png\",\"width\":1078,\"height\":2500,\"caption\":\"Syllabus Template - Nimbus Platform\"},{\"@type\":\"WebSite\",\"@id\":\"https:\/\/sales-ai-agents.com\/#website\",\"url\":\"https:\/\/sales-ai-agents.com\/\",\"name\":\"FuseBase\",\"description\":\"Nimbus Platform - Free Online Collaboration Software for Remote Teams. Build your wikis, client portals and more with the Nimbus Platform collaboration tool ? A perfect space for online work\",\"publisher\":{\"@id\":\"https:\/\/sales-ai-agents.com\/#organization\"},\"potentialAction\":[{\"@type\":\"SearchAction\",\"target\":{\"@type\":\"EntryPoint\",\"urlTemplate\":\"https:\/\/sales-ai-agents.com\/?s={search_term_string}\"},\"query-input\":{\"@type\":\"PropertyValueSpecification\",\"valueRequired\":true,\"valueName\":\"search_term_string\"}}],\"inLanguage\":\"de-DE\"},{\"@type\":\"Organization\",\"@id\":\"https:\/\/sales-ai-agents.com\/#organization\",\"name\":\"FuseBase\",\"url\":\"https:\/\/sales-ai-agents.com\/\",\"logo\":{\"@type\":\"ImageObject\",\"inLanguage\":\"de-DE\",\"@id\":\"https:\/\/sales-ai-agents.com\/#\/schema\/logo\/image\/\",\"url\":\"https:\/\/sales-ai-agents.com\/wp-content\/uploads\/2023\/11\/icon-7.svg\",\"contentUrl\":\"https:\/\/sales-ai-agents.com\/wp-content\/uploads\/2023\/11\/icon-7.svg\",\"width\":128,\"height\":128,\"caption\":\"FuseBase\"},\"image\":{\"@id\":\"https:\/\/sales-ai-agents.com\/#\/schema\/logo\/image\/\"}}]}<\/script>\n<!-- \/ Yoast SEO plugin. -->","yoast_head_json":{"title":"Lehrplan Vorlage - Sales AI Agents","description":"Erstellen Sie einen informativen Lehrplan, der die Kursziele und Erwartungen aufzeigt. Mit dieser Vorlage k\u00f6nnen Sie ganz einfach einen auff\u00e4lligen Lehrplan f\u00fcr Sch\u00fcler erstellen.","robots":{"index":"index","follow":"follow","max-snippet":"max-snippet:-1","max-image-preview":"max-image-preview:large","max-video-preview":"max-video-preview:-1"},"canonical":"https:\/\/sales-ai-agents.com\/de\/templates\/syllabus\/","og_locale":"de_DE","og_type":"article","og_title":"Lehrplan Vorlage - Sales AI Agents","og_description":"Erstellen Sie einen informativen Lehrplan, der die Kursziele und Erwartungen aufzeigt. Mit dieser Vorlage k\u00f6nnen Sie ganz einfach einen auff\u00e4lligen Lehrplan f\u00fcr Sch\u00fcler erstellen.","og_url":"https:\/\/sales-ai-agents.com\/de\/templates\/syllabus\/","og_site_name":"Sales AI Agents","article_modified_time":"2023-12-27T14:28:02+00:00","og_image":[{"width":1078,"height":2500,"url":"https:\/\/sales-ai-agents.com\/wp-content\/uploads\/2023\/01\/image-preview115112.png","type":"image\/png"}],"twitter_card":"summary_large_image","schema":{"@context":"https:\/\/schema.org","@graph":[{"@type":"WebPage","@id":"https:\/\/sales-ai-agents.com\/de\/templates\/syllabus\/","url":"https:\/\/sales-ai-agents.com\/de\/templates\/syllabus\/","name":"Lehrplan Vorlage - Sales AI Agents","isPartOf":{"@id":"https:\/\/sales-ai-agents.com\/#website"},"primaryImageOfPage":{"@id":"https:\/\/sales-ai-agents.com\/de\/templates\/syllabus\/#primaryimage"},"image":{"@id":"https:\/\/sales-ai-agents.com\/de\/templates\/syllabus\/#primaryimage"},"thumbnailUrl":"https:\/\/sales-ai-agents.com\/wp-content\/uploads\/2023\/01\/image-preview115112.png","datePublished":"2022-09-23T13:49:09+00:00","dateModified":"2023-12-27T14:28:02+00:00","description":"Erstellen Sie einen informativen Lehrplan, der die Kursziele und Erwartungen aufzeigt. Mit dieser Vorlage k\u00f6nnen Sie ganz einfach einen auff\u00e4lligen Lehrplan f\u00fcr Sch\u00fcler erstellen.","inLanguage":"de-DE","potentialAction":[{"@type":"ReadAction","target":["https:\/\/sales-ai-agents.com\/de\/templates\/syllabus\/"]}]},{"@type":"ImageObject","inLanguage":"de-DE","@id":"https:\/\/sales-ai-agents.com\/de\/templates\/syllabus\/#primaryimage","url":"https:\/\/sales-ai-agents.com\/wp-content\/uploads\/2023\/01\/image-preview115112.png","contentUrl":"https:\/\/sales-ai-agents.com\/wp-content\/uploads\/2023\/01\/image-preview115112.png","width":1078,"height":2500,"caption":"Syllabus Template - Nimbus Platform"},{"@type":"WebSite","@id":"https:\/\/sales-ai-agents.com\/#website","url":"https:\/\/sales-ai-agents.com\/","name":"FuseBase","description":"Nimbus Platform - Free Online Collaboration Software for Remote Teams. Build your wikis, client portals and more with the Nimbus Platform collaboration tool ? A perfect space for online work","publisher":{"@id":"https:\/\/sales-ai-agents.com\/#organization"},"potentialAction":[{"@type":"SearchAction","target":{"@type":"EntryPoint","urlTemplate":"https:\/\/sales-ai-agents.com\/?s={search_term_string}"},"query-input":{"@type":"PropertyValueSpecification","valueRequired":true,"valueName":"search_term_string"}}],"inLanguage":"de-DE"},{"@type":"Organization","@id":"https:\/\/sales-ai-agents.com\/#organization","name":"FuseBase","url":"https:\/\/sales-ai-agents.com\/","logo":{"@type":"ImageObject","inLanguage":"de-DE","@id":"https:\/\/sales-ai-agents.com\/#\/schema\/logo\/image\/","url":"https:\/\/sales-ai-agents.com\/wp-content\/uploads\/2023\/11\/icon-7.svg","contentUrl":"https:\/\/sales-ai-agents.com\/wp-content\/uploads\/2023\/11\/icon-7.svg","width":128,"height":128,"caption":"FuseBase"},"image":{"@id":"https:\/\/sales-ai-agents.com\/#\/schema\/logo\/image\/"}}]}},"_links":{"self":[{"href":"https:\/\/sales-ai-agents.com\/de\/wp-json\/wp\/v2\/product\/58804","targetHints":{"allow":["GET"]}}],"collection":[{"href":"https:\/\/sales-ai-agents.com\/de\/wp-json\/wp\/v2\/product"}],"about":[{"href":"https:\/\/sales-ai-agents.com\/de\/wp-json\/wp\/v2\/types\/product"}],"wp:featuredmedia":[{"embeddable":true,"href":"https:\/\/sales-ai-agents.com\/de\/wp-json\/wp\/v2\/media\/20279"}],"wp:attachment":[{"href":"https:\/\/sales-ai-agents.com\/de\/wp-json\/wp\/v2\/media?parent=58804"}],"wp:term":[{"taxonomy":"product_brand","embeddable":true,"href":"https:\/\/sales-ai-agents.com\/de\/wp-json\/wp\/v2\/product_brand?post=58804"},{"taxonomy":"product_cat","embeddable":true,"href":"https:\/\/sales-ai-agents.com\/de\/wp-json\/wp\/v2\/product_cat?post=58804"},{"taxonomy":"product_tag","embeddable":true,"href":"https:\/\/sales-ai-agents.com\/de\/wp-json\/wp\/v2\/product_tag?post=58804"}],"curies":[{"name":"wp","href":"https:\/\/api.w.org\/{rel}","templated":true}]}}