{"id":58808,"date":"2022-09-23T13:48:07","date_gmt":"2022-09-23T13:48:07","guid":{"rendered":"https:\/\/sales-ai-agents.com\/templates\/portfolio\/"},"modified":"2023-12-26T21:03:15","modified_gmt":"2023-12-26T21:03:15","slug":"portfolio","status":"publish","type":"product","link":"https:\/\/sales-ai-agents.com\/de\/templates\/portfolio\/","title":{"rendered":"Portfolio"},"content":{"rendered":"<p>&nbsp;<\/p>\n<h2>Portfolio-Vorlage<\/h2>\n<p class=\"desc-text\">Diese Portfolio-Vorlage ist eine Art kreativer Lebenslauf, mit dem Sie auf einfache Weise eine Landing Page f\u00fcr Ihre F\u00e4higkeiten und Arbeitsproben an einem Ort erstellen k\u00f6nnen. Verwenden Sie diese Vorlage, um Ihre besten Arbeiten zu organisieren und zu pr\u00e4sentieren und sie mit potenziellen Kunden zu teilen.<\/p>\n<h5>Wie zu verwenden:<\/h5>\n<ul class=\"desc-item_list\">\n<li class=\"desc-item_list__point\">Geben Sie Details zu Ihrer Person an<\/li>\n<li class=\"desc-item_list__point\">F\u00fcgen Sie Ihre F\u00e4higkeiten hinzu<\/li>\n<li class=\"desc-item_list__point\">F\u00fcgen Sie Ihren Lebenslauf bei<\/li>\n<li class=\"desc-item_list__point\">Teilen Sie Ihre Erfolge<\/li>\n<li class=\"desc-item_list__point\">Geben Sie mehr Details \u00fcber Ihre Projekte an, indem Sie separate Notizen mit detaillierten Beschreibungen verkn\u00fcpfen<\/li>\n<li class=\"desc-item_list__point\">Machen Sie die Notiz \u00f6ffentlich und teilen Sie den Link zu Ihrem All-in-One-Portfolio<\/li>\n<\/ul>\n","protected":false},"excerpt":{"rendered":"<p>Erstellen Sie Ihr perfektes Portfolio mit dieser kostenlosen, praktischen Vorlage. Organisieren und pr\u00e4sentieren Sie Ihre besten Arbeiten und teilen Sie sie mit Ihren potenziellen Kunden, um einen Auftrag zu erhalten!<\/p>\n","protected":false},"featured_media":20271,"template":"","meta":{"_acf_changed":false,"inline_featured_image":false},"product_brand":[],"product_cat":[165,180,185,197],"product_tag":[],"class_list":{"0":"post-58808","1":"product","2":"type-product","3":"status-publish","4":"has-post-thumbnail","6":"product_cat-designer","7":"product_cat-personal","8":"product_cat-personal-work","9":"product_cat-student","11":"first","12":"instock","13":"virtual","14":"sold-individually","15":"product-type-simple"},"acf":[],"yoast_head":"<!-- This site is optimized with the Yoast SEO plugin v25.3.1 - https:\/\/yoast.com\/wordpress\/plugins\/seo\/ -->\n<title>Portfolio Vorlage - Sales AI Agents<\/title>\n<meta name=\"description\" content=\"Erstellen Sie Ihr perfektes Portfolio mit dieser kostenlosen, praktischen Vorlage. Organisieren und pr\u00e4sentieren Sie Ihre besten Arbeiten und teilen Sie sie mit Ihren potenziellen Kunden, um einen Auftrag zu erhalten!\" \/>\n<meta name=\"robots\" content=\"index, follow, max-snippet:-1, max-image-preview:large, max-video-preview:-1\" \/>\n<link rel=\"canonical\" href=\"https:\/\/sales-ai-agents.com\/de\/templates\/portfolio\/\" \/>\n<meta property=\"og:locale\" content=\"de_DE\" \/>\n<meta property=\"og:type\" content=\"article\" \/>\n<meta property=\"og:title\" content=\"Portfolio Vorlage - Sales AI Agents\" \/>\n<meta property=\"og:description\" content=\"Erstellen Sie Ihr perfektes Portfolio mit dieser kostenlosen, praktischen Vorlage. Organisieren und pr\u00e4sentieren Sie Ihre besten Arbeiten und teilen Sie sie mit Ihren potenziellen Kunden, um einen Auftrag zu erhalten!\" \/>\n<meta property=\"og:url\" content=\"https:\/\/sales-ai-agents.com\/de\/templates\/portfolio\/\" \/>\n<meta property=\"og:site_name\" content=\"Sales AI Agents\" \/>\n<meta property=\"article:modified_time\" content=\"2023-12-26T21:03:15+00:00\" \/>\n<meta property=\"og:image\" content=\"https:\/\/sales-ai-agents.com\/wp-content\/uploads\/2023\/01\/image-preview114606.png\" \/>\n\t<meta property=\"og:image:width\" content=\"1078\" \/>\n\t<meta property=\"og:image:height\" content=\"2414\" \/>\n\t<meta property=\"og:image:type\" content=\"image\/png\" \/>\n<meta name=\"twitter:card\" content=\"summary_large_image\" \/>\n<script type=\"application\/ld+json\" class=\"yoast-schema-graph\">{\"@context\":\"https:\/\/schema.org\",\"@graph\":[{\"@type\":\"WebPage\",\"@id\":\"https:\/\/sales-ai-agents.com\/de\/templates\/portfolio\/\",\"url\":\"https:\/\/sales-ai-agents.com\/de\/templates\/portfolio\/\",\"name\":\"Portfolio Vorlage - Sales AI Agents\",\"isPartOf\":{\"@id\":\"https:\/\/sales-ai-agents.com\/#website\"},\"primaryImageOfPage\":{\"@id\":\"https:\/\/sales-ai-agents.com\/de\/templates\/portfolio\/#primaryimage\"},\"image\":{\"@id\":\"https:\/\/sales-ai-agents.com\/de\/templates\/portfolio\/#primaryimage\"},\"thumbnailUrl\":\"https:\/\/sales-ai-agents.com\/wp-content\/uploads\/2023\/01\/image-preview114606.png\",\"datePublished\":\"2022-09-23T13:48:07+00:00\",\"dateModified\":\"2023-12-26T21:03:15+00:00\",\"description\":\"Erstellen Sie Ihr perfektes Portfolio mit dieser kostenlosen, praktischen Vorlage. Organisieren und pr\u00e4sentieren Sie Ihre besten Arbeiten und teilen Sie sie mit Ihren potenziellen Kunden, um einen Auftrag zu erhalten!\",\"inLanguage\":\"de-DE\",\"potentialAction\":[{\"@type\":\"ReadAction\",\"target\":[\"https:\/\/sales-ai-agents.com\/de\/templates\/portfolio\/\"]}]},{\"@type\":\"ImageObject\",\"inLanguage\":\"de-DE\",\"@id\":\"https:\/\/sales-ai-agents.com\/de\/templates\/portfolio\/#primaryimage\",\"url\":\"https:\/\/sales-ai-agents.com\/wp-content\/uploads\/2023\/01\/image-preview114606.png\",\"contentUrl\":\"https:\/\/sales-ai-agents.com\/wp-content\/uploads\/2023\/01\/image-preview114606.png\",\"width\":1078,\"height\":2414,\"caption\":\"Portfolio\"},{\"@type\":\"WebSite\",\"@id\":\"https:\/\/sales-ai-agents.com\/#website\",\"url\":\"https:\/\/sales-ai-agents.com\/\",\"name\":\"FuseBase\",\"description\":\"Nimbus Platform - Free Online Collaboration Software for Remote Teams. Build your wikis, client portals and more with the Nimbus Platform collaboration tool ? A perfect space for online work\",\"publisher\":{\"@id\":\"https:\/\/sales-ai-agents.com\/#organization\"},\"potentialAction\":[{\"@type\":\"SearchAction\",\"target\":{\"@type\":\"EntryPoint\",\"urlTemplate\":\"https:\/\/sales-ai-agents.com\/?s={search_term_string}\"},\"query-input\":{\"@type\":\"PropertyValueSpecification\",\"valueRequired\":true,\"valueName\":\"search_term_string\"}}],\"inLanguage\":\"de-DE\"},{\"@type\":\"Organization\",\"@id\":\"https:\/\/sales-ai-agents.com\/#organization\",\"name\":\"FuseBase\",\"url\":\"https:\/\/sales-ai-agents.com\/\",\"logo\":{\"@type\":\"ImageObject\",\"inLanguage\":\"de-DE\",\"@id\":\"https:\/\/sales-ai-agents.com\/#\/schema\/logo\/image\/\",\"url\":\"https:\/\/sales-ai-agents.com\/wp-content\/uploads\/2023\/11\/icon-7.svg\",\"contentUrl\":\"https:\/\/sales-ai-agents.com\/wp-content\/uploads\/2023\/11\/icon-7.svg\",\"width\":128,\"height\":128,\"caption\":\"FuseBase\"},\"image\":{\"@id\":\"https:\/\/sales-ai-agents.com\/#\/schema\/logo\/image\/\"}}]}<\/script>\n<!-- \/ Yoast SEO plugin. -->","yoast_head_json":{"title":"Portfolio Vorlage - Sales AI Agents","description":"Erstellen Sie Ihr perfektes Portfolio mit dieser kostenlosen, praktischen Vorlage. Organisieren und pr\u00e4sentieren Sie Ihre besten Arbeiten und teilen Sie sie mit Ihren potenziellen Kunden, um einen Auftrag zu erhalten!","robots":{"index":"index","follow":"follow","max-snippet":"max-snippet:-1","max-image-preview":"max-image-preview:large","max-video-preview":"max-video-preview:-1"},"canonical":"https:\/\/sales-ai-agents.com\/de\/templates\/portfolio\/","og_locale":"de_DE","og_type":"article","og_title":"Portfolio Vorlage - Sales AI Agents","og_description":"Erstellen Sie Ihr perfektes Portfolio mit dieser kostenlosen, praktischen Vorlage. Organisieren und pr\u00e4sentieren Sie Ihre besten Arbeiten und teilen Sie sie mit Ihren potenziellen Kunden, um einen Auftrag zu erhalten!","og_url":"https:\/\/sales-ai-agents.com\/de\/templates\/portfolio\/","og_site_name":"Sales AI Agents","article_modified_time":"2023-12-26T21:03:15+00:00","og_image":[{"width":1078,"height":2414,"url":"https:\/\/sales-ai-agents.com\/wp-content\/uploads\/2023\/01\/image-preview114606.png","type":"image\/png"}],"twitter_card":"summary_large_image","schema":{"@context":"https:\/\/schema.org","@graph":[{"@type":"WebPage","@id":"https:\/\/sales-ai-agents.com\/de\/templates\/portfolio\/","url":"https:\/\/sales-ai-agents.com\/de\/templates\/portfolio\/","name":"Portfolio Vorlage - Sales AI Agents","isPartOf":{"@id":"https:\/\/sales-ai-agents.com\/#website"},"primaryImageOfPage":{"@id":"https:\/\/sales-ai-agents.com\/de\/templates\/portfolio\/#primaryimage"},"image":{"@id":"https:\/\/sales-ai-agents.com\/de\/templates\/portfolio\/#primaryimage"},"thumbnailUrl":"https:\/\/sales-ai-agents.com\/wp-content\/uploads\/2023\/01\/image-preview114606.png","datePublished":"2022-09-23T13:48:07+00:00","dateModified":"2023-12-26T21:03:15+00:00","description":"Erstellen Sie Ihr perfektes Portfolio mit dieser kostenlosen, praktischen Vorlage. Organisieren und pr\u00e4sentieren Sie Ihre besten Arbeiten und teilen Sie sie mit Ihren potenziellen Kunden, um einen Auftrag zu erhalten!","inLanguage":"de-DE","potentialAction":[{"@type":"ReadAction","target":["https:\/\/sales-ai-agents.com\/de\/templates\/portfolio\/"]}]},{"@type":"ImageObject","inLanguage":"de-DE","@id":"https:\/\/sales-ai-agents.com\/de\/templates\/portfolio\/#primaryimage","url":"https:\/\/sales-ai-agents.com\/wp-content\/uploads\/2023\/01\/image-preview114606.png","contentUrl":"https:\/\/sales-ai-agents.com\/wp-content\/uploads\/2023\/01\/image-preview114606.png","width":1078,"height":2414,"caption":"Portfolio"},{"@type":"WebSite","@id":"https:\/\/sales-ai-agents.com\/#website","url":"https:\/\/sales-ai-agents.com\/","name":"FuseBase","description":"Nimbus Platform - Free Online Collaboration Software for Remote Teams. Build your wikis, client portals and more with the Nimbus Platform collaboration tool ? A perfect space for online work","publisher":{"@id":"https:\/\/sales-ai-agents.com\/#organization"},"potentialAction":[{"@type":"SearchAction","target":{"@type":"EntryPoint","urlTemplate":"https:\/\/sales-ai-agents.com\/?s={search_term_string}"},"query-input":{"@type":"PropertyValueSpecification","valueRequired":true,"valueName":"search_term_string"}}],"inLanguage":"de-DE"},{"@type":"Organization","@id":"https:\/\/sales-ai-agents.com\/#organization","name":"FuseBase","url":"https:\/\/sales-ai-agents.com\/","logo":{"@type":"ImageObject","inLanguage":"de-DE","@id":"https:\/\/sales-ai-agents.com\/#\/schema\/logo\/image\/","url":"https:\/\/sales-ai-agents.com\/wp-content\/uploads\/2023\/11\/icon-7.svg","contentUrl":"https:\/\/sales-ai-agents.com\/wp-content\/uploads\/2023\/11\/icon-7.svg","width":128,"height":128,"caption":"FuseBase"},"image":{"@id":"https:\/\/sales-ai-agents.com\/#\/schema\/logo\/image\/"}}]}},"_links":{"self":[{"href":"https:\/\/sales-ai-agents.com\/de\/wp-json\/wp\/v2\/product\/58808","targetHints":{"allow":["GET"]}}],"collection":[{"href":"https:\/\/sales-ai-agents.com\/de\/wp-json\/wp\/v2\/product"}],"about":[{"href":"https:\/\/sales-ai-agents.com\/de\/wp-json\/wp\/v2\/types\/product"}],"wp:featuredmedia":[{"embeddable":true,"href":"https:\/\/sales-ai-agents.com\/de\/wp-json\/wp\/v2\/media\/20271"}],"wp:attachment":[{"href":"https:\/\/sales-ai-agents.com\/de\/wp-json\/wp\/v2\/media?parent=58808"}],"wp:term":[{"taxonomy":"product_brand","embeddable":true,"href":"https:\/\/sales-ai-agents.com\/de\/wp-json\/wp\/v2\/product_brand?post=58808"},{"taxonomy":"product_cat","embeddable":true,"href":"https:\/\/sales-ai-agents.com\/de\/wp-json\/wp\/v2\/product_cat?post=58808"},{"taxonomy":"product_tag","embeddable":true,"href":"https:\/\/sales-ai-agents.com\/de\/wp-json\/wp\/v2\/product_tag?post=58808"}],"curies":[{"name":"wp","href":"https:\/\/api.w.org\/{rel}","templated":true}]}}