{"id":58811,"date":"2022-09-23T13:48:04","date_gmt":"2022-09-23T13:48:04","guid":{"rendered":"https:\/\/sales-ai-agents.com\/templates\/christmas-menu-planner\/"},"modified":"2023-12-26T16:08:46","modified_gmt":"2023-12-26T16:08:46","slug":"christmas-menu-planner","status":"publish","type":"product","link":"https:\/\/sales-ai-agents.com\/de\/templates\/christmas-menu-planner\/","title":{"rendered":"Men\u00fcplaner f\u00fcr Weihnachten"},"content":{"rendered":"<p>&nbsp;<\/p>\n<h2>Weihnachtsmen\u00fc Planer Vorlage<\/h2>\n<p class=\"desc-text\">Diese Vorlage eignet sich perfekt f\u00fcr die Planung der Mahlzeiten in der Weihnachtswoche. Planen Sie das Men\u00fc und bleiben Sie w\u00e4hrend der Feiertage entspannt!<br \/>\nJeder Wochentag ist mit einer anderen Farbe beschriftet, so dass Sie sie leicht auseinanderhalten k\u00f6nnen. Die Vorlage enth\u00e4lt sogar eine praktische Einkaufsliste am unteren Rand. Mithilfe dieser Vorlage k\u00f6nnen Sie sicherstellen, dass Ihre Essenspl\u00e4ne f\u00fcr die Weihnachtswoche festgelegt und vorbereitet sind.<\/p>\n<h5>Wie zu verwenden:<\/h5>\n<ul class=\"desc-item_list\">\n<li class=\"desc-item_list__point\">F\u00fcllen Sie die Mahlzeiten f\u00fcr jeden Tag der Weihnachtswoche aus<\/li>\n<li class=\"desc-item_list__point\">F\u00fcgen Sie Links zu Rezepten oder Restaurants zum Ausprobieren ein<\/li>\n<li class=\"desc-item_list__point\">Hinzuf\u00fcgen von Notizen in der letzten Tabelle<\/li>\n<li class=\"desc-item_list__point\">Erstellen Sie eine Einkaufsliste f\u00fcr Ihre Rezepte<\/li>\n<\/ul>\n","protected":false},"excerpt":{"rendered":"<p>Diese Vorlage eignet sich perfekt f\u00fcr die Planung der Mahlzeiten in der Weihnachtswoche. Denken Sie an Mahlzeiten f\u00fcr ein paar Tage, erstellen Sie eine Einkaufsliste und genie\u00dfen Sie die Feiertage ohne Stress!<\/p>\n","protected":false},"featured_media":20273,"template":"","meta":{"_acf_changed":false,"inline_featured_image":false},"product_brand":[],"product_cat":[183,181,170],"product_tag":[],"class_list":{"0":"post-58811","1":"product","2":"type-product","3":"status-publish","4":"has-post-thumbnail","6":"product_cat-personal-health","7":"product_cat-holidays-planning","8":"product_cat-events","10":"first","11":"instock","12":"virtual","13":"sold-individually","14":"product-type-simple"},"acf":[],"yoast_head":"<!-- This site is optimized with the Yoast SEO plugin v25.3.1 - https:\/\/yoast.com\/wordpress\/plugins\/seo\/ -->\n<title>Weihnachtsmen\u00fc Planer Vorlage - Sales AI Agents<\/title>\n<meta name=\"description\" content=\"Diese Vorlage eignet sich perfekt f\u00fcr die Planung der Mahlzeiten in der Weihnachtswoche. \u00dcberlegen Sie sich Mahlzeiten f\u00fcr ein paar Tage, erstellen Sie eine Einkaufsliste und genie\u00dfen Sie Ihren Urlaub!\" \/>\n<meta name=\"robots\" content=\"index, follow, max-snippet:-1, max-image-preview:large, max-video-preview:-1\" \/>\n<link rel=\"canonical\" href=\"https:\/\/sales-ai-agents.com\/de\/templates\/christmas-menu-planner\/\" \/>\n<meta property=\"og:locale\" content=\"de_DE\" \/>\n<meta property=\"og:type\" content=\"article\" \/>\n<meta property=\"og:title\" content=\"Weihnachtsmen\u00fc Planer Vorlage - Sales AI Agents\" \/>\n<meta property=\"og:description\" content=\"Diese Vorlage eignet sich perfekt f\u00fcr die Planung der Mahlzeiten in der Weihnachtswoche. \u00dcberlegen Sie sich Mahlzeiten f\u00fcr ein paar Tage, erstellen Sie eine Einkaufsliste und genie\u00dfen Sie Ihren Urlaub!\" \/>\n<meta property=\"og:url\" content=\"https:\/\/sales-ai-agents.com\/de\/templates\/christmas-menu-planner\/\" \/>\n<meta property=\"og:site_name\" content=\"Sales AI Agents\" \/>\n<meta property=\"article:modified_time\" content=\"2023-12-26T16:08:46+00:00\" \/>\n<meta property=\"og:image\" content=\"https:\/\/sales-ai-agents.com\/wp-content\/uploads\/2023\/01\/image-preview114736.png\" \/>\n\t<meta property=\"og:image:width\" content=\"1078\" \/>\n\t<meta property=\"og:image:height\" content=\"1473\" \/>\n\t<meta property=\"og:image:type\" content=\"image\/png\" \/>\n<meta name=\"twitter:card\" content=\"summary_large_image\" \/>\n<script type=\"application\/ld+json\" class=\"yoast-schema-graph\">{\"@context\":\"https:\/\/schema.org\",\"@graph\":[{\"@type\":\"WebPage\",\"@id\":\"https:\/\/sales-ai-agents.com\/de\/templates\/christmas-menu-planner\/\",\"url\":\"https:\/\/sales-ai-agents.com\/de\/templates\/christmas-menu-planner\/\",\"name\":\"Weihnachtsmen\u00fc Planer Vorlage - Sales AI Agents\",\"isPartOf\":{\"@id\":\"https:\/\/sales-ai-agents.com\/#website\"},\"primaryImageOfPage\":{\"@id\":\"https:\/\/sales-ai-agents.com\/de\/templates\/christmas-menu-planner\/#primaryimage\"},\"image\":{\"@id\":\"https:\/\/sales-ai-agents.com\/de\/templates\/christmas-menu-planner\/#primaryimage\"},\"thumbnailUrl\":\"https:\/\/sales-ai-agents.com\/wp-content\/uploads\/2023\/01\/image-preview114736.png\",\"datePublished\":\"2022-09-23T13:48:04+00:00\",\"dateModified\":\"2023-12-26T16:08:46+00:00\",\"description\":\"Diese Vorlage eignet sich perfekt f\u00fcr die Planung der Mahlzeiten in der Weihnachtswoche. \u00dcberlegen Sie sich Mahlzeiten f\u00fcr ein paar Tage, erstellen Sie eine Einkaufsliste und genie\u00dfen Sie Ihren Urlaub!\",\"inLanguage\":\"de-DE\",\"potentialAction\":[{\"@type\":\"ReadAction\",\"target\":[\"https:\/\/sales-ai-agents.com\/de\/templates\/christmas-menu-planner\/\"]}]},{\"@type\":\"ImageObject\",\"inLanguage\":\"de-DE\",\"@id\":\"https:\/\/sales-ai-agents.com\/de\/templates\/christmas-menu-planner\/#primaryimage\",\"url\":\"https:\/\/sales-ai-agents.com\/wp-content\/uploads\/2023\/01\/image-preview114736.png\",\"contentUrl\":\"https:\/\/sales-ai-agents.com\/wp-content\/uploads\/2023\/01\/image-preview114736.png\",\"width\":1078,\"height\":1473,\"caption\":\"Christmas Menu Planner Template - Nimbus Platform\"},{\"@type\":\"WebSite\",\"@id\":\"https:\/\/sales-ai-agents.com\/#website\",\"url\":\"https:\/\/sales-ai-agents.com\/\",\"name\":\"FuseBase\",\"description\":\"Nimbus Platform - Free Online Collaboration Software for Remote Teams. Build your wikis, client portals and more with the Nimbus Platform collaboration tool ? A perfect space for online work\",\"publisher\":{\"@id\":\"https:\/\/sales-ai-agents.com\/#organization\"},\"potentialAction\":[{\"@type\":\"SearchAction\",\"target\":{\"@type\":\"EntryPoint\",\"urlTemplate\":\"https:\/\/sales-ai-agents.com\/?s={search_term_string}\"},\"query-input\":{\"@type\":\"PropertyValueSpecification\",\"valueRequired\":true,\"valueName\":\"search_term_string\"}}],\"inLanguage\":\"de-DE\"},{\"@type\":\"Organization\",\"@id\":\"https:\/\/sales-ai-agents.com\/#organization\",\"name\":\"FuseBase\",\"url\":\"https:\/\/sales-ai-agents.com\/\",\"logo\":{\"@type\":\"ImageObject\",\"inLanguage\":\"de-DE\",\"@id\":\"https:\/\/sales-ai-agents.com\/#\/schema\/logo\/image\/\",\"url\":\"https:\/\/sales-ai-agents.com\/wp-content\/uploads\/2023\/11\/icon-7.svg\",\"contentUrl\":\"https:\/\/sales-ai-agents.com\/wp-content\/uploads\/2023\/11\/icon-7.svg\",\"width\":128,\"height\":128,\"caption\":\"FuseBase\"},\"image\":{\"@id\":\"https:\/\/sales-ai-agents.com\/#\/schema\/logo\/image\/\"}}]}<\/script>\n<!-- \/ Yoast SEO plugin. -->","yoast_head_json":{"title":"Weihnachtsmen\u00fc Planer Vorlage - Sales AI Agents","description":"Diese Vorlage eignet sich perfekt f\u00fcr die Planung der Mahlzeiten in der Weihnachtswoche. \u00dcberlegen Sie sich Mahlzeiten f\u00fcr ein paar Tage, erstellen Sie eine Einkaufsliste und genie\u00dfen Sie Ihren Urlaub!","robots":{"index":"index","follow":"follow","max-snippet":"max-snippet:-1","max-image-preview":"max-image-preview:large","max-video-preview":"max-video-preview:-1"},"canonical":"https:\/\/sales-ai-agents.com\/de\/templates\/christmas-menu-planner\/","og_locale":"de_DE","og_type":"article","og_title":"Weihnachtsmen\u00fc Planer Vorlage - Sales AI Agents","og_description":"Diese Vorlage eignet sich perfekt f\u00fcr die Planung der Mahlzeiten in der Weihnachtswoche. \u00dcberlegen Sie sich Mahlzeiten f\u00fcr ein paar Tage, erstellen Sie eine Einkaufsliste und genie\u00dfen Sie Ihren Urlaub!","og_url":"https:\/\/sales-ai-agents.com\/de\/templates\/christmas-menu-planner\/","og_site_name":"Sales AI Agents","article_modified_time":"2023-12-26T16:08:46+00:00","og_image":[{"width":1078,"height":1473,"url":"https:\/\/sales-ai-agents.com\/wp-content\/uploads\/2023\/01\/image-preview114736.png","type":"image\/png"}],"twitter_card":"summary_large_image","schema":{"@context":"https:\/\/schema.org","@graph":[{"@type":"WebPage","@id":"https:\/\/sales-ai-agents.com\/de\/templates\/christmas-menu-planner\/","url":"https:\/\/sales-ai-agents.com\/de\/templates\/christmas-menu-planner\/","name":"Weihnachtsmen\u00fc Planer Vorlage - Sales AI Agents","isPartOf":{"@id":"https:\/\/sales-ai-agents.com\/#website"},"primaryImageOfPage":{"@id":"https:\/\/sales-ai-agents.com\/de\/templates\/christmas-menu-planner\/#primaryimage"},"image":{"@id":"https:\/\/sales-ai-agents.com\/de\/templates\/christmas-menu-planner\/#primaryimage"},"thumbnailUrl":"https:\/\/sales-ai-agents.com\/wp-content\/uploads\/2023\/01\/image-preview114736.png","datePublished":"2022-09-23T13:48:04+00:00","dateModified":"2023-12-26T16:08:46+00:00","description":"Diese Vorlage eignet sich perfekt f\u00fcr die Planung der Mahlzeiten in der Weihnachtswoche. \u00dcberlegen Sie sich Mahlzeiten f\u00fcr ein paar Tage, erstellen Sie eine Einkaufsliste und genie\u00dfen Sie Ihren Urlaub!","inLanguage":"de-DE","potentialAction":[{"@type":"ReadAction","target":["https:\/\/sales-ai-agents.com\/de\/templates\/christmas-menu-planner\/"]}]},{"@type":"ImageObject","inLanguage":"de-DE","@id":"https:\/\/sales-ai-agents.com\/de\/templates\/christmas-menu-planner\/#primaryimage","url":"https:\/\/sales-ai-agents.com\/wp-content\/uploads\/2023\/01\/image-preview114736.png","contentUrl":"https:\/\/sales-ai-agents.com\/wp-content\/uploads\/2023\/01\/image-preview114736.png","width":1078,"height":1473,"caption":"Christmas Menu Planner Template - Nimbus Platform"},{"@type":"WebSite","@id":"https:\/\/sales-ai-agents.com\/#website","url":"https:\/\/sales-ai-agents.com\/","name":"FuseBase","description":"Nimbus Platform - Free Online Collaboration Software for Remote Teams. Build your wikis, client portals and more with the Nimbus Platform collaboration tool ? A perfect space for online work","publisher":{"@id":"https:\/\/sales-ai-agents.com\/#organization"},"potentialAction":[{"@type":"SearchAction","target":{"@type":"EntryPoint","urlTemplate":"https:\/\/sales-ai-agents.com\/?s={search_term_string}"},"query-input":{"@type":"PropertyValueSpecification","valueRequired":true,"valueName":"search_term_string"}}],"inLanguage":"de-DE"},{"@type":"Organization","@id":"https:\/\/sales-ai-agents.com\/#organization","name":"FuseBase","url":"https:\/\/sales-ai-agents.com\/","logo":{"@type":"ImageObject","inLanguage":"de-DE","@id":"https:\/\/sales-ai-agents.com\/#\/schema\/logo\/image\/","url":"https:\/\/sales-ai-agents.com\/wp-content\/uploads\/2023\/11\/icon-7.svg","contentUrl":"https:\/\/sales-ai-agents.com\/wp-content\/uploads\/2023\/11\/icon-7.svg","width":128,"height":128,"caption":"FuseBase"},"image":{"@id":"https:\/\/sales-ai-agents.com\/#\/schema\/logo\/image\/"}}]}},"_links":{"self":[{"href":"https:\/\/sales-ai-agents.com\/de\/wp-json\/wp\/v2\/product\/58811","targetHints":{"allow":["GET"]}}],"collection":[{"href":"https:\/\/sales-ai-agents.com\/de\/wp-json\/wp\/v2\/product"}],"about":[{"href":"https:\/\/sales-ai-agents.com\/de\/wp-json\/wp\/v2\/types\/product"}],"wp:featuredmedia":[{"embeddable":true,"href":"https:\/\/sales-ai-agents.com\/de\/wp-json\/wp\/v2\/media\/20273"}],"wp:attachment":[{"href":"https:\/\/sales-ai-agents.com\/de\/wp-json\/wp\/v2\/media?parent=58811"}],"wp:term":[{"taxonomy":"product_brand","embeddable":true,"href":"https:\/\/sales-ai-agents.com\/de\/wp-json\/wp\/v2\/product_brand?post=58811"},{"taxonomy":"product_cat","embeddable":true,"href":"https:\/\/sales-ai-agents.com\/de\/wp-json\/wp\/v2\/product_cat?post=58811"},{"taxonomy":"product_tag","embeddable":true,"href":"https:\/\/sales-ai-agents.com\/de\/wp-json\/wp\/v2\/product_tag?post=58811"}],"curies":[{"name":"wp","href":"https:\/\/api.w.org\/{rel}","templated":true}]}}