{"id":58820,"date":"2022-09-23T13:47:56","date_gmt":"2022-09-23T13:47:56","guid":{"rendered":"https:\/\/sales-ai-agents.com\/templates\/discovery-requirements\/"},"modified":"2024-01-02T13:57:58","modified_gmt":"2024-01-02T13:57:58","slug":"discovery-requirements","status":"publish","type":"product","link":"https:\/\/sales-ai-agents.com\/de\/templates\/discovery-requirements\/","title":{"rendered":"Anforderungen an die Entdeckung"},"content":{"rendered":"<p>&nbsp;<\/p>\n<h2>Vorlage f\u00fcr Discovery-Anforderungen<\/h2>\n<p class=\"desc-text\">Produktteams arbeiten am besten, wenn alle Beteiligten zusammenarbeiten, Brainstorming betreiben und gemeinsam Pl\u00e4ne erstellen k\u00f6nnen. Wir haben diese Vorlage bereitgestellt, damit Sie und Ihr Team gemeinsam die Anforderungen f\u00fcr Ihr Produkt definieren k\u00f6nnen. Markieren Sie die Beitr\u00e4ge und teilen Sie sie mit den Mitgliedern, damit jeder einen Beitrag leisten kann. Nutzen Sie die voll funktionsf\u00e4higen Tabellen, um alle Ihre Ideen und Daten zu organisieren. Verfolgen Sie Ihre Arbeit mit Hilfe unserer farbcodierten Etiketten und Prozentbalken ganz einfach. Legen Sie alle Ihre Anforderungen mit dieser visuell ansprechenden Vorlage dar.<\/p>\n<h5>Wie zu verwenden:<\/h5>\n<ul class=\"desc-item_list\">\n<li class=\"desc-item_list__point\">Teammitglieder und Beteiligte hinzuf\u00fcgen<\/li>\n<li class=\"desc-item_list__point\">Erstellen Sie eine Checkliste mit Elementen<\/li>\n<li class=\"desc-item_list__point\">Schl\u00fcsselmetriken definieren<\/li>\n<li class=\"desc-item_list__point\">F\u00fcllen Sie Tabellen mit Ideen aus<\/li>\n<li class=\"desc-item_list__point\">Daten hinzuf\u00fcgen und Kundenfeedback einbeziehen<\/li>\n<\/ul>\n","protected":false},"excerpt":{"rendered":"<p>Definieren und diskutieren Sie die Projektanforderungen mit Ihrem Produktteam. Diese kostenlose Vorlage hilft bei der Definition von Schl\u00fcsselkennzahlen, Interessengruppen, Hauptaufgaben und mehr.<\/p>\n","protected":false},"featured_media":25497,"template":"","meta":{"_acf_changed":false,"inline_featured_image":false},"product_brand":[],"product_cat":[186,189],"product_tag":[],"class_list":{"0":"post-58820","1":"product","2":"type-product","3":"status-publish","4":"has-post-thumbnail","6":"product_cat-product","7":"product_cat-product-management","9":"first","10":"instock","11":"virtual","12":"sold-individually","13":"product-type-simple"},"acf":[],"yoast_head":"<!-- This site is optimized with the Yoast SEO plugin v25.3.1 - https:\/\/yoast.com\/wordpress\/plugins\/seo\/ -->\n<title>Vorlage zur Definition von Anforderungen - Sales AI Agents<\/title>\n<meta name=\"description\" content=\"Definieren und diskutieren Sie die Projektanforderungen mit Ihrem Produktteam. Diese kostenlose Vorlage hilft bei der Definition von Schl\u00fcsselkennzahlen, Interessengruppen, Hauptaufgaben und mehr.\" \/>\n<meta name=\"robots\" content=\"index, follow, max-snippet:-1, max-image-preview:large, max-video-preview:-1\" \/>\n<link rel=\"canonical\" href=\"https:\/\/sales-ai-agents.com\/de\/templates\/discovery-requirements\/\" \/>\n<meta property=\"og:locale\" content=\"de_DE\" \/>\n<meta property=\"og:type\" content=\"article\" \/>\n<meta property=\"og:title\" content=\"Vorlage zur Definition von Anforderungen - Sales AI Agents\" \/>\n<meta property=\"og:description\" content=\"Definieren und diskutieren Sie die Projektanforderungen mit Ihrem Produktteam. Diese kostenlose Vorlage hilft bei der Definition von Schl\u00fcsselkennzahlen, Interessengruppen, Hauptaufgaben und mehr.\" \/>\n<meta property=\"og:url\" content=\"https:\/\/sales-ai-agents.com\/de\/templates\/discovery-requirements\/\" \/>\n<meta property=\"og:site_name\" content=\"Sales AI Agents\" \/>\n<meta property=\"article:modified_time\" content=\"2024-01-02T13:57:58+00:00\" \/>\n<meta property=\"og:image\" content=\"https:\/\/sales-ai-agents.com\/wp-content\/uploads\/2022\/09\/Discovery-Requirements-Template.png\" \/>\n\t<meta property=\"og:image:width\" content=\"1700\" \/>\n\t<meta property=\"og:image:height\" content=\"1100\" \/>\n\t<meta property=\"og:image:type\" content=\"image\/png\" \/>\n<meta name=\"twitter:card\" content=\"summary_large_image\" \/>\n<script type=\"application\/ld+json\" class=\"yoast-schema-graph\">{\"@context\":\"https:\/\/schema.org\",\"@graph\":[{\"@type\":\"WebPage\",\"@id\":\"https:\/\/sales-ai-agents.com\/de\/templates\/discovery-requirements\/\",\"url\":\"https:\/\/sales-ai-agents.com\/de\/templates\/discovery-requirements\/\",\"name\":\"Vorlage zur Definition von Anforderungen - Sales AI Agents\",\"isPartOf\":{\"@id\":\"https:\/\/sales-ai-agents.com\/#website\"},\"primaryImageOfPage\":{\"@id\":\"https:\/\/sales-ai-agents.com\/de\/templates\/discovery-requirements\/#primaryimage\"},\"image\":{\"@id\":\"https:\/\/sales-ai-agents.com\/de\/templates\/discovery-requirements\/#primaryimage\"},\"thumbnailUrl\":\"https:\/\/sales-ai-agents.com\/wp-content\/uploads\/2022\/09\/Discovery-Requirements-Template.png\",\"datePublished\":\"2022-09-23T13:47:56+00:00\",\"dateModified\":\"2024-01-02T13:57:58+00:00\",\"description\":\"Definieren und diskutieren Sie die Projektanforderungen mit Ihrem Produktteam. Diese kostenlose Vorlage hilft bei der Definition von Schl\u00fcsselkennzahlen, Interessengruppen, Hauptaufgaben und mehr.\",\"inLanguage\":\"de-DE\",\"potentialAction\":[{\"@type\":\"ReadAction\",\"target\":[\"https:\/\/sales-ai-agents.com\/de\/templates\/discovery-requirements\/\"]}]},{\"@type\":\"ImageObject\",\"inLanguage\":\"de-DE\",\"@id\":\"https:\/\/sales-ai-agents.com\/de\/templates\/discovery-requirements\/#primaryimage\",\"url\":\"https:\/\/sales-ai-agents.com\/wp-content\/uploads\/2022\/09\/Discovery-Requirements-Template.png\",\"contentUrl\":\"https:\/\/sales-ai-agents.com\/wp-content\/uploads\/2022\/09\/Discovery-Requirements-Template.png\",\"width\":1700,\"height\":1100,\"caption\":\"Define and discuss the project requirements with your product team.\"},{\"@type\":\"WebSite\",\"@id\":\"https:\/\/sales-ai-agents.com\/#website\",\"url\":\"https:\/\/sales-ai-agents.com\/\",\"name\":\"FuseBase\",\"description\":\"Nimbus Platform - Free Online Collaboration Software for Remote Teams. Build your wikis, client portals and more with the Nimbus Platform collaboration tool ? A perfect space for online work\",\"publisher\":{\"@id\":\"https:\/\/sales-ai-agents.com\/#organization\"},\"potentialAction\":[{\"@type\":\"SearchAction\",\"target\":{\"@type\":\"EntryPoint\",\"urlTemplate\":\"https:\/\/sales-ai-agents.com\/?s={search_term_string}\"},\"query-input\":{\"@type\":\"PropertyValueSpecification\",\"valueRequired\":true,\"valueName\":\"search_term_string\"}}],\"inLanguage\":\"de-DE\"},{\"@type\":\"Organization\",\"@id\":\"https:\/\/sales-ai-agents.com\/#organization\",\"name\":\"FuseBase\",\"url\":\"https:\/\/sales-ai-agents.com\/\",\"logo\":{\"@type\":\"ImageObject\",\"inLanguage\":\"de-DE\",\"@id\":\"https:\/\/sales-ai-agents.com\/#\/schema\/logo\/image\/\",\"url\":\"https:\/\/sales-ai-agents.com\/wp-content\/uploads\/2023\/11\/icon-7.svg\",\"contentUrl\":\"https:\/\/sales-ai-agents.com\/wp-content\/uploads\/2023\/11\/icon-7.svg\",\"width\":128,\"height\":128,\"caption\":\"FuseBase\"},\"image\":{\"@id\":\"https:\/\/sales-ai-agents.com\/#\/schema\/logo\/image\/\"}}]}<\/script>\n<!-- \/ Yoast SEO plugin. -->","yoast_head_json":{"title":"Vorlage zur Definition von Anforderungen - Sales AI Agents","description":"Definieren und diskutieren Sie die Projektanforderungen mit Ihrem Produktteam. Diese kostenlose Vorlage hilft bei der Definition von Schl\u00fcsselkennzahlen, Interessengruppen, Hauptaufgaben und mehr.","robots":{"index":"index","follow":"follow","max-snippet":"max-snippet:-1","max-image-preview":"max-image-preview:large","max-video-preview":"max-video-preview:-1"},"canonical":"https:\/\/sales-ai-agents.com\/de\/templates\/discovery-requirements\/","og_locale":"de_DE","og_type":"article","og_title":"Vorlage zur Definition von Anforderungen - Sales AI Agents","og_description":"Definieren und diskutieren Sie die Projektanforderungen mit Ihrem Produktteam. Diese kostenlose Vorlage hilft bei der Definition von Schl\u00fcsselkennzahlen, Interessengruppen, Hauptaufgaben und mehr.","og_url":"https:\/\/sales-ai-agents.com\/de\/templates\/discovery-requirements\/","og_site_name":"Sales AI Agents","article_modified_time":"2024-01-02T13:57:58+00:00","og_image":[{"width":1700,"height":1100,"url":"https:\/\/sales-ai-agents.com\/wp-content\/uploads\/2022\/09\/Discovery-Requirements-Template.png","type":"image\/png"}],"twitter_card":"summary_large_image","schema":{"@context":"https:\/\/schema.org","@graph":[{"@type":"WebPage","@id":"https:\/\/sales-ai-agents.com\/de\/templates\/discovery-requirements\/","url":"https:\/\/sales-ai-agents.com\/de\/templates\/discovery-requirements\/","name":"Vorlage zur Definition von Anforderungen - Sales AI Agents","isPartOf":{"@id":"https:\/\/sales-ai-agents.com\/#website"},"primaryImageOfPage":{"@id":"https:\/\/sales-ai-agents.com\/de\/templates\/discovery-requirements\/#primaryimage"},"image":{"@id":"https:\/\/sales-ai-agents.com\/de\/templates\/discovery-requirements\/#primaryimage"},"thumbnailUrl":"https:\/\/sales-ai-agents.com\/wp-content\/uploads\/2022\/09\/Discovery-Requirements-Template.png","datePublished":"2022-09-23T13:47:56+00:00","dateModified":"2024-01-02T13:57:58+00:00","description":"Definieren und diskutieren Sie die Projektanforderungen mit Ihrem Produktteam. Diese kostenlose Vorlage hilft bei der Definition von Schl\u00fcsselkennzahlen, Interessengruppen, Hauptaufgaben und mehr.","inLanguage":"de-DE","potentialAction":[{"@type":"ReadAction","target":["https:\/\/sales-ai-agents.com\/de\/templates\/discovery-requirements\/"]}]},{"@type":"ImageObject","inLanguage":"de-DE","@id":"https:\/\/sales-ai-agents.com\/de\/templates\/discovery-requirements\/#primaryimage","url":"https:\/\/sales-ai-agents.com\/wp-content\/uploads\/2022\/09\/Discovery-Requirements-Template.png","contentUrl":"https:\/\/sales-ai-agents.com\/wp-content\/uploads\/2022\/09\/Discovery-Requirements-Template.png","width":1700,"height":1100,"caption":"Define and discuss the project requirements with your product team."},{"@type":"WebSite","@id":"https:\/\/sales-ai-agents.com\/#website","url":"https:\/\/sales-ai-agents.com\/","name":"FuseBase","description":"Nimbus Platform - Free Online Collaboration Software for Remote Teams. Build your wikis, client portals and more with the Nimbus Platform collaboration tool ? A perfect space for online work","publisher":{"@id":"https:\/\/sales-ai-agents.com\/#organization"},"potentialAction":[{"@type":"SearchAction","target":{"@type":"EntryPoint","urlTemplate":"https:\/\/sales-ai-agents.com\/?s={search_term_string}"},"query-input":{"@type":"PropertyValueSpecification","valueRequired":true,"valueName":"search_term_string"}}],"inLanguage":"de-DE"},{"@type":"Organization","@id":"https:\/\/sales-ai-agents.com\/#organization","name":"FuseBase","url":"https:\/\/sales-ai-agents.com\/","logo":{"@type":"ImageObject","inLanguage":"de-DE","@id":"https:\/\/sales-ai-agents.com\/#\/schema\/logo\/image\/","url":"https:\/\/sales-ai-agents.com\/wp-content\/uploads\/2023\/11\/icon-7.svg","contentUrl":"https:\/\/sales-ai-agents.com\/wp-content\/uploads\/2023\/11\/icon-7.svg","width":128,"height":128,"caption":"FuseBase"},"image":{"@id":"https:\/\/sales-ai-agents.com\/#\/schema\/logo\/image\/"}}]}},"_links":{"self":[{"href":"https:\/\/sales-ai-agents.com\/de\/wp-json\/wp\/v2\/product\/58820","targetHints":{"allow":["GET"]}}],"collection":[{"href":"https:\/\/sales-ai-agents.com\/de\/wp-json\/wp\/v2\/product"}],"about":[{"href":"https:\/\/sales-ai-agents.com\/de\/wp-json\/wp\/v2\/types\/product"}],"wp:featuredmedia":[{"embeddable":true,"href":"https:\/\/sales-ai-agents.com\/de\/wp-json\/wp\/v2\/media\/25497"}],"wp:attachment":[{"href":"https:\/\/sales-ai-agents.com\/de\/wp-json\/wp\/v2\/media?parent=58820"}],"wp:term":[{"taxonomy":"product_brand","embeddable":true,"href":"https:\/\/sales-ai-agents.com\/de\/wp-json\/wp\/v2\/product_brand?post=58820"},{"taxonomy":"product_cat","embeddable":true,"href":"https:\/\/sales-ai-agents.com\/de\/wp-json\/wp\/v2\/product_cat?post=58820"},{"taxonomy":"product_tag","embeddable":true,"href":"https:\/\/sales-ai-agents.com\/de\/wp-json\/wp\/v2\/product_tag?post=58820"}],"curies":[{"name":"wp","href":"https:\/\/api.w.org\/{rel}","templated":true}]}}