{"id":58824,"date":"2022-09-23T13:47:53","date_gmt":"2022-09-23T13:47:53","guid":{"rendered":"https:\/\/sales-ai-agents.com\/templates\/simple-event-budget\/"},"modified":"2023-12-27T19:27:56","modified_gmt":"2023-12-27T19:27:56","slug":"simple-event-budget","status":"publish","type":"product","link":"https:\/\/sales-ai-agents.com\/de\/templates\/simple-event-budget\/","title":{"rendered":"Einfaches Veranstaltungsbudget"},"content":{"rendered":"<p>&nbsp;<\/p>\n<h2>Einfache Budgetvorlage f\u00fcr Veranstaltungen<\/h2>\n<p class=\"desc-text\">Diese einfache Vorlage ist leicht zu lesen und einfach zu verwenden. Indem Sie Ihre Ausgaben planen, k\u00f6nnen Sie sicherstellen, dass Sie nicht zu viel ausgeben. Mit diesem Budget k\u00f6nnen Sie Ihre Kosten im Auge behalten. Listen Sie die zu kaufenden Artikel auf und addieren Sie den Gesamtpreis. Vergewissern Sie sich, dass der Betrag im Rahmen Ihres Budgets liegt. Planen Sie Ihre Ausgaben entsprechend, damit Sie nicht \u00fcber Ihre Verh\u00e4ltnisse leben.<\/p>\n<h5>Wie zu verwenden:<\/h5>\n<ul class=\"desc-item_list\">\n<li class=\"desc-item_list__point\">Verschiedene Kategorien und Ausgaben auflisten<\/li>\n<li class=\"desc-item_list__point\">Preise f\u00fcr jeden Artikel recherchieren<\/li>\n<li class=\"desc-item_list__point\">Einschlie\u00dflich der erwarteten Kosten<\/li>\n<li class=\"desc-item_list__point\">Vergewissern Sie sich, dass die erwarteten Kosten im Rahmen Ihrer<\/li>\n<li class=\"desc-item_list__point\">Verwenden Sie dieses Budget als Leitfaden<\/li>\n<\/ul>\n","protected":false},"excerpt":{"rendered":"<p>Behalten Sie den \u00dcberblick \u00fcber Ihre Kosten und geben Sie das Veranstaltungsbudget nicht zu viel aus. Diese kostenlose Vorlage hilft Ihnen, Ihre Ausgaben f\u00fcr Essen, Getr\u00e4nke und Unterhaltung zu planen!<\/p>\n","protected":false},"featured_media":27476,"template":"","meta":{"_acf_changed":false,"inline_featured_image":false},"product_brand":[],"product_cat":[170],"product_tag":[],"class_list":{"0":"post-58824","1":"product","2":"type-product","3":"status-publish","4":"has-post-thumbnail","6":"product_cat-events","8":"first","9":"instock","10":"virtual","11":"sold-individually","12":"product-type-simple"},"acf":[],"yoast_head":"<!-- This site is optimized with the Yoast SEO plugin v25.3.1 - https:\/\/yoast.com\/wordpress\/plugins\/seo\/ -->\n<title>Einfache Budgetvorlage f\u00fcr Veranstaltungen - Sales AI Agents<\/title>\n<meta name=\"description\" content=\"Behalten Sie den \u00dcberblick \u00fcber Ihre Kosten und geben Sie das Veranstaltungsbudget nicht zu viel aus. Diese kostenlose Vorlage hilft Ihnen, Ihre Ausgaben f\u00fcr Essen, Getr\u00e4nke und Unterhaltung zu planen!\" \/>\n<meta name=\"robots\" content=\"index, follow, max-snippet:-1, max-image-preview:large, max-video-preview:-1\" \/>\n<link rel=\"canonical\" href=\"https:\/\/sales-ai-agents.com\/de\/templates\/simple-event-budget\/\" \/>\n<meta property=\"og:locale\" content=\"de_DE\" \/>\n<meta property=\"og:type\" content=\"article\" \/>\n<meta property=\"og:title\" content=\"Einfache Budgetvorlage f\u00fcr Veranstaltungen - Sales AI Agents\" \/>\n<meta property=\"og:description\" content=\"Behalten Sie den \u00dcberblick \u00fcber Ihre Kosten und geben Sie das Veranstaltungsbudget nicht zu viel aus. Diese kostenlose Vorlage hilft Ihnen, Ihre Ausgaben f\u00fcr Essen, Getr\u00e4nke und Unterhaltung zu planen!\" \/>\n<meta property=\"og:url\" content=\"https:\/\/sales-ai-agents.com\/de\/templates\/simple-event-budget\/\" \/>\n<meta property=\"og:site_name\" content=\"Sales AI Agents\" \/>\n<meta property=\"article:modified_time\" content=\"2023-12-27T19:27:56+00:00\" \/>\n<meta property=\"og:image\" content=\"https:\/\/sales-ai-agents.com\/wp-content\/uploads\/2022\/09\/Simple-Event-Budget-Template.png\" \/>\n\t<meta property=\"og:image:width\" content=\"1700\" \/>\n\t<meta property=\"og:image:height\" content=\"1100\" \/>\n\t<meta property=\"og:image:type\" content=\"image\/png\" \/>\n<meta name=\"twitter:card\" content=\"summary_large_image\" \/>\n<script type=\"application\/ld+json\" class=\"yoast-schema-graph\">{\"@context\":\"https:\/\/schema.org\",\"@graph\":[{\"@type\":\"WebPage\",\"@id\":\"https:\/\/sales-ai-agents.com\/de\/templates\/simple-event-budget\/\",\"url\":\"https:\/\/sales-ai-agents.com\/de\/templates\/simple-event-budget\/\",\"name\":\"Einfache Budgetvorlage f\u00fcr Veranstaltungen - Sales AI Agents\",\"isPartOf\":{\"@id\":\"https:\/\/sales-ai-agents.com\/#website\"},\"primaryImageOfPage\":{\"@id\":\"https:\/\/sales-ai-agents.com\/de\/templates\/simple-event-budget\/#primaryimage\"},\"image\":{\"@id\":\"https:\/\/sales-ai-agents.com\/de\/templates\/simple-event-budget\/#primaryimage\"},\"thumbnailUrl\":\"https:\/\/sales-ai-agents.com\/wp-content\/uploads\/2022\/09\/Simple-Event-Budget-Template.png\",\"datePublished\":\"2022-09-23T13:47:53+00:00\",\"dateModified\":\"2023-12-27T19:27:56+00:00\",\"description\":\"Behalten Sie den \u00dcberblick \u00fcber Ihre Kosten und geben Sie das Veranstaltungsbudget nicht zu viel aus. Diese kostenlose Vorlage hilft Ihnen, Ihre Ausgaben f\u00fcr Essen, Getr\u00e4nke und Unterhaltung zu planen!\",\"inLanguage\":\"de-DE\",\"potentialAction\":[{\"@type\":\"ReadAction\",\"target\":[\"https:\/\/sales-ai-agents.com\/de\/templates\/simple-event-budget\/\"]}]},{\"@type\":\"ImageObject\",\"inLanguage\":\"de-DE\",\"@id\":\"https:\/\/sales-ai-agents.com\/de\/templates\/simple-event-budget\/#primaryimage\",\"url\":\"https:\/\/sales-ai-agents.com\/wp-content\/uploads\/2022\/09\/Simple-Event-Budget-Template.png\",\"contentUrl\":\"https:\/\/sales-ai-agents.com\/wp-content\/uploads\/2022\/09\/Simple-Event-Budget-Template.png\",\"width\":1700,\"height\":1100,\"caption\":\"This free template will help you plan your expenses properly on food, drinks, and entertainment\"},{\"@type\":\"WebSite\",\"@id\":\"https:\/\/sales-ai-agents.com\/#website\",\"url\":\"https:\/\/sales-ai-agents.com\/\",\"name\":\"FuseBase\",\"description\":\"Nimbus Platform - Free Online Collaboration Software for Remote Teams. Build your wikis, client portals and more with the Nimbus Platform collaboration tool ? A perfect space for online work\",\"publisher\":{\"@id\":\"https:\/\/sales-ai-agents.com\/#organization\"},\"potentialAction\":[{\"@type\":\"SearchAction\",\"target\":{\"@type\":\"EntryPoint\",\"urlTemplate\":\"https:\/\/sales-ai-agents.com\/?s={search_term_string}\"},\"query-input\":{\"@type\":\"PropertyValueSpecification\",\"valueRequired\":true,\"valueName\":\"search_term_string\"}}],\"inLanguage\":\"de-DE\"},{\"@type\":\"Organization\",\"@id\":\"https:\/\/sales-ai-agents.com\/#organization\",\"name\":\"FuseBase\",\"url\":\"https:\/\/sales-ai-agents.com\/\",\"logo\":{\"@type\":\"ImageObject\",\"inLanguage\":\"de-DE\",\"@id\":\"https:\/\/sales-ai-agents.com\/#\/schema\/logo\/image\/\",\"url\":\"https:\/\/sales-ai-agents.com\/wp-content\/uploads\/2023\/11\/icon-7.svg\",\"contentUrl\":\"https:\/\/sales-ai-agents.com\/wp-content\/uploads\/2023\/11\/icon-7.svg\",\"width\":128,\"height\":128,\"caption\":\"FuseBase\"},\"image\":{\"@id\":\"https:\/\/sales-ai-agents.com\/#\/schema\/logo\/image\/\"}}]}<\/script>\n<!-- \/ Yoast SEO plugin. -->","yoast_head_json":{"title":"Einfache Budgetvorlage f\u00fcr Veranstaltungen - Sales AI Agents","description":"Behalten Sie den \u00dcberblick \u00fcber Ihre Kosten und geben Sie das Veranstaltungsbudget nicht zu viel aus. Diese kostenlose Vorlage hilft Ihnen, Ihre Ausgaben f\u00fcr Essen, Getr\u00e4nke und Unterhaltung zu planen!","robots":{"index":"index","follow":"follow","max-snippet":"max-snippet:-1","max-image-preview":"max-image-preview:large","max-video-preview":"max-video-preview:-1"},"canonical":"https:\/\/sales-ai-agents.com\/de\/templates\/simple-event-budget\/","og_locale":"de_DE","og_type":"article","og_title":"Einfache Budgetvorlage f\u00fcr Veranstaltungen - Sales AI Agents","og_description":"Behalten Sie den \u00dcberblick \u00fcber Ihre Kosten und geben Sie das Veranstaltungsbudget nicht zu viel aus. Diese kostenlose Vorlage hilft Ihnen, Ihre Ausgaben f\u00fcr Essen, Getr\u00e4nke und Unterhaltung zu planen!","og_url":"https:\/\/sales-ai-agents.com\/de\/templates\/simple-event-budget\/","og_site_name":"Sales AI Agents","article_modified_time":"2023-12-27T19:27:56+00:00","og_image":[{"width":1700,"height":1100,"url":"https:\/\/sales-ai-agents.com\/wp-content\/uploads\/2022\/09\/Simple-Event-Budget-Template.png","type":"image\/png"}],"twitter_card":"summary_large_image","schema":{"@context":"https:\/\/schema.org","@graph":[{"@type":"WebPage","@id":"https:\/\/sales-ai-agents.com\/de\/templates\/simple-event-budget\/","url":"https:\/\/sales-ai-agents.com\/de\/templates\/simple-event-budget\/","name":"Einfache Budgetvorlage f\u00fcr Veranstaltungen - Sales AI Agents","isPartOf":{"@id":"https:\/\/sales-ai-agents.com\/#website"},"primaryImageOfPage":{"@id":"https:\/\/sales-ai-agents.com\/de\/templates\/simple-event-budget\/#primaryimage"},"image":{"@id":"https:\/\/sales-ai-agents.com\/de\/templates\/simple-event-budget\/#primaryimage"},"thumbnailUrl":"https:\/\/sales-ai-agents.com\/wp-content\/uploads\/2022\/09\/Simple-Event-Budget-Template.png","datePublished":"2022-09-23T13:47:53+00:00","dateModified":"2023-12-27T19:27:56+00:00","description":"Behalten Sie den \u00dcberblick \u00fcber Ihre Kosten und geben Sie das Veranstaltungsbudget nicht zu viel aus. Diese kostenlose Vorlage hilft Ihnen, Ihre Ausgaben f\u00fcr Essen, Getr\u00e4nke und Unterhaltung zu planen!","inLanguage":"de-DE","potentialAction":[{"@type":"ReadAction","target":["https:\/\/sales-ai-agents.com\/de\/templates\/simple-event-budget\/"]}]},{"@type":"ImageObject","inLanguage":"de-DE","@id":"https:\/\/sales-ai-agents.com\/de\/templates\/simple-event-budget\/#primaryimage","url":"https:\/\/sales-ai-agents.com\/wp-content\/uploads\/2022\/09\/Simple-Event-Budget-Template.png","contentUrl":"https:\/\/sales-ai-agents.com\/wp-content\/uploads\/2022\/09\/Simple-Event-Budget-Template.png","width":1700,"height":1100,"caption":"This free template will help you plan your expenses properly on food, drinks, and entertainment"},{"@type":"WebSite","@id":"https:\/\/sales-ai-agents.com\/#website","url":"https:\/\/sales-ai-agents.com\/","name":"FuseBase","description":"Nimbus Platform - Free Online Collaboration Software for Remote Teams. Build your wikis, client portals and more with the Nimbus Platform collaboration tool ? A perfect space for online work","publisher":{"@id":"https:\/\/sales-ai-agents.com\/#organization"},"potentialAction":[{"@type":"SearchAction","target":{"@type":"EntryPoint","urlTemplate":"https:\/\/sales-ai-agents.com\/?s={search_term_string}"},"query-input":{"@type":"PropertyValueSpecification","valueRequired":true,"valueName":"search_term_string"}}],"inLanguage":"de-DE"},{"@type":"Organization","@id":"https:\/\/sales-ai-agents.com\/#organization","name":"FuseBase","url":"https:\/\/sales-ai-agents.com\/","logo":{"@type":"ImageObject","inLanguage":"de-DE","@id":"https:\/\/sales-ai-agents.com\/#\/schema\/logo\/image\/","url":"https:\/\/sales-ai-agents.com\/wp-content\/uploads\/2023\/11\/icon-7.svg","contentUrl":"https:\/\/sales-ai-agents.com\/wp-content\/uploads\/2023\/11\/icon-7.svg","width":128,"height":128,"caption":"FuseBase"},"image":{"@id":"https:\/\/sales-ai-agents.com\/#\/schema\/logo\/image\/"}}]}},"_links":{"self":[{"href":"https:\/\/sales-ai-agents.com\/de\/wp-json\/wp\/v2\/product\/58824","targetHints":{"allow":["GET"]}}],"collection":[{"href":"https:\/\/sales-ai-agents.com\/de\/wp-json\/wp\/v2\/product"}],"about":[{"href":"https:\/\/sales-ai-agents.com\/de\/wp-json\/wp\/v2\/types\/product"}],"wp:featuredmedia":[{"embeddable":true,"href":"https:\/\/sales-ai-agents.com\/de\/wp-json\/wp\/v2\/media\/27476"}],"wp:attachment":[{"href":"https:\/\/sales-ai-agents.com\/de\/wp-json\/wp\/v2\/media?parent=58824"}],"wp:term":[{"taxonomy":"product_brand","embeddable":true,"href":"https:\/\/sales-ai-agents.com\/de\/wp-json\/wp\/v2\/product_brand?post=58824"},{"taxonomy":"product_cat","embeddable":true,"href":"https:\/\/sales-ai-agents.com\/de\/wp-json\/wp\/v2\/product_cat?post=58824"},{"taxonomy":"product_tag","embeddable":true,"href":"https:\/\/sales-ai-agents.com\/de\/wp-json\/wp\/v2\/product_tag?post=58824"}],"curies":[{"name":"wp","href":"https:\/\/api.w.org\/{rel}","templated":true}]}}