{"id":58828,"date":"2022-09-23T13:47:47","date_gmt":"2022-09-23T13:47:47","guid":{"rendered":"https:\/\/sales-ai-agents.com\/templates\/brainstorming\/"},"modified":"2023-12-27T14:57:05","modified_gmt":"2023-12-27T14:57:05","slug":"brainstorming","status":"publish","type":"product","link":"https:\/\/sales-ai-agents.com\/de\/templates\/brainstorming\/","title":{"rendered":"Brainstorming"},"content":{"rendered":"<p>&nbsp;<\/p>\n<h2>Brainstorming-Vorlage<\/h2>\n<p class=\"desc-text\">Beim Brainstorming entsteht ein Ideenfluss zur L\u00f6sung eines Problems oder einer Frage. Mit dieser Brainstorming-Vorlage k\u00f6nnen Sie sich verschiedene Fragen ausdenken. Analysieren Sie f\u00fcr jede Frage m\u00f6gliche Antworten und listen Sie sie auf. Teilen Sie die Vorlage mit Ihrem Team und sammeln Sie die Gedanken aller. Ein effektives Brainstorming kann Ihre F\u00e4higkeiten zum kritischen Denken aktivieren und Ihnen einen frischen Ideenfluss bescheren.<\/p>\n<h5>Wie zu verwenden:<\/h5>\n<ul class=\"desc-item_list\">\n<li class=\"desc-item_list__point\">\u00dcberlegen Sie sich, welche Fragen Sie beantworten wollen<\/li>\n<li class=\"desc-item_list__point\">M\u00f6gliche L\u00f6sungen auflisten<\/li>\n<li class=\"desc-item_list__point\">Teilen Sie mit Ihrem Team<\/li>\n<li class=\"desc-item_list__point\">Die Ideen aller einbeziehen<\/li>\n<li class=\"desc-item_list__point\">Entwickeln Sie L\u00f6sungen auf der Grundlage des Brainstormings<\/li>\n<\/ul>\n","protected":false},"excerpt":{"rendered":"<p>Brainstorming schafft einen Ideenfluss zur L\u00f6sung eines Problems oder einer Frage. Mit dieser Brainstorming-Vorlage k\u00f6nnen Sie sich verschiedene Fragen und Gedanken ausdenken.<\/p>\n","protected":false},"featured_media":26546,"template":"","meta":{"_acf_changed":false,"inline_featured_image":false},"product_brand":[],"product_cat":[171,191],"product_tag":[],"class_list":{"0":"post-58828","1":"product","2":"type-product","3":"status-publish","4":"has-post-thumbnail","6":"product_cat-marketing","7":"product_cat-project-management","8":"collections-team","10":"first","11":"instock","12":"virtual","13":"sold-individually","14":"product-type-simple"},"acf":[],"yoast_head":"<!-- This site is optimized with the Yoast SEO plugin v25.3.1 - https:\/\/yoast.com\/wordpress\/plugins\/seo\/ -->\n<title>Brainstorming Vorlage Vorlage - Sales AI Agents<\/title>\n<meta name=\"description\" content=\"Brainstorming schafft einen Ideenfluss zur L\u00f6sung eines Problems oder einer Frage. Mit dieser Brainstorming-Vorlage k\u00f6nnen Sie sich verschiedene Fragen und Gedanken ausdenken.\" \/>\n<meta name=\"robots\" content=\"index, follow, max-snippet:-1, max-image-preview:large, max-video-preview:-1\" \/>\n<link rel=\"canonical\" href=\"https:\/\/sales-ai-agents.com\/de\/templates\/brainstorming\/\" \/>\n<meta property=\"og:locale\" content=\"de_DE\" \/>\n<meta property=\"og:type\" content=\"article\" \/>\n<meta property=\"og:title\" content=\"Brainstorming Vorlage Vorlage - Sales AI Agents\" \/>\n<meta property=\"og:description\" content=\"Brainstorming schafft einen Ideenfluss zur L\u00f6sung eines Problems oder einer Frage. Mit dieser Brainstorming-Vorlage k\u00f6nnen Sie sich verschiedene Fragen und Gedanken ausdenken.\" \/>\n<meta property=\"og:url\" content=\"https:\/\/sales-ai-agents.com\/de\/templates\/brainstorming\/\" \/>\n<meta property=\"og:site_name\" content=\"Sales AI Agents\" \/>\n<meta property=\"article:modified_time\" content=\"2023-12-27T14:57:05+00:00\" \/>\n<meta property=\"og:image\" content=\"https:\/\/sales-ai-agents.com\/wp-content\/uploads\/2022\/09\/Brainstorming-Template.png\" \/>\n\t<meta property=\"og:image:width\" content=\"1700\" \/>\n\t<meta property=\"og:image:height\" content=\"1100\" \/>\n\t<meta property=\"og:image:type\" content=\"image\/png\" \/>\n<meta name=\"twitter:card\" content=\"summary_large_image\" \/>\n<script type=\"application\/ld+json\" class=\"yoast-schema-graph\">{\"@context\":\"https:\/\/schema.org\",\"@graph\":[{\"@type\":\"WebPage\",\"@id\":\"https:\/\/sales-ai-agents.com\/de\/templates\/brainstorming\/\",\"url\":\"https:\/\/sales-ai-agents.com\/de\/templates\/brainstorming\/\",\"name\":\"Brainstorming Vorlage Vorlage - Sales AI Agents\",\"isPartOf\":{\"@id\":\"https:\/\/sales-ai-agents.com\/#website\"},\"primaryImageOfPage\":{\"@id\":\"https:\/\/sales-ai-agents.com\/de\/templates\/brainstorming\/#primaryimage\"},\"image\":{\"@id\":\"https:\/\/sales-ai-agents.com\/de\/templates\/brainstorming\/#primaryimage\"},\"thumbnailUrl\":\"https:\/\/sales-ai-agents.com\/wp-content\/uploads\/2022\/09\/Brainstorming-Template.png\",\"datePublished\":\"2022-09-23T13:47:47+00:00\",\"dateModified\":\"2023-12-27T14:57:05+00:00\",\"description\":\"Brainstorming schafft einen Ideenfluss zur L\u00f6sung eines Problems oder einer Frage. Mit dieser Brainstorming-Vorlage k\u00f6nnen Sie sich verschiedene Fragen und Gedanken ausdenken.\",\"inLanguage\":\"de-DE\",\"potentialAction\":[{\"@type\":\"ReadAction\",\"target\":[\"https:\/\/sales-ai-agents.com\/de\/templates\/brainstorming\/\"]}]},{\"@type\":\"ImageObject\",\"inLanguage\":\"de-DE\",\"@id\":\"https:\/\/sales-ai-agents.com\/de\/templates\/brainstorming\/#primaryimage\",\"url\":\"https:\/\/sales-ai-agents.com\/wp-content\/uploads\/2022\/09\/Brainstorming-Template.png\",\"contentUrl\":\"https:\/\/sales-ai-agents.com\/wp-content\/uploads\/2022\/09\/Brainstorming-Template.png\",\"width\":1700,\"height\":1100,\"caption\":\"With this brainstorming template, you can come up with different questions and thoughts.\"},{\"@type\":\"WebSite\",\"@id\":\"https:\/\/sales-ai-agents.com\/#website\",\"url\":\"https:\/\/sales-ai-agents.com\/\",\"name\":\"FuseBase\",\"description\":\"Nimbus Platform - Free Online Collaboration Software for Remote Teams. Build your wikis, client portals and more with the Nimbus Platform collaboration tool ? A perfect space for online work\",\"publisher\":{\"@id\":\"https:\/\/sales-ai-agents.com\/#organization\"},\"potentialAction\":[{\"@type\":\"SearchAction\",\"target\":{\"@type\":\"EntryPoint\",\"urlTemplate\":\"https:\/\/sales-ai-agents.com\/?s={search_term_string}\"},\"query-input\":{\"@type\":\"PropertyValueSpecification\",\"valueRequired\":true,\"valueName\":\"search_term_string\"}}],\"inLanguage\":\"de-DE\"},{\"@type\":\"Organization\",\"@id\":\"https:\/\/sales-ai-agents.com\/#organization\",\"name\":\"FuseBase\",\"url\":\"https:\/\/sales-ai-agents.com\/\",\"logo\":{\"@type\":\"ImageObject\",\"inLanguage\":\"de-DE\",\"@id\":\"https:\/\/sales-ai-agents.com\/#\/schema\/logo\/image\/\",\"url\":\"https:\/\/sales-ai-agents.com\/wp-content\/uploads\/2023\/11\/icon-7.svg\",\"contentUrl\":\"https:\/\/sales-ai-agents.com\/wp-content\/uploads\/2023\/11\/icon-7.svg\",\"width\":128,\"height\":128,\"caption\":\"FuseBase\"},\"image\":{\"@id\":\"https:\/\/sales-ai-agents.com\/#\/schema\/logo\/image\/\"}}]}<\/script>\n<!-- \/ Yoast SEO plugin. -->","yoast_head_json":{"title":"Brainstorming Vorlage Vorlage - Sales AI Agents","description":"Brainstorming schafft einen Ideenfluss zur L\u00f6sung eines Problems oder einer Frage. Mit dieser Brainstorming-Vorlage k\u00f6nnen Sie sich verschiedene Fragen und Gedanken ausdenken.","robots":{"index":"index","follow":"follow","max-snippet":"max-snippet:-1","max-image-preview":"max-image-preview:large","max-video-preview":"max-video-preview:-1"},"canonical":"https:\/\/sales-ai-agents.com\/de\/templates\/brainstorming\/","og_locale":"de_DE","og_type":"article","og_title":"Brainstorming Vorlage Vorlage - Sales AI Agents","og_description":"Brainstorming schafft einen Ideenfluss zur L\u00f6sung eines Problems oder einer Frage. Mit dieser Brainstorming-Vorlage k\u00f6nnen Sie sich verschiedene Fragen und Gedanken ausdenken.","og_url":"https:\/\/sales-ai-agents.com\/de\/templates\/brainstorming\/","og_site_name":"Sales AI Agents","article_modified_time":"2023-12-27T14:57:05+00:00","og_image":[{"width":1700,"height":1100,"url":"https:\/\/sales-ai-agents.com\/wp-content\/uploads\/2022\/09\/Brainstorming-Template.png","type":"image\/png"}],"twitter_card":"summary_large_image","schema":{"@context":"https:\/\/schema.org","@graph":[{"@type":"WebPage","@id":"https:\/\/sales-ai-agents.com\/de\/templates\/brainstorming\/","url":"https:\/\/sales-ai-agents.com\/de\/templates\/brainstorming\/","name":"Brainstorming Vorlage Vorlage - Sales AI Agents","isPartOf":{"@id":"https:\/\/sales-ai-agents.com\/#website"},"primaryImageOfPage":{"@id":"https:\/\/sales-ai-agents.com\/de\/templates\/brainstorming\/#primaryimage"},"image":{"@id":"https:\/\/sales-ai-agents.com\/de\/templates\/brainstorming\/#primaryimage"},"thumbnailUrl":"https:\/\/sales-ai-agents.com\/wp-content\/uploads\/2022\/09\/Brainstorming-Template.png","datePublished":"2022-09-23T13:47:47+00:00","dateModified":"2023-12-27T14:57:05+00:00","description":"Brainstorming schafft einen Ideenfluss zur L\u00f6sung eines Problems oder einer Frage. Mit dieser Brainstorming-Vorlage k\u00f6nnen Sie sich verschiedene Fragen und Gedanken ausdenken.","inLanguage":"de-DE","potentialAction":[{"@type":"ReadAction","target":["https:\/\/sales-ai-agents.com\/de\/templates\/brainstorming\/"]}]},{"@type":"ImageObject","inLanguage":"de-DE","@id":"https:\/\/sales-ai-agents.com\/de\/templates\/brainstorming\/#primaryimage","url":"https:\/\/sales-ai-agents.com\/wp-content\/uploads\/2022\/09\/Brainstorming-Template.png","contentUrl":"https:\/\/sales-ai-agents.com\/wp-content\/uploads\/2022\/09\/Brainstorming-Template.png","width":1700,"height":1100,"caption":"With this brainstorming template, you can come up with different questions and thoughts."},{"@type":"WebSite","@id":"https:\/\/sales-ai-agents.com\/#website","url":"https:\/\/sales-ai-agents.com\/","name":"FuseBase","description":"Nimbus Platform - Free Online Collaboration Software for Remote Teams. Build your wikis, client portals and more with the Nimbus Platform collaboration tool ? A perfect space for online work","publisher":{"@id":"https:\/\/sales-ai-agents.com\/#organization"},"potentialAction":[{"@type":"SearchAction","target":{"@type":"EntryPoint","urlTemplate":"https:\/\/sales-ai-agents.com\/?s={search_term_string}"},"query-input":{"@type":"PropertyValueSpecification","valueRequired":true,"valueName":"search_term_string"}}],"inLanguage":"de-DE"},{"@type":"Organization","@id":"https:\/\/sales-ai-agents.com\/#organization","name":"FuseBase","url":"https:\/\/sales-ai-agents.com\/","logo":{"@type":"ImageObject","inLanguage":"de-DE","@id":"https:\/\/sales-ai-agents.com\/#\/schema\/logo\/image\/","url":"https:\/\/sales-ai-agents.com\/wp-content\/uploads\/2023\/11\/icon-7.svg","contentUrl":"https:\/\/sales-ai-agents.com\/wp-content\/uploads\/2023\/11\/icon-7.svg","width":128,"height":128,"caption":"FuseBase"},"image":{"@id":"https:\/\/sales-ai-agents.com\/#\/schema\/logo\/image\/"}}]}},"_links":{"self":[{"href":"https:\/\/sales-ai-agents.com\/de\/wp-json\/wp\/v2\/product\/58828","targetHints":{"allow":["GET"]}}],"collection":[{"href":"https:\/\/sales-ai-agents.com\/de\/wp-json\/wp\/v2\/product"}],"about":[{"href":"https:\/\/sales-ai-agents.com\/de\/wp-json\/wp\/v2\/types\/product"}],"wp:featuredmedia":[{"embeddable":true,"href":"https:\/\/sales-ai-agents.com\/de\/wp-json\/wp\/v2\/media\/26546"}],"wp:attachment":[{"href":"https:\/\/sales-ai-agents.com\/de\/wp-json\/wp\/v2\/media?parent=58828"}],"wp:term":[{"taxonomy":"product_brand","embeddable":true,"href":"https:\/\/sales-ai-agents.com\/de\/wp-json\/wp\/v2\/product_brand?post=58828"},{"taxonomy":"product_cat","embeddable":true,"href":"https:\/\/sales-ai-agents.com\/de\/wp-json\/wp\/v2\/product_cat?post=58828"},{"taxonomy":"product_tag","embeddable":true,"href":"https:\/\/sales-ai-agents.com\/de\/wp-json\/wp\/v2\/product_tag?post=58828"}],"curies":[{"name":"wp","href":"https:\/\/api.w.org\/{rel}","templated":true}]}}