{"id":58831,"date":"2022-09-23T13:47:41","date_gmt":"2022-09-23T13:47:41","guid":{"rendered":"https:\/\/sales-ai-agents.com\/templates\/onboarding-process\/"},"modified":"2023-12-26T21:00:50","modified_gmt":"2023-12-26T21:00:50","slug":"onboarding-process","status":"publish","type":"product","link":"https:\/\/sales-ai-agents.com\/de\/templates\/onboarding-process\/","title":{"rendered":"Onboarding-Prozess"},"content":{"rendered":"<p>&nbsp;<\/p>\n<h2>Onboarding-Prozess-Vorlage<\/h2>\n<p class=\"desc-text\">Das Onboarding umfasst viele Schritte. Es kann rund drei Monate dauern, bis sich ein neuer Mitarbeiter im Unternehmen eingelebt hat. Stellen Sie mit dieser Checkliste sicher, dass Sie keine wichtigen Aufgaben \u00fcbersehen. Sie listet wichtige Ma\u00dfnahmen auf, angefangen beim ersten Stellenangebot bis hin zu den ersten drei Monaten am Arbeitsplatz. Die Tabelle ist farblich gekennzeichnet, damit Sie die einzelnen Abschnitte leichter erkennen k\u00f6nnen.<\/p>\n<h5>So verwenden Sie to:<\/h5>\n<ul class=\"desc-item_list\">\n<li class=\"desc-item_list__point\">Auflistung wichtiger Schritte beim Onboarding<\/li>\n<li class=\"desc-item_list__point\">Aktionen vor dem Starttermin einbeziehen<\/li>\n<li class=\"desc-item_list__point\">Schritte von der ersten Woche bis zu den ersten drei Monaten hinzuf\u00fcgen<\/li>\n<li class=\"desc-item_list__point\">Erledigte Punkte abhaken<\/li>\n<\/ul>\n","protected":false},"excerpt":{"rendered":"<p>Das Onboarding umfasst viele Schritte. Stellen Sie mit dieser kostenlosen Checkliste sicher, dass Sie keine wichtigen Aufgaben \u00fcbersehen, einschlie\u00dflich Ma\u00dfnahmen vor dem Startdatum, Aufgaben und mehr.<\/p>\n","protected":false},"featured_media":20261,"template":"","meta":{"_acf_changed":false,"inline_featured_image":false},"product_brand":[],"product_cat":[178],"product_tag":[],"class_list":{"0":"post-58831","1":"product","2":"type-product","3":"status-publish","4":"has-post-thumbnail","6":"product_cat-operations-hr","8":"first","9":"instock","10":"virtual","11":"sold-individually","12":"product-type-simple"},"acf":[],"yoast_head":"<!-- This site is optimized with the Yoast SEO plugin v25.3.1 - https:\/\/yoast.com\/wordpress\/plugins\/seo\/ -->\n<title>Onboarding-Prozess-Vorlage - Sales AI Agents<\/title>\n<meta name=\"description\" content=\"Das Onboarding umfasst viele Schritte. Stellen Sie mit dieser kostenlosen Checkliste sicher, dass Sie keine wichtigen Aufgaben \u00fcbersehen, einschlie\u00dflich Ma\u00dfnahmen vor dem Startdatum und Aufgaben.\" \/>\n<meta name=\"robots\" content=\"index, follow, max-snippet:-1, max-image-preview:large, max-video-preview:-1\" \/>\n<link rel=\"canonical\" href=\"https:\/\/sales-ai-agents.com\/de\/templates\/onboarding-process\/\" \/>\n<meta property=\"og:locale\" content=\"de_DE\" \/>\n<meta property=\"og:type\" content=\"article\" \/>\n<meta property=\"og:title\" content=\"Onboarding-Prozess-Vorlage - Sales AI Agents\" \/>\n<meta property=\"og:description\" content=\"Das Onboarding umfasst viele Schritte. Stellen Sie mit dieser kostenlosen Checkliste sicher, dass Sie keine wichtigen Aufgaben \u00fcbersehen, einschlie\u00dflich Ma\u00dfnahmen vor dem Startdatum und Aufgaben.\" \/>\n<meta property=\"og:url\" content=\"https:\/\/sales-ai-agents.com\/de\/templates\/onboarding-process\/\" \/>\n<meta property=\"og:site_name\" content=\"Sales AI Agents\" \/>\n<meta property=\"article:modified_time\" content=\"2023-12-26T21:00:50+00:00\" \/>\n<meta property=\"og:image\" content=\"https:\/\/sales-ai-agents.com\/wp-content\/uploads\/2023\/01\/image-preview114410.png\" \/>\n\t<meta property=\"og:image:width\" content=\"1078\" \/>\n\t<meta property=\"og:image:height\" content=\"760\" \/>\n\t<meta property=\"og:image:type\" content=\"image\/png\" \/>\n<meta name=\"twitter:card\" content=\"summary_large_image\" \/>\n<script type=\"application\/ld+json\" class=\"yoast-schema-graph\">{\"@context\":\"https:\/\/schema.org\",\"@graph\":[{\"@type\":\"WebPage\",\"@id\":\"https:\/\/sales-ai-agents.com\/de\/templates\/onboarding-process\/\",\"url\":\"https:\/\/sales-ai-agents.com\/de\/templates\/onboarding-process\/\",\"name\":\"Onboarding-Prozess-Vorlage - Sales AI Agents\",\"isPartOf\":{\"@id\":\"https:\/\/sales-ai-agents.com\/#website\"},\"primaryImageOfPage\":{\"@id\":\"https:\/\/sales-ai-agents.com\/de\/templates\/onboarding-process\/#primaryimage\"},\"image\":{\"@id\":\"https:\/\/sales-ai-agents.com\/de\/templates\/onboarding-process\/#primaryimage\"},\"thumbnailUrl\":\"https:\/\/sales-ai-agents.com\/wp-content\/uploads\/2023\/01\/image-preview114410.png\",\"datePublished\":\"2022-09-23T13:47:41+00:00\",\"dateModified\":\"2023-12-26T21:00:50+00:00\",\"description\":\"Das Onboarding umfasst viele Schritte. Stellen Sie mit dieser kostenlosen Checkliste sicher, dass Sie keine wichtigen Aufgaben \u00fcbersehen, einschlie\u00dflich Ma\u00dfnahmen vor dem Startdatum und Aufgaben.\",\"inLanguage\":\"de-DE\",\"potentialAction\":[{\"@type\":\"ReadAction\",\"target\":[\"https:\/\/sales-ai-agents.com\/de\/templates\/onboarding-process\/\"]}]},{\"@type\":\"ImageObject\",\"inLanguage\":\"de-DE\",\"@id\":\"https:\/\/sales-ai-agents.com\/de\/templates\/onboarding-process\/#primaryimage\",\"url\":\"https:\/\/sales-ai-agents.com\/wp-content\/uploads\/2023\/01\/image-preview114410.png\",\"contentUrl\":\"https:\/\/sales-ai-agents.com\/wp-content\/uploads\/2023\/01\/image-preview114410.png\",\"width\":1078,\"height\":760,\"caption\":\"Onboarding Process Template - Nimbus Platform\"},{\"@type\":\"WebSite\",\"@id\":\"https:\/\/sales-ai-agents.com\/#website\",\"url\":\"https:\/\/sales-ai-agents.com\/\",\"name\":\"FuseBase\",\"description\":\"Nimbus Platform - Free Online Collaboration Software for Remote Teams. Build your wikis, client portals and more with the Nimbus Platform collaboration tool ? A perfect space for online work\",\"publisher\":{\"@id\":\"https:\/\/sales-ai-agents.com\/#organization\"},\"potentialAction\":[{\"@type\":\"SearchAction\",\"target\":{\"@type\":\"EntryPoint\",\"urlTemplate\":\"https:\/\/sales-ai-agents.com\/?s={search_term_string}\"},\"query-input\":{\"@type\":\"PropertyValueSpecification\",\"valueRequired\":true,\"valueName\":\"search_term_string\"}}],\"inLanguage\":\"de-DE\"},{\"@type\":\"Organization\",\"@id\":\"https:\/\/sales-ai-agents.com\/#organization\",\"name\":\"FuseBase\",\"url\":\"https:\/\/sales-ai-agents.com\/\",\"logo\":{\"@type\":\"ImageObject\",\"inLanguage\":\"de-DE\",\"@id\":\"https:\/\/sales-ai-agents.com\/#\/schema\/logo\/image\/\",\"url\":\"https:\/\/sales-ai-agents.com\/wp-content\/uploads\/2023\/11\/icon-7.svg\",\"contentUrl\":\"https:\/\/sales-ai-agents.com\/wp-content\/uploads\/2023\/11\/icon-7.svg\",\"width\":128,\"height\":128,\"caption\":\"FuseBase\"},\"image\":{\"@id\":\"https:\/\/sales-ai-agents.com\/#\/schema\/logo\/image\/\"}}]}<\/script>\n<!-- \/ Yoast SEO plugin. -->","yoast_head_json":{"title":"Onboarding-Prozess-Vorlage - Sales AI Agents","description":"Das Onboarding umfasst viele Schritte. Stellen Sie mit dieser kostenlosen Checkliste sicher, dass Sie keine wichtigen Aufgaben \u00fcbersehen, einschlie\u00dflich Ma\u00dfnahmen vor dem Startdatum und Aufgaben.","robots":{"index":"index","follow":"follow","max-snippet":"max-snippet:-1","max-image-preview":"max-image-preview:large","max-video-preview":"max-video-preview:-1"},"canonical":"https:\/\/sales-ai-agents.com\/de\/templates\/onboarding-process\/","og_locale":"de_DE","og_type":"article","og_title":"Onboarding-Prozess-Vorlage - Sales AI Agents","og_description":"Das Onboarding umfasst viele Schritte. Stellen Sie mit dieser kostenlosen Checkliste sicher, dass Sie keine wichtigen Aufgaben \u00fcbersehen, einschlie\u00dflich Ma\u00dfnahmen vor dem Startdatum und Aufgaben.","og_url":"https:\/\/sales-ai-agents.com\/de\/templates\/onboarding-process\/","og_site_name":"Sales AI Agents","article_modified_time":"2023-12-26T21:00:50+00:00","og_image":[{"width":1078,"height":760,"url":"https:\/\/sales-ai-agents.com\/wp-content\/uploads\/2023\/01\/image-preview114410.png","type":"image\/png"}],"twitter_card":"summary_large_image","schema":{"@context":"https:\/\/schema.org","@graph":[{"@type":"WebPage","@id":"https:\/\/sales-ai-agents.com\/de\/templates\/onboarding-process\/","url":"https:\/\/sales-ai-agents.com\/de\/templates\/onboarding-process\/","name":"Onboarding-Prozess-Vorlage - Sales AI Agents","isPartOf":{"@id":"https:\/\/sales-ai-agents.com\/#website"},"primaryImageOfPage":{"@id":"https:\/\/sales-ai-agents.com\/de\/templates\/onboarding-process\/#primaryimage"},"image":{"@id":"https:\/\/sales-ai-agents.com\/de\/templates\/onboarding-process\/#primaryimage"},"thumbnailUrl":"https:\/\/sales-ai-agents.com\/wp-content\/uploads\/2023\/01\/image-preview114410.png","datePublished":"2022-09-23T13:47:41+00:00","dateModified":"2023-12-26T21:00:50+00:00","description":"Das Onboarding umfasst viele Schritte. Stellen Sie mit dieser kostenlosen Checkliste sicher, dass Sie keine wichtigen Aufgaben \u00fcbersehen, einschlie\u00dflich Ma\u00dfnahmen vor dem Startdatum und Aufgaben.","inLanguage":"de-DE","potentialAction":[{"@type":"ReadAction","target":["https:\/\/sales-ai-agents.com\/de\/templates\/onboarding-process\/"]}]},{"@type":"ImageObject","inLanguage":"de-DE","@id":"https:\/\/sales-ai-agents.com\/de\/templates\/onboarding-process\/#primaryimage","url":"https:\/\/sales-ai-agents.com\/wp-content\/uploads\/2023\/01\/image-preview114410.png","contentUrl":"https:\/\/sales-ai-agents.com\/wp-content\/uploads\/2023\/01\/image-preview114410.png","width":1078,"height":760,"caption":"Onboarding Process Template - Nimbus Platform"},{"@type":"WebSite","@id":"https:\/\/sales-ai-agents.com\/#website","url":"https:\/\/sales-ai-agents.com\/","name":"FuseBase","description":"Nimbus Platform - Free Online Collaboration Software for Remote Teams. Build your wikis, client portals and more with the Nimbus Platform collaboration tool ? A perfect space for online work","publisher":{"@id":"https:\/\/sales-ai-agents.com\/#organization"},"potentialAction":[{"@type":"SearchAction","target":{"@type":"EntryPoint","urlTemplate":"https:\/\/sales-ai-agents.com\/?s={search_term_string}"},"query-input":{"@type":"PropertyValueSpecification","valueRequired":true,"valueName":"search_term_string"}}],"inLanguage":"de-DE"},{"@type":"Organization","@id":"https:\/\/sales-ai-agents.com\/#organization","name":"FuseBase","url":"https:\/\/sales-ai-agents.com\/","logo":{"@type":"ImageObject","inLanguage":"de-DE","@id":"https:\/\/sales-ai-agents.com\/#\/schema\/logo\/image\/","url":"https:\/\/sales-ai-agents.com\/wp-content\/uploads\/2023\/11\/icon-7.svg","contentUrl":"https:\/\/sales-ai-agents.com\/wp-content\/uploads\/2023\/11\/icon-7.svg","width":128,"height":128,"caption":"FuseBase"},"image":{"@id":"https:\/\/sales-ai-agents.com\/#\/schema\/logo\/image\/"}}]}},"_links":{"self":[{"href":"https:\/\/sales-ai-agents.com\/de\/wp-json\/wp\/v2\/product\/58831","targetHints":{"allow":["GET"]}}],"collection":[{"href":"https:\/\/sales-ai-agents.com\/de\/wp-json\/wp\/v2\/product"}],"about":[{"href":"https:\/\/sales-ai-agents.com\/de\/wp-json\/wp\/v2\/types\/product"}],"wp:featuredmedia":[{"embeddable":true,"href":"https:\/\/sales-ai-agents.com\/de\/wp-json\/wp\/v2\/media\/20261"}],"wp:attachment":[{"href":"https:\/\/sales-ai-agents.com\/de\/wp-json\/wp\/v2\/media?parent=58831"}],"wp:term":[{"taxonomy":"product_brand","embeddable":true,"href":"https:\/\/sales-ai-agents.com\/de\/wp-json\/wp\/v2\/product_brand?post=58831"},{"taxonomy":"product_cat","embeddable":true,"href":"https:\/\/sales-ai-agents.com\/de\/wp-json\/wp\/v2\/product_cat?post=58831"},{"taxonomy":"product_tag","embeddable":true,"href":"https:\/\/sales-ai-agents.com\/de\/wp-json\/wp\/v2\/product_tag?post=58831"}],"curies":[{"name":"wp","href":"https:\/\/api.w.org\/{rel}","templated":true}]}}