{"id":58845,"date":"2022-09-23T13:47:30","date_gmt":"2022-09-23T13:47:30","guid":{"rendered":"https:\/\/sales-ai-agents.com\/templates\/passwords\/"},"modified":"2023-12-26T14:53:20","modified_gmt":"2023-12-26T14:53:20","slug":"passwords","status":"publish","type":"product","link":"https:\/\/sales-ai-agents.com\/de\/templates\/passwords\/","title":{"rendered":"Passw\u00f6rter"},"content":{"rendered":"<p>&nbsp;<\/p>\n<h2>Passw\u00f6rter Vorlage<\/h2>\n<p class=\"desc-text\">Verwalten Sie mehrere Konten und Profile? Verlassen Sie sich nicht allein auf Ihr Ged\u00e4chtnis, um sich wichtige Passw\u00f6rter und Benutzernamen zu merken. Verwenden Sie diese Vorlage, um den \u00dcberblick \u00fcber Ihre Informationen zu behalten. Kontrollieren Sie den Zugriff auf diese Vorlage, damit Ihre sensiblen Daten nur f\u00fcr Sie zug\u00e4nglich sind. Lassen Sie sich nicht mehr von Konten aussperren und organisieren Sie Ihre Informationen an einem sicheren Ort.<\/p>\n<h5>Wie zu verwenden:<\/h5>\n<ul class=\"desc-item_list\">\n<li class=\"desc-item_list__point\">Tabellen f\u00fcr jedes einzelne Konto verwenden<\/li>\n<li class=\"desc-item_list__point\">Benutzernamen und Passw\u00f6rter hinzuf\u00fcgen<\/li>\n<li class=\"desc-item_list__point\">Link zur Website und zu den Anmeldeseiten<\/li>\n<li class=\"desc-item_list__point\">Schreiben Sie die mit jeder Anmeldung verbundene E-Mail<\/li>\n<li class=\"desc-item_list__point\">Notizen hinzuf\u00fcgen, falls erforderlich<\/li>\n<\/ul>\n","protected":false},"excerpt":{"rendered":"<p>Verlassen Sie sich nicht allein auf Ihr Ged\u00e4chtnis, um sich wichtige Passw\u00f6rter und Benutzernamen zu merken. Verwenden Sie diese Vorlage, um den \u00dcberblick \u00fcber Ihre Informationen zu behalten und sich bei Ihren Konten anzumelden.<\/p>\n","protected":false},"featured_media":20327,"template":"","meta":{"_acf_changed":false,"inline_featured_image":false},"product_brand":[],"product_cat":[179,180],"product_tag":[],"class_list":{"0":"post-58845","1":"product","2":"type-product","3":"status-publish","4":"has-post-thumbnail","6":"product_cat-organizers-planners","7":"product_cat-personal","9":"first","10":"instock","11":"virtual","12":"sold-individually","13":"product-type-simple"},"acf":[],"yoast_head":"<!-- This site is optimized with the Yoast SEO plugin v25.3.1 - https:\/\/yoast.com\/wordpress\/plugins\/seo\/ -->\n<title>Passw\u00f6rter Vorlage - Sales AI Agents<\/title>\n<meta name=\"description\" content=\"Verlassen Sie sich nicht allein auf Ihr Ged\u00e4chtnis, um sich wichtige Passw\u00f6rter und Benutzernamen zu merken. Verwenden Sie diese Vorlage, um den \u00dcberblick \u00fcber Ihre Informationen zu behalten!\" \/>\n<meta name=\"robots\" content=\"index, follow, max-snippet:-1, max-image-preview:large, max-video-preview:-1\" \/>\n<link rel=\"canonical\" href=\"https:\/\/sales-ai-agents.com\/de\/templates\/passwords\/\" \/>\n<meta property=\"og:locale\" content=\"de_DE\" \/>\n<meta property=\"og:type\" content=\"article\" \/>\n<meta property=\"og:title\" content=\"Passw\u00f6rter Vorlage - Sales AI Agents\" \/>\n<meta property=\"og:description\" content=\"Verlassen Sie sich nicht allein auf Ihr Ged\u00e4chtnis, um sich wichtige Passw\u00f6rter und Benutzernamen zu merken. Verwenden Sie diese Vorlage, um den \u00dcberblick \u00fcber Ihre Informationen zu behalten!\" \/>\n<meta property=\"og:url\" content=\"https:\/\/sales-ai-agents.com\/de\/templates\/passwords\/\" \/>\n<meta property=\"og:site_name\" content=\"Sales AI Agents\" \/>\n<meta property=\"article:modified_time\" content=\"2023-12-26T14:53:20+00:00\" \/>\n<meta property=\"og:image\" content=\"https:\/\/sales-ai-agents.com\/wp-content\/uploads\/2023\/01\/image-preview115555.png\" \/>\n\t<meta property=\"og:image:width\" content=\"1078\" \/>\n\t<meta property=\"og:image:height\" content=\"893\" \/>\n\t<meta property=\"og:image:type\" content=\"image\/png\" \/>\n<meta name=\"twitter:card\" content=\"summary_large_image\" \/>\n<script type=\"application\/ld+json\" class=\"yoast-schema-graph\">{\"@context\":\"https:\/\/schema.org\",\"@graph\":[{\"@type\":\"WebPage\",\"@id\":\"https:\/\/sales-ai-agents.com\/de\/templates\/passwords\/\",\"url\":\"https:\/\/sales-ai-agents.com\/de\/templates\/passwords\/\",\"name\":\"Passw\u00f6rter Vorlage - Sales AI Agents\",\"isPartOf\":{\"@id\":\"https:\/\/sales-ai-agents.com\/#website\"},\"primaryImageOfPage\":{\"@id\":\"https:\/\/sales-ai-agents.com\/de\/templates\/passwords\/#primaryimage\"},\"image\":{\"@id\":\"https:\/\/sales-ai-agents.com\/de\/templates\/passwords\/#primaryimage\"},\"thumbnailUrl\":\"https:\/\/sales-ai-agents.com\/wp-content\/uploads\/2023\/01\/image-preview115555.png\",\"datePublished\":\"2022-09-23T13:47:30+00:00\",\"dateModified\":\"2023-12-26T14:53:20+00:00\",\"description\":\"Verlassen Sie sich nicht allein auf Ihr Ged\u00e4chtnis, um sich wichtige Passw\u00f6rter und Benutzernamen zu merken. Verwenden Sie diese Vorlage, um den \u00dcberblick \u00fcber Ihre Informationen zu behalten!\",\"inLanguage\":\"de-DE\",\"potentialAction\":[{\"@type\":\"ReadAction\",\"target\":[\"https:\/\/sales-ai-agents.com\/de\/templates\/passwords\/\"]}]},{\"@type\":\"ImageObject\",\"inLanguage\":\"de-DE\",\"@id\":\"https:\/\/sales-ai-agents.com\/de\/templates\/passwords\/#primaryimage\",\"url\":\"https:\/\/sales-ai-agents.com\/wp-content\/uploads\/2023\/01\/image-preview115555.png\",\"contentUrl\":\"https:\/\/sales-ai-agents.com\/wp-content\/uploads\/2023\/01\/image-preview115555.png\",\"width\":1078,\"height\":893,\"caption\":\"Passwords Template - Nimbus Platform\"},{\"@type\":\"WebSite\",\"@id\":\"https:\/\/sales-ai-agents.com\/#website\",\"url\":\"https:\/\/sales-ai-agents.com\/\",\"name\":\"FuseBase\",\"description\":\"Nimbus Platform - Free Online Collaboration Software for Remote Teams. Build your wikis, client portals and more with the Nimbus Platform collaboration tool ? A perfect space for online work\",\"publisher\":{\"@id\":\"https:\/\/sales-ai-agents.com\/#organization\"},\"potentialAction\":[{\"@type\":\"SearchAction\",\"target\":{\"@type\":\"EntryPoint\",\"urlTemplate\":\"https:\/\/sales-ai-agents.com\/?s={search_term_string}\"},\"query-input\":{\"@type\":\"PropertyValueSpecification\",\"valueRequired\":true,\"valueName\":\"search_term_string\"}}],\"inLanguage\":\"de-DE\"},{\"@type\":\"Organization\",\"@id\":\"https:\/\/sales-ai-agents.com\/#organization\",\"name\":\"FuseBase\",\"url\":\"https:\/\/sales-ai-agents.com\/\",\"logo\":{\"@type\":\"ImageObject\",\"inLanguage\":\"de-DE\",\"@id\":\"https:\/\/sales-ai-agents.com\/#\/schema\/logo\/image\/\",\"url\":\"https:\/\/sales-ai-agents.com\/wp-content\/uploads\/2023\/11\/icon-7.svg\",\"contentUrl\":\"https:\/\/sales-ai-agents.com\/wp-content\/uploads\/2023\/11\/icon-7.svg\",\"width\":128,\"height\":128,\"caption\":\"FuseBase\"},\"image\":{\"@id\":\"https:\/\/sales-ai-agents.com\/#\/schema\/logo\/image\/\"}}]}<\/script>\n<!-- \/ Yoast SEO plugin. -->","yoast_head_json":{"title":"Passw\u00f6rter Vorlage - Sales AI Agents","description":"Verlassen Sie sich nicht allein auf Ihr Ged\u00e4chtnis, um sich wichtige Passw\u00f6rter und Benutzernamen zu merken. Verwenden Sie diese Vorlage, um den \u00dcberblick \u00fcber Ihre Informationen zu behalten!","robots":{"index":"index","follow":"follow","max-snippet":"max-snippet:-1","max-image-preview":"max-image-preview:large","max-video-preview":"max-video-preview:-1"},"canonical":"https:\/\/sales-ai-agents.com\/de\/templates\/passwords\/","og_locale":"de_DE","og_type":"article","og_title":"Passw\u00f6rter Vorlage - Sales AI Agents","og_description":"Verlassen Sie sich nicht allein auf Ihr Ged\u00e4chtnis, um sich wichtige Passw\u00f6rter und Benutzernamen zu merken. Verwenden Sie diese Vorlage, um den \u00dcberblick \u00fcber Ihre Informationen zu behalten!","og_url":"https:\/\/sales-ai-agents.com\/de\/templates\/passwords\/","og_site_name":"Sales AI Agents","article_modified_time":"2023-12-26T14:53:20+00:00","og_image":[{"width":1078,"height":893,"url":"https:\/\/sales-ai-agents.com\/wp-content\/uploads\/2023\/01\/image-preview115555.png","type":"image\/png"}],"twitter_card":"summary_large_image","schema":{"@context":"https:\/\/schema.org","@graph":[{"@type":"WebPage","@id":"https:\/\/sales-ai-agents.com\/de\/templates\/passwords\/","url":"https:\/\/sales-ai-agents.com\/de\/templates\/passwords\/","name":"Passw\u00f6rter Vorlage - Sales AI Agents","isPartOf":{"@id":"https:\/\/sales-ai-agents.com\/#website"},"primaryImageOfPage":{"@id":"https:\/\/sales-ai-agents.com\/de\/templates\/passwords\/#primaryimage"},"image":{"@id":"https:\/\/sales-ai-agents.com\/de\/templates\/passwords\/#primaryimage"},"thumbnailUrl":"https:\/\/sales-ai-agents.com\/wp-content\/uploads\/2023\/01\/image-preview115555.png","datePublished":"2022-09-23T13:47:30+00:00","dateModified":"2023-12-26T14:53:20+00:00","description":"Verlassen Sie sich nicht allein auf Ihr Ged\u00e4chtnis, um sich wichtige Passw\u00f6rter und Benutzernamen zu merken. Verwenden Sie diese Vorlage, um den \u00dcberblick \u00fcber Ihre Informationen zu behalten!","inLanguage":"de-DE","potentialAction":[{"@type":"ReadAction","target":["https:\/\/sales-ai-agents.com\/de\/templates\/passwords\/"]}]},{"@type":"ImageObject","inLanguage":"de-DE","@id":"https:\/\/sales-ai-agents.com\/de\/templates\/passwords\/#primaryimage","url":"https:\/\/sales-ai-agents.com\/wp-content\/uploads\/2023\/01\/image-preview115555.png","contentUrl":"https:\/\/sales-ai-agents.com\/wp-content\/uploads\/2023\/01\/image-preview115555.png","width":1078,"height":893,"caption":"Passwords Template - Nimbus Platform"},{"@type":"WebSite","@id":"https:\/\/sales-ai-agents.com\/#website","url":"https:\/\/sales-ai-agents.com\/","name":"FuseBase","description":"Nimbus Platform - Free Online Collaboration Software for Remote Teams. Build your wikis, client portals and more with the Nimbus Platform collaboration tool ? A perfect space for online work","publisher":{"@id":"https:\/\/sales-ai-agents.com\/#organization"},"potentialAction":[{"@type":"SearchAction","target":{"@type":"EntryPoint","urlTemplate":"https:\/\/sales-ai-agents.com\/?s={search_term_string}"},"query-input":{"@type":"PropertyValueSpecification","valueRequired":true,"valueName":"search_term_string"}}],"inLanguage":"de-DE"},{"@type":"Organization","@id":"https:\/\/sales-ai-agents.com\/#organization","name":"FuseBase","url":"https:\/\/sales-ai-agents.com\/","logo":{"@type":"ImageObject","inLanguage":"de-DE","@id":"https:\/\/sales-ai-agents.com\/#\/schema\/logo\/image\/","url":"https:\/\/sales-ai-agents.com\/wp-content\/uploads\/2023\/11\/icon-7.svg","contentUrl":"https:\/\/sales-ai-agents.com\/wp-content\/uploads\/2023\/11\/icon-7.svg","width":128,"height":128,"caption":"FuseBase"},"image":{"@id":"https:\/\/sales-ai-agents.com\/#\/schema\/logo\/image\/"}}]}},"_links":{"self":[{"href":"https:\/\/sales-ai-agents.com\/de\/wp-json\/wp\/v2\/product\/58845","targetHints":{"allow":["GET"]}}],"collection":[{"href":"https:\/\/sales-ai-agents.com\/de\/wp-json\/wp\/v2\/product"}],"about":[{"href":"https:\/\/sales-ai-agents.com\/de\/wp-json\/wp\/v2\/types\/product"}],"wp:featuredmedia":[{"embeddable":true,"href":"https:\/\/sales-ai-agents.com\/de\/wp-json\/wp\/v2\/media\/20327"}],"wp:attachment":[{"href":"https:\/\/sales-ai-agents.com\/de\/wp-json\/wp\/v2\/media?parent=58845"}],"wp:term":[{"taxonomy":"product_brand","embeddable":true,"href":"https:\/\/sales-ai-agents.com\/de\/wp-json\/wp\/v2\/product_brand?post=58845"},{"taxonomy":"product_cat","embeddable":true,"href":"https:\/\/sales-ai-agents.com\/de\/wp-json\/wp\/v2\/product_cat?post=58845"},{"taxonomy":"product_tag","embeddable":true,"href":"https:\/\/sales-ai-agents.com\/de\/wp-json\/wp\/v2\/product_tag?post=58845"}],"curies":[{"name":"wp","href":"https:\/\/api.w.org\/{rel}","templated":true}]}}