{"id":60922,"date":"2022-09-23T13:47:27","date_gmt":"2022-09-23T13:47:27","guid":{"rendered":"https:\/\/sales-ai-agents.com\/templates\/four-quadrants-of-time-management\/"},"modified":"2023-12-27T14:39:44","modified_gmt":"2023-12-27T14:39:44","slug":"four-quadrants-of-time-management","status":"publish","type":"product","link":"https:\/\/sales-ai-agents.com\/de\/templates\/four-quadrants-of-time-management\/","title":{"rendered":"Vier Quadranten des Zeitmanagements"},"content":{"rendered":"<p>&nbsp;<\/p>\n<h2>Vier Quadranten des Zeitmanagements Vorlage<\/h2>\n<p class=\"desc-text\">Um produktiv arbeiten zu k\u00f6nnen, ist ein effizientes Zeitmanagement erforderlich. Vermeiden Sie das Aufschieben und die Arbeit an den falschen Aufgaben, indem Sie unsere Vorlage f\u00fcr das Zeitmanagement verwenden. Diese Vorlage enth\u00e4lt vier Tabellen f\u00fcr die Zeiteinteilung. Beginnen Sie mit dringenden Aufgaben und definieren Sie dann Ablenkungen und unwichtige Dinge. Verwenden Sie diese Vorlage, um eine Hierarchie f\u00fcr Ihre Arbeit zu erstellen &#8211; beginnend mit den dringendsten Angelegenheiten. So sparen Sie Zeit und k\u00f6nnen sich auf die wichtigsten Aufgaben konzentrieren.<\/p>\n<h5>Wie zu verwenden:<\/h5>\n<ul class=\"desc-item_list\">\n<li class=\"desc-item_list__point\">Auflistung dringender Probleme in der ersten Tabelle<\/li>\n<li class=\"desc-item_list__point\">Geben Sie alle eiligen Fristen und wichtigen \u00dcberarbeitungen an<\/li>\n<li class=\"desc-item_list__point\">Weniger wichtige Arbeiten in der zweiten Tabelle hinzuf\u00fcgen<\/li>\n<li class=\"desc-item_list__point\">Verwenden Sie die dritte Tabelle, um Ablenkungen zu kategorisieren<\/li>\n<li class=\"desc-item_list__point\">Notieren Sie alle unwichtigen oder \u00fcberfl\u00fcssigen Aufgaben in der letzten Tabelle<\/li>\n<\/ul>\n","protected":false},"excerpt":{"rendered":"<p>Um produktiv arbeiten zu k\u00f6nnen, ist ein effizientes Zeitmanagement erforderlich. Vermeiden Sie es, zu z\u00f6gern und an den falschen Aufgaben zu arbeiten, indem Sie unsere Vorlage f\u00fcr das Zeitmanagement verwenden.<\/p>\n","protected":false},"featured_media":20317,"template":"","meta":{"_acf_changed":false,"inline_featured_image":false},"product_brand":[],"product_cat":[179,180],"product_tag":[],"class_list":{"0":"post-60922","1":"product","2":"type-product","3":"status-publish","4":"has-post-thumbnail","6":"product_cat-organizers-planners","7":"product_cat-personal","9":"first","10":"instock","11":"virtual","12":"sold-individually","13":"product-type-simple"},"acf":[],"yoast_head":"<!-- This site is optimized with the Yoast SEO plugin v25.3.1 - https:\/\/yoast.com\/wordpress\/plugins\/seo\/ -->\n<title>Vier Quadranten des Zeitmanagements Vorlage - Sales AI Agents<\/title>\n<meta name=\"description\" content=\"Um produktiv arbeiten zu k\u00f6nnen, ist ein effizientes Zeitmanagement erforderlich. Vermeiden Sie es, zu z\u00f6gern und an den falschen Aufgaben zu arbeiten, indem Sie unsere Vorlage f\u00fcr das Zeitmanagement verwenden.\" \/>\n<meta name=\"robots\" content=\"index, follow, max-snippet:-1, max-image-preview:large, max-video-preview:-1\" \/>\n<link rel=\"canonical\" href=\"https:\/\/sales-ai-agents.com\/de\/templates\/four-quadrants-of-time-management\/\" \/>\n<meta property=\"og:locale\" content=\"de_DE\" \/>\n<meta property=\"og:type\" content=\"article\" \/>\n<meta property=\"og:title\" content=\"Vier Quadranten des Zeitmanagements Vorlage - Sales AI Agents\" \/>\n<meta property=\"og:description\" content=\"Um produktiv arbeiten zu k\u00f6nnen, ist ein effizientes Zeitmanagement erforderlich. Vermeiden Sie es, zu z\u00f6gern und an den falschen Aufgaben zu arbeiten, indem Sie unsere Vorlage f\u00fcr das Zeitmanagement verwenden.\" \/>\n<meta property=\"og:url\" content=\"https:\/\/sales-ai-agents.com\/de\/templates\/four-quadrants-of-time-management\/\" \/>\n<meta property=\"og:site_name\" content=\"Sales AI Agents\" \/>\n<meta property=\"article:modified_time\" content=\"2023-12-27T14:39:44+00:00\" \/>\n<meta property=\"og:image\" content=\"https:\/\/sales-ai-agents.com\/wp-content\/uploads\/2023\/01\/image-preview115458.png\" \/>\n\t<meta property=\"og:image:width\" content=\"1078\" \/>\n\t<meta property=\"og:image:height\" content=\"760\" \/>\n\t<meta property=\"og:image:type\" content=\"image\/png\" \/>\n<meta name=\"twitter:card\" content=\"summary_large_image\" \/>\n<script type=\"application\/ld+json\" class=\"yoast-schema-graph\">{\"@context\":\"https:\/\/schema.org\",\"@graph\":[{\"@type\":\"WebPage\",\"@id\":\"https:\/\/sales-ai-agents.com\/de\/templates\/four-quadrants-of-time-management\/\",\"url\":\"https:\/\/sales-ai-agents.com\/de\/templates\/four-quadrants-of-time-management\/\",\"name\":\"Vier Quadranten des Zeitmanagements Vorlage - Sales AI Agents\",\"isPartOf\":{\"@id\":\"https:\/\/sales-ai-agents.com\/#website\"},\"primaryImageOfPage\":{\"@id\":\"https:\/\/sales-ai-agents.com\/de\/templates\/four-quadrants-of-time-management\/#primaryimage\"},\"image\":{\"@id\":\"https:\/\/sales-ai-agents.com\/de\/templates\/four-quadrants-of-time-management\/#primaryimage\"},\"thumbnailUrl\":\"https:\/\/sales-ai-agents.com\/wp-content\/uploads\/2023\/01\/image-preview115458.png\",\"datePublished\":\"2022-09-23T13:47:27+00:00\",\"dateModified\":\"2023-12-27T14:39:44+00:00\",\"description\":\"Um produktiv arbeiten zu k\u00f6nnen, ist ein effizientes Zeitmanagement erforderlich. Vermeiden Sie es, zu z\u00f6gern und an den falschen Aufgaben zu arbeiten, indem Sie unsere Vorlage f\u00fcr das Zeitmanagement verwenden.\",\"inLanguage\":\"de-DE\",\"potentialAction\":[{\"@type\":\"ReadAction\",\"target\":[\"https:\/\/sales-ai-agents.com\/de\/templates\/four-quadrants-of-time-management\/\"]}]},{\"@type\":\"ImageObject\",\"inLanguage\":\"de-DE\",\"@id\":\"https:\/\/sales-ai-agents.com\/de\/templates\/four-quadrants-of-time-management\/#primaryimage\",\"url\":\"https:\/\/sales-ai-agents.com\/wp-content\/uploads\/2023\/01\/image-preview115458.png\",\"contentUrl\":\"https:\/\/sales-ai-agents.com\/wp-content\/uploads\/2023\/01\/image-preview115458.png\",\"width\":1078,\"height\":760,\"caption\":\"Four Quadrants of Time Management Template - Nimbus Platform\"},{\"@type\":\"WebSite\",\"@id\":\"https:\/\/sales-ai-agents.com\/#website\",\"url\":\"https:\/\/sales-ai-agents.com\/\",\"name\":\"FuseBase\",\"description\":\"Nimbus Platform - Free Online Collaboration Software for Remote Teams. Build your wikis, client portals and more with the Nimbus Platform collaboration tool ? A perfect space for online work\",\"publisher\":{\"@id\":\"https:\/\/sales-ai-agents.com\/#organization\"},\"potentialAction\":[{\"@type\":\"SearchAction\",\"target\":{\"@type\":\"EntryPoint\",\"urlTemplate\":\"https:\/\/sales-ai-agents.com\/?s={search_term_string}\"},\"query-input\":{\"@type\":\"PropertyValueSpecification\",\"valueRequired\":true,\"valueName\":\"search_term_string\"}}],\"inLanguage\":\"de-DE\"},{\"@type\":\"Organization\",\"@id\":\"https:\/\/sales-ai-agents.com\/#organization\",\"name\":\"FuseBase\",\"url\":\"https:\/\/sales-ai-agents.com\/\",\"logo\":{\"@type\":\"ImageObject\",\"inLanguage\":\"de-DE\",\"@id\":\"https:\/\/sales-ai-agents.com\/#\/schema\/logo\/image\/\",\"url\":\"https:\/\/sales-ai-agents.com\/wp-content\/uploads\/2023\/11\/icon-7.svg\",\"contentUrl\":\"https:\/\/sales-ai-agents.com\/wp-content\/uploads\/2023\/11\/icon-7.svg\",\"width\":128,\"height\":128,\"caption\":\"FuseBase\"},\"image\":{\"@id\":\"https:\/\/sales-ai-agents.com\/#\/schema\/logo\/image\/\"}}]}<\/script>\n<!-- \/ Yoast SEO plugin. -->","yoast_head_json":{"title":"Vier Quadranten des Zeitmanagements Vorlage - Sales AI Agents","description":"Um produktiv arbeiten zu k\u00f6nnen, ist ein effizientes Zeitmanagement erforderlich. Vermeiden Sie es, zu z\u00f6gern und an den falschen Aufgaben zu arbeiten, indem Sie unsere Vorlage f\u00fcr das Zeitmanagement verwenden.","robots":{"index":"index","follow":"follow","max-snippet":"max-snippet:-1","max-image-preview":"max-image-preview:large","max-video-preview":"max-video-preview:-1"},"canonical":"https:\/\/sales-ai-agents.com\/de\/templates\/four-quadrants-of-time-management\/","og_locale":"de_DE","og_type":"article","og_title":"Vier Quadranten des Zeitmanagements Vorlage - Sales AI Agents","og_description":"Um produktiv arbeiten zu k\u00f6nnen, ist ein effizientes Zeitmanagement erforderlich. Vermeiden Sie es, zu z\u00f6gern und an den falschen Aufgaben zu arbeiten, indem Sie unsere Vorlage f\u00fcr das Zeitmanagement verwenden.","og_url":"https:\/\/sales-ai-agents.com\/de\/templates\/four-quadrants-of-time-management\/","og_site_name":"Sales AI Agents","article_modified_time":"2023-12-27T14:39:44+00:00","og_image":[{"width":1078,"height":760,"url":"https:\/\/sales-ai-agents.com\/wp-content\/uploads\/2023\/01\/image-preview115458.png","type":"image\/png"}],"twitter_card":"summary_large_image","schema":{"@context":"https:\/\/schema.org","@graph":[{"@type":"WebPage","@id":"https:\/\/sales-ai-agents.com\/de\/templates\/four-quadrants-of-time-management\/","url":"https:\/\/sales-ai-agents.com\/de\/templates\/four-quadrants-of-time-management\/","name":"Vier Quadranten des Zeitmanagements Vorlage - Sales AI Agents","isPartOf":{"@id":"https:\/\/sales-ai-agents.com\/#website"},"primaryImageOfPage":{"@id":"https:\/\/sales-ai-agents.com\/de\/templates\/four-quadrants-of-time-management\/#primaryimage"},"image":{"@id":"https:\/\/sales-ai-agents.com\/de\/templates\/four-quadrants-of-time-management\/#primaryimage"},"thumbnailUrl":"https:\/\/sales-ai-agents.com\/wp-content\/uploads\/2023\/01\/image-preview115458.png","datePublished":"2022-09-23T13:47:27+00:00","dateModified":"2023-12-27T14:39:44+00:00","description":"Um produktiv arbeiten zu k\u00f6nnen, ist ein effizientes Zeitmanagement erforderlich. Vermeiden Sie es, zu z\u00f6gern und an den falschen Aufgaben zu arbeiten, indem Sie unsere Vorlage f\u00fcr das Zeitmanagement verwenden.","inLanguage":"de-DE","potentialAction":[{"@type":"ReadAction","target":["https:\/\/sales-ai-agents.com\/de\/templates\/four-quadrants-of-time-management\/"]}]},{"@type":"ImageObject","inLanguage":"de-DE","@id":"https:\/\/sales-ai-agents.com\/de\/templates\/four-quadrants-of-time-management\/#primaryimage","url":"https:\/\/sales-ai-agents.com\/wp-content\/uploads\/2023\/01\/image-preview115458.png","contentUrl":"https:\/\/sales-ai-agents.com\/wp-content\/uploads\/2023\/01\/image-preview115458.png","width":1078,"height":760,"caption":"Four Quadrants of Time Management Template - Nimbus Platform"},{"@type":"WebSite","@id":"https:\/\/sales-ai-agents.com\/#website","url":"https:\/\/sales-ai-agents.com\/","name":"FuseBase","description":"Nimbus Platform - Free Online Collaboration Software for Remote Teams. Build your wikis, client portals and more with the Nimbus Platform collaboration tool ? A perfect space for online work","publisher":{"@id":"https:\/\/sales-ai-agents.com\/#organization"},"potentialAction":[{"@type":"SearchAction","target":{"@type":"EntryPoint","urlTemplate":"https:\/\/sales-ai-agents.com\/?s={search_term_string}"},"query-input":{"@type":"PropertyValueSpecification","valueRequired":true,"valueName":"search_term_string"}}],"inLanguage":"de-DE"},{"@type":"Organization","@id":"https:\/\/sales-ai-agents.com\/#organization","name":"FuseBase","url":"https:\/\/sales-ai-agents.com\/","logo":{"@type":"ImageObject","inLanguage":"de-DE","@id":"https:\/\/sales-ai-agents.com\/#\/schema\/logo\/image\/","url":"https:\/\/sales-ai-agents.com\/wp-content\/uploads\/2023\/11\/icon-7.svg","contentUrl":"https:\/\/sales-ai-agents.com\/wp-content\/uploads\/2023\/11\/icon-7.svg","width":128,"height":128,"caption":"FuseBase"},"image":{"@id":"https:\/\/sales-ai-agents.com\/#\/schema\/logo\/image\/"}}]}},"_links":{"self":[{"href":"https:\/\/sales-ai-agents.com\/de\/wp-json\/wp\/v2\/product\/60922","targetHints":{"allow":["GET"]}}],"collection":[{"href":"https:\/\/sales-ai-agents.com\/de\/wp-json\/wp\/v2\/product"}],"about":[{"href":"https:\/\/sales-ai-agents.com\/de\/wp-json\/wp\/v2\/types\/product"}],"wp:featuredmedia":[{"embeddable":true,"href":"https:\/\/sales-ai-agents.com\/de\/wp-json\/wp\/v2\/media\/20317"}],"wp:attachment":[{"href":"https:\/\/sales-ai-agents.com\/de\/wp-json\/wp\/v2\/media?parent=60922"}],"wp:term":[{"taxonomy":"product_brand","embeddable":true,"href":"https:\/\/sales-ai-agents.com\/de\/wp-json\/wp\/v2\/product_brand?post=60922"},{"taxonomy":"product_cat","embeddable":true,"href":"https:\/\/sales-ai-agents.com\/de\/wp-json\/wp\/v2\/product_cat?post=60922"},{"taxonomy":"product_tag","embeddable":true,"href":"https:\/\/sales-ai-agents.com\/de\/wp-json\/wp\/v2\/product_tag?post=60922"}],"curies":[{"name":"wp","href":"https:\/\/api.w.org\/{rel}","templated":true}]}}