{"id":60927,"date":"2022-09-23T13:47:24","date_gmt":"2022-09-23T13:47:24","guid":{"rendered":"https:\/\/sales-ai-agents.com\/templates\/life-trajectory-dashboard\/"},"modified":"2023-12-26T15:22:50","modified_gmt":"2023-12-26T15:22:50","slug":"life-trajectory-dashboard","status":"publish","type":"product","link":"https:\/\/sales-ai-agents.com\/de\/templates\/life-trajectory-dashboard\/","title":{"rendered":"Lebenslauf Dashboard"},"content":{"rendered":"<p>&nbsp;<\/p>\n<h2>Lebenstrajektorie Dashboard Vorlage<\/h2>\n<p class=\"desc-text\">Ein Dashboard bietet einen visuellen \u00dcberblick \u00fcber die Projekte. Verwenden Sie dieses Dashboard f\u00fcr den Lebenslauf, um den Status von ungel\u00f6sten Problemen schnell zu erkennen. Die Vorlage kombiniert eine Liste von Aufgaben mit Platz f\u00fcr den Beauftragten, F\u00e4lligkeitstermine, den aktuellen Status sowie beste und schlechteste F\u00e4lle.<\/p>\n<h5>Wie zu verwenden:<\/h5>\n<ul class=\"desc-item_list\">\n<li class=\"desc-item_list__point\">F\u00fcllen Sie die Tabelle aus und geben Sie das schlechteste und das beste Ergebnis f\u00fcr jeden Fall an.<\/li>\n<li class=\"desc-item_list__point\">Bewegen Sie die Fortschrittsanzeige von 0 bis 100, wobei 0 % den schlechtesten und 100 % den besten Fall darstellen.<\/li>\n<\/ul>\n","protected":false},"excerpt":{"rendered":"<p>Mit dieser Vorlage k\u00f6nnen Sie sich einen visuellen \u00dcberblick \u00fcber Ihre Projekte verschaffen. Verwenden Sie dieses Dashboard f\u00fcr den Lebenslauf, um schnell den Status ungel\u00f6ster Probleme und mehr zu sehen.<\/p>\n","protected":false},"featured_media":27416,"template":"","meta":{"_acf_changed":false,"inline_featured_image":false},"product_brand":[],"product_cat":[179,180],"product_tag":[],"class_list":{"0":"post-60927","1":"product","2":"type-product","3":"status-publish","4":"has-post-thumbnail","6":"product_cat-organizers-planners","7":"product_cat-personal","9":"first","10":"instock","11":"virtual","12":"sold-individually","13":"product-type-simple"},"acf":[],"yoast_head":"<!-- This site is optimized with the Yoast SEO plugin v25.3.1 - https:\/\/yoast.com\/wordpress\/plugins\/seo\/ -->\n<title>Lebenslauf Dashboard Vorlage - Sales AI Agents<\/title>\n<meta name=\"description\" content=\"Bu \u015fablon, projelerinize g\u00f6rsel bir genel bak\u0131\u015f elde etmenize yard\u0131mc\u0131 olabilir. \u00c7\u00f6z\u00fclmemi\u015f sorunlar\u0131n durumunu ve daha fazlas\u0131n\u0131 h\u0131zl\u0131 bir \u015fekilde g\u00f6rmek i\u00e7in bu ya\u015fam y\u00f6r\u00fcngesi panosunu kullan\u0131n\" \/>\n<meta name=\"robots\" content=\"index, follow, max-snippet:-1, max-image-preview:large, max-video-preview:-1\" \/>\n<link rel=\"canonical\" href=\"https:\/\/sales-ai-agents.com\/de\/templates\/life-trajectory-dashboard\/\" \/>\n<meta property=\"og:locale\" content=\"de_DE\" \/>\n<meta property=\"og:type\" content=\"article\" \/>\n<meta property=\"og:title\" content=\"Lebenslauf Dashboard Vorlage - Sales AI Agents\" \/>\n<meta property=\"og:description\" content=\"Bu \u015fablon, projelerinize g\u00f6rsel bir genel bak\u0131\u015f elde etmenize yard\u0131mc\u0131 olabilir. \u00c7\u00f6z\u00fclmemi\u015f sorunlar\u0131n durumunu ve daha fazlas\u0131n\u0131 h\u0131zl\u0131 bir \u015fekilde g\u00f6rmek i\u00e7in bu ya\u015fam y\u00f6r\u00fcngesi panosunu kullan\u0131n\" \/>\n<meta property=\"og:url\" content=\"https:\/\/sales-ai-agents.com\/de\/templates\/life-trajectory-dashboard\/\" \/>\n<meta property=\"og:site_name\" content=\"Sales AI Agents\" \/>\n<meta property=\"article:modified_time\" content=\"2023-12-26T15:22:50+00:00\" \/>\n<meta property=\"og:image\" content=\"https:\/\/sales-ai-agents.com\/wp-content\/uploads\/2022\/09\/Life-Trajectory-Dashboard-Template-2.png\" \/>\n\t<meta property=\"og:image:width\" content=\"1700\" \/>\n\t<meta property=\"og:image:height\" content=\"1100\" \/>\n\t<meta property=\"og:image:type\" content=\"image\/png\" \/>\n<meta name=\"twitter:card\" content=\"summary_large_image\" \/>\n<script type=\"application\/ld+json\" class=\"yoast-schema-graph\">{\"@context\":\"https:\/\/schema.org\",\"@graph\":[{\"@type\":\"WebPage\",\"@id\":\"https:\/\/sales-ai-agents.com\/de\/templates\/life-trajectory-dashboard\/\",\"url\":\"https:\/\/sales-ai-agents.com\/de\/templates\/life-trajectory-dashboard\/\",\"name\":\"Lebenslauf Dashboard Vorlage - Sales AI Agents\",\"isPartOf\":{\"@id\":\"https:\/\/sales-ai-agents.com\/#website\"},\"primaryImageOfPage\":{\"@id\":\"https:\/\/sales-ai-agents.com\/de\/templates\/life-trajectory-dashboard\/#primaryimage\"},\"image\":{\"@id\":\"https:\/\/sales-ai-agents.com\/de\/templates\/life-trajectory-dashboard\/#primaryimage\"},\"thumbnailUrl\":\"https:\/\/sales-ai-agents.com\/wp-content\/uploads\/2022\/09\/Life-Trajectory-Dashboard-Template-2.png\",\"datePublished\":\"2022-09-23T13:47:24+00:00\",\"dateModified\":\"2023-12-26T15:22:50+00:00\",\"description\":\"Bu \u015fablon, projelerinize g\u00f6rsel bir genel bak\u0131\u015f elde etmenize yard\u0131mc\u0131 olabilir. \u00c7\u00f6z\u00fclmemi\u015f sorunlar\u0131n durumunu ve daha fazlas\u0131n\u0131 h\u0131zl\u0131 bir \u015fekilde g\u00f6rmek i\u00e7in bu ya\u015fam y\u00f6r\u00fcngesi panosunu kullan\u0131n\",\"inLanguage\":\"de-DE\",\"potentialAction\":[{\"@type\":\"ReadAction\",\"target\":[\"https:\/\/sales-ai-agents.com\/de\/templates\/life-trajectory-dashboard\/\"]}]},{\"@type\":\"ImageObject\",\"inLanguage\":\"de-DE\",\"@id\":\"https:\/\/sales-ai-agents.com\/de\/templates\/life-trajectory-dashboard\/#primaryimage\",\"url\":\"https:\/\/sales-ai-agents.com\/wp-content\/uploads\/2022\/09\/Life-Trajectory-Dashboard-Template-2.png\",\"contentUrl\":\"https:\/\/sales-ai-agents.com\/wp-content\/uploads\/2022\/09\/Life-Trajectory-Dashboard-Template-2.png\",\"width\":1700,\"height\":1100,\"caption\":\"Use this life trajectory dashboard to quickly see the status of unresolved issues and more.\"},{\"@type\":\"WebSite\",\"@id\":\"https:\/\/sales-ai-agents.com\/#website\",\"url\":\"https:\/\/sales-ai-agents.com\/\",\"name\":\"FuseBase\",\"description\":\"Nimbus Platform - Free Online Collaboration Software for Remote Teams. Build your wikis, client portals and more with the Nimbus Platform collaboration tool ? A perfect space for online work\",\"publisher\":{\"@id\":\"https:\/\/sales-ai-agents.com\/#organization\"},\"potentialAction\":[{\"@type\":\"SearchAction\",\"target\":{\"@type\":\"EntryPoint\",\"urlTemplate\":\"https:\/\/sales-ai-agents.com\/?s={search_term_string}\"},\"query-input\":{\"@type\":\"PropertyValueSpecification\",\"valueRequired\":true,\"valueName\":\"search_term_string\"}}],\"inLanguage\":\"de-DE\"},{\"@type\":\"Organization\",\"@id\":\"https:\/\/sales-ai-agents.com\/#organization\",\"name\":\"FuseBase\",\"url\":\"https:\/\/sales-ai-agents.com\/\",\"logo\":{\"@type\":\"ImageObject\",\"inLanguage\":\"de-DE\",\"@id\":\"https:\/\/sales-ai-agents.com\/#\/schema\/logo\/image\/\",\"url\":\"https:\/\/sales-ai-agents.com\/wp-content\/uploads\/2023\/11\/icon-7.svg\",\"contentUrl\":\"https:\/\/sales-ai-agents.com\/wp-content\/uploads\/2023\/11\/icon-7.svg\",\"width\":128,\"height\":128,\"caption\":\"FuseBase\"},\"image\":{\"@id\":\"https:\/\/sales-ai-agents.com\/#\/schema\/logo\/image\/\"}}]}<\/script>\n<!-- \/ Yoast SEO plugin. -->","yoast_head_json":{"title":"Lebenslauf Dashboard Vorlage - Sales AI Agents","description":"Bu \u015fablon, projelerinize g\u00f6rsel bir genel bak\u0131\u015f elde etmenize yard\u0131mc\u0131 olabilir. \u00c7\u00f6z\u00fclmemi\u015f sorunlar\u0131n durumunu ve daha fazlas\u0131n\u0131 h\u0131zl\u0131 bir \u015fekilde g\u00f6rmek i\u00e7in bu ya\u015fam y\u00f6r\u00fcngesi panosunu kullan\u0131n","robots":{"index":"index","follow":"follow","max-snippet":"max-snippet:-1","max-image-preview":"max-image-preview:large","max-video-preview":"max-video-preview:-1"},"canonical":"https:\/\/sales-ai-agents.com\/de\/templates\/life-trajectory-dashboard\/","og_locale":"de_DE","og_type":"article","og_title":"Lebenslauf Dashboard Vorlage - Sales AI Agents","og_description":"Bu \u015fablon, projelerinize g\u00f6rsel bir genel bak\u0131\u015f elde etmenize yard\u0131mc\u0131 olabilir. \u00c7\u00f6z\u00fclmemi\u015f sorunlar\u0131n durumunu ve daha fazlas\u0131n\u0131 h\u0131zl\u0131 bir \u015fekilde g\u00f6rmek i\u00e7in bu ya\u015fam y\u00f6r\u00fcngesi panosunu kullan\u0131n","og_url":"https:\/\/sales-ai-agents.com\/de\/templates\/life-trajectory-dashboard\/","og_site_name":"Sales AI Agents","article_modified_time":"2023-12-26T15:22:50+00:00","og_image":[{"width":1700,"height":1100,"url":"https:\/\/sales-ai-agents.com\/wp-content\/uploads\/2022\/09\/Life-Trajectory-Dashboard-Template-2.png","type":"image\/png"}],"twitter_card":"summary_large_image","schema":{"@context":"https:\/\/schema.org","@graph":[{"@type":"WebPage","@id":"https:\/\/sales-ai-agents.com\/de\/templates\/life-trajectory-dashboard\/","url":"https:\/\/sales-ai-agents.com\/de\/templates\/life-trajectory-dashboard\/","name":"Lebenslauf Dashboard Vorlage - Sales AI Agents","isPartOf":{"@id":"https:\/\/sales-ai-agents.com\/#website"},"primaryImageOfPage":{"@id":"https:\/\/sales-ai-agents.com\/de\/templates\/life-trajectory-dashboard\/#primaryimage"},"image":{"@id":"https:\/\/sales-ai-agents.com\/de\/templates\/life-trajectory-dashboard\/#primaryimage"},"thumbnailUrl":"https:\/\/sales-ai-agents.com\/wp-content\/uploads\/2022\/09\/Life-Trajectory-Dashboard-Template-2.png","datePublished":"2022-09-23T13:47:24+00:00","dateModified":"2023-12-26T15:22:50+00:00","description":"Bu \u015fablon, projelerinize g\u00f6rsel bir genel bak\u0131\u015f elde etmenize yard\u0131mc\u0131 olabilir. \u00c7\u00f6z\u00fclmemi\u015f sorunlar\u0131n durumunu ve daha fazlas\u0131n\u0131 h\u0131zl\u0131 bir \u015fekilde g\u00f6rmek i\u00e7in bu ya\u015fam y\u00f6r\u00fcngesi panosunu kullan\u0131n","inLanguage":"de-DE","potentialAction":[{"@type":"ReadAction","target":["https:\/\/sales-ai-agents.com\/de\/templates\/life-trajectory-dashboard\/"]}]},{"@type":"ImageObject","inLanguage":"de-DE","@id":"https:\/\/sales-ai-agents.com\/de\/templates\/life-trajectory-dashboard\/#primaryimage","url":"https:\/\/sales-ai-agents.com\/wp-content\/uploads\/2022\/09\/Life-Trajectory-Dashboard-Template-2.png","contentUrl":"https:\/\/sales-ai-agents.com\/wp-content\/uploads\/2022\/09\/Life-Trajectory-Dashboard-Template-2.png","width":1700,"height":1100,"caption":"Use this life trajectory dashboard to quickly see the status of unresolved issues and more."},{"@type":"WebSite","@id":"https:\/\/sales-ai-agents.com\/#website","url":"https:\/\/sales-ai-agents.com\/","name":"FuseBase","description":"Nimbus Platform - Free Online Collaboration Software for Remote Teams. Build your wikis, client portals and more with the Nimbus Platform collaboration tool ? A perfect space for online work","publisher":{"@id":"https:\/\/sales-ai-agents.com\/#organization"},"potentialAction":[{"@type":"SearchAction","target":{"@type":"EntryPoint","urlTemplate":"https:\/\/sales-ai-agents.com\/?s={search_term_string}"},"query-input":{"@type":"PropertyValueSpecification","valueRequired":true,"valueName":"search_term_string"}}],"inLanguage":"de-DE"},{"@type":"Organization","@id":"https:\/\/sales-ai-agents.com\/#organization","name":"FuseBase","url":"https:\/\/sales-ai-agents.com\/","logo":{"@type":"ImageObject","inLanguage":"de-DE","@id":"https:\/\/sales-ai-agents.com\/#\/schema\/logo\/image\/","url":"https:\/\/sales-ai-agents.com\/wp-content\/uploads\/2023\/11\/icon-7.svg","contentUrl":"https:\/\/sales-ai-agents.com\/wp-content\/uploads\/2023\/11\/icon-7.svg","width":128,"height":128,"caption":"FuseBase"},"image":{"@id":"https:\/\/sales-ai-agents.com\/#\/schema\/logo\/image\/"}}]}},"_links":{"self":[{"href":"https:\/\/sales-ai-agents.com\/de\/wp-json\/wp\/v2\/product\/60927","targetHints":{"allow":["GET"]}}],"collection":[{"href":"https:\/\/sales-ai-agents.com\/de\/wp-json\/wp\/v2\/product"}],"about":[{"href":"https:\/\/sales-ai-agents.com\/de\/wp-json\/wp\/v2\/types\/product"}],"wp:featuredmedia":[{"embeddable":true,"href":"https:\/\/sales-ai-agents.com\/de\/wp-json\/wp\/v2\/media\/27416"}],"wp:attachment":[{"href":"https:\/\/sales-ai-agents.com\/de\/wp-json\/wp\/v2\/media?parent=60927"}],"wp:term":[{"taxonomy":"product_brand","embeddable":true,"href":"https:\/\/sales-ai-agents.com\/de\/wp-json\/wp\/v2\/product_brand?post=60927"},{"taxonomy":"product_cat","embeddable":true,"href":"https:\/\/sales-ai-agents.com\/de\/wp-json\/wp\/v2\/product_cat?post=60927"},{"taxonomy":"product_tag","embeddable":true,"href":"https:\/\/sales-ai-agents.com\/de\/wp-json\/wp\/v2\/product_tag?post=60927"}],"curies":[{"name":"wp","href":"https:\/\/api.w.org\/{rel}","templated":true}]}}