{"id":60936,"date":"2022-09-23T13:47:21","date_gmt":"2022-09-23T13:47:21","guid":{"rendered":"https:\/\/sales-ai-agents.com\/templates\/water-intake-tracker\/"},"modified":"2023-12-27T14:10:03","modified_gmt":"2023-12-27T14:10:03","slug":"water-intake-tracker","status":"publish","type":"product","link":"https:\/\/sales-ai-agents.com\/de\/templates\/water-intake-tracker\/","title":{"rendered":"Tracker f\u00fcr die Wasseraufnahme"},"content":{"rendered":"<p><span data-preserver-spaces=\"true\">\u00a0<\/span><\/p>\n<h2>Wasseraufnahme-Tracker-Vorlage<\/h2>\n<p>Trinken Sie genug Wasser? Wie k\u00f6nnen Sie das wissen, wenn Sie es nicht messen? Mit dem Wasseraufnahme-Tracker k\u00f6nnen Sie leicht herausfinden, wie viele Gl\u00e4ser Wasser Sie trinken und versuchen, mehr zu trinken, um gesund zu bleiben.<\/p>\n<h5><span data-preserver-spaces=\"true\">Wie zu verwenden:<\/span><\/h5>\n<ul>\n<li>F\u00fcgen Sie das Datum der Woche ein, die Sie verfolgen m\u00f6chten<\/li>\n<li>Legen Sie die Anzahl der Gl\u00e4ser fest, die Sie jeden Tag trinken m\u00fcssen<\/li>\n<li>Verfolgen Sie jedes Glas Wasser, das Sie \u00fcber den Tag verteilt trinken<\/li>\n<li>Weiter zur n\u00e4chsten Woche<\/li>\n<\/ul>\n<p>&nbsp;<\/p>\n","protected":false},"excerpt":{"rendered":"<p>Trinken Sie genug Wasser? \u00dcberpr\u00fcfen Sie es mit dieser kostenlosen Vorlage. Mit dem Tracker f\u00fcr die Wasseraufnahme k\u00f6nnen Sie leicht herausfinden, wie viele Gl\u00e4ser Wasser Sie trinken.<\/p>\n","protected":false},"featured_media":20251,"template":"","meta":{"_acf_changed":false,"inline_featured_image":false},"product_brand":[],"product_cat":[179,180,183],"product_tag":[],"class_list":{"0":"post-60936","1":"product","2":"type-product","3":"status-publish","4":"has-post-thumbnail","6":"product_cat-organizers-planners","7":"product_cat-personal","8":"product_cat-personal-health","10":"first","11":"instock","12":"virtual","13":"sold-individually","14":"product-type-simple"},"acf":[],"yoast_head":"<!-- This site is optimized with the Yoast SEO plugin v25.3.1 - https:\/\/yoast.com\/wordpress\/plugins\/seo\/ -->\n<title>Vorlage f\u00fcr Wasseraufnahme-Tracker - Sales AI Agents<\/title>\n<meta name=\"description\" content=\"Trinken Sie genug Wasser? \u00dcberpr\u00fcfen Sie es mit dieser kostenlosen Vorlage. Mit dem Tracker f\u00fcr die Wasseraufnahme k\u00f6nnen Sie leicht herausfinden, wie viele Gl\u00e4ser Wasser Sie trinken\" \/>\n<meta name=\"robots\" content=\"index, follow, max-snippet:-1, max-image-preview:large, max-video-preview:-1\" \/>\n<link rel=\"canonical\" href=\"https:\/\/sales-ai-agents.com\/de\/templates\/water-intake-tracker\/\" \/>\n<meta property=\"og:locale\" content=\"de_DE\" \/>\n<meta property=\"og:type\" content=\"article\" \/>\n<meta property=\"og:title\" content=\"Vorlage f\u00fcr Wasseraufnahme-Tracker - Sales AI Agents\" \/>\n<meta property=\"og:description\" content=\"Trinken Sie genug Wasser? \u00dcberpr\u00fcfen Sie es mit dieser kostenlosen Vorlage. Mit dem Tracker f\u00fcr die Wasseraufnahme k\u00f6nnen Sie leicht herausfinden, wie viele Gl\u00e4ser Wasser Sie trinken\" \/>\n<meta property=\"og:url\" content=\"https:\/\/sales-ai-agents.com\/de\/templates\/water-intake-tracker\/\" \/>\n<meta property=\"og:site_name\" content=\"Sales AI Agents\" \/>\n<meta property=\"article:modified_time\" content=\"2023-12-27T14:10:03+00:00\" \/>\n<meta property=\"og:image\" content=\"https:\/\/sales-ai-agents.com\/wp-content\/uploads\/2023\/01\/image-preview114040.png\" \/>\n\t<meta property=\"og:image:width\" content=\"1078\" \/>\n\t<meta property=\"og:image:height\" content=\"929\" \/>\n\t<meta property=\"og:image:type\" content=\"image\/png\" \/>\n<meta name=\"twitter:card\" content=\"summary_large_image\" \/>\n<script type=\"application\/ld+json\" class=\"yoast-schema-graph\">{\"@context\":\"https:\/\/schema.org\",\"@graph\":[{\"@type\":\"WebPage\",\"@id\":\"https:\/\/sales-ai-agents.com\/de\/templates\/water-intake-tracker\/\",\"url\":\"https:\/\/sales-ai-agents.com\/de\/templates\/water-intake-tracker\/\",\"name\":\"Vorlage f\u00fcr Wasseraufnahme-Tracker - Sales AI Agents\",\"isPartOf\":{\"@id\":\"https:\/\/sales-ai-agents.com\/#website\"},\"primaryImageOfPage\":{\"@id\":\"https:\/\/sales-ai-agents.com\/de\/templates\/water-intake-tracker\/#primaryimage\"},\"image\":{\"@id\":\"https:\/\/sales-ai-agents.com\/de\/templates\/water-intake-tracker\/#primaryimage\"},\"thumbnailUrl\":\"https:\/\/sales-ai-agents.com\/wp-content\/uploads\/2023\/01\/image-preview114040.png\",\"datePublished\":\"2022-09-23T13:47:21+00:00\",\"dateModified\":\"2023-12-27T14:10:03+00:00\",\"description\":\"Trinken Sie genug Wasser? \u00dcberpr\u00fcfen Sie es mit dieser kostenlosen Vorlage. Mit dem Tracker f\u00fcr die Wasseraufnahme k\u00f6nnen Sie leicht herausfinden, wie viele Gl\u00e4ser Wasser Sie trinken\",\"inLanguage\":\"de-DE\",\"potentialAction\":[{\"@type\":\"ReadAction\",\"target\":[\"https:\/\/sales-ai-agents.com\/de\/templates\/water-intake-tracker\/\"]}]},{\"@type\":\"ImageObject\",\"inLanguage\":\"de-DE\",\"@id\":\"https:\/\/sales-ai-agents.com\/de\/templates\/water-intake-tracker\/#primaryimage\",\"url\":\"https:\/\/sales-ai-agents.com\/wp-content\/uploads\/2023\/01\/image-preview114040.png\",\"contentUrl\":\"https:\/\/sales-ai-agents.com\/wp-content\/uploads\/2023\/01\/image-preview114040.png\",\"width\":1078,\"height\":929,\"caption\":\"Water Intake Tracker Template - Nimbus Platform\"},{\"@type\":\"WebSite\",\"@id\":\"https:\/\/sales-ai-agents.com\/#website\",\"url\":\"https:\/\/sales-ai-agents.com\/\",\"name\":\"FuseBase\",\"description\":\"Nimbus Platform - Free Online Collaboration Software for Remote Teams. Build your wikis, client portals and more with the Nimbus Platform collaboration tool ? A perfect space for online work\",\"publisher\":{\"@id\":\"https:\/\/sales-ai-agents.com\/#organization\"},\"potentialAction\":[{\"@type\":\"SearchAction\",\"target\":{\"@type\":\"EntryPoint\",\"urlTemplate\":\"https:\/\/sales-ai-agents.com\/?s={search_term_string}\"},\"query-input\":{\"@type\":\"PropertyValueSpecification\",\"valueRequired\":true,\"valueName\":\"search_term_string\"}}],\"inLanguage\":\"de-DE\"},{\"@type\":\"Organization\",\"@id\":\"https:\/\/sales-ai-agents.com\/#organization\",\"name\":\"FuseBase\",\"url\":\"https:\/\/sales-ai-agents.com\/\",\"logo\":{\"@type\":\"ImageObject\",\"inLanguage\":\"de-DE\",\"@id\":\"https:\/\/sales-ai-agents.com\/#\/schema\/logo\/image\/\",\"url\":\"https:\/\/sales-ai-agents.com\/wp-content\/uploads\/2023\/11\/icon-7.svg\",\"contentUrl\":\"https:\/\/sales-ai-agents.com\/wp-content\/uploads\/2023\/11\/icon-7.svg\",\"width\":128,\"height\":128,\"caption\":\"FuseBase\"},\"image\":{\"@id\":\"https:\/\/sales-ai-agents.com\/#\/schema\/logo\/image\/\"}}]}<\/script>\n<!-- \/ Yoast SEO plugin. -->","yoast_head_json":{"title":"Vorlage f\u00fcr Wasseraufnahme-Tracker - Sales AI Agents","description":"Trinken Sie genug Wasser? \u00dcberpr\u00fcfen Sie es mit dieser kostenlosen Vorlage. Mit dem Tracker f\u00fcr die Wasseraufnahme k\u00f6nnen Sie leicht herausfinden, wie viele Gl\u00e4ser Wasser Sie trinken","robots":{"index":"index","follow":"follow","max-snippet":"max-snippet:-1","max-image-preview":"max-image-preview:large","max-video-preview":"max-video-preview:-1"},"canonical":"https:\/\/sales-ai-agents.com\/de\/templates\/water-intake-tracker\/","og_locale":"de_DE","og_type":"article","og_title":"Vorlage f\u00fcr Wasseraufnahme-Tracker - Sales AI Agents","og_description":"Trinken Sie genug Wasser? \u00dcberpr\u00fcfen Sie es mit dieser kostenlosen Vorlage. Mit dem Tracker f\u00fcr die Wasseraufnahme k\u00f6nnen Sie leicht herausfinden, wie viele Gl\u00e4ser Wasser Sie trinken","og_url":"https:\/\/sales-ai-agents.com\/de\/templates\/water-intake-tracker\/","og_site_name":"Sales AI Agents","article_modified_time":"2023-12-27T14:10:03+00:00","og_image":[{"width":1078,"height":929,"url":"https:\/\/sales-ai-agents.com\/wp-content\/uploads\/2023\/01\/image-preview114040.png","type":"image\/png"}],"twitter_card":"summary_large_image","schema":{"@context":"https:\/\/schema.org","@graph":[{"@type":"WebPage","@id":"https:\/\/sales-ai-agents.com\/de\/templates\/water-intake-tracker\/","url":"https:\/\/sales-ai-agents.com\/de\/templates\/water-intake-tracker\/","name":"Vorlage f\u00fcr Wasseraufnahme-Tracker - Sales AI Agents","isPartOf":{"@id":"https:\/\/sales-ai-agents.com\/#website"},"primaryImageOfPage":{"@id":"https:\/\/sales-ai-agents.com\/de\/templates\/water-intake-tracker\/#primaryimage"},"image":{"@id":"https:\/\/sales-ai-agents.com\/de\/templates\/water-intake-tracker\/#primaryimage"},"thumbnailUrl":"https:\/\/sales-ai-agents.com\/wp-content\/uploads\/2023\/01\/image-preview114040.png","datePublished":"2022-09-23T13:47:21+00:00","dateModified":"2023-12-27T14:10:03+00:00","description":"Trinken Sie genug Wasser? \u00dcberpr\u00fcfen Sie es mit dieser kostenlosen Vorlage. Mit dem Tracker f\u00fcr die Wasseraufnahme k\u00f6nnen Sie leicht herausfinden, wie viele Gl\u00e4ser Wasser Sie trinken","inLanguage":"de-DE","potentialAction":[{"@type":"ReadAction","target":["https:\/\/sales-ai-agents.com\/de\/templates\/water-intake-tracker\/"]}]},{"@type":"ImageObject","inLanguage":"de-DE","@id":"https:\/\/sales-ai-agents.com\/de\/templates\/water-intake-tracker\/#primaryimage","url":"https:\/\/sales-ai-agents.com\/wp-content\/uploads\/2023\/01\/image-preview114040.png","contentUrl":"https:\/\/sales-ai-agents.com\/wp-content\/uploads\/2023\/01\/image-preview114040.png","width":1078,"height":929,"caption":"Water Intake Tracker Template - Nimbus Platform"},{"@type":"WebSite","@id":"https:\/\/sales-ai-agents.com\/#website","url":"https:\/\/sales-ai-agents.com\/","name":"FuseBase","description":"Nimbus Platform - Free Online Collaboration Software for Remote Teams. Build your wikis, client portals and more with the Nimbus Platform collaboration tool ? A perfect space for online work","publisher":{"@id":"https:\/\/sales-ai-agents.com\/#organization"},"potentialAction":[{"@type":"SearchAction","target":{"@type":"EntryPoint","urlTemplate":"https:\/\/sales-ai-agents.com\/?s={search_term_string}"},"query-input":{"@type":"PropertyValueSpecification","valueRequired":true,"valueName":"search_term_string"}}],"inLanguage":"de-DE"},{"@type":"Organization","@id":"https:\/\/sales-ai-agents.com\/#organization","name":"FuseBase","url":"https:\/\/sales-ai-agents.com\/","logo":{"@type":"ImageObject","inLanguage":"de-DE","@id":"https:\/\/sales-ai-agents.com\/#\/schema\/logo\/image\/","url":"https:\/\/sales-ai-agents.com\/wp-content\/uploads\/2023\/11\/icon-7.svg","contentUrl":"https:\/\/sales-ai-agents.com\/wp-content\/uploads\/2023\/11\/icon-7.svg","width":128,"height":128,"caption":"FuseBase"},"image":{"@id":"https:\/\/sales-ai-agents.com\/#\/schema\/logo\/image\/"}}]}},"_links":{"self":[{"href":"https:\/\/sales-ai-agents.com\/de\/wp-json\/wp\/v2\/product\/60936","targetHints":{"allow":["GET"]}}],"collection":[{"href":"https:\/\/sales-ai-agents.com\/de\/wp-json\/wp\/v2\/product"}],"about":[{"href":"https:\/\/sales-ai-agents.com\/de\/wp-json\/wp\/v2\/types\/product"}],"wp:featuredmedia":[{"embeddable":true,"href":"https:\/\/sales-ai-agents.com\/de\/wp-json\/wp\/v2\/media\/20251"}],"wp:attachment":[{"href":"https:\/\/sales-ai-agents.com\/de\/wp-json\/wp\/v2\/media?parent=60936"}],"wp:term":[{"taxonomy":"product_brand","embeddable":true,"href":"https:\/\/sales-ai-agents.com\/de\/wp-json\/wp\/v2\/product_brand?post=60936"},{"taxonomy":"product_cat","embeddable":true,"href":"https:\/\/sales-ai-agents.com\/de\/wp-json\/wp\/v2\/product_cat?post=60936"},{"taxonomy":"product_tag","embeddable":true,"href":"https:\/\/sales-ai-agents.com\/de\/wp-json\/wp\/v2\/product_tag?post=60936"}],"curies":[{"name":"wp","href":"https:\/\/api.w.org\/{rel}","templated":true}]}}