{"id":60941,"date":"2022-09-23T13:46:10","date_gmt":"2022-09-23T13:46:10","guid":{"rendered":"https:\/\/sales-ai-agents.com\/templates\/daily-team-meeting\/"},"modified":"2023-12-27T15:20:13","modified_gmt":"2023-12-27T15:20:13","slug":"daily-team-meeting","status":"publish","type":"product","link":"https:\/\/sales-ai-agents.com\/de\/templates\/daily-team-meeting\/","title":{"rendered":"T\u00e4gliches Teamtreffen"},"content":{"rendered":"<p>&nbsp;<\/p>\n<h2>Vorlage f\u00fcr t\u00e4gliche Teambesprechung<\/h2>\n<p class=\"desc-text\">Verfolgen Sie Besprechungen und behalten Sie den \u00dcberblick \u00fcber Ihre Protokolle und Aufzeichnungen. Erstellen Sie neue Ziele und weisen Sie Aufgaben bequem zu, w\u00e4hrend Sie alle auf dem Laufenden halten. Bleiben Sie organisiert und leiten Sie Ihr Team zum Handeln an. Diese Vorlage hilft Ihnen, Diskussionen zu protokollieren und konzentriert zu bleiben.<\/p>\n<h5>Nas\u0131l kullan\u0131l\u0131r:<\/h5>\n<ul class=\"desc-item_list\">\n<li class=\"desc-item_list__point\">Notieren Sie die wichtigsten Themen, die Sie besprechen m\u00f6chten<\/li>\n<li class=\"desc-item_list__point\">Notizen zu den Pr\u00e4sentationen der einzelnen Teams machen<\/li>\n<li class=\"desc-item_list__point\">Erstellen Sie Aufgaben, die Sie Ihren Mitgliedern zuweisen k\u00f6nnen<\/li>\n<li class=\"desc-item_list__point\">Ziele auflisten, die jeder erreichen soll<\/li>\n<li class=\"desc-item_list__point\">Erarbeiten Sie endg\u00fcltige Schlussfolgerungen und Entscheidungen, die Sie mit Ihrem Team teilen<\/li>\n<\/ul>\n","protected":false},"excerpt":{"rendered":"<p>Protokollieren Sie alle Ihre Diskussionen w\u00e4hrend der Besprechungen und ziehen Sie Schlussfolgerungen. Diese kostenlose Vorlage wird Ihnen helfen, Ihre Sitzungen richtig zu planen und kein Detail zu \u00fcbersehen<\/p>\n","protected":false},"featured_media":25220,"template":"","meta":{"_acf_changed":false,"inline_featured_image":false},"product_brand":[],"product_cat":[177,178],"product_tag":[],"class_list":{"0":"post-60941","1":"product","2":"type-product","3":"status-publish","4":"has-post-thumbnail","6":"product_cat-meeting","7":"product_cat-operations-hr","9":"first","10":"instock","11":"virtual","12":"sold-individually","13":"product-type-simple"},"acf":[],"yoast_head":"<!-- This site is optimized with the Yoast SEO plugin v25.3.1 - https:\/\/yoast.com\/wordpress\/plugins\/seo\/ -->\n<title>Vorlage f\u00fcr t\u00e4gliche Teambesprechungen - Sales AI Agents<\/title>\n<meta name=\"description\" content=\"Protokollieren Sie alle Ihre Diskussionen w\u00e4hrend der Sitzungen und ziehen Sie Schlussfolgerungen. Diese kostenlose Vorlage wird Ihnen helfen, Ihre Sitzungen richtig zu planen und kein Detail zu \u00fcbersehen.\" \/>\n<meta name=\"robots\" content=\"index, follow, max-snippet:-1, max-image-preview:large, max-video-preview:-1\" \/>\n<link rel=\"canonical\" href=\"https:\/\/sales-ai-agents.com\/de\/templates\/daily-team-meeting\/\" \/>\n<meta property=\"og:locale\" content=\"de_DE\" \/>\n<meta property=\"og:type\" content=\"article\" \/>\n<meta property=\"og:title\" content=\"Vorlage f\u00fcr t\u00e4gliche Teambesprechungen - Sales AI Agents\" \/>\n<meta property=\"og:description\" content=\"Protokollieren Sie alle Ihre Diskussionen w\u00e4hrend der Sitzungen und ziehen Sie Schlussfolgerungen. Diese kostenlose Vorlage wird Ihnen helfen, Ihre Sitzungen richtig zu planen und kein Detail zu \u00fcbersehen.\" \/>\n<meta property=\"og:url\" content=\"https:\/\/sales-ai-agents.com\/de\/templates\/daily-team-meeting\/\" \/>\n<meta property=\"og:site_name\" content=\"Sales AI Agents\" \/>\n<meta property=\"article:modified_time\" content=\"2023-12-27T15:20:13+00:00\" \/>\n<meta property=\"og:image\" content=\"https:\/\/sales-ai-agents.com\/wp-content\/uploads\/2022\/09\/Daily-Team-Meeting-Template.png\" \/>\n\t<meta property=\"og:image:width\" content=\"1700\" \/>\n\t<meta property=\"og:image:height\" content=\"1100\" \/>\n\t<meta property=\"og:image:type\" content=\"image\/png\" \/>\n<meta name=\"twitter:card\" content=\"summary_large_image\" \/>\n<script type=\"application\/ld+json\" class=\"yoast-schema-graph\">{\"@context\":\"https:\/\/schema.org\",\"@graph\":[{\"@type\":\"WebPage\",\"@id\":\"https:\/\/sales-ai-agents.com\/de\/templates\/daily-team-meeting\/\",\"url\":\"https:\/\/sales-ai-agents.com\/de\/templates\/daily-team-meeting\/\",\"name\":\"Vorlage f\u00fcr t\u00e4gliche Teambesprechungen - Sales AI Agents\",\"isPartOf\":{\"@id\":\"https:\/\/sales-ai-agents.com\/#website\"},\"primaryImageOfPage\":{\"@id\":\"https:\/\/sales-ai-agents.com\/de\/templates\/daily-team-meeting\/#primaryimage\"},\"image\":{\"@id\":\"https:\/\/sales-ai-agents.com\/de\/templates\/daily-team-meeting\/#primaryimage\"},\"thumbnailUrl\":\"https:\/\/sales-ai-agents.com\/wp-content\/uploads\/2022\/09\/Daily-Team-Meeting-Template.png\",\"datePublished\":\"2022-09-23T13:46:10+00:00\",\"dateModified\":\"2023-12-27T15:20:13+00:00\",\"description\":\"Protokollieren Sie alle Ihre Diskussionen w\u00e4hrend der Sitzungen und ziehen Sie Schlussfolgerungen. Diese kostenlose Vorlage wird Ihnen helfen, Ihre Sitzungen richtig zu planen und kein Detail zu \u00fcbersehen.\",\"inLanguage\":\"de-DE\",\"potentialAction\":[{\"@type\":\"ReadAction\",\"target\":[\"https:\/\/sales-ai-agents.com\/de\/templates\/daily-team-meeting\/\"]}]},{\"@type\":\"ImageObject\",\"inLanguage\":\"de-DE\",\"@id\":\"https:\/\/sales-ai-agents.com\/de\/templates\/daily-team-meeting\/#primaryimage\",\"url\":\"https:\/\/sales-ai-agents.com\/wp-content\/uploads\/2022\/09\/Daily-Team-Meeting-Template.png\",\"contentUrl\":\"https:\/\/sales-ai-agents.com\/wp-content\/uploads\/2022\/09\/Daily-Team-Meeting-Template.png\",\"width\":1700,\"height\":1100,\"caption\":\"Log all your discussions during the meetings and draw conclusions.\"},{\"@type\":\"WebSite\",\"@id\":\"https:\/\/sales-ai-agents.com\/#website\",\"url\":\"https:\/\/sales-ai-agents.com\/\",\"name\":\"FuseBase\",\"description\":\"Nimbus Platform - Free Online Collaboration Software for Remote Teams. Build your wikis, client portals and more with the Nimbus Platform collaboration tool ? A perfect space for online work\",\"publisher\":{\"@id\":\"https:\/\/sales-ai-agents.com\/#organization\"},\"potentialAction\":[{\"@type\":\"SearchAction\",\"target\":{\"@type\":\"EntryPoint\",\"urlTemplate\":\"https:\/\/sales-ai-agents.com\/?s={search_term_string}\"},\"query-input\":{\"@type\":\"PropertyValueSpecification\",\"valueRequired\":true,\"valueName\":\"search_term_string\"}}],\"inLanguage\":\"de-DE\"},{\"@type\":\"Organization\",\"@id\":\"https:\/\/sales-ai-agents.com\/#organization\",\"name\":\"FuseBase\",\"url\":\"https:\/\/sales-ai-agents.com\/\",\"logo\":{\"@type\":\"ImageObject\",\"inLanguage\":\"de-DE\",\"@id\":\"https:\/\/sales-ai-agents.com\/#\/schema\/logo\/image\/\",\"url\":\"https:\/\/sales-ai-agents.com\/wp-content\/uploads\/2023\/11\/icon-7.svg\",\"contentUrl\":\"https:\/\/sales-ai-agents.com\/wp-content\/uploads\/2023\/11\/icon-7.svg\",\"width\":128,\"height\":128,\"caption\":\"FuseBase\"},\"image\":{\"@id\":\"https:\/\/sales-ai-agents.com\/#\/schema\/logo\/image\/\"}}]}<\/script>\n<!-- \/ Yoast SEO plugin. -->","yoast_head_json":{"title":"Vorlage f\u00fcr t\u00e4gliche Teambesprechungen - Sales AI Agents","description":"Protokollieren Sie alle Ihre Diskussionen w\u00e4hrend der Sitzungen und ziehen Sie Schlussfolgerungen. Diese kostenlose Vorlage wird Ihnen helfen, Ihre Sitzungen richtig zu planen und kein Detail zu \u00fcbersehen.","robots":{"index":"index","follow":"follow","max-snippet":"max-snippet:-1","max-image-preview":"max-image-preview:large","max-video-preview":"max-video-preview:-1"},"canonical":"https:\/\/sales-ai-agents.com\/de\/templates\/daily-team-meeting\/","og_locale":"de_DE","og_type":"article","og_title":"Vorlage f\u00fcr t\u00e4gliche Teambesprechungen - Sales AI Agents","og_description":"Protokollieren Sie alle Ihre Diskussionen w\u00e4hrend der Sitzungen und ziehen Sie Schlussfolgerungen. Diese kostenlose Vorlage wird Ihnen helfen, Ihre Sitzungen richtig zu planen und kein Detail zu \u00fcbersehen.","og_url":"https:\/\/sales-ai-agents.com\/de\/templates\/daily-team-meeting\/","og_site_name":"Sales AI Agents","article_modified_time":"2023-12-27T15:20:13+00:00","og_image":[{"width":1700,"height":1100,"url":"https:\/\/sales-ai-agents.com\/wp-content\/uploads\/2022\/09\/Daily-Team-Meeting-Template.png","type":"image\/png"}],"twitter_card":"summary_large_image","schema":{"@context":"https:\/\/schema.org","@graph":[{"@type":"WebPage","@id":"https:\/\/sales-ai-agents.com\/de\/templates\/daily-team-meeting\/","url":"https:\/\/sales-ai-agents.com\/de\/templates\/daily-team-meeting\/","name":"Vorlage f\u00fcr t\u00e4gliche Teambesprechungen - Sales AI Agents","isPartOf":{"@id":"https:\/\/sales-ai-agents.com\/#website"},"primaryImageOfPage":{"@id":"https:\/\/sales-ai-agents.com\/de\/templates\/daily-team-meeting\/#primaryimage"},"image":{"@id":"https:\/\/sales-ai-agents.com\/de\/templates\/daily-team-meeting\/#primaryimage"},"thumbnailUrl":"https:\/\/sales-ai-agents.com\/wp-content\/uploads\/2022\/09\/Daily-Team-Meeting-Template.png","datePublished":"2022-09-23T13:46:10+00:00","dateModified":"2023-12-27T15:20:13+00:00","description":"Protokollieren Sie alle Ihre Diskussionen w\u00e4hrend der Sitzungen und ziehen Sie Schlussfolgerungen. Diese kostenlose Vorlage wird Ihnen helfen, Ihre Sitzungen richtig zu planen und kein Detail zu \u00fcbersehen.","inLanguage":"de-DE","potentialAction":[{"@type":"ReadAction","target":["https:\/\/sales-ai-agents.com\/de\/templates\/daily-team-meeting\/"]}]},{"@type":"ImageObject","inLanguage":"de-DE","@id":"https:\/\/sales-ai-agents.com\/de\/templates\/daily-team-meeting\/#primaryimage","url":"https:\/\/sales-ai-agents.com\/wp-content\/uploads\/2022\/09\/Daily-Team-Meeting-Template.png","contentUrl":"https:\/\/sales-ai-agents.com\/wp-content\/uploads\/2022\/09\/Daily-Team-Meeting-Template.png","width":1700,"height":1100,"caption":"Log all your discussions during the meetings and draw conclusions."},{"@type":"WebSite","@id":"https:\/\/sales-ai-agents.com\/#website","url":"https:\/\/sales-ai-agents.com\/","name":"FuseBase","description":"Nimbus Platform - Free Online Collaboration Software for Remote Teams. Build your wikis, client portals and more with the Nimbus Platform collaboration tool ? A perfect space for online work","publisher":{"@id":"https:\/\/sales-ai-agents.com\/#organization"},"potentialAction":[{"@type":"SearchAction","target":{"@type":"EntryPoint","urlTemplate":"https:\/\/sales-ai-agents.com\/?s={search_term_string}"},"query-input":{"@type":"PropertyValueSpecification","valueRequired":true,"valueName":"search_term_string"}}],"inLanguage":"de-DE"},{"@type":"Organization","@id":"https:\/\/sales-ai-agents.com\/#organization","name":"FuseBase","url":"https:\/\/sales-ai-agents.com\/","logo":{"@type":"ImageObject","inLanguage":"de-DE","@id":"https:\/\/sales-ai-agents.com\/#\/schema\/logo\/image\/","url":"https:\/\/sales-ai-agents.com\/wp-content\/uploads\/2023\/11\/icon-7.svg","contentUrl":"https:\/\/sales-ai-agents.com\/wp-content\/uploads\/2023\/11\/icon-7.svg","width":128,"height":128,"caption":"FuseBase"},"image":{"@id":"https:\/\/sales-ai-agents.com\/#\/schema\/logo\/image\/"}}]}},"_links":{"self":[{"href":"https:\/\/sales-ai-agents.com\/de\/wp-json\/wp\/v2\/product\/60941","targetHints":{"allow":["GET"]}}],"collection":[{"href":"https:\/\/sales-ai-agents.com\/de\/wp-json\/wp\/v2\/product"}],"about":[{"href":"https:\/\/sales-ai-agents.com\/de\/wp-json\/wp\/v2\/types\/product"}],"wp:featuredmedia":[{"embeddable":true,"href":"https:\/\/sales-ai-agents.com\/de\/wp-json\/wp\/v2\/media\/25220"}],"wp:attachment":[{"href":"https:\/\/sales-ai-agents.com\/de\/wp-json\/wp\/v2\/media?parent=60941"}],"wp:term":[{"taxonomy":"product_brand","embeddable":true,"href":"https:\/\/sales-ai-agents.com\/de\/wp-json\/wp\/v2\/product_brand?post=60941"},{"taxonomy":"product_cat","embeddable":true,"href":"https:\/\/sales-ai-agents.com\/de\/wp-json\/wp\/v2\/product_cat?post=60941"},{"taxonomy":"product_tag","embeddable":true,"href":"https:\/\/sales-ai-agents.com\/de\/wp-json\/wp\/v2\/product_tag?post=60941"}],"curies":[{"name":"wp","href":"https:\/\/api.w.org\/{rel}","templated":true}]}}