{"id":60952,"date":"2022-09-23T13:46:02","date_gmt":"2022-09-23T13:46:02","guid":{"rendered":"https:\/\/sales-ai-agents.com\/templates\/product-feature-checklist\/"},"modified":"2023-12-26T15:07:49","modified_gmt":"2023-12-26T15:07:49","slug":"product-feature-checklist","status":"publish","type":"product","link":"https:\/\/sales-ai-agents.com\/de\/templates\/product-feature-checklist\/","title":{"rendered":"Checkliste Produktmerkmale"},"content":{"rendered":"<p>&nbsp;<\/p>\n<h2>Produktmerkmal Checkliste Vorlage<\/h2>\n<p class=\"desc-text\">Wenn Sie ein Produkt erstellen, kann es sein, dass Sie eine lange Liste von Funktionen zu erstellen haben. Verwenden Sie diese Vorlage, um den \u00dcberblick \u00fcber Ihre neuen Funktionen zu behalten und sicherzustellen, dass sie f\u00fcr die Markteinf\u00fchrung bereit sind. Kennzeichnen Sie den Status jeder Funktion und f\u00fcgen Sie wichtige Termininformationen hinzu. Markieren Sie Mitglieder, um Ihr Team auf dem Laufenden zu halten.<\/p>\n<h5>Wie zu verwenden:<\/h5>\n<ul class=\"desc-item_list\">\n<li class=\"desc-item_list__point\">Produktmerkmale auflisten<\/li>\n<li class=\"desc-item_list__point\">Status der Funktionen aktualisieren<\/li>\n<li class=\"desc-item_list__point\">Mitglieder zuweisen<\/li>\n<li class=\"desc-item_list__point\">Verfolgung des Status der Startaspekte<\/li>\n<li class=\"desc-item_list__point\">Priorit\u00e4tsstufe des Etiketts<\/li>\n<\/ul>\n","protected":false},"excerpt":{"rendered":"<p>Verwenden Sie diese kostenlose Vorlage bei der Erstellung eines neuen Produkts. Mit ihr k\u00f6nnen Sie die Funktionen, die Sie hinzuf\u00fcgen m\u00f6chten, leicht verfolgen und sicherstellen, dass sie f\u00fcr eine erfolgreiche Markteinf\u00fchrung bereit sind.<\/p>\n","protected":false},"featured_media":20247,"template":"","meta":{"_acf_changed":false,"inline_featured_image":false},"product_brand":[],"product_cat":[186,189],"product_tag":[],"class_list":{"0":"post-60952","1":"product","2":"type-product","3":"status-publish","4":"has-post-thumbnail","6":"product_cat-product","7":"product_cat-product-management","9":"first","10":"instock","11":"virtual","12":"sold-individually","13":"product-type-simple"},"acf":[],"yoast_head":"<!-- This site is optimized with the Yoast SEO plugin v25.3.1 - https:\/\/yoast.com\/wordpress\/plugins\/seo\/ -->\n<title>Checklistenvorlage f\u00fcr Produktmerkmale - Sales AI Agents<\/title>\n<meta name=\"description\" content=\"Verwenden Sie diese kostenlose Vorlage bei der Erstellung eines neuen Produkts. Mit ihr k\u00f6nnen Sie die Funktionen, die Sie hinzuf\u00fcgen m\u00f6chten, leicht verfolgen und sicherstellen, dass sie f\u00fcr eine erfolgreiche Markteinf\u00fchrung bereit sind.\" \/>\n<meta name=\"robots\" content=\"index, follow, max-snippet:-1, max-image-preview:large, max-video-preview:-1\" \/>\n<link rel=\"canonical\" href=\"https:\/\/sales-ai-agents.com\/de\/templates\/product-feature-checklist\/\" \/>\n<meta property=\"og:locale\" content=\"de_DE\" \/>\n<meta property=\"og:type\" content=\"article\" \/>\n<meta property=\"og:title\" content=\"Checklistenvorlage f\u00fcr Produktmerkmale - Sales AI Agents\" \/>\n<meta property=\"og:description\" content=\"Verwenden Sie diese kostenlose Vorlage bei der Erstellung eines neuen Produkts. Mit ihr k\u00f6nnen Sie die Funktionen, die Sie hinzuf\u00fcgen m\u00f6chten, leicht verfolgen und sicherstellen, dass sie f\u00fcr eine erfolgreiche Markteinf\u00fchrung bereit sind.\" \/>\n<meta property=\"og:url\" content=\"https:\/\/sales-ai-agents.com\/de\/templates\/product-feature-checklist\/\" \/>\n<meta property=\"og:site_name\" content=\"Sales AI Agents\" \/>\n<meta property=\"article:modified_time\" content=\"2023-12-26T15:07:49+00:00\" \/>\n<meta property=\"og:image\" content=\"https:\/\/sales-ai-agents.com\/wp-content\/uploads\/2023\/01\/image-preview114007.png\" \/>\n\t<meta property=\"og:image:width\" content=\"1078\" \/>\n\t<meta property=\"og:image:height\" content=\"760\" \/>\n\t<meta property=\"og:image:type\" content=\"image\/png\" \/>\n<meta name=\"twitter:card\" content=\"summary_large_image\" \/>\n<script type=\"application\/ld+json\" class=\"yoast-schema-graph\">{\"@context\":\"https:\/\/schema.org\",\"@graph\":[{\"@type\":\"WebPage\",\"@id\":\"https:\/\/sales-ai-agents.com\/de\/templates\/product-feature-checklist\/\",\"url\":\"https:\/\/sales-ai-agents.com\/de\/templates\/product-feature-checklist\/\",\"name\":\"Checklistenvorlage f\u00fcr Produktmerkmale - Sales AI Agents\",\"isPartOf\":{\"@id\":\"https:\/\/sales-ai-agents.com\/#website\"},\"primaryImageOfPage\":{\"@id\":\"https:\/\/sales-ai-agents.com\/de\/templates\/product-feature-checklist\/#primaryimage\"},\"image\":{\"@id\":\"https:\/\/sales-ai-agents.com\/de\/templates\/product-feature-checklist\/#primaryimage\"},\"thumbnailUrl\":\"https:\/\/sales-ai-agents.com\/wp-content\/uploads\/2023\/01\/image-preview114007.png\",\"datePublished\":\"2022-09-23T13:46:02+00:00\",\"dateModified\":\"2023-12-26T15:07:49+00:00\",\"description\":\"Verwenden Sie diese kostenlose Vorlage bei der Erstellung eines neuen Produkts. Mit ihr k\u00f6nnen Sie die Funktionen, die Sie hinzuf\u00fcgen m\u00f6chten, leicht verfolgen und sicherstellen, dass sie f\u00fcr eine erfolgreiche Markteinf\u00fchrung bereit sind.\",\"inLanguage\":\"de-DE\",\"potentialAction\":[{\"@type\":\"ReadAction\",\"target\":[\"https:\/\/sales-ai-agents.com\/de\/templates\/product-feature-checklist\/\"]}]},{\"@type\":\"ImageObject\",\"inLanguage\":\"de-DE\",\"@id\":\"https:\/\/sales-ai-agents.com\/de\/templates\/product-feature-checklist\/#primaryimage\",\"url\":\"https:\/\/sales-ai-agents.com\/wp-content\/uploads\/2023\/01\/image-preview114007.png\",\"contentUrl\":\"https:\/\/sales-ai-agents.com\/wp-content\/uploads\/2023\/01\/image-preview114007.png\",\"width\":1078,\"height\":760,\"caption\":\"Product Feature Checklist Template - Nimbus Platform\"},{\"@type\":\"WebSite\",\"@id\":\"https:\/\/sales-ai-agents.com\/#website\",\"url\":\"https:\/\/sales-ai-agents.com\/\",\"name\":\"FuseBase\",\"description\":\"Nimbus Platform - Free Online Collaboration Software for Remote Teams. Build your wikis, client portals and more with the Nimbus Platform collaboration tool ? A perfect space for online work\",\"publisher\":{\"@id\":\"https:\/\/sales-ai-agents.com\/#organization\"},\"potentialAction\":[{\"@type\":\"SearchAction\",\"target\":{\"@type\":\"EntryPoint\",\"urlTemplate\":\"https:\/\/sales-ai-agents.com\/?s={search_term_string}\"},\"query-input\":{\"@type\":\"PropertyValueSpecification\",\"valueRequired\":true,\"valueName\":\"search_term_string\"}}],\"inLanguage\":\"de-DE\"},{\"@type\":\"Organization\",\"@id\":\"https:\/\/sales-ai-agents.com\/#organization\",\"name\":\"FuseBase\",\"url\":\"https:\/\/sales-ai-agents.com\/\",\"logo\":{\"@type\":\"ImageObject\",\"inLanguage\":\"de-DE\",\"@id\":\"https:\/\/sales-ai-agents.com\/#\/schema\/logo\/image\/\",\"url\":\"https:\/\/sales-ai-agents.com\/wp-content\/uploads\/2023\/11\/icon-7.svg\",\"contentUrl\":\"https:\/\/sales-ai-agents.com\/wp-content\/uploads\/2023\/11\/icon-7.svg\",\"width\":128,\"height\":128,\"caption\":\"FuseBase\"},\"image\":{\"@id\":\"https:\/\/sales-ai-agents.com\/#\/schema\/logo\/image\/\"}}]}<\/script>\n<!-- \/ Yoast SEO plugin. -->","yoast_head_json":{"title":"Checklistenvorlage f\u00fcr Produktmerkmale - Sales AI Agents","description":"Verwenden Sie diese kostenlose Vorlage bei der Erstellung eines neuen Produkts. Mit ihr k\u00f6nnen Sie die Funktionen, die Sie hinzuf\u00fcgen m\u00f6chten, leicht verfolgen und sicherstellen, dass sie f\u00fcr eine erfolgreiche Markteinf\u00fchrung bereit sind.","robots":{"index":"index","follow":"follow","max-snippet":"max-snippet:-1","max-image-preview":"max-image-preview:large","max-video-preview":"max-video-preview:-1"},"canonical":"https:\/\/sales-ai-agents.com\/de\/templates\/product-feature-checklist\/","og_locale":"de_DE","og_type":"article","og_title":"Checklistenvorlage f\u00fcr Produktmerkmale - Sales AI Agents","og_description":"Verwenden Sie diese kostenlose Vorlage bei der Erstellung eines neuen Produkts. Mit ihr k\u00f6nnen Sie die Funktionen, die Sie hinzuf\u00fcgen m\u00f6chten, leicht verfolgen und sicherstellen, dass sie f\u00fcr eine erfolgreiche Markteinf\u00fchrung bereit sind.","og_url":"https:\/\/sales-ai-agents.com\/de\/templates\/product-feature-checklist\/","og_site_name":"Sales AI Agents","article_modified_time":"2023-12-26T15:07:49+00:00","og_image":[{"width":1078,"height":760,"url":"https:\/\/sales-ai-agents.com\/wp-content\/uploads\/2023\/01\/image-preview114007.png","type":"image\/png"}],"twitter_card":"summary_large_image","schema":{"@context":"https:\/\/schema.org","@graph":[{"@type":"WebPage","@id":"https:\/\/sales-ai-agents.com\/de\/templates\/product-feature-checklist\/","url":"https:\/\/sales-ai-agents.com\/de\/templates\/product-feature-checklist\/","name":"Checklistenvorlage f\u00fcr Produktmerkmale - Sales AI Agents","isPartOf":{"@id":"https:\/\/sales-ai-agents.com\/#website"},"primaryImageOfPage":{"@id":"https:\/\/sales-ai-agents.com\/de\/templates\/product-feature-checklist\/#primaryimage"},"image":{"@id":"https:\/\/sales-ai-agents.com\/de\/templates\/product-feature-checklist\/#primaryimage"},"thumbnailUrl":"https:\/\/sales-ai-agents.com\/wp-content\/uploads\/2023\/01\/image-preview114007.png","datePublished":"2022-09-23T13:46:02+00:00","dateModified":"2023-12-26T15:07:49+00:00","description":"Verwenden Sie diese kostenlose Vorlage bei der Erstellung eines neuen Produkts. Mit ihr k\u00f6nnen Sie die Funktionen, die Sie hinzuf\u00fcgen m\u00f6chten, leicht verfolgen und sicherstellen, dass sie f\u00fcr eine erfolgreiche Markteinf\u00fchrung bereit sind.","inLanguage":"de-DE","potentialAction":[{"@type":"ReadAction","target":["https:\/\/sales-ai-agents.com\/de\/templates\/product-feature-checklist\/"]}]},{"@type":"ImageObject","inLanguage":"de-DE","@id":"https:\/\/sales-ai-agents.com\/de\/templates\/product-feature-checklist\/#primaryimage","url":"https:\/\/sales-ai-agents.com\/wp-content\/uploads\/2023\/01\/image-preview114007.png","contentUrl":"https:\/\/sales-ai-agents.com\/wp-content\/uploads\/2023\/01\/image-preview114007.png","width":1078,"height":760,"caption":"Product Feature Checklist Template - Nimbus Platform"},{"@type":"WebSite","@id":"https:\/\/sales-ai-agents.com\/#website","url":"https:\/\/sales-ai-agents.com\/","name":"FuseBase","description":"Nimbus Platform - Free Online Collaboration Software for Remote Teams. Build your wikis, client portals and more with the Nimbus Platform collaboration tool ? A perfect space for online work","publisher":{"@id":"https:\/\/sales-ai-agents.com\/#organization"},"potentialAction":[{"@type":"SearchAction","target":{"@type":"EntryPoint","urlTemplate":"https:\/\/sales-ai-agents.com\/?s={search_term_string}"},"query-input":{"@type":"PropertyValueSpecification","valueRequired":true,"valueName":"search_term_string"}}],"inLanguage":"de-DE"},{"@type":"Organization","@id":"https:\/\/sales-ai-agents.com\/#organization","name":"FuseBase","url":"https:\/\/sales-ai-agents.com\/","logo":{"@type":"ImageObject","inLanguage":"de-DE","@id":"https:\/\/sales-ai-agents.com\/#\/schema\/logo\/image\/","url":"https:\/\/sales-ai-agents.com\/wp-content\/uploads\/2023\/11\/icon-7.svg","contentUrl":"https:\/\/sales-ai-agents.com\/wp-content\/uploads\/2023\/11\/icon-7.svg","width":128,"height":128,"caption":"FuseBase"},"image":{"@id":"https:\/\/sales-ai-agents.com\/#\/schema\/logo\/image\/"}}]}},"_links":{"self":[{"href":"https:\/\/sales-ai-agents.com\/de\/wp-json\/wp\/v2\/product\/60952","targetHints":{"allow":["GET"]}}],"collection":[{"href":"https:\/\/sales-ai-agents.com\/de\/wp-json\/wp\/v2\/product"}],"about":[{"href":"https:\/\/sales-ai-agents.com\/de\/wp-json\/wp\/v2\/types\/product"}],"wp:featuredmedia":[{"embeddable":true,"href":"https:\/\/sales-ai-agents.com\/de\/wp-json\/wp\/v2\/media\/20247"}],"wp:attachment":[{"href":"https:\/\/sales-ai-agents.com\/de\/wp-json\/wp\/v2\/media?parent=60952"}],"wp:term":[{"taxonomy":"product_brand","embeddable":true,"href":"https:\/\/sales-ai-agents.com\/de\/wp-json\/wp\/v2\/product_brand?post=60952"},{"taxonomy":"product_cat","embeddable":true,"href":"https:\/\/sales-ai-agents.com\/de\/wp-json\/wp\/v2\/product_cat?post=60952"},{"taxonomy":"product_tag","embeddable":true,"href":"https:\/\/sales-ai-agents.com\/de\/wp-json\/wp\/v2\/product_tag?post=60952"}],"curies":[{"name":"wp","href":"https:\/\/api.w.org\/{rel}","templated":true}]}}