{"id":60964,"date":"2022-09-23T13:45:22","date_gmt":"2022-09-23T13:45:22","guid":{"rendered":"https:\/\/sales-ai-agents.com\/templates\/holidays-calendar-2023-2024\/"},"modified":"2023-12-27T14:51:40","modified_gmt":"2023-12-27T14:51:40","slug":"holidays-calendar-2023-2024","status":"publish","type":"product","link":"https:\/\/sales-ai-agents.com\/de\/templates\/holidays-calendar-2023-2024\/","title":{"rendered":"Ferienkalender 2023-2024"},"content":{"rendered":"<p>&nbsp;<\/p>\n<h2>Feiertage kalender Vorlage<\/h2>\n<p class=\"desc-text\">Mit dieser Urlaubsvorlage behalten Sie den \u00dcberblick \u00fcber alle wichtigen Feiertage und Feierlichkeiten. Stellen Sie sicher, dass Sie nie wieder ein wichtiges Datum vergessen. Verwenden Sie die Vorlage, um wichtige Ereignisse zu planen, z. B. ein Abendessen zum Valentinstag oder ein Ostereiersuchen. Nutzen Sie die Vorlage, um Termine f\u00fcr Urlaube, Pausen oder Feiertage zu \u00fcberpr\u00fcfen. Sie k\u00f6nnen auch Notizen schreiben, damit Sie keine wichtigen Erinnerungen, Pl\u00e4ne oder Memos verpassen.<br \/>\nDer Kalender basiert auf den nationalen Feiertagen in den USA. Die Feiertage k\u00f6nnen von Land zu Land unterschiedlich sein.<\/p>\n<h5>Wie zu verwenden:<\/h5>\n<ul class=\"desc-item_list\">\n<li class=\"desc-item_list__point\">\u00dcberpr\u00fcfen Sie die Tabelle der wichtigsten Feiertage<\/li>\n<li class=\"desc-item_list__point\">Notizen f\u00fcr jeden Feiertag hinzuf\u00fcgen<\/li>\n<li class=\"desc-item_list__point\">Schreiben Sie \u00fcber Ereignisse, Erinnerungen oder Aktivit\u00e4ten<\/li>\n<li class=\"desc-item_list__point\">Haken Sie jeden Feiertag ab, wenn er vorbei ist<\/li>\n<\/ul>\n","protected":false},"excerpt":{"rendered":"<p>Behalten Sie mit dieser kostenlosen Urlaubsvorlage den \u00dcberblick \u00fcber alle wichtigen Feiertage und Feierlichkeiten. Stellen Sie sicher, dass Sie nie ein wichtiges Datum vergessen und bereiten Sie sich richtig darauf vor.<\/p>\n","protected":false},"featured_media":26564,"template":"","meta":{"_acf_changed":false,"inline_featured_image":false},"product_brand":[],"product_cat":[179,182,181],"product_tag":[],"class_list":{"0":"post-60964","1":"product","2":"type-product","3":"status-publish","4":"has-post-thumbnail","6":"product_cat-organizers-planners","7":"product_cat-personal-fun","8":"product_cat-holidays-planning","10":"first","11":"instock","12":"virtual","13":"sold-individually","14":"product-type-simple"},"acf":[],"yoast_head":"<!-- This site is optimized with the Yoast SEO plugin v25.3.1 - https:\/\/yoast.com\/wordpress\/plugins\/seo\/ -->\n<title>Feiertage Kalender 2023-2024 Vorlage - Sales AI Agents<\/title>\n<meta name=\"description\" content=\"Behalten Sie mit dieser kostenlosen Urlaubsvorlage den \u00dcberblick \u00fcber alle wichtigen Feiertage und Feierlichkeiten. Stellen Sie sicher, dass Sie nie ein wichtiges Datum vergessen und bereiten Sie sich richtig darauf vor\" \/>\n<meta name=\"robots\" content=\"index, follow, max-snippet:-1, max-image-preview:large, max-video-preview:-1\" \/>\n<link rel=\"canonical\" href=\"https:\/\/sales-ai-agents.com\/de\/templates\/holidays-calendar-2023-2024\/\" \/>\n<meta property=\"og:locale\" content=\"de_DE\" \/>\n<meta property=\"og:type\" content=\"article\" \/>\n<meta property=\"og:title\" content=\"Feiertage Kalender 2023-2024 Vorlage - Sales AI Agents\" \/>\n<meta property=\"og:description\" content=\"Behalten Sie mit dieser kostenlosen Urlaubsvorlage den \u00dcberblick \u00fcber alle wichtigen Feiertage und Feierlichkeiten. Stellen Sie sicher, dass Sie nie ein wichtiges Datum vergessen und bereiten Sie sich richtig darauf vor\" \/>\n<meta property=\"og:url\" content=\"https:\/\/sales-ai-agents.com\/de\/templates\/holidays-calendar-2023-2024\/\" \/>\n<meta property=\"og:site_name\" content=\"Sales AI Agents\" \/>\n<meta property=\"article:modified_time\" content=\"2023-12-27T14:51:40+00:00\" \/>\n<meta property=\"og:image\" content=\"https:\/\/sales-ai-agents.com\/wp-content\/uploads\/2022\/09\/Holidays-Calendar-2023-2024-Template.png\" \/>\n\t<meta property=\"og:image:width\" content=\"1700\" \/>\n\t<meta property=\"og:image:height\" content=\"1100\" \/>\n\t<meta property=\"og:image:type\" content=\"image\/png\" \/>\n<meta name=\"twitter:card\" content=\"summary_large_image\" \/>\n<script type=\"application\/ld+json\" class=\"yoast-schema-graph\">{\"@context\":\"https:\/\/schema.org\",\"@graph\":[{\"@type\":\"WebPage\",\"@id\":\"https:\/\/sales-ai-agents.com\/de\/templates\/holidays-calendar-2023-2024\/\",\"url\":\"https:\/\/sales-ai-agents.com\/de\/templates\/holidays-calendar-2023-2024\/\",\"name\":\"Feiertage Kalender 2023-2024 Vorlage - Sales AI Agents\",\"isPartOf\":{\"@id\":\"https:\/\/sales-ai-agents.com\/#website\"},\"primaryImageOfPage\":{\"@id\":\"https:\/\/sales-ai-agents.com\/de\/templates\/holidays-calendar-2023-2024\/#primaryimage\"},\"image\":{\"@id\":\"https:\/\/sales-ai-agents.com\/de\/templates\/holidays-calendar-2023-2024\/#primaryimage\"},\"thumbnailUrl\":\"https:\/\/sales-ai-agents.com\/wp-content\/uploads\/2022\/09\/Holidays-Calendar-2023-2024-Template.png\",\"datePublished\":\"2022-09-23T13:45:22+00:00\",\"dateModified\":\"2023-12-27T14:51:40+00:00\",\"description\":\"Behalten Sie mit dieser kostenlosen Urlaubsvorlage den \u00dcberblick \u00fcber alle wichtigen Feiertage und Feierlichkeiten. Stellen Sie sicher, dass Sie nie ein wichtiges Datum vergessen und bereiten Sie sich richtig darauf vor\",\"inLanguage\":\"de-DE\",\"potentialAction\":[{\"@type\":\"ReadAction\",\"target\":[\"https:\/\/sales-ai-agents.com\/de\/templates\/holidays-calendar-2023-2024\/\"]}]},{\"@type\":\"ImageObject\",\"inLanguage\":\"de-DE\",\"@id\":\"https:\/\/sales-ai-agents.com\/de\/templates\/holidays-calendar-2023-2024\/#primaryimage\",\"url\":\"https:\/\/sales-ai-agents.com\/wp-content\/uploads\/2022\/09\/Holidays-Calendar-2023-2024-Template.png\",\"contentUrl\":\"https:\/\/sales-ai-agents.com\/wp-content\/uploads\/2022\/09\/Holidays-Calendar-2023-2024-Template.png\",\"width\":1700,\"height\":1100,\"caption\":\"Keep track of all major holidays and celebrations with this free holiday template.\"},{\"@type\":\"WebSite\",\"@id\":\"https:\/\/sales-ai-agents.com\/#website\",\"url\":\"https:\/\/sales-ai-agents.com\/\",\"name\":\"FuseBase\",\"description\":\"Nimbus Platform - Free Online Collaboration Software for Remote Teams. Build your wikis, client portals and more with the Nimbus Platform collaboration tool ? A perfect space for online work\",\"publisher\":{\"@id\":\"https:\/\/sales-ai-agents.com\/#organization\"},\"potentialAction\":[{\"@type\":\"SearchAction\",\"target\":{\"@type\":\"EntryPoint\",\"urlTemplate\":\"https:\/\/sales-ai-agents.com\/?s={search_term_string}\"},\"query-input\":{\"@type\":\"PropertyValueSpecification\",\"valueRequired\":true,\"valueName\":\"search_term_string\"}}],\"inLanguage\":\"de-DE\"},{\"@type\":\"Organization\",\"@id\":\"https:\/\/sales-ai-agents.com\/#organization\",\"name\":\"FuseBase\",\"url\":\"https:\/\/sales-ai-agents.com\/\",\"logo\":{\"@type\":\"ImageObject\",\"inLanguage\":\"de-DE\",\"@id\":\"https:\/\/sales-ai-agents.com\/#\/schema\/logo\/image\/\",\"url\":\"https:\/\/sales-ai-agents.com\/wp-content\/uploads\/2023\/11\/icon-7.svg\",\"contentUrl\":\"https:\/\/sales-ai-agents.com\/wp-content\/uploads\/2023\/11\/icon-7.svg\",\"width\":128,\"height\":128,\"caption\":\"FuseBase\"},\"image\":{\"@id\":\"https:\/\/sales-ai-agents.com\/#\/schema\/logo\/image\/\"}}]}<\/script>\n<!-- \/ Yoast SEO plugin. -->","yoast_head_json":{"title":"Feiertage Kalender 2023-2024 Vorlage - Sales AI Agents","description":"Behalten Sie mit dieser kostenlosen Urlaubsvorlage den \u00dcberblick \u00fcber alle wichtigen Feiertage und Feierlichkeiten. Stellen Sie sicher, dass Sie nie ein wichtiges Datum vergessen und bereiten Sie sich richtig darauf vor","robots":{"index":"index","follow":"follow","max-snippet":"max-snippet:-1","max-image-preview":"max-image-preview:large","max-video-preview":"max-video-preview:-1"},"canonical":"https:\/\/sales-ai-agents.com\/de\/templates\/holidays-calendar-2023-2024\/","og_locale":"de_DE","og_type":"article","og_title":"Feiertage Kalender 2023-2024 Vorlage - Sales AI Agents","og_description":"Behalten Sie mit dieser kostenlosen Urlaubsvorlage den \u00dcberblick \u00fcber alle wichtigen Feiertage und Feierlichkeiten. Stellen Sie sicher, dass Sie nie ein wichtiges Datum vergessen und bereiten Sie sich richtig darauf vor","og_url":"https:\/\/sales-ai-agents.com\/de\/templates\/holidays-calendar-2023-2024\/","og_site_name":"Sales AI Agents","article_modified_time":"2023-12-27T14:51:40+00:00","og_image":[{"width":1700,"height":1100,"url":"https:\/\/sales-ai-agents.com\/wp-content\/uploads\/2022\/09\/Holidays-Calendar-2023-2024-Template.png","type":"image\/png"}],"twitter_card":"summary_large_image","schema":{"@context":"https:\/\/schema.org","@graph":[{"@type":"WebPage","@id":"https:\/\/sales-ai-agents.com\/de\/templates\/holidays-calendar-2023-2024\/","url":"https:\/\/sales-ai-agents.com\/de\/templates\/holidays-calendar-2023-2024\/","name":"Feiertage Kalender 2023-2024 Vorlage - Sales AI Agents","isPartOf":{"@id":"https:\/\/sales-ai-agents.com\/#website"},"primaryImageOfPage":{"@id":"https:\/\/sales-ai-agents.com\/de\/templates\/holidays-calendar-2023-2024\/#primaryimage"},"image":{"@id":"https:\/\/sales-ai-agents.com\/de\/templates\/holidays-calendar-2023-2024\/#primaryimage"},"thumbnailUrl":"https:\/\/sales-ai-agents.com\/wp-content\/uploads\/2022\/09\/Holidays-Calendar-2023-2024-Template.png","datePublished":"2022-09-23T13:45:22+00:00","dateModified":"2023-12-27T14:51:40+00:00","description":"Behalten Sie mit dieser kostenlosen Urlaubsvorlage den \u00dcberblick \u00fcber alle wichtigen Feiertage und Feierlichkeiten. Stellen Sie sicher, dass Sie nie ein wichtiges Datum vergessen und bereiten Sie sich richtig darauf vor","inLanguage":"de-DE","potentialAction":[{"@type":"ReadAction","target":["https:\/\/sales-ai-agents.com\/de\/templates\/holidays-calendar-2023-2024\/"]}]},{"@type":"ImageObject","inLanguage":"de-DE","@id":"https:\/\/sales-ai-agents.com\/de\/templates\/holidays-calendar-2023-2024\/#primaryimage","url":"https:\/\/sales-ai-agents.com\/wp-content\/uploads\/2022\/09\/Holidays-Calendar-2023-2024-Template.png","contentUrl":"https:\/\/sales-ai-agents.com\/wp-content\/uploads\/2022\/09\/Holidays-Calendar-2023-2024-Template.png","width":1700,"height":1100,"caption":"Keep track of all major holidays and celebrations with this free holiday template."},{"@type":"WebSite","@id":"https:\/\/sales-ai-agents.com\/#website","url":"https:\/\/sales-ai-agents.com\/","name":"FuseBase","description":"Nimbus Platform - Free Online Collaboration Software for Remote Teams. Build your wikis, client portals and more with the Nimbus Platform collaboration tool ? A perfect space for online work","publisher":{"@id":"https:\/\/sales-ai-agents.com\/#organization"},"potentialAction":[{"@type":"SearchAction","target":{"@type":"EntryPoint","urlTemplate":"https:\/\/sales-ai-agents.com\/?s={search_term_string}"},"query-input":{"@type":"PropertyValueSpecification","valueRequired":true,"valueName":"search_term_string"}}],"inLanguage":"de-DE"},{"@type":"Organization","@id":"https:\/\/sales-ai-agents.com\/#organization","name":"FuseBase","url":"https:\/\/sales-ai-agents.com\/","logo":{"@type":"ImageObject","inLanguage":"de-DE","@id":"https:\/\/sales-ai-agents.com\/#\/schema\/logo\/image\/","url":"https:\/\/sales-ai-agents.com\/wp-content\/uploads\/2023\/11\/icon-7.svg","contentUrl":"https:\/\/sales-ai-agents.com\/wp-content\/uploads\/2023\/11\/icon-7.svg","width":128,"height":128,"caption":"FuseBase"},"image":{"@id":"https:\/\/sales-ai-agents.com\/#\/schema\/logo\/image\/"}}]}},"_links":{"self":[{"href":"https:\/\/sales-ai-agents.com\/de\/wp-json\/wp\/v2\/product\/60964","targetHints":{"allow":["GET"]}}],"collection":[{"href":"https:\/\/sales-ai-agents.com\/de\/wp-json\/wp\/v2\/product"}],"about":[{"href":"https:\/\/sales-ai-agents.com\/de\/wp-json\/wp\/v2\/types\/product"}],"wp:featuredmedia":[{"embeddable":true,"href":"https:\/\/sales-ai-agents.com\/de\/wp-json\/wp\/v2\/media\/26564"}],"wp:attachment":[{"href":"https:\/\/sales-ai-agents.com\/de\/wp-json\/wp\/v2\/media?parent=60964"}],"wp:term":[{"taxonomy":"product_brand","embeddable":true,"href":"https:\/\/sales-ai-agents.com\/de\/wp-json\/wp\/v2\/product_brand?post=60964"},{"taxonomy":"product_cat","embeddable":true,"href":"https:\/\/sales-ai-agents.com\/de\/wp-json\/wp\/v2\/product_cat?post=60964"},{"taxonomy":"product_tag","embeddable":true,"href":"https:\/\/sales-ai-agents.com\/de\/wp-json\/wp\/v2\/product_tag?post=60964"}],"curies":[{"name":"wp","href":"https:\/\/api.w.org\/{rel}","templated":true}]}}