{"id":60970,"date":"2022-09-23T13:45:18","date_gmt":"2022-09-23T13:45:18","guid":{"rendered":"https:\/\/sales-ai-agents.com\/templates\/my-personal-goals\/"},"modified":"2023-12-27T14:12:32","modified_gmt":"2023-12-27T14:12:32","slug":"my-personal-goals","status":"publish","type":"product","link":"https:\/\/sales-ai-agents.com\/de\/templates\/my-personal-goals\/","title":{"rendered":"Meine pers\u00f6nlichen Ziele"},"content":{"rendered":"<p>&nbsp;<\/p>\n<h2>My Personal Goals Vorlage<\/h2>\n<p class=\"desc-text\">Mit dieser Vorlage k\u00f6nnen Sie Ihre Ziele f\u00fcr das Jahr festlegen. Dabei kann es sich sowohl um pers\u00f6nliche als auch um berufliche Ziele handeln. \u00dcberlegen Sie, was Sie erreichen wollen, und motivieren Sie sich, Ihre Pl\u00e4ne zu verwirklichen. Erstellen Sie einen Aktionsplan und denken Sie sich verschiedene Belohnungen aus, um sich zu motivieren.<\/p>\n<h5>Wie zu verwenden:<\/h5>\n<ul class=\"desc-item_list\">\n<li class=\"desc-item_list__point\">Schreiben Sie Ziele auf, die Sie erreichen m\u00f6chten<\/li>\n<li class=\"desc-item_list__point\">Motivationen f\u00fcr jedes Ziel definieren<\/li>\n<li class=\"desc-item_list__point\">Legen Sie Zieldaten fest, um Ihre Pl\u00e4ne zu verwirklichen<\/li>\n<li class=\"desc-item_list__point\">Wichtige Schritte auflisten<\/li>\n<li class=\"desc-item_list__point\">Behalten Sie den \u00dcberblick \u00fcber Ihre Aktionen<\/li>\n<\/ul>\n","protected":false},"excerpt":{"rendered":"<p>Sie k\u00f6nnen mehr erreichen, wenn alles geplant ist. Nutzen Sie diese kostenlose Vorlage, um sich Ziele f\u00fcr das kommende Jahr zu setzen und Ihre Tr\u00e4ume und W\u00fcnsche erfolgreich zu erf\u00fcllen.<\/p>\n","protected":false},"featured_media":20225,"template":"","meta":{"_acf_changed":false,"inline_featured_image":false},"product_brand":[],"product_cat":[179,180],"product_tag":[],"class_list":{"0":"post-60970","1":"product","2":"type-product","3":"status-publish","4":"has-post-thumbnail","6":"product_cat-organizers-planners","7":"product_cat-personal","9":"first","10":"instock","11":"virtual","12":"sold-individually","13":"product-type-simple"},"acf":[],"yoast_head":"<!-- This site is optimized with the Yoast SEO plugin v25.3.1 - https:\/\/yoast.com\/wordpress\/plugins\/seo\/ -->\n<title>Meine pers\u00f6nliche Zielvorlage - Sales AI Agents<\/title>\n<meta name=\"description\" content=\"Sie k\u00f6nnen mehr erreichen, wenn alles geplant ist. Nutzen Sie diese kostenlose Vorlage, um sich Ziele f\u00fcr das kommende Jahr zu setzen und Ihre Tr\u00e4ume und W\u00fcnsche erfolgreich zu erf\u00fcllen.\" \/>\n<meta name=\"robots\" content=\"index, follow, max-snippet:-1, max-image-preview:large, max-video-preview:-1\" \/>\n<link rel=\"canonical\" href=\"https:\/\/sales-ai-agents.com\/de\/templates\/my-personal-goals\/\" \/>\n<meta property=\"og:locale\" content=\"de_DE\" \/>\n<meta property=\"og:type\" content=\"article\" \/>\n<meta property=\"og:title\" content=\"Meine pers\u00f6nliche Zielvorlage - Sales AI Agents\" \/>\n<meta property=\"og:description\" content=\"Sie k\u00f6nnen mehr erreichen, wenn alles geplant ist. Nutzen Sie diese kostenlose Vorlage, um sich Ziele f\u00fcr das kommende Jahr zu setzen und Ihre Tr\u00e4ume und W\u00fcnsche erfolgreich zu erf\u00fcllen.\" \/>\n<meta property=\"og:url\" content=\"https:\/\/sales-ai-agents.com\/de\/templates\/my-personal-goals\/\" \/>\n<meta property=\"og:site_name\" content=\"Sales AI Agents\" \/>\n<meta property=\"article:modified_time\" content=\"2023-12-27T14:12:32+00:00\" \/>\n<meta property=\"og:image\" content=\"https:\/\/sales-ai-agents.com\/wp-content\/uploads\/2023\/01\/image-preview113740.png\" \/>\n\t<meta property=\"og:image:width\" content=\"1078\" \/>\n\t<meta property=\"og:image:height\" content=\"760\" \/>\n\t<meta property=\"og:image:type\" content=\"image\/png\" \/>\n<meta name=\"twitter:card\" content=\"summary_large_image\" \/>\n<script type=\"application\/ld+json\" class=\"yoast-schema-graph\">{\"@context\":\"https:\/\/schema.org\",\"@graph\":[{\"@type\":\"WebPage\",\"@id\":\"https:\/\/sales-ai-agents.com\/de\/templates\/my-personal-goals\/\",\"url\":\"https:\/\/sales-ai-agents.com\/de\/templates\/my-personal-goals\/\",\"name\":\"Meine pers\u00f6nliche Zielvorlage - Sales AI Agents\",\"isPartOf\":{\"@id\":\"https:\/\/sales-ai-agents.com\/#website\"},\"primaryImageOfPage\":{\"@id\":\"https:\/\/sales-ai-agents.com\/de\/templates\/my-personal-goals\/#primaryimage\"},\"image\":{\"@id\":\"https:\/\/sales-ai-agents.com\/de\/templates\/my-personal-goals\/#primaryimage\"},\"thumbnailUrl\":\"https:\/\/sales-ai-agents.com\/wp-content\/uploads\/2023\/01\/image-preview113740.png\",\"datePublished\":\"2022-09-23T13:45:18+00:00\",\"dateModified\":\"2023-12-27T14:12:32+00:00\",\"description\":\"Sie k\u00f6nnen mehr erreichen, wenn alles geplant ist. Nutzen Sie diese kostenlose Vorlage, um sich Ziele f\u00fcr das kommende Jahr zu setzen und Ihre Tr\u00e4ume und W\u00fcnsche erfolgreich zu erf\u00fcllen.\",\"inLanguage\":\"de-DE\",\"potentialAction\":[{\"@type\":\"ReadAction\",\"target\":[\"https:\/\/sales-ai-agents.com\/de\/templates\/my-personal-goals\/\"]}]},{\"@type\":\"ImageObject\",\"inLanguage\":\"de-DE\",\"@id\":\"https:\/\/sales-ai-agents.com\/de\/templates\/my-personal-goals\/#primaryimage\",\"url\":\"https:\/\/sales-ai-agents.com\/wp-content\/uploads\/2023\/01\/image-preview113740.png\",\"contentUrl\":\"https:\/\/sales-ai-agents.com\/wp-content\/uploads\/2023\/01\/image-preview113740.png\",\"width\":1078,\"height\":760,\"caption\":\"My Personal Goals Template - Nimbus Platform\"},{\"@type\":\"WebSite\",\"@id\":\"https:\/\/sales-ai-agents.com\/#website\",\"url\":\"https:\/\/sales-ai-agents.com\/\",\"name\":\"FuseBase\",\"description\":\"Nimbus Platform - Free Online Collaboration Software for Remote Teams. Build your wikis, client portals and more with the Nimbus Platform collaboration tool ? A perfect space for online work\",\"publisher\":{\"@id\":\"https:\/\/sales-ai-agents.com\/#organization\"},\"potentialAction\":[{\"@type\":\"SearchAction\",\"target\":{\"@type\":\"EntryPoint\",\"urlTemplate\":\"https:\/\/sales-ai-agents.com\/?s={search_term_string}\"},\"query-input\":{\"@type\":\"PropertyValueSpecification\",\"valueRequired\":true,\"valueName\":\"search_term_string\"}}],\"inLanguage\":\"de-DE\"},{\"@type\":\"Organization\",\"@id\":\"https:\/\/sales-ai-agents.com\/#organization\",\"name\":\"FuseBase\",\"url\":\"https:\/\/sales-ai-agents.com\/\",\"logo\":{\"@type\":\"ImageObject\",\"inLanguage\":\"de-DE\",\"@id\":\"https:\/\/sales-ai-agents.com\/#\/schema\/logo\/image\/\",\"url\":\"https:\/\/sales-ai-agents.com\/wp-content\/uploads\/2023\/11\/icon-7.svg\",\"contentUrl\":\"https:\/\/sales-ai-agents.com\/wp-content\/uploads\/2023\/11\/icon-7.svg\",\"width\":128,\"height\":128,\"caption\":\"FuseBase\"},\"image\":{\"@id\":\"https:\/\/sales-ai-agents.com\/#\/schema\/logo\/image\/\"}}]}<\/script>\n<!-- \/ Yoast SEO plugin. -->","yoast_head_json":{"title":"Meine pers\u00f6nliche Zielvorlage - Sales AI Agents","description":"Sie k\u00f6nnen mehr erreichen, wenn alles geplant ist. Nutzen Sie diese kostenlose Vorlage, um sich Ziele f\u00fcr das kommende Jahr zu setzen und Ihre Tr\u00e4ume und W\u00fcnsche erfolgreich zu erf\u00fcllen.","robots":{"index":"index","follow":"follow","max-snippet":"max-snippet:-1","max-image-preview":"max-image-preview:large","max-video-preview":"max-video-preview:-1"},"canonical":"https:\/\/sales-ai-agents.com\/de\/templates\/my-personal-goals\/","og_locale":"de_DE","og_type":"article","og_title":"Meine pers\u00f6nliche Zielvorlage - Sales AI Agents","og_description":"Sie k\u00f6nnen mehr erreichen, wenn alles geplant ist. Nutzen Sie diese kostenlose Vorlage, um sich Ziele f\u00fcr das kommende Jahr zu setzen und Ihre Tr\u00e4ume und W\u00fcnsche erfolgreich zu erf\u00fcllen.","og_url":"https:\/\/sales-ai-agents.com\/de\/templates\/my-personal-goals\/","og_site_name":"Sales AI Agents","article_modified_time":"2023-12-27T14:12:32+00:00","og_image":[{"width":1078,"height":760,"url":"https:\/\/sales-ai-agents.com\/wp-content\/uploads\/2023\/01\/image-preview113740.png","type":"image\/png"}],"twitter_card":"summary_large_image","schema":{"@context":"https:\/\/schema.org","@graph":[{"@type":"WebPage","@id":"https:\/\/sales-ai-agents.com\/de\/templates\/my-personal-goals\/","url":"https:\/\/sales-ai-agents.com\/de\/templates\/my-personal-goals\/","name":"Meine pers\u00f6nliche Zielvorlage - Sales AI Agents","isPartOf":{"@id":"https:\/\/sales-ai-agents.com\/#website"},"primaryImageOfPage":{"@id":"https:\/\/sales-ai-agents.com\/de\/templates\/my-personal-goals\/#primaryimage"},"image":{"@id":"https:\/\/sales-ai-agents.com\/de\/templates\/my-personal-goals\/#primaryimage"},"thumbnailUrl":"https:\/\/sales-ai-agents.com\/wp-content\/uploads\/2023\/01\/image-preview113740.png","datePublished":"2022-09-23T13:45:18+00:00","dateModified":"2023-12-27T14:12:32+00:00","description":"Sie k\u00f6nnen mehr erreichen, wenn alles geplant ist. Nutzen Sie diese kostenlose Vorlage, um sich Ziele f\u00fcr das kommende Jahr zu setzen und Ihre Tr\u00e4ume und W\u00fcnsche erfolgreich zu erf\u00fcllen.","inLanguage":"de-DE","potentialAction":[{"@type":"ReadAction","target":["https:\/\/sales-ai-agents.com\/de\/templates\/my-personal-goals\/"]}]},{"@type":"ImageObject","inLanguage":"de-DE","@id":"https:\/\/sales-ai-agents.com\/de\/templates\/my-personal-goals\/#primaryimage","url":"https:\/\/sales-ai-agents.com\/wp-content\/uploads\/2023\/01\/image-preview113740.png","contentUrl":"https:\/\/sales-ai-agents.com\/wp-content\/uploads\/2023\/01\/image-preview113740.png","width":1078,"height":760,"caption":"My Personal Goals Template - Nimbus Platform"},{"@type":"WebSite","@id":"https:\/\/sales-ai-agents.com\/#website","url":"https:\/\/sales-ai-agents.com\/","name":"FuseBase","description":"Nimbus Platform - Free Online Collaboration Software for Remote Teams. Build your wikis, client portals and more with the Nimbus Platform collaboration tool ? A perfect space for online work","publisher":{"@id":"https:\/\/sales-ai-agents.com\/#organization"},"potentialAction":[{"@type":"SearchAction","target":{"@type":"EntryPoint","urlTemplate":"https:\/\/sales-ai-agents.com\/?s={search_term_string}"},"query-input":{"@type":"PropertyValueSpecification","valueRequired":true,"valueName":"search_term_string"}}],"inLanguage":"de-DE"},{"@type":"Organization","@id":"https:\/\/sales-ai-agents.com\/#organization","name":"FuseBase","url":"https:\/\/sales-ai-agents.com\/","logo":{"@type":"ImageObject","inLanguage":"de-DE","@id":"https:\/\/sales-ai-agents.com\/#\/schema\/logo\/image\/","url":"https:\/\/sales-ai-agents.com\/wp-content\/uploads\/2023\/11\/icon-7.svg","contentUrl":"https:\/\/sales-ai-agents.com\/wp-content\/uploads\/2023\/11\/icon-7.svg","width":128,"height":128,"caption":"FuseBase"},"image":{"@id":"https:\/\/sales-ai-agents.com\/#\/schema\/logo\/image\/"}}]}},"_links":{"self":[{"href":"https:\/\/sales-ai-agents.com\/de\/wp-json\/wp\/v2\/product\/60970","targetHints":{"allow":["GET"]}}],"collection":[{"href":"https:\/\/sales-ai-agents.com\/de\/wp-json\/wp\/v2\/product"}],"about":[{"href":"https:\/\/sales-ai-agents.com\/de\/wp-json\/wp\/v2\/types\/product"}],"wp:featuredmedia":[{"embeddable":true,"href":"https:\/\/sales-ai-agents.com\/de\/wp-json\/wp\/v2\/media\/20225"}],"wp:attachment":[{"href":"https:\/\/sales-ai-agents.com\/de\/wp-json\/wp\/v2\/media?parent=60970"}],"wp:term":[{"taxonomy":"product_brand","embeddable":true,"href":"https:\/\/sales-ai-agents.com\/de\/wp-json\/wp\/v2\/product_brand?post=60970"},{"taxonomy":"product_cat","embeddable":true,"href":"https:\/\/sales-ai-agents.com\/de\/wp-json\/wp\/v2\/product_cat?post=60970"},{"taxonomy":"product_tag","embeddable":true,"href":"https:\/\/sales-ai-agents.com\/de\/wp-json\/wp\/v2\/product_tag?post=60970"}],"curies":[{"name":"wp","href":"https:\/\/api.w.org\/{rel}","templated":true}]}}