{"id":60980,"date":"2022-09-23T13:45:07","date_gmt":"2022-09-23T13:45:07","guid":{"rendered":"https:\/\/sales-ai-agents.com\/templates\/simple-budget-planner\/"},"modified":"2023-12-26T16:00:59","modified_gmt":"2023-12-26T16:00:59","slug":"simple-budget-planner","status":"publish","type":"product","link":"https:\/\/sales-ai-agents.com\/de\/templates\/simple-budget-planner\/","title":{"rendered":"Einfacher Budget-Planer"},"content":{"rendered":"<p>&nbsp;<\/p>\n<h2>Einfache Budgetplaner-Vorlage<\/h2>\n<p class=\"desc-text\">Erstellen Sie einen Ausgabenplan f\u00fcr Ihre Finanzen, indem Sie ein Budget verwenden. Dieser einfache Budgetplaner wurde mit Blick auf Ihre Bed\u00fcrfnisse entworfen. Verwenden Sie diese Vorlage, um Ihre Ausgaben zu erfassen. Addieren Sie jeden Monat Ihre Einkommensquellen. Ziehen Sie Ihre monatlichen Ausgaben ab, damit Sie sehen k\u00f6nnen, wie viel Geld Sie sparen. Verlieren Sie nie wieder den \u00dcberblick \u00fcber Ihre Finanzen. Indem Sie Ihre Ausgaben verfolgen, k\u00f6nnen Sie Ihre Ziele einplanen und neue Sparmeilensteine erreichen.<\/p>\n<h5>Wie zu verwenden:<\/h5>\n<ul class=\"desc-item_list\">\n<li class=\"desc-item_list__point\">Listen Sie Ihre Ausgaben in der Tabelle auf<\/li>\n<li class=\"desc-item_list__point\">Addieren Sie den budgetierten und den tats\u00e4chlichen Betrag jeder Ausgabe<\/li>\n<li class=\"desc-item_list__point\">Addieren Sie alle Ihre Ausgaben<\/li>\n<li class=\"desc-item_list__point\">Eink\u00fcnfte aus allen Quellen einbeziehen<\/li>\n<li class=\"desc-item_list__point\">Addieren Sie Ihr Einkommen und tragen Sie die Summe in die Tabelle ein.<\/li>\n<li class=\"desc-item_list__point\">Ziehen Sie Ihre Gesamtausgaben von Ihren Gesamteinnahmen ab<\/li>\n<li class=\"desc-item_list__point\">Geben Sie Ihren Restsaldo an<\/li>\n<li class=\"desc-item_list__point\">Notizen in das untere Feld schreiben<\/li>\n<\/ul>\n","protected":false},"excerpt":{"rendered":"<p>Planen Sie, wie viel Sie diese Woche, diesen Monat oder dieses Jahr ausgeben und sparen werden. Dieser einfache Budgetplaner kann Ihnen helfen, Ihre Finanzen richtig zu organisieren und zu erfassen.<\/p>\n","protected":false},"featured_media":20311,"template":"","meta":{"_acf_changed":false,"inline_featured_image":false},"product_brand":[],"product_cat":[180,184],"product_tag":[],"class_list":{"0":"post-60980","1":"product","2":"type-product","3":"status-publish","4":"has-post-thumbnail","6":"product_cat-personal","7":"product_cat-personal-money","9":"first","10":"instock","11":"virtual","12":"sold-individually","13":"product-type-simple"},"acf":[],"yoast_head":"<!-- This site is optimized with the Yoast SEO plugin v25.3.1 - https:\/\/yoast.com\/wordpress\/plugins\/seo\/ -->\n<title>Einfacher Budgetplaner Vorlage - Sales AI Agents<\/title>\n<meta name=\"description\" content=\"Planen Sie, wie viel Sie diese Woche, diesen Monat oder dieses Jahr ausgeben und sparen werden. Dieser einfache Budgetplaner kann Ihnen helfen, Ihre Finanzen richtig zu organisieren und zu erfassen.\" \/>\n<meta name=\"robots\" content=\"index, follow, max-snippet:-1, max-image-preview:large, max-video-preview:-1\" \/>\n<link rel=\"canonical\" href=\"https:\/\/sales-ai-agents.com\/de\/templates\/simple-budget-planner\/\" \/>\n<meta property=\"og:locale\" content=\"de_DE\" \/>\n<meta property=\"og:type\" content=\"article\" \/>\n<meta property=\"og:title\" content=\"Einfacher Budgetplaner Vorlage - Sales AI Agents\" \/>\n<meta property=\"og:description\" content=\"Planen Sie, wie viel Sie diese Woche, diesen Monat oder dieses Jahr ausgeben und sparen werden. Dieser einfache Budgetplaner kann Ihnen helfen, Ihre Finanzen richtig zu organisieren und zu erfassen.\" \/>\n<meta property=\"og:url\" content=\"https:\/\/sales-ai-agents.com\/de\/templates\/simple-budget-planner\/\" \/>\n<meta property=\"og:site_name\" content=\"Sales AI Agents\" \/>\n<meta property=\"article:modified_time\" content=\"2023-12-26T16:00:59+00:00\" \/>\n<meta property=\"og:image\" content=\"https:\/\/sales-ai-agents.com\/wp-content\/uploads\/2023\/01\/image-preview115442.png\" \/>\n\t<meta property=\"og:image:width\" content=\"1078\" \/>\n\t<meta property=\"og:image:height\" content=\"1127\" \/>\n\t<meta property=\"og:image:type\" content=\"image\/png\" \/>\n<meta name=\"twitter:card\" content=\"summary_large_image\" \/>\n<script type=\"application\/ld+json\" class=\"yoast-schema-graph\">{\"@context\":\"https:\/\/schema.org\",\"@graph\":[{\"@type\":\"WebPage\",\"@id\":\"https:\/\/sales-ai-agents.com\/de\/templates\/simple-budget-planner\/\",\"url\":\"https:\/\/sales-ai-agents.com\/de\/templates\/simple-budget-planner\/\",\"name\":\"Einfacher Budgetplaner Vorlage - Sales AI Agents\",\"isPartOf\":{\"@id\":\"https:\/\/sales-ai-agents.com\/#website\"},\"primaryImageOfPage\":{\"@id\":\"https:\/\/sales-ai-agents.com\/de\/templates\/simple-budget-planner\/#primaryimage\"},\"image\":{\"@id\":\"https:\/\/sales-ai-agents.com\/de\/templates\/simple-budget-planner\/#primaryimage\"},\"thumbnailUrl\":\"https:\/\/sales-ai-agents.com\/wp-content\/uploads\/2023\/01\/image-preview115442.png\",\"datePublished\":\"2022-09-23T13:45:07+00:00\",\"dateModified\":\"2023-12-26T16:00:59+00:00\",\"description\":\"Planen Sie, wie viel Sie diese Woche, diesen Monat oder dieses Jahr ausgeben und sparen werden. Dieser einfache Budgetplaner kann Ihnen helfen, Ihre Finanzen richtig zu organisieren und zu erfassen.\",\"inLanguage\":\"de-DE\",\"potentialAction\":[{\"@type\":\"ReadAction\",\"target\":[\"https:\/\/sales-ai-agents.com\/de\/templates\/simple-budget-planner\/\"]}]},{\"@type\":\"ImageObject\",\"inLanguage\":\"de-DE\",\"@id\":\"https:\/\/sales-ai-agents.com\/de\/templates\/simple-budget-planner\/#primaryimage\",\"url\":\"https:\/\/sales-ai-agents.com\/wp-content\/uploads\/2023\/01\/image-preview115442.png\",\"contentUrl\":\"https:\/\/sales-ai-agents.com\/wp-content\/uploads\/2023\/01\/image-preview115442.png\",\"width\":1078,\"height\":1127,\"caption\":\"Simple Budget Planner Template - Nimbus Platform\"},{\"@type\":\"WebSite\",\"@id\":\"https:\/\/sales-ai-agents.com\/#website\",\"url\":\"https:\/\/sales-ai-agents.com\/\",\"name\":\"FuseBase\",\"description\":\"Nimbus Platform - Free Online Collaboration Software for Remote Teams. Build your wikis, client portals and more with the Nimbus Platform collaboration tool ? A perfect space for online work\",\"publisher\":{\"@id\":\"https:\/\/sales-ai-agents.com\/#organization\"},\"potentialAction\":[{\"@type\":\"SearchAction\",\"target\":{\"@type\":\"EntryPoint\",\"urlTemplate\":\"https:\/\/sales-ai-agents.com\/?s={search_term_string}\"},\"query-input\":{\"@type\":\"PropertyValueSpecification\",\"valueRequired\":true,\"valueName\":\"search_term_string\"}}],\"inLanguage\":\"de-DE\"},{\"@type\":\"Organization\",\"@id\":\"https:\/\/sales-ai-agents.com\/#organization\",\"name\":\"FuseBase\",\"url\":\"https:\/\/sales-ai-agents.com\/\",\"logo\":{\"@type\":\"ImageObject\",\"inLanguage\":\"de-DE\",\"@id\":\"https:\/\/sales-ai-agents.com\/#\/schema\/logo\/image\/\",\"url\":\"https:\/\/sales-ai-agents.com\/wp-content\/uploads\/2023\/11\/icon-7.svg\",\"contentUrl\":\"https:\/\/sales-ai-agents.com\/wp-content\/uploads\/2023\/11\/icon-7.svg\",\"width\":128,\"height\":128,\"caption\":\"FuseBase\"},\"image\":{\"@id\":\"https:\/\/sales-ai-agents.com\/#\/schema\/logo\/image\/\"}}]}<\/script>\n<!-- \/ Yoast SEO plugin. -->","yoast_head_json":{"title":"Einfacher Budgetplaner Vorlage - Sales AI Agents","description":"Planen Sie, wie viel Sie diese Woche, diesen Monat oder dieses Jahr ausgeben und sparen werden. Dieser einfache Budgetplaner kann Ihnen helfen, Ihre Finanzen richtig zu organisieren und zu erfassen.","robots":{"index":"index","follow":"follow","max-snippet":"max-snippet:-1","max-image-preview":"max-image-preview:large","max-video-preview":"max-video-preview:-1"},"canonical":"https:\/\/sales-ai-agents.com\/de\/templates\/simple-budget-planner\/","og_locale":"de_DE","og_type":"article","og_title":"Einfacher Budgetplaner Vorlage - Sales AI Agents","og_description":"Planen Sie, wie viel Sie diese Woche, diesen Monat oder dieses Jahr ausgeben und sparen werden. Dieser einfache Budgetplaner kann Ihnen helfen, Ihre Finanzen richtig zu organisieren und zu erfassen.","og_url":"https:\/\/sales-ai-agents.com\/de\/templates\/simple-budget-planner\/","og_site_name":"Sales AI Agents","article_modified_time":"2023-12-26T16:00:59+00:00","og_image":[{"width":1078,"height":1127,"url":"https:\/\/sales-ai-agents.com\/wp-content\/uploads\/2023\/01\/image-preview115442.png","type":"image\/png"}],"twitter_card":"summary_large_image","schema":{"@context":"https:\/\/schema.org","@graph":[{"@type":"WebPage","@id":"https:\/\/sales-ai-agents.com\/de\/templates\/simple-budget-planner\/","url":"https:\/\/sales-ai-agents.com\/de\/templates\/simple-budget-planner\/","name":"Einfacher Budgetplaner Vorlage - Sales AI Agents","isPartOf":{"@id":"https:\/\/sales-ai-agents.com\/#website"},"primaryImageOfPage":{"@id":"https:\/\/sales-ai-agents.com\/de\/templates\/simple-budget-planner\/#primaryimage"},"image":{"@id":"https:\/\/sales-ai-agents.com\/de\/templates\/simple-budget-planner\/#primaryimage"},"thumbnailUrl":"https:\/\/sales-ai-agents.com\/wp-content\/uploads\/2023\/01\/image-preview115442.png","datePublished":"2022-09-23T13:45:07+00:00","dateModified":"2023-12-26T16:00:59+00:00","description":"Planen Sie, wie viel Sie diese Woche, diesen Monat oder dieses Jahr ausgeben und sparen werden. Dieser einfache Budgetplaner kann Ihnen helfen, Ihre Finanzen richtig zu organisieren und zu erfassen.","inLanguage":"de-DE","potentialAction":[{"@type":"ReadAction","target":["https:\/\/sales-ai-agents.com\/de\/templates\/simple-budget-planner\/"]}]},{"@type":"ImageObject","inLanguage":"de-DE","@id":"https:\/\/sales-ai-agents.com\/de\/templates\/simple-budget-planner\/#primaryimage","url":"https:\/\/sales-ai-agents.com\/wp-content\/uploads\/2023\/01\/image-preview115442.png","contentUrl":"https:\/\/sales-ai-agents.com\/wp-content\/uploads\/2023\/01\/image-preview115442.png","width":1078,"height":1127,"caption":"Simple Budget Planner Template - Nimbus Platform"},{"@type":"WebSite","@id":"https:\/\/sales-ai-agents.com\/#website","url":"https:\/\/sales-ai-agents.com\/","name":"FuseBase","description":"Nimbus Platform - Free Online Collaboration Software for Remote Teams. Build your wikis, client portals and more with the Nimbus Platform collaboration tool ? A perfect space for online work","publisher":{"@id":"https:\/\/sales-ai-agents.com\/#organization"},"potentialAction":[{"@type":"SearchAction","target":{"@type":"EntryPoint","urlTemplate":"https:\/\/sales-ai-agents.com\/?s={search_term_string}"},"query-input":{"@type":"PropertyValueSpecification","valueRequired":true,"valueName":"search_term_string"}}],"inLanguage":"de-DE"},{"@type":"Organization","@id":"https:\/\/sales-ai-agents.com\/#organization","name":"FuseBase","url":"https:\/\/sales-ai-agents.com\/","logo":{"@type":"ImageObject","inLanguage":"de-DE","@id":"https:\/\/sales-ai-agents.com\/#\/schema\/logo\/image\/","url":"https:\/\/sales-ai-agents.com\/wp-content\/uploads\/2023\/11\/icon-7.svg","contentUrl":"https:\/\/sales-ai-agents.com\/wp-content\/uploads\/2023\/11\/icon-7.svg","width":128,"height":128,"caption":"FuseBase"},"image":{"@id":"https:\/\/sales-ai-agents.com\/#\/schema\/logo\/image\/"}}]}},"_links":{"self":[{"href":"https:\/\/sales-ai-agents.com\/de\/wp-json\/wp\/v2\/product\/60980","targetHints":{"allow":["GET"]}}],"collection":[{"href":"https:\/\/sales-ai-agents.com\/de\/wp-json\/wp\/v2\/product"}],"about":[{"href":"https:\/\/sales-ai-agents.com\/de\/wp-json\/wp\/v2\/types\/product"}],"wp:featuredmedia":[{"embeddable":true,"href":"https:\/\/sales-ai-agents.com\/de\/wp-json\/wp\/v2\/media\/20311"}],"wp:attachment":[{"href":"https:\/\/sales-ai-agents.com\/de\/wp-json\/wp\/v2\/media?parent=60980"}],"wp:term":[{"taxonomy":"product_brand","embeddable":true,"href":"https:\/\/sales-ai-agents.com\/de\/wp-json\/wp\/v2\/product_brand?post=60980"},{"taxonomy":"product_cat","embeddable":true,"href":"https:\/\/sales-ai-agents.com\/de\/wp-json\/wp\/v2\/product_cat?post=60980"},{"taxonomy":"product_tag","embeddable":true,"href":"https:\/\/sales-ai-agents.com\/de\/wp-json\/wp\/v2\/product_tag?post=60980"}],"curies":[{"name":"wp","href":"https:\/\/api.w.org\/{rel}","templated":true}]}}