{"id":60985,"date":"2022-09-23T13:44:59","date_gmt":"2022-09-23T13:44:59","guid":{"rendered":"https:\/\/sales-ai-agents.com\/templates\/campaign-summary\/"},"modified":"2023-12-27T14:54:26","modified_gmt":"2023-12-27T14:54:26","slug":"campaign-summary","status":"publish","type":"product","link":"https:\/\/sales-ai-agents.com\/de\/templates\/campaign-summary\/","title":{"rendered":"Zusammenfassung der Kampagne"},"content":{"rendered":"<p>&nbsp;<\/p>\n<h2>Vorlage f\u00fcr eine Kampagnenzusammenfassung<\/h2>\n<p class=\"desc-text\">Bei der Planung einer Marketingkampagne kann es hilfreich sein, die wesentlichen Ziele zusammenzufassen. Mit dieser Vorlage f\u00fcr eine Kampagnenzusammenfassung k\u00f6nnen Sie die wichtigsten Punkte Ihrer Kampagne darlegen. Beantworten Sie wichtige Fragen zu Ihrem Zielpublikum und Ihren Vertriebskan\u00e4len. Leiten Sie Ihre Arbeit, indem Sie sich auf Ihre Ziele und Vorgaben konzentrieren.<\/p>\n<h5>Wie zu verwenden:<\/h5>\n<ul class=\"desc-item_list\">\n<li class=\"desc-item_list__point\">Beschreiben Sie Ihre Kampagne und Ziele<\/li>\n<li class=\"desc-item_list__point\">Besprechen Sie Fragen und Antworten mit Ihrem Team<\/li>\n<li class=\"desc-item_list__point\">Zusammenstellung der endg\u00fcltigen Antworten zur Aufnahme in die Vorlage<\/li>\n<li class=\"desc-item_list__point\">Weitere Fragen als Leitfaden f\u00fcr Ihre Arbeit hinzuf\u00fcgen<\/li>\n<\/ul>\n","protected":false},"excerpt":{"rendered":"<p>Heben Sie die notwendigen Informationen f\u00fcr Ihre erfolgreiche Marketingkampagne hervor. Denken Sie an die wichtigsten Kan\u00e4le, Kennzahlen, Ziele, den Zielmarkt und die Kommunikation und notieren Sie sie in dieser Vorlage.<\/p>\n","protected":false},"featured_media":34260,"template":"","meta":{"_acf_changed":false,"inline_featured_image":false},"product_brand":[],"product_cat":[171,173],"product_tag":[],"class_list":{"0":"post-60985","1":"product","2":"type-product","3":"status-publish","4":"has-post-thumbnail","6":"product_cat-marketing","7":"product_cat-marketing-campaign","9":"first","10":"instock","11":"virtual","12":"sold-individually","13":"product-type-simple"},"acf":[],"yoast_head":"<!-- This site is optimized with the Yoast SEO plugin v25.3.1 - https:\/\/yoast.com\/wordpress\/plugins\/seo\/ -->\n<title>Vorlage f\u00fcr Kampagnenzusammenfassung - Sales AI Agents<\/title>\n<meta name=\"description\" content=\"Heben Sie die notwendigen Informationen f\u00fcr Ihre erfolgreiche Marketingkampagne hervor. Notieren Sie die wichtigsten Kan\u00e4le, Kennzahlen, Ziele und Zielm\u00e4rkte in dieser Vorlage!\" \/>\n<meta name=\"robots\" content=\"index, follow, max-snippet:-1, max-image-preview:large, max-video-preview:-1\" \/>\n<link rel=\"canonical\" href=\"https:\/\/sales-ai-agents.com\/de\/templates\/campaign-summary\/\" \/>\n<meta property=\"og:locale\" content=\"de_DE\" \/>\n<meta property=\"og:type\" content=\"article\" \/>\n<meta property=\"og:title\" content=\"Vorlage f\u00fcr Kampagnenzusammenfassung - Sales AI Agents\" \/>\n<meta property=\"og:description\" content=\"Heben Sie die notwendigen Informationen f\u00fcr Ihre erfolgreiche Marketingkampagne hervor. Notieren Sie die wichtigsten Kan\u00e4le, Kennzahlen, Ziele und Zielm\u00e4rkte in dieser Vorlage!\" \/>\n<meta property=\"og:url\" content=\"https:\/\/sales-ai-agents.com\/de\/templates\/campaign-summary\/\" \/>\n<meta property=\"og:site_name\" content=\"Sales AI Agents\" \/>\n<meta property=\"article:modified_time\" content=\"2023-12-27T14:54:26+00:00\" \/>\n<meta property=\"og:image\" content=\"https:\/\/sales-ai-agents.com\/wp-content\/uploads\/2022\/09\/Campaign-Summary-Template.png\" \/>\n\t<meta property=\"og:image:width\" content=\"1700\" \/>\n\t<meta property=\"og:image:height\" content=\"1100\" \/>\n\t<meta property=\"og:image:type\" content=\"image\/png\" \/>\n<meta name=\"twitter:card\" content=\"summary_large_image\" \/>\n<script type=\"application\/ld+json\" class=\"yoast-schema-graph\">{\"@context\":\"https:\/\/schema.org\",\"@graph\":[{\"@type\":\"WebPage\",\"@id\":\"https:\/\/sales-ai-agents.com\/de\/templates\/campaign-summary\/\",\"url\":\"https:\/\/sales-ai-agents.com\/de\/templates\/campaign-summary\/\",\"name\":\"Vorlage f\u00fcr Kampagnenzusammenfassung - Sales AI Agents\",\"isPartOf\":{\"@id\":\"https:\/\/sales-ai-agents.com\/#website\"},\"primaryImageOfPage\":{\"@id\":\"https:\/\/sales-ai-agents.com\/de\/templates\/campaign-summary\/#primaryimage\"},\"image\":{\"@id\":\"https:\/\/sales-ai-agents.com\/de\/templates\/campaign-summary\/#primaryimage\"},\"thumbnailUrl\":\"https:\/\/sales-ai-agents.com\/wp-content\/uploads\/2022\/09\/Campaign-Summary-Template.png\",\"datePublished\":\"2022-09-23T13:44:59+00:00\",\"dateModified\":\"2023-12-27T14:54:26+00:00\",\"description\":\"Heben Sie die notwendigen Informationen f\u00fcr Ihre erfolgreiche Marketingkampagne hervor. Notieren Sie die wichtigsten Kan\u00e4le, Kennzahlen, Ziele und Zielm\u00e4rkte in dieser Vorlage!\",\"inLanguage\":\"de-DE\",\"potentialAction\":[{\"@type\":\"ReadAction\",\"target\":[\"https:\/\/sales-ai-agents.com\/de\/templates\/campaign-summary\/\"]}]},{\"@type\":\"ImageObject\",\"inLanguage\":\"de-DE\",\"@id\":\"https:\/\/sales-ai-agents.com\/de\/templates\/campaign-summary\/#primaryimage\",\"url\":\"https:\/\/sales-ai-agents.com\/wp-content\/uploads\/2022\/09\/Campaign-Summary-Template.png\",\"contentUrl\":\"https:\/\/sales-ai-agents.com\/wp-content\/uploads\/2022\/09\/Campaign-Summary-Template.png\",\"width\":1700,\"height\":1100,\"caption\":\"This campaign summary template lets you lay out the necessities of your campaign.\"},{\"@type\":\"WebSite\",\"@id\":\"https:\/\/sales-ai-agents.com\/#website\",\"url\":\"https:\/\/sales-ai-agents.com\/\",\"name\":\"FuseBase\",\"description\":\"Nimbus Platform - Free Online Collaboration Software for Remote Teams. Build your wikis, client portals and more with the Nimbus Platform collaboration tool ? A perfect space for online work\",\"publisher\":{\"@id\":\"https:\/\/sales-ai-agents.com\/#organization\"},\"potentialAction\":[{\"@type\":\"SearchAction\",\"target\":{\"@type\":\"EntryPoint\",\"urlTemplate\":\"https:\/\/sales-ai-agents.com\/?s={search_term_string}\"},\"query-input\":{\"@type\":\"PropertyValueSpecification\",\"valueRequired\":true,\"valueName\":\"search_term_string\"}}],\"inLanguage\":\"de-DE\"},{\"@type\":\"Organization\",\"@id\":\"https:\/\/sales-ai-agents.com\/#organization\",\"name\":\"FuseBase\",\"url\":\"https:\/\/sales-ai-agents.com\/\",\"logo\":{\"@type\":\"ImageObject\",\"inLanguage\":\"de-DE\",\"@id\":\"https:\/\/sales-ai-agents.com\/#\/schema\/logo\/image\/\",\"url\":\"https:\/\/sales-ai-agents.com\/wp-content\/uploads\/2023\/11\/icon-7.svg\",\"contentUrl\":\"https:\/\/sales-ai-agents.com\/wp-content\/uploads\/2023\/11\/icon-7.svg\",\"width\":128,\"height\":128,\"caption\":\"FuseBase\"},\"image\":{\"@id\":\"https:\/\/sales-ai-agents.com\/#\/schema\/logo\/image\/\"}}]}<\/script>\n<!-- \/ Yoast SEO plugin. -->","yoast_head_json":{"title":"Vorlage f\u00fcr Kampagnenzusammenfassung - Sales AI Agents","description":"Heben Sie die notwendigen Informationen f\u00fcr Ihre erfolgreiche Marketingkampagne hervor. Notieren Sie die wichtigsten Kan\u00e4le, Kennzahlen, Ziele und Zielm\u00e4rkte in dieser Vorlage!","robots":{"index":"index","follow":"follow","max-snippet":"max-snippet:-1","max-image-preview":"max-image-preview:large","max-video-preview":"max-video-preview:-1"},"canonical":"https:\/\/sales-ai-agents.com\/de\/templates\/campaign-summary\/","og_locale":"de_DE","og_type":"article","og_title":"Vorlage f\u00fcr Kampagnenzusammenfassung - Sales AI Agents","og_description":"Heben Sie die notwendigen Informationen f\u00fcr Ihre erfolgreiche Marketingkampagne hervor. Notieren Sie die wichtigsten Kan\u00e4le, Kennzahlen, Ziele und Zielm\u00e4rkte in dieser Vorlage!","og_url":"https:\/\/sales-ai-agents.com\/de\/templates\/campaign-summary\/","og_site_name":"Sales AI Agents","article_modified_time":"2023-12-27T14:54:26+00:00","og_image":[{"width":1700,"height":1100,"url":"https:\/\/sales-ai-agents.com\/wp-content\/uploads\/2022\/09\/Campaign-Summary-Template.png","type":"image\/png"}],"twitter_card":"summary_large_image","schema":{"@context":"https:\/\/schema.org","@graph":[{"@type":"WebPage","@id":"https:\/\/sales-ai-agents.com\/de\/templates\/campaign-summary\/","url":"https:\/\/sales-ai-agents.com\/de\/templates\/campaign-summary\/","name":"Vorlage f\u00fcr Kampagnenzusammenfassung - Sales AI Agents","isPartOf":{"@id":"https:\/\/sales-ai-agents.com\/#website"},"primaryImageOfPage":{"@id":"https:\/\/sales-ai-agents.com\/de\/templates\/campaign-summary\/#primaryimage"},"image":{"@id":"https:\/\/sales-ai-agents.com\/de\/templates\/campaign-summary\/#primaryimage"},"thumbnailUrl":"https:\/\/sales-ai-agents.com\/wp-content\/uploads\/2022\/09\/Campaign-Summary-Template.png","datePublished":"2022-09-23T13:44:59+00:00","dateModified":"2023-12-27T14:54:26+00:00","description":"Heben Sie die notwendigen Informationen f\u00fcr Ihre erfolgreiche Marketingkampagne hervor. Notieren Sie die wichtigsten Kan\u00e4le, Kennzahlen, Ziele und Zielm\u00e4rkte in dieser Vorlage!","inLanguage":"de-DE","potentialAction":[{"@type":"ReadAction","target":["https:\/\/sales-ai-agents.com\/de\/templates\/campaign-summary\/"]}]},{"@type":"ImageObject","inLanguage":"de-DE","@id":"https:\/\/sales-ai-agents.com\/de\/templates\/campaign-summary\/#primaryimage","url":"https:\/\/sales-ai-agents.com\/wp-content\/uploads\/2022\/09\/Campaign-Summary-Template.png","contentUrl":"https:\/\/sales-ai-agents.com\/wp-content\/uploads\/2022\/09\/Campaign-Summary-Template.png","width":1700,"height":1100,"caption":"This campaign summary template lets you lay out the necessities of your campaign."},{"@type":"WebSite","@id":"https:\/\/sales-ai-agents.com\/#website","url":"https:\/\/sales-ai-agents.com\/","name":"FuseBase","description":"Nimbus Platform - Free Online Collaboration Software for Remote Teams. Build your wikis, client portals and more with the Nimbus Platform collaboration tool ? A perfect space for online work","publisher":{"@id":"https:\/\/sales-ai-agents.com\/#organization"},"potentialAction":[{"@type":"SearchAction","target":{"@type":"EntryPoint","urlTemplate":"https:\/\/sales-ai-agents.com\/?s={search_term_string}"},"query-input":{"@type":"PropertyValueSpecification","valueRequired":true,"valueName":"search_term_string"}}],"inLanguage":"de-DE"},{"@type":"Organization","@id":"https:\/\/sales-ai-agents.com\/#organization","name":"FuseBase","url":"https:\/\/sales-ai-agents.com\/","logo":{"@type":"ImageObject","inLanguage":"de-DE","@id":"https:\/\/sales-ai-agents.com\/#\/schema\/logo\/image\/","url":"https:\/\/sales-ai-agents.com\/wp-content\/uploads\/2023\/11\/icon-7.svg","contentUrl":"https:\/\/sales-ai-agents.com\/wp-content\/uploads\/2023\/11\/icon-7.svg","width":128,"height":128,"caption":"FuseBase"},"image":{"@id":"https:\/\/sales-ai-agents.com\/#\/schema\/logo\/image\/"}}]}},"_links":{"self":[{"href":"https:\/\/sales-ai-agents.com\/de\/wp-json\/wp\/v2\/product\/60985","targetHints":{"allow":["GET"]}}],"collection":[{"href":"https:\/\/sales-ai-agents.com\/de\/wp-json\/wp\/v2\/product"}],"about":[{"href":"https:\/\/sales-ai-agents.com\/de\/wp-json\/wp\/v2\/types\/product"}],"wp:featuredmedia":[{"embeddable":true,"href":"https:\/\/sales-ai-agents.com\/de\/wp-json\/wp\/v2\/media\/34260"}],"wp:attachment":[{"href":"https:\/\/sales-ai-agents.com\/de\/wp-json\/wp\/v2\/media?parent=60985"}],"wp:term":[{"taxonomy":"product_brand","embeddable":true,"href":"https:\/\/sales-ai-agents.com\/de\/wp-json\/wp\/v2\/product_brand?post=60985"},{"taxonomy":"product_cat","embeddable":true,"href":"https:\/\/sales-ai-agents.com\/de\/wp-json\/wp\/v2\/product_cat?post=60985"},{"taxonomy":"product_tag","embeddable":true,"href":"https:\/\/sales-ai-agents.com\/de\/wp-json\/wp\/v2\/product_tag?post=60985"}],"curies":[{"name":"wp","href":"https:\/\/api.w.org\/{rel}","templated":true}]}}