{"id":60993,"date":"2022-09-23T13:44:52","date_gmt":"2022-09-23T13:44:52","guid":{"rendered":"https:\/\/sales-ai-agents.com\/templates\/daily-planner\/"},"modified":"2023-12-26T14:39:46","modified_gmt":"2023-12-26T14:39:46","slug":"daily-planner","status":"publish","type":"product","link":"https:\/\/sales-ai-agents.com\/de\/templates\/daily-planner\/","title":{"rendered":"Tagesplaner"},"content":{"rendered":"<p>&nbsp;<\/p>\n<h2>Tagesplaner Vorlage<\/h2>\n<p class=\"desc-text\">Wenn Ihr Tag mit Aktivit\u00e4ten, Ereignissen und Verantwortlichkeiten ausgef\u00fcllt ist, kann es eine gewaltige Aufgabe sein, alles zu bew\u00e4ltigen. Man f\u00fchlt sich leicht \u00fcberw\u00e4ltigt oder wird von Terminen erdr\u00fcckt. Ein Tagesplaner kann Ihnen helfen, Ihren Tag zu organisieren und sicherzustellen, dass Sie nichts vergessen. Diese Vorlage enth\u00e4lt Tabellen zur Strukturierung der einzelnen Abschnitte Ihres Tages. Au\u00dferdem k\u00f6nnen Sie alle Punkte kategorisieren, um das Auffinden von Informationen zu erleichtern.<\/p>\n<h5>Wie zu verwenden:<\/h5>\n<ul class=\"desc-item_list\">\n<li class=\"desc-item_list__point\">Hinzuf\u00fcgen von Datum und Monat<\/li>\n<li class=\"desc-item_list__point\">Alle Termine f\u00fcr den Tag auflisten<\/li>\n<li class=\"desc-item_list__point\">Schreiben Sie Motivationen, die Sie bei Ihren Aufgaben unterst\u00fctzen<\/li>\n<li class=\"desc-item_list__point\">Verfolgen Sie Ihre Wasseraufnahme mit Kontrollk\u00e4stchen<\/li>\n<li class=\"desc-item_list__point\">Verwenden Sie eine Checkliste f\u00fcr die Erstellung von Zielen<\/li>\n<li class=\"desc-item_list__point\">Schreiben Sie Ihren Zeitplan und Ihre Aufgaben auf<\/li>\n<li class=\"desc-item_list__point\">Erstellen Sie ein Protokoll der zu kontaktierenden Personen<\/li>\n<li class=\"desc-item_list__point\">Verwenden Sie Kontrollk\u00e4stchen, um eine Einkaufsliste zu erstellen<\/li>\n<\/ul>\n","protected":false},"excerpt":{"rendered":"<p>Verwenden Sie einen Tagesplaner, um Ihre Aktivit\u00e4ten zu organisieren und sicherzustellen, dass Sie nichts vergessen. Tragen Sie Ihre Aktionen, Verantwortlichkeiten, wichtige Kontakte und mehr ein.<\/p>\n","protected":false},"featured_media":20217,"template":"","meta":{"_acf_changed":false,"inline_featured_image":false},"product_brand":[],"product_cat":[179,180],"product_tag":[],"class_list":{"0":"post-60993","1":"product","2":"type-product","3":"status-publish","4":"has-post-thumbnail","6":"product_cat-organizers-planners","7":"product_cat-personal","9":"first","10":"instock","11":"virtual","12":"sold-individually","13":"product-type-simple"},"acf":[],"yoast_head":"<!-- This site is optimized with the Yoast SEO plugin v25.3.1 - https:\/\/yoast.com\/wordpress\/plugins\/seo\/ -->\n<title>Tagesplaner Vorlage - Sales AI Agents<\/title>\n<meta name=\"description\" content=\"Verwenden Sie einen Tagesplaner, um Ihre Aktivit\u00e4ten zu organisieren und sicherzustellen, dass Sie nichts vergessen. Tragen Sie Ihre Aktionen, Verantwortlichkeiten, wichtige Kontakte und mehr ein.\" \/>\n<meta name=\"robots\" content=\"index, follow, max-snippet:-1, max-image-preview:large, max-video-preview:-1\" \/>\n<link rel=\"canonical\" href=\"https:\/\/sales-ai-agents.com\/de\/templates\/daily-planner\/\" \/>\n<meta property=\"og:locale\" content=\"de_DE\" \/>\n<meta property=\"og:type\" content=\"article\" \/>\n<meta property=\"og:title\" content=\"Tagesplaner Vorlage - Sales AI Agents\" \/>\n<meta property=\"og:description\" content=\"Verwenden Sie einen Tagesplaner, um Ihre Aktivit\u00e4ten zu organisieren und sicherzustellen, dass Sie nichts vergessen. Tragen Sie Ihre Aktionen, Verantwortlichkeiten, wichtige Kontakte und mehr ein.\" \/>\n<meta property=\"og:url\" content=\"https:\/\/sales-ai-agents.com\/de\/templates\/daily-planner\/\" \/>\n<meta property=\"og:site_name\" content=\"Sales AI Agents\" \/>\n<meta property=\"article:modified_time\" content=\"2023-12-26T14:39:46+00:00\" \/>\n<meta property=\"og:image\" content=\"https:\/\/sales-ai-agents.com\/wp-content\/uploads\/2023\/01\/image-preview113703.png\" \/>\n\t<meta property=\"og:image:width\" content=\"1078\" \/>\n\t<meta property=\"og:image:height\" content=\"2500\" \/>\n\t<meta property=\"og:image:type\" content=\"image\/png\" \/>\n<meta name=\"twitter:card\" content=\"summary_large_image\" \/>\n<script type=\"application\/ld+json\" class=\"yoast-schema-graph\">{\"@context\":\"https:\/\/schema.org\",\"@graph\":[{\"@type\":\"WebPage\",\"@id\":\"https:\/\/sales-ai-agents.com\/de\/templates\/daily-planner\/\",\"url\":\"https:\/\/sales-ai-agents.com\/de\/templates\/daily-planner\/\",\"name\":\"Tagesplaner Vorlage - Sales AI Agents\",\"isPartOf\":{\"@id\":\"https:\/\/sales-ai-agents.com\/#website\"},\"primaryImageOfPage\":{\"@id\":\"https:\/\/sales-ai-agents.com\/de\/templates\/daily-planner\/#primaryimage\"},\"image\":{\"@id\":\"https:\/\/sales-ai-agents.com\/de\/templates\/daily-planner\/#primaryimage\"},\"thumbnailUrl\":\"https:\/\/sales-ai-agents.com\/wp-content\/uploads\/2023\/01\/image-preview113703.png\",\"datePublished\":\"2022-09-23T13:44:52+00:00\",\"dateModified\":\"2023-12-26T14:39:46+00:00\",\"description\":\"Verwenden Sie einen Tagesplaner, um Ihre Aktivit\u00e4ten zu organisieren und sicherzustellen, dass Sie nichts vergessen. Tragen Sie Ihre Aktionen, Verantwortlichkeiten, wichtige Kontakte und mehr ein.\",\"inLanguage\":\"de-DE\",\"potentialAction\":[{\"@type\":\"ReadAction\",\"target\":[\"https:\/\/sales-ai-agents.com\/de\/templates\/daily-planner\/\"]}]},{\"@type\":\"ImageObject\",\"inLanguage\":\"de-DE\",\"@id\":\"https:\/\/sales-ai-agents.com\/de\/templates\/daily-planner\/#primaryimage\",\"url\":\"https:\/\/sales-ai-agents.com\/wp-content\/uploads\/2023\/01\/image-preview113703.png\",\"contentUrl\":\"https:\/\/sales-ai-agents.com\/wp-content\/uploads\/2023\/01\/image-preview113703.png\",\"width\":1078,\"height\":2500,\"caption\":\"Daily Planner Template - Nimbus Platform\"},{\"@type\":\"WebSite\",\"@id\":\"https:\/\/sales-ai-agents.com\/#website\",\"url\":\"https:\/\/sales-ai-agents.com\/\",\"name\":\"FuseBase\",\"description\":\"Nimbus Platform - Free Online Collaboration Software for Remote Teams. Build your wikis, client portals and more with the Nimbus Platform collaboration tool ? A perfect space for online work\",\"publisher\":{\"@id\":\"https:\/\/sales-ai-agents.com\/#organization\"},\"potentialAction\":[{\"@type\":\"SearchAction\",\"target\":{\"@type\":\"EntryPoint\",\"urlTemplate\":\"https:\/\/sales-ai-agents.com\/?s={search_term_string}\"},\"query-input\":{\"@type\":\"PropertyValueSpecification\",\"valueRequired\":true,\"valueName\":\"search_term_string\"}}],\"inLanguage\":\"de-DE\"},{\"@type\":\"Organization\",\"@id\":\"https:\/\/sales-ai-agents.com\/#organization\",\"name\":\"FuseBase\",\"url\":\"https:\/\/sales-ai-agents.com\/\",\"logo\":{\"@type\":\"ImageObject\",\"inLanguage\":\"de-DE\",\"@id\":\"https:\/\/sales-ai-agents.com\/#\/schema\/logo\/image\/\",\"url\":\"https:\/\/sales-ai-agents.com\/wp-content\/uploads\/2023\/11\/icon-7.svg\",\"contentUrl\":\"https:\/\/sales-ai-agents.com\/wp-content\/uploads\/2023\/11\/icon-7.svg\",\"width\":128,\"height\":128,\"caption\":\"FuseBase\"},\"image\":{\"@id\":\"https:\/\/sales-ai-agents.com\/#\/schema\/logo\/image\/\"}}]}<\/script>\n<!-- \/ Yoast SEO plugin. -->","yoast_head_json":{"title":"Tagesplaner Vorlage - Sales AI Agents","description":"Verwenden Sie einen Tagesplaner, um Ihre Aktivit\u00e4ten zu organisieren und sicherzustellen, dass Sie nichts vergessen. Tragen Sie Ihre Aktionen, Verantwortlichkeiten, wichtige Kontakte und mehr ein.","robots":{"index":"index","follow":"follow","max-snippet":"max-snippet:-1","max-image-preview":"max-image-preview:large","max-video-preview":"max-video-preview:-1"},"canonical":"https:\/\/sales-ai-agents.com\/de\/templates\/daily-planner\/","og_locale":"de_DE","og_type":"article","og_title":"Tagesplaner Vorlage - Sales AI Agents","og_description":"Verwenden Sie einen Tagesplaner, um Ihre Aktivit\u00e4ten zu organisieren und sicherzustellen, dass Sie nichts vergessen. Tragen Sie Ihre Aktionen, Verantwortlichkeiten, wichtige Kontakte und mehr ein.","og_url":"https:\/\/sales-ai-agents.com\/de\/templates\/daily-planner\/","og_site_name":"Sales AI Agents","article_modified_time":"2023-12-26T14:39:46+00:00","og_image":[{"width":1078,"height":2500,"url":"https:\/\/sales-ai-agents.com\/wp-content\/uploads\/2023\/01\/image-preview113703.png","type":"image\/png"}],"twitter_card":"summary_large_image","schema":{"@context":"https:\/\/schema.org","@graph":[{"@type":"WebPage","@id":"https:\/\/sales-ai-agents.com\/de\/templates\/daily-planner\/","url":"https:\/\/sales-ai-agents.com\/de\/templates\/daily-planner\/","name":"Tagesplaner Vorlage - Sales AI Agents","isPartOf":{"@id":"https:\/\/sales-ai-agents.com\/#website"},"primaryImageOfPage":{"@id":"https:\/\/sales-ai-agents.com\/de\/templates\/daily-planner\/#primaryimage"},"image":{"@id":"https:\/\/sales-ai-agents.com\/de\/templates\/daily-planner\/#primaryimage"},"thumbnailUrl":"https:\/\/sales-ai-agents.com\/wp-content\/uploads\/2023\/01\/image-preview113703.png","datePublished":"2022-09-23T13:44:52+00:00","dateModified":"2023-12-26T14:39:46+00:00","description":"Verwenden Sie einen Tagesplaner, um Ihre Aktivit\u00e4ten zu organisieren und sicherzustellen, dass Sie nichts vergessen. Tragen Sie Ihre Aktionen, Verantwortlichkeiten, wichtige Kontakte und mehr ein.","inLanguage":"de-DE","potentialAction":[{"@type":"ReadAction","target":["https:\/\/sales-ai-agents.com\/de\/templates\/daily-planner\/"]}]},{"@type":"ImageObject","inLanguage":"de-DE","@id":"https:\/\/sales-ai-agents.com\/de\/templates\/daily-planner\/#primaryimage","url":"https:\/\/sales-ai-agents.com\/wp-content\/uploads\/2023\/01\/image-preview113703.png","contentUrl":"https:\/\/sales-ai-agents.com\/wp-content\/uploads\/2023\/01\/image-preview113703.png","width":1078,"height":2500,"caption":"Daily Planner Template - Nimbus Platform"},{"@type":"WebSite","@id":"https:\/\/sales-ai-agents.com\/#website","url":"https:\/\/sales-ai-agents.com\/","name":"FuseBase","description":"Nimbus Platform - Free Online Collaboration Software for Remote Teams. Build your wikis, client portals and more with the Nimbus Platform collaboration tool ? A perfect space for online work","publisher":{"@id":"https:\/\/sales-ai-agents.com\/#organization"},"potentialAction":[{"@type":"SearchAction","target":{"@type":"EntryPoint","urlTemplate":"https:\/\/sales-ai-agents.com\/?s={search_term_string}"},"query-input":{"@type":"PropertyValueSpecification","valueRequired":true,"valueName":"search_term_string"}}],"inLanguage":"de-DE"},{"@type":"Organization","@id":"https:\/\/sales-ai-agents.com\/#organization","name":"FuseBase","url":"https:\/\/sales-ai-agents.com\/","logo":{"@type":"ImageObject","inLanguage":"de-DE","@id":"https:\/\/sales-ai-agents.com\/#\/schema\/logo\/image\/","url":"https:\/\/sales-ai-agents.com\/wp-content\/uploads\/2023\/11\/icon-7.svg","contentUrl":"https:\/\/sales-ai-agents.com\/wp-content\/uploads\/2023\/11\/icon-7.svg","width":128,"height":128,"caption":"FuseBase"},"image":{"@id":"https:\/\/sales-ai-agents.com\/#\/schema\/logo\/image\/"}}]}},"_links":{"self":[{"href":"https:\/\/sales-ai-agents.com\/de\/wp-json\/wp\/v2\/product\/60993","targetHints":{"allow":["GET"]}}],"collection":[{"href":"https:\/\/sales-ai-agents.com\/de\/wp-json\/wp\/v2\/product"}],"about":[{"href":"https:\/\/sales-ai-agents.com\/de\/wp-json\/wp\/v2\/types\/product"}],"wp:featuredmedia":[{"embeddable":true,"href":"https:\/\/sales-ai-agents.com\/de\/wp-json\/wp\/v2\/media\/20217"}],"wp:attachment":[{"href":"https:\/\/sales-ai-agents.com\/de\/wp-json\/wp\/v2\/media?parent=60993"}],"wp:term":[{"taxonomy":"product_brand","embeddable":true,"href":"https:\/\/sales-ai-agents.com\/de\/wp-json\/wp\/v2\/product_brand?post=60993"},{"taxonomy":"product_cat","embeddable":true,"href":"https:\/\/sales-ai-agents.com\/de\/wp-json\/wp\/v2\/product_cat?post=60993"},{"taxonomy":"product_tag","embeddable":true,"href":"https:\/\/sales-ai-agents.com\/de\/wp-json\/wp\/v2\/product_tag?post=60993"}],"curies":[{"name":"wp","href":"https:\/\/api.w.org\/{rel}","templated":true}]}}