{"id":60999,"date":"2022-09-23T13:44:48","date_gmt":"2022-09-23T13:44:48","guid":{"rendered":"https:\/\/sales-ai-agents.com\/templates\/daily-review-page\/"},"modified":"2023-12-26T14:33:56","modified_gmt":"2023-12-26T14:33:56","slug":"daily-review-page","status":"publish","type":"product","link":"https:\/\/sales-ai-agents.com\/de\/templates\/daily-review-page\/","title":{"rendered":"Tagesr\u00fcckblick Seite"},"content":{"rendered":"<p>&nbsp;<\/p>\n<h2>Vorlage f\u00fcr t\u00e4gliche \u00dcberpr\u00fcfung<\/h2>\n<p class=\"desc-text\">Mit dieser Vorlage f\u00fcr Tagesr\u00fcckblicke k\u00f6nnen Sie einen einzelnen Tag stundenweise planen, eine morgendliche Reflexion, eine Aufgabenliste, eine Selbstbest\u00e4tigung und eine Reflexion am Ende des Tages hinzuf\u00fcgen. Behalten Sie den \u00dcberblick \u00fcber Ihren Tag und planen Sie wichtige Meetings, Veranstaltungen und Fristen. Nutzen Sie diese Vorlage t\u00e4glich, um Ihre Aktivit\u00e4ten und Gedanken zu planen und zu \u00fcberpr\u00fcfen.<\/p>\n<h5>Wie zu verwenden:<\/h5>\n<ul class=\"desc-item_list\">\n<li class=\"desc-item_list__point\">Hinzuf\u00fcgen eines Datums, um jeden Tag der Woche zu erfassen<\/li>\n<li class=\"desc-item_list__point\">Beginnen Sie den Tag mit Dankbarkeit und listen Sie die wichtigsten Priorit\u00e4ten auf<\/li>\n<li class=\"desc-item_list__point\">Vergessen Sie nie etwas, indem Sie alle Ihre Aufgaben aufschreiben<\/li>\n<li class=\"desc-item_list__point\">Verwenden Sie den Abschnitt &#8222;Selbstbest\u00e4tigung&#8220;, um Ihr t\u00e4gliches pers\u00f6nliches Bekenntnis aufzuschreiben<\/li>\n<li class=\"desc-item_list__point\">Erfassen Sie Ihre t\u00e4glichen Errungenschaften, Ertr\u00e4ge oder wichtigen Folgeaktivit\u00e4ten<\/li>\n<li class=\"desc-item_list__point\">Verwenden Sie den Tagesplan, um Ihren Tag zu planen<\/li>\n<li class=\"desc-item_list__point\">Bei Bedarf Notizen hinzuf\u00fcgen<\/li>\n<\/ul>\n","protected":false},"excerpt":{"rendered":"<p>Planen Sie einen einzelnen Tag stundenweise, f\u00fcgen Sie eine morgendliche Reflexion, eine To-Do-Liste und eine Reflexion am Ende des Tages hinzu. Nutzen Sie es t\u00e4glich, um Ihre Handlungen und Gedanken zu planen und zu \u00fcberpr\u00fcfen.<\/p>\n","protected":false},"featured_media":26663,"template":"","meta":{"_acf_changed":false,"inline_featured_image":false},"product_brand":[],"product_cat":[179,180],"product_tag":[],"class_list":{"0":"post-60999","1":"product","2":"type-product","3":"status-publish","4":"has-post-thumbnail","6":"product_cat-organizers-planners","7":"product_cat-personal","9":"first","10":"instock","11":"virtual","12":"sold-individually","13":"product-type-simple"},"acf":[],"yoast_head":"<!-- This site is optimized with the Yoast SEO plugin v25.3.1 - https:\/\/yoast.com\/wordpress\/plugins\/seo\/ -->\n<title>Tagesr\u00fcckblick Seitenvorlage - Sales AI Agents<\/title>\n<meta name=\"description\" content=\"Planen Sie einen einzelnen Tag stundenweise, f\u00fcgen Sie eine morgendliche Reflexion, eine To-Do-Liste und eine Reflexion am Ende des Tages hinzu. Nutzen Sie es t\u00e4glich, um Ihre Handlungen und Gedanken zu planen und zu \u00fcberpr\u00fcfen\" \/>\n<meta name=\"robots\" content=\"index, follow, max-snippet:-1, max-image-preview:large, max-video-preview:-1\" \/>\n<link rel=\"canonical\" href=\"https:\/\/sales-ai-agents.com\/de\/templates\/daily-review-page\/\" \/>\n<meta property=\"og:locale\" content=\"de_DE\" \/>\n<meta property=\"og:type\" content=\"article\" \/>\n<meta property=\"og:title\" content=\"Tagesr\u00fcckblick Seitenvorlage - Sales AI Agents\" \/>\n<meta property=\"og:description\" content=\"Planen Sie einen einzelnen Tag stundenweise, f\u00fcgen Sie eine morgendliche Reflexion, eine To-Do-Liste und eine Reflexion am Ende des Tages hinzu. Nutzen Sie es t\u00e4glich, um Ihre Handlungen und Gedanken zu planen und zu \u00fcberpr\u00fcfen\" \/>\n<meta property=\"og:url\" content=\"https:\/\/sales-ai-agents.com\/de\/templates\/daily-review-page\/\" \/>\n<meta property=\"og:site_name\" content=\"Sales AI Agents\" \/>\n<meta property=\"article:modified_time\" content=\"2023-12-26T14:33:56+00:00\" \/>\n<meta property=\"og:image\" content=\"https:\/\/sales-ai-agents.com\/wp-content\/uploads\/2022\/09\/Daily-Review-Page-Template.png\" \/>\n\t<meta property=\"og:image:width\" content=\"1700\" \/>\n\t<meta property=\"og:image:height\" content=\"1100\" \/>\n\t<meta property=\"og:image:type\" content=\"image\/png\" \/>\n<meta name=\"twitter:card\" content=\"summary_large_image\" \/>\n<script type=\"application\/ld+json\" class=\"yoast-schema-graph\">{\"@context\":\"https:\/\/schema.org\",\"@graph\":[{\"@type\":\"WebPage\",\"@id\":\"https:\/\/sales-ai-agents.com\/de\/templates\/daily-review-page\/\",\"url\":\"https:\/\/sales-ai-agents.com\/de\/templates\/daily-review-page\/\",\"name\":\"Tagesr\u00fcckblick Seitenvorlage - Sales AI Agents\",\"isPartOf\":{\"@id\":\"https:\/\/sales-ai-agents.com\/#website\"},\"primaryImageOfPage\":{\"@id\":\"https:\/\/sales-ai-agents.com\/de\/templates\/daily-review-page\/#primaryimage\"},\"image\":{\"@id\":\"https:\/\/sales-ai-agents.com\/de\/templates\/daily-review-page\/#primaryimage\"},\"thumbnailUrl\":\"https:\/\/sales-ai-agents.com\/wp-content\/uploads\/2022\/09\/Daily-Review-Page-Template.png\",\"datePublished\":\"2022-09-23T13:44:48+00:00\",\"dateModified\":\"2023-12-26T14:33:56+00:00\",\"description\":\"Planen Sie einen einzelnen Tag stundenweise, f\u00fcgen Sie eine morgendliche Reflexion, eine To-Do-Liste und eine Reflexion am Ende des Tages hinzu. Nutzen Sie es t\u00e4glich, um Ihre Handlungen und Gedanken zu planen und zu \u00fcberpr\u00fcfen\",\"inLanguage\":\"de-DE\",\"potentialAction\":[{\"@type\":\"ReadAction\",\"target\":[\"https:\/\/sales-ai-agents.com\/de\/templates\/daily-review-page\/\"]}]},{\"@type\":\"ImageObject\",\"inLanguage\":\"de-DE\",\"@id\":\"https:\/\/sales-ai-agents.com\/de\/templates\/daily-review-page\/#primaryimage\",\"url\":\"https:\/\/sales-ai-agents.com\/wp-content\/uploads\/2022\/09\/Daily-Review-Page-Template.png\",\"contentUrl\":\"https:\/\/sales-ai-agents.com\/wp-content\/uploads\/2022\/09\/Daily-Review-Page-Template.png\",\"width\":1700,\"height\":1100,\"caption\":\"Plan a single day by the hour, add morning reflection, to-do list, and end-of-the-day reflections.\"},{\"@type\":\"WebSite\",\"@id\":\"https:\/\/sales-ai-agents.com\/#website\",\"url\":\"https:\/\/sales-ai-agents.com\/\",\"name\":\"FuseBase\",\"description\":\"Nimbus Platform - Free Online Collaboration Software for Remote Teams. Build your wikis, client portals and more with the Nimbus Platform collaboration tool ? A perfect space for online work\",\"publisher\":{\"@id\":\"https:\/\/sales-ai-agents.com\/#organization\"},\"potentialAction\":[{\"@type\":\"SearchAction\",\"target\":{\"@type\":\"EntryPoint\",\"urlTemplate\":\"https:\/\/sales-ai-agents.com\/?s={search_term_string}\"},\"query-input\":{\"@type\":\"PropertyValueSpecification\",\"valueRequired\":true,\"valueName\":\"search_term_string\"}}],\"inLanguage\":\"de-DE\"},{\"@type\":\"Organization\",\"@id\":\"https:\/\/sales-ai-agents.com\/#organization\",\"name\":\"FuseBase\",\"url\":\"https:\/\/sales-ai-agents.com\/\",\"logo\":{\"@type\":\"ImageObject\",\"inLanguage\":\"de-DE\",\"@id\":\"https:\/\/sales-ai-agents.com\/#\/schema\/logo\/image\/\",\"url\":\"https:\/\/sales-ai-agents.com\/wp-content\/uploads\/2023\/11\/icon-7.svg\",\"contentUrl\":\"https:\/\/sales-ai-agents.com\/wp-content\/uploads\/2023\/11\/icon-7.svg\",\"width\":128,\"height\":128,\"caption\":\"FuseBase\"},\"image\":{\"@id\":\"https:\/\/sales-ai-agents.com\/#\/schema\/logo\/image\/\"}}]}<\/script>\n<!-- \/ Yoast SEO plugin. -->","yoast_head_json":{"title":"Tagesr\u00fcckblick Seitenvorlage - Sales AI Agents","description":"Planen Sie einen einzelnen Tag stundenweise, f\u00fcgen Sie eine morgendliche Reflexion, eine To-Do-Liste und eine Reflexion am Ende des Tages hinzu. Nutzen Sie es t\u00e4glich, um Ihre Handlungen und Gedanken zu planen und zu \u00fcberpr\u00fcfen","robots":{"index":"index","follow":"follow","max-snippet":"max-snippet:-1","max-image-preview":"max-image-preview:large","max-video-preview":"max-video-preview:-1"},"canonical":"https:\/\/sales-ai-agents.com\/de\/templates\/daily-review-page\/","og_locale":"de_DE","og_type":"article","og_title":"Tagesr\u00fcckblick Seitenvorlage - Sales AI Agents","og_description":"Planen Sie einen einzelnen Tag stundenweise, f\u00fcgen Sie eine morgendliche Reflexion, eine To-Do-Liste und eine Reflexion am Ende des Tages hinzu. Nutzen Sie es t\u00e4glich, um Ihre Handlungen und Gedanken zu planen und zu \u00fcberpr\u00fcfen","og_url":"https:\/\/sales-ai-agents.com\/de\/templates\/daily-review-page\/","og_site_name":"Sales AI Agents","article_modified_time":"2023-12-26T14:33:56+00:00","og_image":[{"width":1700,"height":1100,"url":"https:\/\/sales-ai-agents.com\/wp-content\/uploads\/2022\/09\/Daily-Review-Page-Template.png","type":"image\/png"}],"twitter_card":"summary_large_image","schema":{"@context":"https:\/\/schema.org","@graph":[{"@type":"WebPage","@id":"https:\/\/sales-ai-agents.com\/de\/templates\/daily-review-page\/","url":"https:\/\/sales-ai-agents.com\/de\/templates\/daily-review-page\/","name":"Tagesr\u00fcckblick Seitenvorlage - Sales AI Agents","isPartOf":{"@id":"https:\/\/sales-ai-agents.com\/#website"},"primaryImageOfPage":{"@id":"https:\/\/sales-ai-agents.com\/de\/templates\/daily-review-page\/#primaryimage"},"image":{"@id":"https:\/\/sales-ai-agents.com\/de\/templates\/daily-review-page\/#primaryimage"},"thumbnailUrl":"https:\/\/sales-ai-agents.com\/wp-content\/uploads\/2022\/09\/Daily-Review-Page-Template.png","datePublished":"2022-09-23T13:44:48+00:00","dateModified":"2023-12-26T14:33:56+00:00","description":"Planen Sie einen einzelnen Tag stundenweise, f\u00fcgen Sie eine morgendliche Reflexion, eine To-Do-Liste und eine Reflexion am Ende des Tages hinzu. Nutzen Sie es t\u00e4glich, um Ihre Handlungen und Gedanken zu planen und zu \u00fcberpr\u00fcfen","inLanguage":"de-DE","potentialAction":[{"@type":"ReadAction","target":["https:\/\/sales-ai-agents.com\/de\/templates\/daily-review-page\/"]}]},{"@type":"ImageObject","inLanguage":"de-DE","@id":"https:\/\/sales-ai-agents.com\/de\/templates\/daily-review-page\/#primaryimage","url":"https:\/\/sales-ai-agents.com\/wp-content\/uploads\/2022\/09\/Daily-Review-Page-Template.png","contentUrl":"https:\/\/sales-ai-agents.com\/wp-content\/uploads\/2022\/09\/Daily-Review-Page-Template.png","width":1700,"height":1100,"caption":"Plan a single day by the hour, add morning reflection, to-do list, and end-of-the-day reflections."},{"@type":"WebSite","@id":"https:\/\/sales-ai-agents.com\/#website","url":"https:\/\/sales-ai-agents.com\/","name":"FuseBase","description":"Nimbus Platform - Free Online Collaboration Software for Remote Teams. Build your wikis, client portals and more with the Nimbus Platform collaboration tool ? A perfect space for online work","publisher":{"@id":"https:\/\/sales-ai-agents.com\/#organization"},"potentialAction":[{"@type":"SearchAction","target":{"@type":"EntryPoint","urlTemplate":"https:\/\/sales-ai-agents.com\/?s={search_term_string}"},"query-input":{"@type":"PropertyValueSpecification","valueRequired":true,"valueName":"search_term_string"}}],"inLanguage":"de-DE"},{"@type":"Organization","@id":"https:\/\/sales-ai-agents.com\/#organization","name":"FuseBase","url":"https:\/\/sales-ai-agents.com\/","logo":{"@type":"ImageObject","inLanguage":"de-DE","@id":"https:\/\/sales-ai-agents.com\/#\/schema\/logo\/image\/","url":"https:\/\/sales-ai-agents.com\/wp-content\/uploads\/2023\/11\/icon-7.svg","contentUrl":"https:\/\/sales-ai-agents.com\/wp-content\/uploads\/2023\/11\/icon-7.svg","width":128,"height":128,"caption":"FuseBase"},"image":{"@id":"https:\/\/sales-ai-agents.com\/#\/schema\/logo\/image\/"}}]}},"_links":{"self":[{"href":"https:\/\/sales-ai-agents.com\/de\/wp-json\/wp\/v2\/product\/60999","targetHints":{"allow":["GET"]}}],"collection":[{"href":"https:\/\/sales-ai-agents.com\/de\/wp-json\/wp\/v2\/product"}],"about":[{"href":"https:\/\/sales-ai-agents.com\/de\/wp-json\/wp\/v2\/types\/product"}],"wp:featuredmedia":[{"embeddable":true,"href":"https:\/\/sales-ai-agents.com\/de\/wp-json\/wp\/v2\/media\/26663"}],"wp:attachment":[{"href":"https:\/\/sales-ai-agents.com\/de\/wp-json\/wp\/v2\/media?parent=60999"}],"wp:term":[{"taxonomy":"product_brand","embeddable":true,"href":"https:\/\/sales-ai-agents.com\/de\/wp-json\/wp\/v2\/product_brand?post=60999"},{"taxonomy":"product_cat","embeddable":true,"href":"https:\/\/sales-ai-agents.com\/de\/wp-json\/wp\/v2\/product_cat?post=60999"},{"taxonomy":"product_tag","embeddable":true,"href":"https:\/\/sales-ai-agents.com\/de\/wp-json\/wp\/v2\/product_tag?post=60999"}],"curies":[{"name":"wp","href":"https:\/\/api.w.org\/{rel}","templated":true}]}}