{"id":61005,"date":"2022-09-23T13:44:43","date_gmt":"2022-09-23T13:44:43","guid":{"rendered":"https:\/\/sales-ai-agents.com\/templates\/meeting-agenda\/"},"modified":"2023-12-27T15:14:57","modified_gmt":"2023-12-27T15:14:57","slug":"meeting-agenda","status":"publish","type":"product","link":"https:\/\/sales-ai-agents.com\/de\/templates\/meeting-agenda\/","title":{"rendered":"Tagesordnung der Sitzung"},"content":{"rendered":"<p>&nbsp;<\/p>\n<h2>Meeting Agenda Vorlage<\/h2>\n<p class=\"desc-text\">Diese Agenda hilft Ihnen, bei Besprechungen den \u00dcberblick zu behalten, egal ob Sie in einem B\u00fcro, einer Universit\u00e4t oder einer Lernakademie arbeiten. Bereiten Sie sich auf Besprechungen vor, indem Sie Aufgaben notieren, die Sie vor dem Treffen mit Ihrem Team erledigen m\u00fcssen. Listen Sie wichtige zu besprechende Themen auf. Planen Sie f\u00fcr jeden Diskussionspunkt Zeit ein, damit Sie Ihr Protokoll nicht \u00fcberschreiten. Teilen Sie diese mit Ihrer Gruppe, damit alle schnell auf dem Laufenden sind.<\/p>\n<h5>Wie zu verwenden:<\/h5>\n<ul class=\"desc-item_list\">\n<li class=\"desc-item_list__point\">Details und Tag-Team-Mitglieder hinzuf\u00fcgen<\/li>\n<li class=\"desc-item_list__point\">Bereiten Sie Aktionen vor, die vor dem Treffen erledigt werden m\u00fcssen<\/li>\n<li class=\"desc-item_list__point\">Liste der Gegenst\u00e4nde, die Sie zum Treffen mitbringen sollten<\/li>\n<li class=\"desc-item_list__point\">Diskussionsthemen einbeziehen<\/li>\n<li class=\"desc-item_list__point\">Zeit f\u00fcr jedes Thema einplanen<\/li>\n<\/ul>\n","protected":false},"excerpt":{"rendered":"<p>Behalten Sie mit dieser anpassbaren Vorlage den \u00dcberblick \u00fcber Ihre Besprechungen. Listen Sie die zu besprechenden Punkte auf und teilen Sie diese Vorlage mit Ihrem Team, um einen effektiven Sitzungsablauf zu schaffen.<\/p>\n","protected":false},"featured_media":25326,"template":"","meta":{"_acf_changed":false,"inline_featured_image":false},"product_brand":[],"product_cat":[177,197],"product_tag":[],"class_list":{"0":"post-61005","1":"product","2":"type-product","3":"status-publish","4":"has-post-thumbnail","6":"product_cat-meeting","7":"product_cat-student","9":"first","10":"instock","11":"virtual","12":"sold-individually","13":"product-type-simple"},"acf":[],"yoast_head":"<!-- This site is optimized with the Yoast SEO plugin v25.3.1 - https:\/\/yoast.com\/wordpress\/plugins\/seo\/ -->\n<title>Meeting Agenda Vorlage - Sales AI Agents<\/title>\n<meta name=\"description\" content=\"Behalten Sie mit dieser anpassbaren Vorlage den \u00dcberblick \u00fcber Ihre Besprechungen. Listen Sie die zu besprechenden Punkte auf und teilen Sie diese Vorlage mit Ihrem Team, um einen effektiven Ablauf zu gew\u00e4hrleisten.\" \/>\n<meta name=\"robots\" content=\"index, follow, max-snippet:-1, max-image-preview:large, max-video-preview:-1\" \/>\n<link rel=\"canonical\" href=\"https:\/\/sales-ai-agents.com\/de\/templates\/meeting-agenda\/\" \/>\n<meta property=\"og:locale\" content=\"de_DE\" \/>\n<meta property=\"og:type\" content=\"article\" \/>\n<meta property=\"og:title\" content=\"Meeting Agenda Vorlage - Sales AI Agents\" \/>\n<meta property=\"og:description\" content=\"Behalten Sie mit dieser anpassbaren Vorlage den \u00dcberblick \u00fcber Ihre Besprechungen. Listen Sie die zu besprechenden Punkte auf und teilen Sie diese Vorlage mit Ihrem Team, um einen effektiven Ablauf zu gew\u00e4hrleisten.\" \/>\n<meta property=\"og:url\" content=\"https:\/\/sales-ai-agents.com\/de\/templates\/meeting-agenda\/\" \/>\n<meta property=\"og:site_name\" content=\"Sales AI Agents\" \/>\n<meta property=\"article:modified_time\" content=\"2023-12-27T15:14:57+00:00\" \/>\n<meta property=\"og:image\" content=\"https:\/\/sales-ai-agents.com\/wp-content\/uploads\/2022\/09\/Meeting-Agenda-Template.png\" \/>\n\t<meta property=\"og:image:width\" content=\"1700\" \/>\n\t<meta property=\"og:image:height\" content=\"1100\" \/>\n\t<meta property=\"og:image:type\" content=\"image\/png\" \/>\n<meta name=\"twitter:card\" content=\"summary_large_image\" \/>\n<script type=\"application\/ld+json\" class=\"yoast-schema-graph\">{\"@context\":\"https:\/\/schema.org\",\"@graph\":[{\"@type\":\"WebPage\",\"@id\":\"https:\/\/sales-ai-agents.com\/de\/templates\/meeting-agenda\/\",\"url\":\"https:\/\/sales-ai-agents.com\/de\/templates\/meeting-agenda\/\",\"name\":\"Meeting Agenda Vorlage - Sales AI Agents\",\"isPartOf\":{\"@id\":\"https:\/\/sales-ai-agents.com\/#website\"},\"primaryImageOfPage\":{\"@id\":\"https:\/\/sales-ai-agents.com\/de\/templates\/meeting-agenda\/#primaryimage\"},\"image\":{\"@id\":\"https:\/\/sales-ai-agents.com\/de\/templates\/meeting-agenda\/#primaryimage\"},\"thumbnailUrl\":\"https:\/\/sales-ai-agents.com\/wp-content\/uploads\/2022\/09\/Meeting-Agenda-Template.png\",\"datePublished\":\"2022-09-23T13:44:43+00:00\",\"dateModified\":\"2023-12-27T15:14:57+00:00\",\"description\":\"Behalten Sie mit dieser anpassbaren Vorlage den \u00dcberblick \u00fcber Ihre Besprechungen. Listen Sie die zu besprechenden Punkte auf und teilen Sie diese Vorlage mit Ihrem Team, um einen effektiven Ablauf zu gew\u00e4hrleisten.\",\"inLanguage\":\"de-DE\",\"potentialAction\":[{\"@type\":\"ReadAction\",\"target\":[\"https:\/\/sales-ai-agents.com\/de\/templates\/meeting-agenda\/\"]}]},{\"@type\":\"ImageObject\",\"inLanguage\":\"de-DE\",\"@id\":\"https:\/\/sales-ai-agents.com\/de\/templates\/meeting-agenda\/#primaryimage\",\"url\":\"https:\/\/sales-ai-agents.com\/wp-content\/uploads\/2022\/09\/Meeting-Agenda-Template.png\",\"contentUrl\":\"https:\/\/sales-ai-agents.com\/wp-content\/uploads\/2022\/09\/Meeting-Agenda-Template.png\",\"width\":1700,\"height\":1100,\"caption\":\"Keep track of your meetings with this customizable template.\"},{\"@type\":\"WebSite\",\"@id\":\"https:\/\/sales-ai-agents.com\/#website\",\"url\":\"https:\/\/sales-ai-agents.com\/\",\"name\":\"FuseBase\",\"description\":\"Nimbus Platform - Free Online Collaboration Software for Remote Teams. Build your wikis, client portals and more with the Nimbus Platform collaboration tool ? A perfect space for online work\",\"publisher\":{\"@id\":\"https:\/\/sales-ai-agents.com\/#organization\"},\"potentialAction\":[{\"@type\":\"SearchAction\",\"target\":{\"@type\":\"EntryPoint\",\"urlTemplate\":\"https:\/\/sales-ai-agents.com\/?s={search_term_string}\"},\"query-input\":{\"@type\":\"PropertyValueSpecification\",\"valueRequired\":true,\"valueName\":\"search_term_string\"}}],\"inLanguage\":\"de-DE\"},{\"@type\":\"Organization\",\"@id\":\"https:\/\/sales-ai-agents.com\/#organization\",\"name\":\"FuseBase\",\"url\":\"https:\/\/sales-ai-agents.com\/\",\"logo\":{\"@type\":\"ImageObject\",\"inLanguage\":\"de-DE\",\"@id\":\"https:\/\/sales-ai-agents.com\/#\/schema\/logo\/image\/\",\"url\":\"https:\/\/sales-ai-agents.com\/wp-content\/uploads\/2023\/11\/icon-7.svg\",\"contentUrl\":\"https:\/\/sales-ai-agents.com\/wp-content\/uploads\/2023\/11\/icon-7.svg\",\"width\":128,\"height\":128,\"caption\":\"FuseBase\"},\"image\":{\"@id\":\"https:\/\/sales-ai-agents.com\/#\/schema\/logo\/image\/\"}}]}<\/script>\n<!-- \/ Yoast SEO plugin. -->","yoast_head_json":{"title":"Meeting Agenda Vorlage - Sales AI Agents","description":"Behalten Sie mit dieser anpassbaren Vorlage den \u00dcberblick \u00fcber Ihre Besprechungen. Listen Sie die zu besprechenden Punkte auf und teilen Sie diese Vorlage mit Ihrem Team, um einen effektiven Ablauf zu gew\u00e4hrleisten.","robots":{"index":"index","follow":"follow","max-snippet":"max-snippet:-1","max-image-preview":"max-image-preview:large","max-video-preview":"max-video-preview:-1"},"canonical":"https:\/\/sales-ai-agents.com\/de\/templates\/meeting-agenda\/","og_locale":"de_DE","og_type":"article","og_title":"Meeting Agenda Vorlage - Sales AI Agents","og_description":"Behalten Sie mit dieser anpassbaren Vorlage den \u00dcberblick \u00fcber Ihre Besprechungen. Listen Sie die zu besprechenden Punkte auf und teilen Sie diese Vorlage mit Ihrem Team, um einen effektiven Ablauf zu gew\u00e4hrleisten.","og_url":"https:\/\/sales-ai-agents.com\/de\/templates\/meeting-agenda\/","og_site_name":"Sales AI Agents","article_modified_time":"2023-12-27T15:14:57+00:00","og_image":[{"width":1700,"height":1100,"url":"https:\/\/sales-ai-agents.com\/wp-content\/uploads\/2022\/09\/Meeting-Agenda-Template.png","type":"image\/png"}],"twitter_card":"summary_large_image","schema":{"@context":"https:\/\/schema.org","@graph":[{"@type":"WebPage","@id":"https:\/\/sales-ai-agents.com\/de\/templates\/meeting-agenda\/","url":"https:\/\/sales-ai-agents.com\/de\/templates\/meeting-agenda\/","name":"Meeting Agenda Vorlage - Sales AI Agents","isPartOf":{"@id":"https:\/\/sales-ai-agents.com\/#website"},"primaryImageOfPage":{"@id":"https:\/\/sales-ai-agents.com\/de\/templates\/meeting-agenda\/#primaryimage"},"image":{"@id":"https:\/\/sales-ai-agents.com\/de\/templates\/meeting-agenda\/#primaryimage"},"thumbnailUrl":"https:\/\/sales-ai-agents.com\/wp-content\/uploads\/2022\/09\/Meeting-Agenda-Template.png","datePublished":"2022-09-23T13:44:43+00:00","dateModified":"2023-12-27T15:14:57+00:00","description":"Behalten Sie mit dieser anpassbaren Vorlage den \u00dcberblick \u00fcber Ihre Besprechungen. Listen Sie die zu besprechenden Punkte auf und teilen Sie diese Vorlage mit Ihrem Team, um einen effektiven Ablauf zu gew\u00e4hrleisten.","inLanguage":"de-DE","potentialAction":[{"@type":"ReadAction","target":["https:\/\/sales-ai-agents.com\/de\/templates\/meeting-agenda\/"]}]},{"@type":"ImageObject","inLanguage":"de-DE","@id":"https:\/\/sales-ai-agents.com\/de\/templates\/meeting-agenda\/#primaryimage","url":"https:\/\/sales-ai-agents.com\/wp-content\/uploads\/2022\/09\/Meeting-Agenda-Template.png","contentUrl":"https:\/\/sales-ai-agents.com\/wp-content\/uploads\/2022\/09\/Meeting-Agenda-Template.png","width":1700,"height":1100,"caption":"Keep track of your meetings with this customizable template."},{"@type":"WebSite","@id":"https:\/\/sales-ai-agents.com\/#website","url":"https:\/\/sales-ai-agents.com\/","name":"FuseBase","description":"Nimbus Platform - Free Online Collaboration Software for Remote Teams. Build your wikis, client portals and more with the Nimbus Platform collaboration tool ? A perfect space for online work","publisher":{"@id":"https:\/\/sales-ai-agents.com\/#organization"},"potentialAction":[{"@type":"SearchAction","target":{"@type":"EntryPoint","urlTemplate":"https:\/\/sales-ai-agents.com\/?s={search_term_string}"},"query-input":{"@type":"PropertyValueSpecification","valueRequired":true,"valueName":"search_term_string"}}],"inLanguage":"de-DE"},{"@type":"Organization","@id":"https:\/\/sales-ai-agents.com\/#organization","name":"FuseBase","url":"https:\/\/sales-ai-agents.com\/","logo":{"@type":"ImageObject","inLanguage":"de-DE","@id":"https:\/\/sales-ai-agents.com\/#\/schema\/logo\/image\/","url":"https:\/\/sales-ai-agents.com\/wp-content\/uploads\/2023\/11\/icon-7.svg","contentUrl":"https:\/\/sales-ai-agents.com\/wp-content\/uploads\/2023\/11\/icon-7.svg","width":128,"height":128,"caption":"FuseBase"},"image":{"@id":"https:\/\/sales-ai-agents.com\/#\/schema\/logo\/image\/"}}]}},"_links":{"self":[{"href":"https:\/\/sales-ai-agents.com\/de\/wp-json\/wp\/v2\/product\/61005","targetHints":{"allow":["GET"]}}],"collection":[{"href":"https:\/\/sales-ai-agents.com\/de\/wp-json\/wp\/v2\/product"}],"about":[{"href":"https:\/\/sales-ai-agents.com\/de\/wp-json\/wp\/v2\/types\/product"}],"wp:featuredmedia":[{"embeddable":true,"href":"https:\/\/sales-ai-agents.com\/de\/wp-json\/wp\/v2\/media\/25326"}],"wp:attachment":[{"href":"https:\/\/sales-ai-agents.com\/de\/wp-json\/wp\/v2\/media?parent=61005"}],"wp:term":[{"taxonomy":"product_brand","embeddable":true,"href":"https:\/\/sales-ai-agents.com\/de\/wp-json\/wp\/v2\/product_brand?post=61005"},{"taxonomy":"product_cat","embeddable":true,"href":"https:\/\/sales-ai-agents.com\/de\/wp-json\/wp\/v2\/product_cat?post=61005"},{"taxonomy":"product_tag","embeddable":true,"href":"https:\/\/sales-ai-agents.com\/de\/wp-json\/wp\/v2\/product_tag?post=61005"}],"curies":[{"name":"wp","href":"https:\/\/api.w.org\/{rel}","templated":true}]}}