{"id":61011,"date":"2022-09-23T13:44:40","date_gmt":"2022-09-23T13:44:40","guid":{"rendered":"https:\/\/sales-ai-agents.com\/templates\/grades-overview\/"},"modified":"2023-12-26T14:42:43","modified_gmt":"2023-12-26T14:42:43","slug":"grades-overview","status":"publish","type":"product","link":"https:\/\/sales-ai-agents.com\/de\/templates\/grades-overview\/","title":{"rendered":"Noten \u00dcbersicht"},"content":{"rendered":"<p>&nbsp;<\/p>\n<h2>Noten\u00fcbersichtsvorlage<\/h2>\n<p class=\"desc-text\">Verfolgen Sie die Noten Ihrer Sch\u00fcler, indem Sie die Fortschritte jeden Monat in einer visuellen Tabelle aktualisieren. Analysieren Sie die Leistungen Ihrer Klasse, indem Sie individuelle oder allgemeine Statistiken \u00fcberpr\u00fcfen. Notieren Sie den Fortschritt jedes Sch\u00fclers in jeder Kategorie am Monatsende. Markieren Sie die besten Sch\u00fcler und behalten Sie abfallende Noten im Auge. Dokumentieren Sie bei Bedarf die Sch\u00fcler f\u00fcr eine Wiederholungsnote. Zeigen Sie die Fortschritte der Klasse an, damit Sie eine transparente Eltern-Lehrer-Kommunikation organisieren k\u00f6nnen. Einfaches Duplizieren und Erstellen einer neuen Tabelle f\u00fcr jeden neuen Monat.<\/p>\n<h5>Wie zu verwenden:<\/h5>\n<ul class=\"desc-item_list\">\n<li class=\"desc-item_list__point\">F\u00fcgen Sie die Namen Ihrer Sch\u00fcler hinzu<\/li>\n<li class=\"desc-item_list__point\">Verfolgen Sie den akademischen Erfolg mithilfe von Fortschritts- oder Bewertungsleisten<\/li>\n<li class=\"desc-item_list__point\">Tags hinzuf\u00fcgen, um das monatliche Feedback zusammenzufassen<\/li>\n<li class=\"desc-item_list__point\">Der durchschnittliche Prozentsatz f\u00fcr jede Kategorie wird automatisch berechnet<\/li>\n<\/ul>\n","protected":false},"excerpt":{"rendered":"<p>Pr\u00fcfen Sie die Noten Ihrer Sch\u00fcler und verfolgen Sie ihre Fortschritte jeden Monat. Sie k\u00f6nnen die Leistungen Ihrer Klasse leicht analysieren, indem Sie sich die Statistiken zu jedem Sch\u00fcler ansehen.<\/p>\n","protected":false},"featured_media":20303,"template":"","meta":{"_acf_changed":false,"inline_featured_image":false},"product_brand":[],"product_cat":[198],"product_tag":[],"class_list":{"0":"post-61011","1":"product","2":"type-product","3":"status-publish","4":"has-post-thumbnail","6":"product_cat-teacher","8":"first","9":"instock","10":"virtual","11":"sold-individually","12":"product-type-simple"},"acf":[],"yoast_head":"<!-- This site is optimized with the Yoast SEO plugin v25.3.1 - https:\/\/yoast.com\/wordpress\/plugins\/seo\/ -->\n<title>Noten\u00fcbersichtsvorlage - Sales AI Agents<\/title>\n<meta name=\"description\" content=\"Pr\u00fcfen Sie die Noten Ihrer Sch\u00fcler und verfolgen Sie ihre Fortschritte jeden Monat. Sie k\u00f6nnen die Leistungen Ihrer Klasse leicht analysieren, indem Sie sich die Statistiken zu jedem Sch\u00fcler ansehen.\" \/>\n<meta name=\"robots\" content=\"index, follow, max-snippet:-1, max-image-preview:large, max-video-preview:-1\" \/>\n<link rel=\"canonical\" href=\"https:\/\/sales-ai-agents.com\/de\/templates\/grades-overview\/\" \/>\n<meta property=\"og:locale\" content=\"de_DE\" \/>\n<meta property=\"og:type\" content=\"article\" \/>\n<meta property=\"og:title\" content=\"Noten\u00fcbersichtsvorlage - Sales AI Agents\" \/>\n<meta property=\"og:description\" content=\"Pr\u00fcfen Sie die Noten Ihrer Sch\u00fcler und verfolgen Sie ihre Fortschritte jeden Monat. Sie k\u00f6nnen die Leistungen Ihrer Klasse leicht analysieren, indem Sie sich die Statistiken zu jedem Sch\u00fcler ansehen.\" \/>\n<meta property=\"og:url\" content=\"https:\/\/sales-ai-agents.com\/de\/templates\/grades-overview\/\" \/>\n<meta property=\"og:site_name\" content=\"Sales AI Agents\" \/>\n<meta property=\"article:modified_time\" content=\"2023-12-26T14:42:43+00:00\" \/>\n<meta property=\"og:image\" content=\"https:\/\/sales-ai-agents.com\/wp-content\/uploads\/2023\/01\/image-preview115359.png\" \/>\n\t<meta property=\"og:image:width\" content=\"1078\" \/>\n\t<meta property=\"og:image:height\" content=\"760\" \/>\n\t<meta property=\"og:image:type\" content=\"image\/png\" \/>\n<meta name=\"twitter:card\" content=\"summary_large_image\" \/>\n<script type=\"application\/ld+json\" class=\"yoast-schema-graph\">{\"@context\":\"https:\/\/schema.org\",\"@graph\":[{\"@type\":\"WebPage\",\"@id\":\"https:\/\/sales-ai-agents.com\/de\/templates\/grades-overview\/\",\"url\":\"https:\/\/sales-ai-agents.com\/de\/templates\/grades-overview\/\",\"name\":\"Noten\u00fcbersichtsvorlage - Sales AI Agents\",\"isPartOf\":{\"@id\":\"https:\/\/sales-ai-agents.com\/#website\"},\"primaryImageOfPage\":{\"@id\":\"https:\/\/sales-ai-agents.com\/de\/templates\/grades-overview\/#primaryimage\"},\"image\":{\"@id\":\"https:\/\/sales-ai-agents.com\/de\/templates\/grades-overview\/#primaryimage\"},\"thumbnailUrl\":\"https:\/\/sales-ai-agents.com\/wp-content\/uploads\/2023\/01\/image-preview115359.png\",\"datePublished\":\"2022-09-23T13:44:40+00:00\",\"dateModified\":\"2023-12-26T14:42:43+00:00\",\"description\":\"Pr\u00fcfen Sie die Noten Ihrer Sch\u00fcler und verfolgen Sie ihre Fortschritte jeden Monat. Sie k\u00f6nnen die Leistungen Ihrer Klasse leicht analysieren, indem Sie sich die Statistiken zu jedem Sch\u00fcler ansehen.\",\"inLanguage\":\"de-DE\",\"potentialAction\":[{\"@type\":\"ReadAction\",\"target\":[\"https:\/\/sales-ai-agents.com\/de\/templates\/grades-overview\/\"]}]},{\"@type\":\"ImageObject\",\"inLanguage\":\"de-DE\",\"@id\":\"https:\/\/sales-ai-agents.com\/de\/templates\/grades-overview\/#primaryimage\",\"url\":\"https:\/\/sales-ai-agents.com\/wp-content\/uploads\/2023\/01\/image-preview115359.png\",\"contentUrl\":\"https:\/\/sales-ai-agents.com\/wp-content\/uploads\/2023\/01\/image-preview115359.png\",\"width\":1078,\"height\":760,\"caption\":\"Grades Overview Template - Nimbus Platform\"},{\"@type\":\"WebSite\",\"@id\":\"https:\/\/sales-ai-agents.com\/#website\",\"url\":\"https:\/\/sales-ai-agents.com\/\",\"name\":\"FuseBase\",\"description\":\"Nimbus Platform - Free Online Collaboration Software for Remote Teams. Build your wikis, client portals and more with the Nimbus Platform collaboration tool ? A perfect space for online work\",\"publisher\":{\"@id\":\"https:\/\/sales-ai-agents.com\/#organization\"},\"potentialAction\":[{\"@type\":\"SearchAction\",\"target\":{\"@type\":\"EntryPoint\",\"urlTemplate\":\"https:\/\/sales-ai-agents.com\/?s={search_term_string}\"},\"query-input\":{\"@type\":\"PropertyValueSpecification\",\"valueRequired\":true,\"valueName\":\"search_term_string\"}}],\"inLanguage\":\"de-DE\"},{\"@type\":\"Organization\",\"@id\":\"https:\/\/sales-ai-agents.com\/#organization\",\"name\":\"FuseBase\",\"url\":\"https:\/\/sales-ai-agents.com\/\",\"logo\":{\"@type\":\"ImageObject\",\"inLanguage\":\"de-DE\",\"@id\":\"https:\/\/sales-ai-agents.com\/#\/schema\/logo\/image\/\",\"url\":\"https:\/\/sales-ai-agents.com\/wp-content\/uploads\/2023\/11\/icon-7.svg\",\"contentUrl\":\"https:\/\/sales-ai-agents.com\/wp-content\/uploads\/2023\/11\/icon-7.svg\",\"width\":128,\"height\":128,\"caption\":\"FuseBase\"},\"image\":{\"@id\":\"https:\/\/sales-ai-agents.com\/#\/schema\/logo\/image\/\"}}]}<\/script>\n<!-- \/ Yoast SEO plugin. -->","yoast_head_json":{"title":"Noten\u00fcbersichtsvorlage - Sales AI Agents","description":"Pr\u00fcfen Sie die Noten Ihrer Sch\u00fcler und verfolgen Sie ihre Fortschritte jeden Monat. Sie k\u00f6nnen die Leistungen Ihrer Klasse leicht analysieren, indem Sie sich die Statistiken zu jedem Sch\u00fcler ansehen.","robots":{"index":"index","follow":"follow","max-snippet":"max-snippet:-1","max-image-preview":"max-image-preview:large","max-video-preview":"max-video-preview:-1"},"canonical":"https:\/\/sales-ai-agents.com\/de\/templates\/grades-overview\/","og_locale":"de_DE","og_type":"article","og_title":"Noten\u00fcbersichtsvorlage - Sales AI Agents","og_description":"Pr\u00fcfen Sie die Noten Ihrer Sch\u00fcler und verfolgen Sie ihre Fortschritte jeden Monat. Sie k\u00f6nnen die Leistungen Ihrer Klasse leicht analysieren, indem Sie sich die Statistiken zu jedem Sch\u00fcler ansehen.","og_url":"https:\/\/sales-ai-agents.com\/de\/templates\/grades-overview\/","og_site_name":"Sales AI Agents","article_modified_time":"2023-12-26T14:42:43+00:00","og_image":[{"width":1078,"height":760,"url":"https:\/\/sales-ai-agents.com\/wp-content\/uploads\/2023\/01\/image-preview115359.png","type":"image\/png"}],"twitter_card":"summary_large_image","schema":{"@context":"https:\/\/schema.org","@graph":[{"@type":"WebPage","@id":"https:\/\/sales-ai-agents.com\/de\/templates\/grades-overview\/","url":"https:\/\/sales-ai-agents.com\/de\/templates\/grades-overview\/","name":"Noten\u00fcbersichtsvorlage - Sales AI Agents","isPartOf":{"@id":"https:\/\/sales-ai-agents.com\/#website"},"primaryImageOfPage":{"@id":"https:\/\/sales-ai-agents.com\/de\/templates\/grades-overview\/#primaryimage"},"image":{"@id":"https:\/\/sales-ai-agents.com\/de\/templates\/grades-overview\/#primaryimage"},"thumbnailUrl":"https:\/\/sales-ai-agents.com\/wp-content\/uploads\/2023\/01\/image-preview115359.png","datePublished":"2022-09-23T13:44:40+00:00","dateModified":"2023-12-26T14:42:43+00:00","description":"Pr\u00fcfen Sie die Noten Ihrer Sch\u00fcler und verfolgen Sie ihre Fortschritte jeden Monat. Sie k\u00f6nnen die Leistungen Ihrer Klasse leicht analysieren, indem Sie sich die Statistiken zu jedem Sch\u00fcler ansehen.","inLanguage":"de-DE","potentialAction":[{"@type":"ReadAction","target":["https:\/\/sales-ai-agents.com\/de\/templates\/grades-overview\/"]}]},{"@type":"ImageObject","inLanguage":"de-DE","@id":"https:\/\/sales-ai-agents.com\/de\/templates\/grades-overview\/#primaryimage","url":"https:\/\/sales-ai-agents.com\/wp-content\/uploads\/2023\/01\/image-preview115359.png","contentUrl":"https:\/\/sales-ai-agents.com\/wp-content\/uploads\/2023\/01\/image-preview115359.png","width":1078,"height":760,"caption":"Grades Overview Template - Nimbus Platform"},{"@type":"WebSite","@id":"https:\/\/sales-ai-agents.com\/#website","url":"https:\/\/sales-ai-agents.com\/","name":"FuseBase","description":"Nimbus Platform - Free Online Collaboration Software for Remote Teams. Build your wikis, client portals and more with the Nimbus Platform collaboration tool ? A perfect space for online work","publisher":{"@id":"https:\/\/sales-ai-agents.com\/#organization"},"potentialAction":[{"@type":"SearchAction","target":{"@type":"EntryPoint","urlTemplate":"https:\/\/sales-ai-agents.com\/?s={search_term_string}"},"query-input":{"@type":"PropertyValueSpecification","valueRequired":true,"valueName":"search_term_string"}}],"inLanguage":"de-DE"},{"@type":"Organization","@id":"https:\/\/sales-ai-agents.com\/#organization","name":"FuseBase","url":"https:\/\/sales-ai-agents.com\/","logo":{"@type":"ImageObject","inLanguage":"de-DE","@id":"https:\/\/sales-ai-agents.com\/#\/schema\/logo\/image\/","url":"https:\/\/sales-ai-agents.com\/wp-content\/uploads\/2023\/11\/icon-7.svg","contentUrl":"https:\/\/sales-ai-agents.com\/wp-content\/uploads\/2023\/11\/icon-7.svg","width":128,"height":128,"caption":"FuseBase"},"image":{"@id":"https:\/\/sales-ai-agents.com\/#\/schema\/logo\/image\/"}}]}},"_links":{"self":[{"href":"https:\/\/sales-ai-agents.com\/de\/wp-json\/wp\/v2\/product\/61011","targetHints":{"allow":["GET"]}}],"collection":[{"href":"https:\/\/sales-ai-agents.com\/de\/wp-json\/wp\/v2\/product"}],"about":[{"href":"https:\/\/sales-ai-agents.com\/de\/wp-json\/wp\/v2\/types\/product"}],"wp:featuredmedia":[{"embeddable":true,"href":"https:\/\/sales-ai-agents.com\/de\/wp-json\/wp\/v2\/media\/20303"}],"wp:attachment":[{"href":"https:\/\/sales-ai-agents.com\/de\/wp-json\/wp\/v2\/media?parent=61011"}],"wp:term":[{"taxonomy":"product_brand","embeddable":true,"href":"https:\/\/sales-ai-agents.com\/de\/wp-json\/wp\/v2\/product_brand?post=61011"},{"taxonomy":"product_cat","embeddable":true,"href":"https:\/\/sales-ai-agents.com\/de\/wp-json\/wp\/v2\/product_cat?post=61011"},{"taxonomy":"product_tag","embeddable":true,"href":"https:\/\/sales-ai-agents.com\/de\/wp-json\/wp\/v2\/product_tag?post=61011"}],"curies":[{"name":"wp","href":"https:\/\/api.w.org\/{rel}","templated":true}]}}