{"id":61016,"date":"2022-09-23T13:44:37","date_gmt":"2022-09-23T13:44:37","guid":{"rendered":"https:\/\/sales-ai-agents.com\/templates\/eisenhower-matrix\/"},"modified":"2023-12-26T16:01:51","modified_gmt":"2023-12-26T16:01:51","slug":"eisenhower-matrix","status":"publish","type":"product","link":"https:\/\/sales-ai-agents.com\/de\/templates\/eisenhower-matrix\/","title":{"rendered":"Eisenhower-Matrix"},"content":{"rendered":"<p>&nbsp;<\/p>\n<h2>Eisenhower Matrix Vorlage<\/h2>\n<p class=\"desc-text\">Manchmal kann man von den unz\u00e4hligen Aufgaben \u00fcberw\u00e4ltigt werden. Eine To-Do-Liste hilft, nichts Wichtiges zu vergessen, aber sie bietet keinen klaren, schrittweisen Fahrplan. Wenn Sie einen konsistenten Aktionsplan ausarbeiten wollen, verwenden Sie die Eisenhower-Matrix-Vorlage. Definieren Sie f\u00fcr jede Aufgabe die Wichtigkeit und Dringlichkeit. Ordnen Sie dann jede Aufgabe in den entsprechenden Quadranten ein. Sobald Sie einige Aufgaben erledigt haben, verschieben Sie sie in den Abschnitt &#8222;Erledigt&#8220;.<\/p>\n<p>Diese Vorlage wurde vom Nimbus-Benutzer <a href=\"https:\/\/www.facebook.com\/dawa.law\/\" target=\"_blank\" rel=\"noopener\">Dawa Law<\/a> erstellt. Jetzt kann jeder Nimbus-B\u00fcrger sie nutzen, um produktiver zu werden. Wir sind dankbar und stolz darauf, eine so gro\u00dfartige Gemeinschaft zu haben!<\/p>\n<h5>Wie zu verwenden:<\/h5>\n<ul class=\"desc-item_list\">\n<li class=\"desc-item_list__point\">Schreiben Sie alle Ihre Aufgaben auf.<\/li>\n<li class=\"desc-item_list__point\">Entscheiden Sie sich f\u00fcr eine Kategorie f\u00fcr jede Aufgabe, ziehen Sie sie in den entsprechenden Quadranten und legen Sie sie dort ab.<\/li>\n<li class=\"desc-item_list__point\">Tun, Entscheiden und Delegieren!<\/li>\n<li class=\"desc-item_list__point\">Verschieben Sie erledigte Aufgaben in den Abschnitt &#8222;Erledigt&#8220;. Denken Sie \u00fcber sie nach und verschieben Sie sie zu neuen Aufgaben!<\/li>\n<\/ul>\n","protected":false},"excerpt":{"rendered":"<p>Lernen Sie mit der vorgefertigten, anpassbaren Vorlage, wie Sie Ihre Aufgaben verwalten und nach Priorit\u00e4ten ordnen k\u00f6nnen. F\u00fcllen Sie die Eisenhower-Matrix aus und erstellen Sie einen einheitlichen Aktionsplan.<\/p>\n","protected":false},"featured_media":26637,"template":"","meta":{"_acf_changed":false,"inline_featured_image":false},"product_brand":[],"product_cat":[179,180,185],"product_tag":[],"class_list":{"0":"post-61016","1":"product","2":"type-product","3":"status-publish","4":"has-post-thumbnail","6":"product_cat-organizers-planners","7":"product_cat-personal","8":"product_cat-personal-work","10":"first","11":"instock","12":"virtual","13":"sold-individually","14":"product-type-simple"},"acf":[],"yoast_head":"<!-- This site is optimized with the Yoast SEO plugin v25.3.1 - https:\/\/yoast.com\/wordpress\/plugins\/seo\/ -->\n<title>Eisenhower Matrix Vorlage - Sales AI Agents<\/title>\n<meta name=\"description\" content=\"Lernen Sie mit der vorgefertigten, anpassbaren Vorlage, wie Sie Ihre Aufgaben verwalten und nach Priorit\u00e4ten ordnen k\u00f6nnen. F\u00fcllen Sie die Eisenhower-Matrix aus und erstellen Sie einen einheitlichen Aktionsplan\" \/>\n<meta name=\"robots\" content=\"index, follow, max-snippet:-1, max-image-preview:large, max-video-preview:-1\" \/>\n<link rel=\"canonical\" href=\"https:\/\/sales-ai-agents.com\/de\/templates\/eisenhower-matrix\/\" \/>\n<meta property=\"og:locale\" content=\"de_DE\" \/>\n<meta property=\"og:type\" content=\"article\" \/>\n<meta property=\"og:title\" content=\"Eisenhower Matrix Vorlage - Sales AI Agents\" \/>\n<meta property=\"og:description\" content=\"Lernen Sie mit der vorgefertigten, anpassbaren Vorlage, wie Sie Ihre Aufgaben verwalten und nach Priorit\u00e4ten ordnen k\u00f6nnen. F\u00fcllen Sie die Eisenhower-Matrix aus und erstellen Sie einen einheitlichen Aktionsplan\" \/>\n<meta property=\"og:url\" content=\"https:\/\/sales-ai-agents.com\/de\/templates\/eisenhower-matrix\/\" \/>\n<meta property=\"og:site_name\" content=\"Sales AI Agents\" \/>\n<meta property=\"article:modified_time\" content=\"2023-12-26T16:01:51+00:00\" \/>\n<meta property=\"og:image\" content=\"https:\/\/sales-ai-agents.com\/wp-content\/uploads\/2022\/09\/Eisenhower-Matrix-Template.png\" \/>\n\t<meta property=\"og:image:width\" content=\"1700\" \/>\n\t<meta property=\"og:image:height\" content=\"1100\" \/>\n\t<meta property=\"og:image:type\" content=\"image\/png\" \/>\n<meta name=\"twitter:card\" content=\"summary_large_image\" \/>\n<script type=\"application\/ld+json\" class=\"yoast-schema-graph\">{\"@context\":\"https:\/\/schema.org\",\"@graph\":[{\"@type\":\"WebPage\",\"@id\":\"https:\/\/sales-ai-agents.com\/de\/templates\/eisenhower-matrix\/\",\"url\":\"https:\/\/sales-ai-agents.com\/de\/templates\/eisenhower-matrix\/\",\"name\":\"Eisenhower Matrix Vorlage - Sales AI Agents\",\"isPartOf\":{\"@id\":\"https:\/\/sales-ai-agents.com\/#website\"},\"primaryImageOfPage\":{\"@id\":\"https:\/\/sales-ai-agents.com\/de\/templates\/eisenhower-matrix\/#primaryimage\"},\"image\":{\"@id\":\"https:\/\/sales-ai-agents.com\/de\/templates\/eisenhower-matrix\/#primaryimage\"},\"thumbnailUrl\":\"https:\/\/sales-ai-agents.com\/wp-content\/uploads\/2022\/09\/Eisenhower-Matrix-Template.png\",\"datePublished\":\"2022-09-23T13:44:37+00:00\",\"dateModified\":\"2023-12-26T16:01:51+00:00\",\"description\":\"Lernen Sie mit der vorgefertigten, anpassbaren Vorlage, wie Sie Ihre Aufgaben verwalten und nach Priorit\u00e4ten ordnen k\u00f6nnen. F\u00fcllen Sie die Eisenhower-Matrix aus und erstellen Sie einen einheitlichen Aktionsplan\",\"inLanguage\":\"de-DE\",\"potentialAction\":[{\"@type\":\"ReadAction\",\"target\":[\"https:\/\/sales-ai-agents.com\/de\/templates\/eisenhower-matrix\/\"]}]},{\"@type\":\"ImageObject\",\"inLanguage\":\"de-DE\",\"@id\":\"https:\/\/sales-ai-agents.com\/de\/templates\/eisenhower-matrix\/#primaryimage\",\"url\":\"https:\/\/sales-ai-agents.com\/wp-content\/uploads\/2022\/09\/Eisenhower-Matrix-Template.png\",\"contentUrl\":\"https:\/\/sales-ai-agents.com\/wp-content\/uploads\/2022\/09\/Eisenhower-Matrix-Template.png\",\"width\":1700,\"height\":1100,\"caption\":\"Learn how to manage and prioritize your tasks with the ready-made customizable template.\"},{\"@type\":\"WebSite\",\"@id\":\"https:\/\/sales-ai-agents.com\/#website\",\"url\":\"https:\/\/sales-ai-agents.com\/\",\"name\":\"FuseBase\",\"description\":\"Nimbus Platform - Free Online Collaboration Software for Remote Teams. Build your wikis, client portals and more with the Nimbus Platform collaboration tool ? A perfect space for online work\",\"publisher\":{\"@id\":\"https:\/\/sales-ai-agents.com\/#organization\"},\"potentialAction\":[{\"@type\":\"SearchAction\",\"target\":{\"@type\":\"EntryPoint\",\"urlTemplate\":\"https:\/\/sales-ai-agents.com\/?s={search_term_string}\"},\"query-input\":{\"@type\":\"PropertyValueSpecification\",\"valueRequired\":true,\"valueName\":\"search_term_string\"}}],\"inLanguage\":\"de-DE\"},{\"@type\":\"Organization\",\"@id\":\"https:\/\/sales-ai-agents.com\/#organization\",\"name\":\"FuseBase\",\"url\":\"https:\/\/sales-ai-agents.com\/\",\"logo\":{\"@type\":\"ImageObject\",\"inLanguage\":\"de-DE\",\"@id\":\"https:\/\/sales-ai-agents.com\/#\/schema\/logo\/image\/\",\"url\":\"https:\/\/sales-ai-agents.com\/wp-content\/uploads\/2023\/11\/icon-7.svg\",\"contentUrl\":\"https:\/\/sales-ai-agents.com\/wp-content\/uploads\/2023\/11\/icon-7.svg\",\"width\":128,\"height\":128,\"caption\":\"FuseBase\"},\"image\":{\"@id\":\"https:\/\/sales-ai-agents.com\/#\/schema\/logo\/image\/\"}}]}<\/script>\n<!-- \/ Yoast SEO plugin. -->","yoast_head_json":{"title":"Eisenhower Matrix Vorlage - Sales AI Agents","description":"Lernen Sie mit der vorgefertigten, anpassbaren Vorlage, wie Sie Ihre Aufgaben verwalten und nach Priorit\u00e4ten ordnen k\u00f6nnen. F\u00fcllen Sie die Eisenhower-Matrix aus und erstellen Sie einen einheitlichen Aktionsplan","robots":{"index":"index","follow":"follow","max-snippet":"max-snippet:-1","max-image-preview":"max-image-preview:large","max-video-preview":"max-video-preview:-1"},"canonical":"https:\/\/sales-ai-agents.com\/de\/templates\/eisenhower-matrix\/","og_locale":"de_DE","og_type":"article","og_title":"Eisenhower Matrix Vorlage - Sales AI Agents","og_description":"Lernen Sie mit der vorgefertigten, anpassbaren Vorlage, wie Sie Ihre Aufgaben verwalten und nach Priorit\u00e4ten ordnen k\u00f6nnen. F\u00fcllen Sie die Eisenhower-Matrix aus und erstellen Sie einen einheitlichen Aktionsplan","og_url":"https:\/\/sales-ai-agents.com\/de\/templates\/eisenhower-matrix\/","og_site_name":"Sales AI Agents","article_modified_time":"2023-12-26T16:01:51+00:00","og_image":[{"width":1700,"height":1100,"url":"https:\/\/sales-ai-agents.com\/wp-content\/uploads\/2022\/09\/Eisenhower-Matrix-Template.png","type":"image\/png"}],"twitter_card":"summary_large_image","schema":{"@context":"https:\/\/schema.org","@graph":[{"@type":"WebPage","@id":"https:\/\/sales-ai-agents.com\/de\/templates\/eisenhower-matrix\/","url":"https:\/\/sales-ai-agents.com\/de\/templates\/eisenhower-matrix\/","name":"Eisenhower Matrix Vorlage - Sales AI Agents","isPartOf":{"@id":"https:\/\/sales-ai-agents.com\/#website"},"primaryImageOfPage":{"@id":"https:\/\/sales-ai-agents.com\/de\/templates\/eisenhower-matrix\/#primaryimage"},"image":{"@id":"https:\/\/sales-ai-agents.com\/de\/templates\/eisenhower-matrix\/#primaryimage"},"thumbnailUrl":"https:\/\/sales-ai-agents.com\/wp-content\/uploads\/2022\/09\/Eisenhower-Matrix-Template.png","datePublished":"2022-09-23T13:44:37+00:00","dateModified":"2023-12-26T16:01:51+00:00","description":"Lernen Sie mit der vorgefertigten, anpassbaren Vorlage, wie Sie Ihre Aufgaben verwalten und nach Priorit\u00e4ten ordnen k\u00f6nnen. F\u00fcllen Sie die Eisenhower-Matrix aus und erstellen Sie einen einheitlichen Aktionsplan","inLanguage":"de-DE","potentialAction":[{"@type":"ReadAction","target":["https:\/\/sales-ai-agents.com\/de\/templates\/eisenhower-matrix\/"]}]},{"@type":"ImageObject","inLanguage":"de-DE","@id":"https:\/\/sales-ai-agents.com\/de\/templates\/eisenhower-matrix\/#primaryimage","url":"https:\/\/sales-ai-agents.com\/wp-content\/uploads\/2022\/09\/Eisenhower-Matrix-Template.png","contentUrl":"https:\/\/sales-ai-agents.com\/wp-content\/uploads\/2022\/09\/Eisenhower-Matrix-Template.png","width":1700,"height":1100,"caption":"Learn how to manage and prioritize your tasks with the ready-made customizable template."},{"@type":"WebSite","@id":"https:\/\/sales-ai-agents.com\/#website","url":"https:\/\/sales-ai-agents.com\/","name":"FuseBase","description":"Nimbus Platform - Free Online Collaboration Software for Remote Teams. Build your wikis, client portals and more with the Nimbus Platform collaboration tool ? A perfect space for online work","publisher":{"@id":"https:\/\/sales-ai-agents.com\/#organization"},"potentialAction":[{"@type":"SearchAction","target":{"@type":"EntryPoint","urlTemplate":"https:\/\/sales-ai-agents.com\/?s={search_term_string}"},"query-input":{"@type":"PropertyValueSpecification","valueRequired":true,"valueName":"search_term_string"}}],"inLanguage":"de-DE"},{"@type":"Organization","@id":"https:\/\/sales-ai-agents.com\/#organization","name":"FuseBase","url":"https:\/\/sales-ai-agents.com\/","logo":{"@type":"ImageObject","inLanguage":"de-DE","@id":"https:\/\/sales-ai-agents.com\/#\/schema\/logo\/image\/","url":"https:\/\/sales-ai-agents.com\/wp-content\/uploads\/2023\/11\/icon-7.svg","contentUrl":"https:\/\/sales-ai-agents.com\/wp-content\/uploads\/2023\/11\/icon-7.svg","width":128,"height":128,"caption":"FuseBase"},"image":{"@id":"https:\/\/sales-ai-agents.com\/#\/schema\/logo\/image\/"}}]}},"_links":{"self":[{"href":"https:\/\/sales-ai-agents.com\/de\/wp-json\/wp\/v2\/product\/61016","targetHints":{"allow":["GET"]}}],"collection":[{"href":"https:\/\/sales-ai-agents.com\/de\/wp-json\/wp\/v2\/product"}],"about":[{"href":"https:\/\/sales-ai-agents.com\/de\/wp-json\/wp\/v2\/types\/product"}],"wp:featuredmedia":[{"embeddable":true,"href":"https:\/\/sales-ai-agents.com\/de\/wp-json\/wp\/v2\/media\/26637"}],"wp:attachment":[{"href":"https:\/\/sales-ai-agents.com\/de\/wp-json\/wp\/v2\/media?parent=61016"}],"wp:term":[{"taxonomy":"product_brand","embeddable":true,"href":"https:\/\/sales-ai-agents.com\/de\/wp-json\/wp\/v2\/product_brand?post=61016"},{"taxonomy":"product_cat","embeddable":true,"href":"https:\/\/sales-ai-agents.com\/de\/wp-json\/wp\/v2\/product_cat?post=61016"},{"taxonomy":"product_tag","embeddable":true,"href":"https:\/\/sales-ai-agents.com\/de\/wp-json\/wp\/v2\/product_tag?post=61016"}],"curies":[{"name":"wp","href":"https:\/\/api.w.org\/{rel}","templated":true}]}}