{"id":61021,"date":"2022-09-23T13:44:34","date_gmt":"2022-09-23T13:44:34","guid":{"rendered":"https:\/\/sales-ai-agents.com\/templates\/yearly-performance-review\/"},"modified":"2023-12-27T19:48:17","modified_gmt":"2023-12-27T19:48:17","slug":"yearly-performance-review","status":"publish","type":"product","link":"https:\/\/sales-ai-agents.com\/de\/templates\/yearly-performance-review\/","title":{"rendered":"J\u00e4hrliche Leistungs\u00fcberpr\u00fcfung"},"content":{"rendered":"<p>&nbsp;<\/p>\n<h2>Vorlage f\u00fcr die j\u00e4hrliche Leistungsbeurteilung<\/h2>\n<p class=\"desc-text\">J\u00e4hrliche Leistungsbeurteilungen tragen zur beruflichen Entwicklung eines Mitarbeiters bei. Au\u00dferdem motivieren sie die Mitarbeiter und erinnern sie daran, wie sie ihren Beitrag zum Unternehmen leisten k\u00f6nnen. Mit dieser Vorlage f\u00fcr die Leistungsbewertung k\u00f6nnen die Beurteiler konstruktives Feedback geben. Es gibt auch einen Abschnitt, in dem Sie Ziele formulieren und \u00fcber das vergangene Jahr reflektieren k\u00f6nnen.<\/p>\n<h5>Wie zu verwenden:<\/h5>\n<ul class=\"desc-item_list\">\n<li class=\"desc-item_list__point\">Geben Sie Details zur Bewertung an<\/li>\n<li class=\"desc-item_list__point\">Um den Mitarbeiter zu bewerten, kreuzen Sie das entsprechende K\u00e4stchen an<\/li>\n<li class=\"desc-item_list__point\">Hinzuf\u00fcgen oder L\u00f6schen in der Tabelle nach Bedarf<\/li>\n<li class=\"desc-item_list__point\">Liste der erreichten Ziele des Mitarbeiters<\/li>\n<li class=\"desc-item_list__point\">Setzen Sie sich neue Ziele f\u00fcr das kommende Jahr<\/li>\n<\/ul>\n","protected":false},"excerpt":{"rendered":"<p>Blicken Sie zur\u00fcck auf das, was Ihr Team und Sie in diesem Jahr geleistet haben. F\u00fcllen Sie das R\u00fcckblicksformular aus, um Ihr Team f\u00fcr bessere Ergebnisse zu motivieren und die aktuellen Fortschritte aufzuzeigen.<\/p>\n","protected":false},"featured_media":20209,"template":"","meta":{"_acf_changed":false,"inline_featured_image":false},"product_brand":[],"product_cat":[178],"product_tag":[],"class_list":{"0":"post-61021","1":"product","2":"type-product","3":"status-publish","4":"has-post-thumbnail","6":"product_cat-operations-hr","8":"first","9":"instock","10":"virtual","11":"sold-individually","12":"product-type-simple"},"acf":[],"yoast_head":"<!-- This site is optimized with the Yoast SEO plugin v25.3.1 - https:\/\/yoast.com\/wordpress\/plugins\/seo\/ -->\n<title>Vorlage f\u00fcr die j\u00e4hrliche Leistungsbeurteilung - Sales AI Agents<\/title>\n<meta name=\"description\" content=\"Blicken Sie zur\u00fcck auf das, was Ihr Team und Sie in diesem Jahr geleistet haben. F\u00fcllen Sie das R\u00fcckblicksformular aus, um Ihr Team f\u00fcr bessere Ergebnisse zu motivieren und die aktuellen Fortschritte aufzuzeigen\" \/>\n<meta name=\"robots\" content=\"index, follow, max-snippet:-1, max-image-preview:large, max-video-preview:-1\" \/>\n<link rel=\"canonical\" href=\"https:\/\/sales-ai-agents.com\/de\/templates\/yearly-performance-review\/\" \/>\n<meta property=\"og:locale\" content=\"de_DE\" \/>\n<meta property=\"og:type\" content=\"article\" \/>\n<meta property=\"og:title\" content=\"Vorlage f\u00fcr die j\u00e4hrliche Leistungsbeurteilung - Sales AI Agents\" \/>\n<meta property=\"og:description\" content=\"Blicken Sie zur\u00fcck auf das, was Ihr Team und Sie in diesem Jahr geleistet haben. F\u00fcllen Sie das R\u00fcckblicksformular aus, um Ihr Team f\u00fcr bessere Ergebnisse zu motivieren und die aktuellen Fortschritte aufzuzeigen\" \/>\n<meta property=\"og:url\" content=\"https:\/\/sales-ai-agents.com\/de\/templates\/yearly-performance-review\/\" \/>\n<meta property=\"og:site_name\" content=\"Sales AI Agents\" \/>\n<meta property=\"article:modified_time\" content=\"2023-12-27T19:48:17+00:00\" \/>\n<meta property=\"og:image\" content=\"https:\/\/sales-ai-agents.com\/wp-content\/uploads\/2023\/01\/image-preview113634.png\" \/>\n\t<meta property=\"og:image:width\" content=\"1078\" \/>\n\t<meta property=\"og:image:height\" content=\"1567\" \/>\n\t<meta property=\"og:image:type\" content=\"image\/png\" \/>\n<meta name=\"twitter:card\" content=\"summary_large_image\" \/>\n<script type=\"application\/ld+json\" class=\"yoast-schema-graph\">{\"@context\":\"https:\/\/schema.org\",\"@graph\":[{\"@type\":\"WebPage\",\"@id\":\"https:\/\/sales-ai-agents.com\/de\/templates\/yearly-performance-review\/\",\"url\":\"https:\/\/sales-ai-agents.com\/de\/templates\/yearly-performance-review\/\",\"name\":\"Vorlage f\u00fcr die j\u00e4hrliche Leistungsbeurteilung - Sales AI Agents\",\"isPartOf\":{\"@id\":\"https:\/\/sales-ai-agents.com\/#website\"},\"primaryImageOfPage\":{\"@id\":\"https:\/\/sales-ai-agents.com\/de\/templates\/yearly-performance-review\/#primaryimage\"},\"image\":{\"@id\":\"https:\/\/sales-ai-agents.com\/de\/templates\/yearly-performance-review\/#primaryimage\"},\"thumbnailUrl\":\"https:\/\/sales-ai-agents.com\/wp-content\/uploads\/2023\/01\/image-preview113634.png\",\"datePublished\":\"2022-09-23T13:44:34+00:00\",\"dateModified\":\"2023-12-27T19:48:17+00:00\",\"description\":\"Blicken Sie zur\u00fcck auf das, was Ihr Team und Sie in diesem Jahr geleistet haben. F\u00fcllen Sie das R\u00fcckblicksformular aus, um Ihr Team f\u00fcr bessere Ergebnisse zu motivieren und die aktuellen Fortschritte aufzuzeigen\",\"inLanguage\":\"de-DE\",\"potentialAction\":[{\"@type\":\"ReadAction\",\"target\":[\"https:\/\/sales-ai-agents.com\/de\/templates\/yearly-performance-review\/\"]}]},{\"@type\":\"ImageObject\",\"inLanguage\":\"de-DE\",\"@id\":\"https:\/\/sales-ai-agents.com\/de\/templates\/yearly-performance-review\/#primaryimage\",\"url\":\"https:\/\/sales-ai-agents.com\/wp-content\/uploads\/2023\/01\/image-preview113634.png\",\"contentUrl\":\"https:\/\/sales-ai-agents.com\/wp-content\/uploads\/2023\/01\/image-preview113634.png\",\"width\":1078,\"height\":1567,\"caption\":\"Yearly Performance Review Template - Nimbus Platform\"},{\"@type\":\"WebSite\",\"@id\":\"https:\/\/sales-ai-agents.com\/#website\",\"url\":\"https:\/\/sales-ai-agents.com\/\",\"name\":\"FuseBase\",\"description\":\"Nimbus Platform - Free Online Collaboration Software for Remote Teams. Build your wikis, client portals and more with the Nimbus Platform collaboration tool ? A perfect space for online work\",\"publisher\":{\"@id\":\"https:\/\/sales-ai-agents.com\/#organization\"},\"potentialAction\":[{\"@type\":\"SearchAction\",\"target\":{\"@type\":\"EntryPoint\",\"urlTemplate\":\"https:\/\/sales-ai-agents.com\/?s={search_term_string}\"},\"query-input\":{\"@type\":\"PropertyValueSpecification\",\"valueRequired\":true,\"valueName\":\"search_term_string\"}}],\"inLanguage\":\"de-DE\"},{\"@type\":\"Organization\",\"@id\":\"https:\/\/sales-ai-agents.com\/#organization\",\"name\":\"FuseBase\",\"url\":\"https:\/\/sales-ai-agents.com\/\",\"logo\":{\"@type\":\"ImageObject\",\"inLanguage\":\"de-DE\",\"@id\":\"https:\/\/sales-ai-agents.com\/#\/schema\/logo\/image\/\",\"url\":\"https:\/\/sales-ai-agents.com\/wp-content\/uploads\/2023\/11\/icon-7.svg\",\"contentUrl\":\"https:\/\/sales-ai-agents.com\/wp-content\/uploads\/2023\/11\/icon-7.svg\",\"width\":128,\"height\":128,\"caption\":\"FuseBase\"},\"image\":{\"@id\":\"https:\/\/sales-ai-agents.com\/#\/schema\/logo\/image\/\"}}]}<\/script>\n<!-- \/ Yoast SEO plugin. -->","yoast_head_json":{"title":"Vorlage f\u00fcr die j\u00e4hrliche Leistungsbeurteilung - Sales AI Agents","description":"Blicken Sie zur\u00fcck auf das, was Ihr Team und Sie in diesem Jahr geleistet haben. F\u00fcllen Sie das R\u00fcckblicksformular aus, um Ihr Team f\u00fcr bessere Ergebnisse zu motivieren und die aktuellen Fortschritte aufzuzeigen","robots":{"index":"index","follow":"follow","max-snippet":"max-snippet:-1","max-image-preview":"max-image-preview:large","max-video-preview":"max-video-preview:-1"},"canonical":"https:\/\/sales-ai-agents.com\/de\/templates\/yearly-performance-review\/","og_locale":"de_DE","og_type":"article","og_title":"Vorlage f\u00fcr die j\u00e4hrliche Leistungsbeurteilung - Sales AI Agents","og_description":"Blicken Sie zur\u00fcck auf das, was Ihr Team und Sie in diesem Jahr geleistet haben. F\u00fcllen Sie das R\u00fcckblicksformular aus, um Ihr Team f\u00fcr bessere Ergebnisse zu motivieren und die aktuellen Fortschritte aufzuzeigen","og_url":"https:\/\/sales-ai-agents.com\/de\/templates\/yearly-performance-review\/","og_site_name":"Sales AI Agents","article_modified_time":"2023-12-27T19:48:17+00:00","og_image":[{"width":1078,"height":1567,"url":"https:\/\/sales-ai-agents.com\/wp-content\/uploads\/2023\/01\/image-preview113634.png","type":"image\/png"}],"twitter_card":"summary_large_image","schema":{"@context":"https:\/\/schema.org","@graph":[{"@type":"WebPage","@id":"https:\/\/sales-ai-agents.com\/de\/templates\/yearly-performance-review\/","url":"https:\/\/sales-ai-agents.com\/de\/templates\/yearly-performance-review\/","name":"Vorlage f\u00fcr die j\u00e4hrliche Leistungsbeurteilung - Sales AI Agents","isPartOf":{"@id":"https:\/\/sales-ai-agents.com\/#website"},"primaryImageOfPage":{"@id":"https:\/\/sales-ai-agents.com\/de\/templates\/yearly-performance-review\/#primaryimage"},"image":{"@id":"https:\/\/sales-ai-agents.com\/de\/templates\/yearly-performance-review\/#primaryimage"},"thumbnailUrl":"https:\/\/sales-ai-agents.com\/wp-content\/uploads\/2023\/01\/image-preview113634.png","datePublished":"2022-09-23T13:44:34+00:00","dateModified":"2023-12-27T19:48:17+00:00","description":"Blicken Sie zur\u00fcck auf das, was Ihr Team und Sie in diesem Jahr geleistet haben. F\u00fcllen Sie das R\u00fcckblicksformular aus, um Ihr Team f\u00fcr bessere Ergebnisse zu motivieren und die aktuellen Fortschritte aufzuzeigen","inLanguage":"de-DE","potentialAction":[{"@type":"ReadAction","target":["https:\/\/sales-ai-agents.com\/de\/templates\/yearly-performance-review\/"]}]},{"@type":"ImageObject","inLanguage":"de-DE","@id":"https:\/\/sales-ai-agents.com\/de\/templates\/yearly-performance-review\/#primaryimage","url":"https:\/\/sales-ai-agents.com\/wp-content\/uploads\/2023\/01\/image-preview113634.png","contentUrl":"https:\/\/sales-ai-agents.com\/wp-content\/uploads\/2023\/01\/image-preview113634.png","width":1078,"height":1567,"caption":"Yearly Performance Review Template - Nimbus Platform"},{"@type":"WebSite","@id":"https:\/\/sales-ai-agents.com\/#website","url":"https:\/\/sales-ai-agents.com\/","name":"FuseBase","description":"Nimbus Platform - Free Online Collaboration Software for Remote Teams. Build your wikis, client portals and more with the Nimbus Platform collaboration tool ? A perfect space for online work","publisher":{"@id":"https:\/\/sales-ai-agents.com\/#organization"},"potentialAction":[{"@type":"SearchAction","target":{"@type":"EntryPoint","urlTemplate":"https:\/\/sales-ai-agents.com\/?s={search_term_string}"},"query-input":{"@type":"PropertyValueSpecification","valueRequired":true,"valueName":"search_term_string"}}],"inLanguage":"de-DE"},{"@type":"Organization","@id":"https:\/\/sales-ai-agents.com\/#organization","name":"FuseBase","url":"https:\/\/sales-ai-agents.com\/","logo":{"@type":"ImageObject","inLanguage":"de-DE","@id":"https:\/\/sales-ai-agents.com\/#\/schema\/logo\/image\/","url":"https:\/\/sales-ai-agents.com\/wp-content\/uploads\/2023\/11\/icon-7.svg","contentUrl":"https:\/\/sales-ai-agents.com\/wp-content\/uploads\/2023\/11\/icon-7.svg","width":128,"height":128,"caption":"FuseBase"},"image":{"@id":"https:\/\/sales-ai-agents.com\/#\/schema\/logo\/image\/"}}]}},"_links":{"self":[{"href":"https:\/\/sales-ai-agents.com\/de\/wp-json\/wp\/v2\/product\/61021","targetHints":{"allow":["GET"]}}],"collection":[{"href":"https:\/\/sales-ai-agents.com\/de\/wp-json\/wp\/v2\/product"}],"about":[{"href":"https:\/\/sales-ai-agents.com\/de\/wp-json\/wp\/v2\/types\/product"}],"wp:featuredmedia":[{"embeddable":true,"href":"https:\/\/sales-ai-agents.com\/de\/wp-json\/wp\/v2\/media\/20209"}],"wp:attachment":[{"href":"https:\/\/sales-ai-agents.com\/de\/wp-json\/wp\/v2\/media?parent=61021"}],"wp:term":[{"taxonomy":"product_brand","embeddable":true,"href":"https:\/\/sales-ai-agents.com\/de\/wp-json\/wp\/v2\/product_brand?post=61021"},{"taxonomy":"product_cat","embeddable":true,"href":"https:\/\/sales-ai-agents.com\/de\/wp-json\/wp\/v2\/product_cat?post=61021"},{"taxonomy":"product_tag","embeddable":true,"href":"https:\/\/sales-ai-agents.com\/de\/wp-json\/wp\/v2\/product_tag?post=61021"}],"curies":[{"name":"wp","href":"https:\/\/api.w.org\/{rel}","templated":true}]}}