{"id":61030,"date":"2022-09-23T13:44:27","date_gmt":"2022-09-23T13:44:27","guid":{"rendered":"https:\/\/sales-ai-agents.com\/templates\/tracking-goals\/"},"modified":"2023-12-27T15:12:06","modified_gmt":"2023-12-27T15:12:06","slug":"tracking-goals","status":"publish","type":"product","link":"https:\/\/sales-ai-agents.com\/de\/templates\/tracking-goals\/","title":{"rendered":"Verfolgung von Zielen"},"content":{"rendered":"<p>&nbsp;<\/p>\n<h2>Zielverfolgung Vorlage<\/h2>\n<p class=\"desc-text\">Wenn Sie sich Ziele setzen, kann es hilfreich sein, Anzeichen f\u00fcr Fortschritte festzuhalten. Mithilfe dieser \u00fcbersichtlichen Vorlage k\u00f6nnen Sie sich auf die Ziele konzentrieren, die Sie im Laufe des Jahres erreichen wollen. Verfolgen Sie die Ziele jeden Monat und notieren Sie, auf welche Weise Sie auf Ihre Ziele hingearbeitet haben. Am Ende des Jahres k\u00f6nnen Sie dann sehen, welche Fortschritte Sie gemacht haben!<\/p>\n<h5>Wie zu verwenden:<\/h5>\n<ul class=\"desc-item_list\">\n<li class=\"desc-item_list__point\">Schreiben Sie konkrete Punkte auf, die Sie zu erreichen hoffen<\/li>\n<li class=\"desc-item_list__point\">Arbeiten Sie auf Ihre Ziele hin<\/li>\n<li class=\"desc-item_list__point\">Verfolgen Sie jeden Monat, wie Sie zu Ihrem Ziel beigetragen haben<\/li>\n<li class=\"desc-item_list__point\">Reflektieren Sie am Ende des Jahres \u00fcber Ihre Fortschritte<\/li>\n<\/ul>\n","protected":false},"excerpt":{"rendered":"<p>Diese Vorlage kann Ihnen helfen, Ihre Ziele Monat f\u00fcr Monat zu verfolgen. Schreiben Sie die Bereiche auf, in denen Sie wachsen wollen, und notieren Sie verschiedene Wege, um sie zu erreichen.<\/p>\n","protected":false},"featured_media":20287,"template":"","meta":{"_acf_changed":false,"inline_featured_image":false},"product_brand":[],"product_cat":[179,180],"product_tag":[],"class_list":{"0":"post-61030","1":"product","2":"type-product","3":"status-publish","4":"has-post-thumbnail","6":"product_cat-organizers-planners","7":"product_cat-personal","9":"first","10":"instock","11":"virtual","12":"sold-individually","13":"product-type-simple"},"acf":[],"yoast_head":"<!-- This site is optimized with the Yoast SEO plugin v25.3.1 - https:\/\/yoast.com\/wordpress\/plugins\/seo\/ -->\n<title>Zielverfolgungsvorlage - Sales AI Agents<\/title>\n<meta name=\"description\" content=\"Diese Vorlage kann Ihnen helfen, Ihre Ziele Monat f\u00fcr Monat zu verfolgen. Schreiben Sie die Bereiche auf, in denen Sie wachsen wollen, und notieren Sie verschiedene Wege, um sie zu erreichen.\" \/>\n<meta name=\"robots\" content=\"index, follow, max-snippet:-1, max-image-preview:large, max-video-preview:-1\" \/>\n<link rel=\"canonical\" href=\"https:\/\/sales-ai-agents.com\/de\/templates\/tracking-goals\/\" \/>\n<meta property=\"og:locale\" content=\"de_DE\" \/>\n<meta property=\"og:type\" content=\"article\" \/>\n<meta property=\"og:title\" content=\"Zielverfolgungsvorlage - Sales AI Agents\" \/>\n<meta property=\"og:description\" content=\"Diese Vorlage kann Ihnen helfen, Ihre Ziele Monat f\u00fcr Monat zu verfolgen. Schreiben Sie die Bereiche auf, in denen Sie wachsen wollen, und notieren Sie verschiedene Wege, um sie zu erreichen.\" \/>\n<meta property=\"og:url\" content=\"https:\/\/sales-ai-agents.com\/de\/templates\/tracking-goals\/\" \/>\n<meta property=\"og:site_name\" content=\"Sales AI Agents\" \/>\n<meta property=\"article:modified_time\" content=\"2023-12-27T15:12:06+00:00\" \/>\n<meta property=\"og:image\" content=\"https:\/\/sales-ai-agents.com\/wp-content\/uploads\/2023\/01\/image-preview115145.png\" \/>\n\t<meta property=\"og:image:width\" content=\"1078\" \/>\n\t<meta property=\"og:image:height\" content=\"959\" \/>\n\t<meta property=\"og:image:type\" content=\"image\/png\" \/>\n<meta name=\"twitter:card\" content=\"summary_large_image\" \/>\n<script type=\"application\/ld+json\" class=\"yoast-schema-graph\">{\"@context\":\"https:\/\/schema.org\",\"@graph\":[{\"@type\":\"WebPage\",\"@id\":\"https:\/\/sales-ai-agents.com\/de\/templates\/tracking-goals\/\",\"url\":\"https:\/\/sales-ai-agents.com\/de\/templates\/tracking-goals\/\",\"name\":\"Zielverfolgungsvorlage - Sales AI Agents\",\"isPartOf\":{\"@id\":\"https:\/\/sales-ai-agents.com\/#website\"},\"primaryImageOfPage\":{\"@id\":\"https:\/\/sales-ai-agents.com\/de\/templates\/tracking-goals\/#primaryimage\"},\"image\":{\"@id\":\"https:\/\/sales-ai-agents.com\/de\/templates\/tracking-goals\/#primaryimage\"},\"thumbnailUrl\":\"https:\/\/sales-ai-agents.com\/wp-content\/uploads\/2023\/01\/image-preview115145.png\",\"datePublished\":\"2022-09-23T13:44:27+00:00\",\"dateModified\":\"2023-12-27T15:12:06+00:00\",\"description\":\"Diese Vorlage kann Ihnen helfen, Ihre Ziele Monat f\u00fcr Monat zu verfolgen. Schreiben Sie die Bereiche auf, in denen Sie wachsen wollen, und notieren Sie verschiedene Wege, um sie zu erreichen.\",\"inLanguage\":\"de-DE\",\"potentialAction\":[{\"@type\":\"ReadAction\",\"target\":[\"https:\/\/sales-ai-agents.com\/de\/templates\/tracking-goals\/\"]}]},{\"@type\":\"ImageObject\",\"inLanguage\":\"de-DE\",\"@id\":\"https:\/\/sales-ai-agents.com\/de\/templates\/tracking-goals\/#primaryimage\",\"url\":\"https:\/\/sales-ai-agents.com\/wp-content\/uploads\/2023\/01\/image-preview115145.png\",\"contentUrl\":\"https:\/\/sales-ai-agents.com\/wp-content\/uploads\/2023\/01\/image-preview115145.png\",\"width\":1078,\"height\":959,\"caption\":\"Tracking Goals Template - Nimbus Platfomr\"},{\"@type\":\"WebSite\",\"@id\":\"https:\/\/sales-ai-agents.com\/#website\",\"url\":\"https:\/\/sales-ai-agents.com\/\",\"name\":\"FuseBase\",\"description\":\"Nimbus Platform - Free Online Collaboration Software for Remote Teams. Build your wikis, client portals and more with the Nimbus Platform collaboration tool ? A perfect space for online work\",\"publisher\":{\"@id\":\"https:\/\/sales-ai-agents.com\/#organization\"},\"potentialAction\":[{\"@type\":\"SearchAction\",\"target\":{\"@type\":\"EntryPoint\",\"urlTemplate\":\"https:\/\/sales-ai-agents.com\/?s={search_term_string}\"},\"query-input\":{\"@type\":\"PropertyValueSpecification\",\"valueRequired\":true,\"valueName\":\"search_term_string\"}}],\"inLanguage\":\"de-DE\"},{\"@type\":\"Organization\",\"@id\":\"https:\/\/sales-ai-agents.com\/#organization\",\"name\":\"FuseBase\",\"url\":\"https:\/\/sales-ai-agents.com\/\",\"logo\":{\"@type\":\"ImageObject\",\"inLanguage\":\"de-DE\",\"@id\":\"https:\/\/sales-ai-agents.com\/#\/schema\/logo\/image\/\",\"url\":\"https:\/\/sales-ai-agents.com\/wp-content\/uploads\/2023\/11\/icon-7.svg\",\"contentUrl\":\"https:\/\/sales-ai-agents.com\/wp-content\/uploads\/2023\/11\/icon-7.svg\",\"width\":128,\"height\":128,\"caption\":\"FuseBase\"},\"image\":{\"@id\":\"https:\/\/sales-ai-agents.com\/#\/schema\/logo\/image\/\"}}]}<\/script>\n<!-- \/ Yoast SEO plugin. -->","yoast_head_json":{"title":"Zielverfolgungsvorlage - Sales AI Agents","description":"Diese Vorlage kann Ihnen helfen, Ihre Ziele Monat f\u00fcr Monat zu verfolgen. Schreiben Sie die Bereiche auf, in denen Sie wachsen wollen, und notieren Sie verschiedene Wege, um sie zu erreichen.","robots":{"index":"index","follow":"follow","max-snippet":"max-snippet:-1","max-image-preview":"max-image-preview:large","max-video-preview":"max-video-preview:-1"},"canonical":"https:\/\/sales-ai-agents.com\/de\/templates\/tracking-goals\/","og_locale":"de_DE","og_type":"article","og_title":"Zielverfolgungsvorlage - Sales AI Agents","og_description":"Diese Vorlage kann Ihnen helfen, Ihre Ziele Monat f\u00fcr Monat zu verfolgen. Schreiben Sie die Bereiche auf, in denen Sie wachsen wollen, und notieren Sie verschiedene Wege, um sie zu erreichen.","og_url":"https:\/\/sales-ai-agents.com\/de\/templates\/tracking-goals\/","og_site_name":"Sales AI Agents","article_modified_time":"2023-12-27T15:12:06+00:00","og_image":[{"width":1078,"height":959,"url":"https:\/\/sales-ai-agents.com\/wp-content\/uploads\/2023\/01\/image-preview115145.png","type":"image\/png"}],"twitter_card":"summary_large_image","schema":{"@context":"https:\/\/schema.org","@graph":[{"@type":"WebPage","@id":"https:\/\/sales-ai-agents.com\/de\/templates\/tracking-goals\/","url":"https:\/\/sales-ai-agents.com\/de\/templates\/tracking-goals\/","name":"Zielverfolgungsvorlage - Sales AI Agents","isPartOf":{"@id":"https:\/\/sales-ai-agents.com\/#website"},"primaryImageOfPage":{"@id":"https:\/\/sales-ai-agents.com\/de\/templates\/tracking-goals\/#primaryimage"},"image":{"@id":"https:\/\/sales-ai-agents.com\/de\/templates\/tracking-goals\/#primaryimage"},"thumbnailUrl":"https:\/\/sales-ai-agents.com\/wp-content\/uploads\/2023\/01\/image-preview115145.png","datePublished":"2022-09-23T13:44:27+00:00","dateModified":"2023-12-27T15:12:06+00:00","description":"Diese Vorlage kann Ihnen helfen, Ihre Ziele Monat f\u00fcr Monat zu verfolgen. Schreiben Sie die Bereiche auf, in denen Sie wachsen wollen, und notieren Sie verschiedene Wege, um sie zu erreichen.","inLanguage":"de-DE","potentialAction":[{"@type":"ReadAction","target":["https:\/\/sales-ai-agents.com\/de\/templates\/tracking-goals\/"]}]},{"@type":"ImageObject","inLanguage":"de-DE","@id":"https:\/\/sales-ai-agents.com\/de\/templates\/tracking-goals\/#primaryimage","url":"https:\/\/sales-ai-agents.com\/wp-content\/uploads\/2023\/01\/image-preview115145.png","contentUrl":"https:\/\/sales-ai-agents.com\/wp-content\/uploads\/2023\/01\/image-preview115145.png","width":1078,"height":959,"caption":"Tracking Goals Template - Nimbus Platfomr"},{"@type":"WebSite","@id":"https:\/\/sales-ai-agents.com\/#website","url":"https:\/\/sales-ai-agents.com\/","name":"FuseBase","description":"Nimbus Platform - Free Online Collaboration Software for Remote Teams. Build your wikis, client portals and more with the Nimbus Platform collaboration tool ? A perfect space for online work","publisher":{"@id":"https:\/\/sales-ai-agents.com\/#organization"},"potentialAction":[{"@type":"SearchAction","target":{"@type":"EntryPoint","urlTemplate":"https:\/\/sales-ai-agents.com\/?s={search_term_string}"},"query-input":{"@type":"PropertyValueSpecification","valueRequired":true,"valueName":"search_term_string"}}],"inLanguage":"de-DE"},{"@type":"Organization","@id":"https:\/\/sales-ai-agents.com\/#organization","name":"FuseBase","url":"https:\/\/sales-ai-agents.com\/","logo":{"@type":"ImageObject","inLanguage":"de-DE","@id":"https:\/\/sales-ai-agents.com\/#\/schema\/logo\/image\/","url":"https:\/\/sales-ai-agents.com\/wp-content\/uploads\/2023\/11\/icon-7.svg","contentUrl":"https:\/\/sales-ai-agents.com\/wp-content\/uploads\/2023\/11\/icon-7.svg","width":128,"height":128,"caption":"FuseBase"},"image":{"@id":"https:\/\/sales-ai-agents.com\/#\/schema\/logo\/image\/"}}]}},"_links":{"self":[{"href":"https:\/\/sales-ai-agents.com\/de\/wp-json\/wp\/v2\/product\/61030","targetHints":{"allow":["GET"]}}],"collection":[{"href":"https:\/\/sales-ai-agents.com\/de\/wp-json\/wp\/v2\/product"}],"about":[{"href":"https:\/\/sales-ai-agents.com\/de\/wp-json\/wp\/v2\/types\/product"}],"wp:featuredmedia":[{"embeddable":true,"href":"https:\/\/sales-ai-agents.com\/de\/wp-json\/wp\/v2\/media\/20287"}],"wp:attachment":[{"href":"https:\/\/sales-ai-agents.com\/de\/wp-json\/wp\/v2\/media?parent=61030"}],"wp:term":[{"taxonomy":"product_brand","embeddable":true,"href":"https:\/\/sales-ai-agents.com\/de\/wp-json\/wp\/v2\/product_brand?post=61030"},{"taxonomy":"product_cat","embeddable":true,"href":"https:\/\/sales-ai-agents.com\/de\/wp-json\/wp\/v2\/product_cat?post=61030"},{"taxonomy":"product_tag","embeddable":true,"href":"https:\/\/sales-ai-agents.com\/de\/wp-json\/wp\/v2\/product_tag?post=61030"}],"curies":[{"name":"wp","href":"https:\/\/api.w.org\/{rel}","templated":true}]}}