{"id":54458,"date":"2023-06-08T10:56:45","date_gmt":"2023-06-08T10:56:45","guid":{"rendered":"https:\/\/sales-ai-agents.com\/templates\/company-jobs-desription\/"},"modified":"2023-09-20T19:16:22","modified_gmt":"2023-09-20T19:16:22","slug":"company-jobs-desription","status":"publish","type":"product","link":"https:\/\/sales-ai-agents.com\/tr\/templates\/company-jobs-desription\/","title":{"rendered":"\u015eirket \u0130\u015fleri Tan\u0131mlama"},"content":{"rendered":"<h2 id=\"b3424472210_3322\" class=\"editable-text paragraph indent-0 allow-dragging focused-block selected-block selected-block-wrapper\">\u015eirket \u0130\u015fleri Tan\u0131mlama \u015eablonu<\/h2>\n<p>\u015eablonumuz, \u015firketlerin i\u015f tan\u0131mlar\u0131n\u0131 haz\u0131rlarken zamandan ve emekten tasarruf etmelerine yard\u0131mc\u0131 olmak i\u00e7in \u00f6zel olarak tasarlanm\u0131\u015ft\u0131r. \u015eirketteki herkesin sorumluluk alanlar\u0131n\u0131 bilmesi i\u00e7in bu belgeyi i\u015fe al\u0131m s\u00fcrecine ekleyin. Kullan\u0131c\u0131 dostu format\u0131 sayesinde, k\u0131sa s\u00fcrede ayr\u0131nt\u0131l\u0131 ve \u00e7ekici i\u015f ilanlar\u0131 olu\u015fturabileceksiniz. \u015eirketiniz i\u00e7in en iyi yetenekleri \u00e7ekecek i\u015f tan\u0131mlar\u0131 olu\u015fturun. Bug\u00fcn deneyin ve faydalar\u0131n\u0131 kendiniz deneyimleyin!<\/p>\n<p>&nbsp;<\/p>\n<h5 id=\"b3424472210_164\" class=\"editable-text paragraph indent-0 selected-block selected-block-wrapper\">Nas\u0131l Kullan\u0131l\u0131r?<\/h5>\n<ul id=\"b3424472210_5626\" class=\"editor-list number-template-decimal-all\">\n<li id=\"b830703306_944\" class=\"list-item-bullet editable-text list-item indent-0 selected-block selected-block-wrapper\">Yeni bir pozisyon ekleyin veya alakas\u0131z olanlar\u0131 silin;<\/li>\n<li id=\"b830703306_1000\" class=\"list-item-bullet editable-text list-item indent-0 selected-block selected-block-wrapper\">A\u00e7\u0131klamay\u0131 okumak ve \u00f6zelle\u015ftirmek i\u00e7in <a href=\"https:\/\/sales-ai-agents.com\/guides\/basics\/toggles\/\">ge\u00e7i\u015f blo\u011funu<\/a> a\u00e7\u0131n;<\/li>\n<li id=\"b830703306_1071\" class=\"list-item-bullet editable-text list-item indent-0 selected-block selected-block-wrapper\">\u00c7al\u0131\u015fan\u0131n nelerden sorumlu oldu\u011funu listelemek i\u00e7in <a href=\"https:\/\/sales-ai-agents.com\/guides\/basics\/writing-and-editing\/#b1064636868_4292\">madde i\u015faretli bir liste<\/a> kullan\u0131n.<\/li>\n<\/ul>\n","protected":false},"excerpt":{"rendered":"<p>Bu belgeyi i\u015fe al\u0131m s\u00fcrecinizin bir par\u00e7as\u0131 olarak kullan\u0131n, b\u00f6ylece herkes i\u015f arkada\u015flar\u0131n\u0131n sorumluluk alanlar\u0131n\u0131 bilir. \u0130stihdam\u0131n karma\u015f\u0131kl\u0131\u011f\u0131n\u0131 basitle\u015ftirebilir, olumlu bir \u00e7al\u0131\u015fan deneyimini te\u015fvik edebilir ve yeni i\u015fe al\u0131mlar\u0131n\u0131z\u0131 ba\u015far\u0131ya haz\u0131rlayabilirsiniz. Bug\u00fcn ba\u015flay\u0131n ve kurulu\u015funuzun yeteneklerinin t\u00fcm potansiyelini ortaya \u00e7\u0131kar\u0131n!<\/p>\n","protected":false},"featured_media":54461,"template":"","meta":{"_acf_changed":false,"inline_featured_image":false},"product_brand":[],"product_cat":[217,218],"product_tag":[],"class_list":{"0":"post-54458","1":"product","2":"type-product","3":"status-publish","4":"has-post-thumbnail","6":"product_cat-entrepreneur","7":"product_cat-operations","8":"collections-onboarding","10":"first","11":"instock","12":"shipping-taxable","13":"product-type-simple"},"acf":[],"yoast_head":"<!-- This site is optimized with the Yoast SEO plugin v25.3.1 - https:\/\/yoast.com\/wordpress\/plugins\/seo\/ -->\n<title>\u015eirket \u0130\u015fleri Tan\u0131mlama \u015eablon - Sales AI Agents<\/title>\n<meta name=\"description\" content=\"\u015eirketinizin iyi koordine edilmi\u015f bir \u015fekilde \u00e7al\u0131\u015fmas\u0131n\u0131 sa\u011flamak i\u00e7in \u00e7al\u0131\u015fanlar\u0131n sorumluluk alanlar\u0131n\u0131 tan\u0131mlay\u0131n. Bu belgeyi i\u015fe al\u0131m s\u00fcrecinin bir par\u00e7as\u0131 olarak kullan\u0131n!\" \/>\n<meta name=\"robots\" content=\"index, follow, max-snippet:-1, max-image-preview:large, max-video-preview:-1\" \/>\n<link rel=\"canonical\" href=\"https:\/\/sales-ai-agents.com\/tr\/templates\/company-jobs-desription\/\" \/>\n<meta property=\"og:locale\" content=\"tr_TR\" \/>\n<meta property=\"og:type\" content=\"article\" \/>\n<meta property=\"og:title\" content=\"\u015eirket \u0130\u015fleri Tan\u0131mlama \u015eablon - Sales AI Agents\" \/>\n<meta property=\"og:description\" content=\"\u015eirketinizin iyi koordine edilmi\u015f bir \u015fekilde \u00e7al\u0131\u015fmas\u0131n\u0131 sa\u011flamak i\u00e7in \u00e7al\u0131\u015fanlar\u0131n sorumluluk alanlar\u0131n\u0131 tan\u0131mlay\u0131n. Bu belgeyi i\u015fe al\u0131m s\u00fcrecinin bir par\u00e7as\u0131 olarak kullan\u0131n!\" \/>\n<meta property=\"og:url\" content=\"https:\/\/sales-ai-agents.com\/tr\/templates\/company-jobs-desription\/\" \/>\n<meta property=\"og:site_name\" content=\"Sales AI Agents\" \/>\n<meta property=\"article:modified_time\" content=\"2023-09-20T19:16:22+00:00\" \/>\n<meta property=\"og:image\" content=\"https:\/\/sales-ai-agents.com\/wp-content\/uploads\/2023\/05\/Company-Jobs-Desription-Template.png\" \/>\n\t<meta property=\"og:image:width\" content=\"1700\" \/>\n\t<meta property=\"og:image:height\" content=\"1100\" \/>\n\t<meta property=\"og:image:type\" content=\"image\/png\" \/>\n<meta name=\"twitter:card\" content=\"summary_large_image\" \/>\n<script type=\"application\/ld+json\" class=\"yoast-schema-graph\">{\"@context\":\"https:\/\/schema.org\",\"@graph\":[{\"@type\":\"WebPage\",\"@id\":\"https:\/\/sales-ai-agents.com\/tr\/templates\/company-jobs-desription\/\",\"url\":\"https:\/\/sales-ai-agents.com\/tr\/templates\/company-jobs-desription\/\",\"name\":\"\u015eirket \u0130\u015fleri Tan\u0131mlama \u015eablon - Sales AI Agents\",\"isPartOf\":{\"@id\":\"https:\/\/sales-ai-agents.com\/#website\"},\"primaryImageOfPage\":{\"@id\":\"https:\/\/sales-ai-agents.com\/tr\/templates\/company-jobs-desription\/#primaryimage\"},\"image\":{\"@id\":\"https:\/\/sales-ai-agents.com\/tr\/templates\/company-jobs-desription\/#primaryimage\"},\"thumbnailUrl\":\"https:\/\/sales-ai-agents.com\/wp-content\/uploads\/2023\/05\/Company-Jobs-Desription-Template.png\",\"datePublished\":\"2023-06-08T10:56:45+00:00\",\"dateModified\":\"2023-09-20T19:16:22+00:00\",\"description\":\"\u015eirketinizin iyi koordine edilmi\u015f bir \u015fekilde \u00e7al\u0131\u015fmas\u0131n\u0131 sa\u011flamak i\u00e7in \u00e7al\u0131\u015fanlar\u0131n sorumluluk alanlar\u0131n\u0131 tan\u0131mlay\u0131n. Bu belgeyi i\u015fe al\u0131m s\u00fcrecinin bir par\u00e7as\u0131 olarak kullan\u0131n!\",\"inLanguage\":\"tr\",\"potentialAction\":[{\"@type\":\"ReadAction\",\"target\":[\"https:\/\/sales-ai-agents.com\/tr\/templates\/company-jobs-desription\/\"]}]},{\"@type\":\"ImageObject\",\"inLanguage\":\"tr\",\"@id\":\"https:\/\/sales-ai-agents.com\/tr\/templates\/company-jobs-desription\/#primaryimage\",\"url\":\"https:\/\/sales-ai-agents.com\/wp-content\/uploads\/2023\/05\/Company-Jobs-Desription-Template.png\",\"contentUrl\":\"https:\/\/sales-ai-agents.com\/wp-content\/uploads\/2023\/05\/Company-Jobs-Desription-Template.png\",\"width\":1700,\"height\":1100},{\"@type\":\"WebSite\",\"@id\":\"https:\/\/sales-ai-agents.com\/#website\",\"url\":\"https:\/\/sales-ai-agents.com\/\",\"name\":\"FuseBase\",\"description\":\"Sales AI Agents - Free Online Collaboration Software for Remote Teams. Build your wikis, client portals and more with the Nimbus Platform collaboration tool ? A perfect space for online work\",\"publisher\":{\"@id\":\"https:\/\/sales-ai-agents.com\/#organization\"},\"potentialAction\":[{\"@type\":\"SearchAction\",\"target\":{\"@type\":\"EntryPoint\",\"urlTemplate\":\"https:\/\/sales-ai-agents.com\/?s={search_term_string}\"},\"query-input\":{\"@type\":\"PropertyValueSpecification\",\"valueRequired\":true,\"valueName\":\"search_term_string\"}}],\"inLanguage\":\"tr\"},{\"@type\":\"Organization\",\"@id\":\"https:\/\/sales-ai-agents.com\/#organization\",\"name\":\"FuseBase\",\"url\":\"https:\/\/sales-ai-agents.com\/\",\"logo\":{\"@type\":\"ImageObject\",\"inLanguage\":\"tr\",\"@id\":\"https:\/\/sales-ai-agents.com\/#\/schema\/logo\/image\/\",\"url\":\"https:\/\/sales-ai-agents.com\/wp-content\/uploads\/2023\/11\/icon-7.svg\",\"contentUrl\":\"https:\/\/sales-ai-agents.com\/wp-content\/uploads\/2023\/11\/icon-7.svg\",\"width\":128,\"height\":128,\"caption\":\"FuseBase\"},\"image\":{\"@id\":\"https:\/\/sales-ai-agents.com\/#\/schema\/logo\/image\/\"}}]}<\/script>\n<!-- \/ Yoast SEO plugin. -->","yoast_head_json":{"title":"\u015eirket \u0130\u015fleri Tan\u0131mlama \u015eablon - Sales AI Agents","description":"\u015eirketinizin iyi koordine edilmi\u015f bir \u015fekilde \u00e7al\u0131\u015fmas\u0131n\u0131 sa\u011flamak i\u00e7in \u00e7al\u0131\u015fanlar\u0131n sorumluluk alanlar\u0131n\u0131 tan\u0131mlay\u0131n. Bu belgeyi i\u015fe al\u0131m s\u00fcrecinin bir par\u00e7as\u0131 olarak kullan\u0131n!","robots":{"index":"index","follow":"follow","max-snippet":"max-snippet:-1","max-image-preview":"max-image-preview:large","max-video-preview":"max-video-preview:-1"},"canonical":"https:\/\/sales-ai-agents.com\/tr\/templates\/company-jobs-desription\/","og_locale":"tr_TR","og_type":"article","og_title":"\u015eirket \u0130\u015fleri Tan\u0131mlama \u015eablon - Sales AI Agents","og_description":"\u015eirketinizin iyi koordine edilmi\u015f bir \u015fekilde \u00e7al\u0131\u015fmas\u0131n\u0131 sa\u011flamak i\u00e7in \u00e7al\u0131\u015fanlar\u0131n sorumluluk alanlar\u0131n\u0131 tan\u0131mlay\u0131n. Bu belgeyi i\u015fe al\u0131m s\u00fcrecinin bir par\u00e7as\u0131 olarak kullan\u0131n!","og_url":"https:\/\/sales-ai-agents.com\/tr\/templates\/company-jobs-desription\/","og_site_name":"Sales AI Agents","article_modified_time":"2023-09-20T19:16:22+00:00","og_image":[{"width":1700,"height":1100,"url":"https:\/\/sales-ai-agents.com\/wp-content\/uploads\/2023\/05\/Company-Jobs-Desription-Template.png","type":"image\/png"}],"twitter_card":"summary_large_image","schema":{"@context":"https:\/\/schema.org","@graph":[{"@type":"WebPage","@id":"https:\/\/sales-ai-agents.com\/tr\/templates\/company-jobs-desription\/","url":"https:\/\/sales-ai-agents.com\/tr\/templates\/company-jobs-desription\/","name":"\u015eirket \u0130\u015fleri Tan\u0131mlama \u015eablon - Sales AI Agents","isPartOf":{"@id":"https:\/\/sales-ai-agents.com\/#website"},"primaryImageOfPage":{"@id":"https:\/\/sales-ai-agents.com\/tr\/templates\/company-jobs-desription\/#primaryimage"},"image":{"@id":"https:\/\/sales-ai-agents.com\/tr\/templates\/company-jobs-desription\/#primaryimage"},"thumbnailUrl":"https:\/\/sales-ai-agents.com\/wp-content\/uploads\/2023\/05\/Company-Jobs-Desription-Template.png","datePublished":"2023-06-08T10:56:45+00:00","dateModified":"2023-09-20T19:16:22+00:00","description":"\u015eirketinizin iyi koordine edilmi\u015f bir \u015fekilde \u00e7al\u0131\u015fmas\u0131n\u0131 sa\u011flamak i\u00e7in \u00e7al\u0131\u015fanlar\u0131n sorumluluk alanlar\u0131n\u0131 tan\u0131mlay\u0131n. Bu belgeyi i\u015fe al\u0131m s\u00fcrecinin bir par\u00e7as\u0131 olarak kullan\u0131n!","inLanguage":"tr","potentialAction":[{"@type":"ReadAction","target":["https:\/\/sales-ai-agents.com\/tr\/templates\/company-jobs-desription\/"]}]},{"@type":"ImageObject","inLanguage":"tr","@id":"https:\/\/sales-ai-agents.com\/tr\/templates\/company-jobs-desription\/#primaryimage","url":"https:\/\/sales-ai-agents.com\/wp-content\/uploads\/2023\/05\/Company-Jobs-Desription-Template.png","contentUrl":"https:\/\/sales-ai-agents.com\/wp-content\/uploads\/2023\/05\/Company-Jobs-Desription-Template.png","width":1700,"height":1100},{"@type":"WebSite","@id":"https:\/\/sales-ai-agents.com\/#website","url":"https:\/\/sales-ai-agents.com\/","name":"FuseBase","description":"Sales AI Agents - Free Online Collaboration Software for Remote Teams. Build your wikis, client portals and more with the Nimbus Platform collaboration tool ? A perfect space for online work","publisher":{"@id":"https:\/\/sales-ai-agents.com\/#organization"},"potentialAction":[{"@type":"SearchAction","target":{"@type":"EntryPoint","urlTemplate":"https:\/\/sales-ai-agents.com\/?s={search_term_string}"},"query-input":{"@type":"PropertyValueSpecification","valueRequired":true,"valueName":"search_term_string"}}],"inLanguage":"tr"},{"@type":"Organization","@id":"https:\/\/sales-ai-agents.com\/#organization","name":"FuseBase","url":"https:\/\/sales-ai-agents.com\/","logo":{"@type":"ImageObject","inLanguage":"tr","@id":"https:\/\/sales-ai-agents.com\/#\/schema\/logo\/image\/","url":"https:\/\/sales-ai-agents.com\/wp-content\/uploads\/2023\/11\/icon-7.svg","contentUrl":"https:\/\/sales-ai-agents.com\/wp-content\/uploads\/2023\/11\/icon-7.svg","width":128,"height":128,"caption":"FuseBase"},"image":{"@id":"https:\/\/sales-ai-agents.com\/#\/schema\/logo\/image\/"}}]}},"_links":{"self":[{"href":"https:\/\/sales-ai-agents.com\/tr\/wp-json\/wp\/v2\/product\/54458","targetHints":{"allow":["GET"]}}],"collection":[{"href":"https:\/\/sales-ai-agents.com\/tr\/wp-json\/wp\/v2\/product"}],"about":[{"href":"https:\/\/sales-ai-agents.com\/tr\/wp-json\/wp\/v2\/types\/product"}],"wp:featuredmedia":[{"embeddable":true,"href":"https:\/\/sales-ai-agents.com\/tr\/wp-json\/wp\/v2\/media\/54461"}],"wp:attachment":[{"href":"https:\/\/sales-ai-agents.com\/tr\/wp-json\/wp\/v2\/media?parent=54458"}],"wp:term":[{"taxonomy":"product_brand","embeddable":true,"href":"https:\/\/sales-ai-agents.com\/tr\/wp-json\/wp\/v2\/product_brand?post=54458"},{"taxonomy":"product_cat","embeddable":true,"href":"https:\/\/sales-ai-agents.com\/tr\/wp-json\/wp\/v2\/product_cat?post=54458"},{"taxonomy":"product_tag","embeddable":true,"href":"https:\/\/sales-ai-agents.com\/tr\/wp-json\/wp\/v2\/product_tag?post=54458"}],"curies":[{"name":"wp","href":"https:\/\/api.w.org\/{rel}","templated":true}]}}