{"id":54462,"date":"2023-06-08T10:36:56","date_gmt":"2023-06-08T10:36:56","guid":{"rendered":"https:\/\/sales-ai-agents.com\/templates\/company-goals\/"},"modified":"2023-09-20T13:37:01","modified_gmt":"2023-09-20T13:37:01","slug":"company-goals","status":"publish","type":"product","link":"https:\/\/sales-ai-agents.com\/tr\/templates\/company-goals\/","title":{"rendered":"\u015eirket Hedefleri"},"content":{"rendered":"<h2 id=\"b3424472210_10408\" class=\"editable-text paragraph indent-0 allow-dragging focused-block selected-block selected-block-wrapper\">\u015eirket Hedefleri \u015eablonu<\/h2>\n<p>Net ve eyleme ge\u00e7irilebilir hedefler belirlemek her \u015firketin geli\u015fmesi i\u00e7in \u00e7ok \u00f6nemlidir ve \u015fablonumuz s\u00fcreci verimli, etkili ve etkili hale getirmek i\u00e7in tasarlanm\u0131\u015ft\u0131r. Bu \u015fablonla ortak bir vizyon olu\u015fturabilir, \u00f6ncelikleri netle\u015ftirebilir ve ekibinizi yeni zirvelere ula\u015fmak i\u00e7in motive edebilirsiniz. Kurulu\u015funuzda netlik, odaklanma ve i\u015fbirli\u011fi k\u00fclt\u00fcr\u00fc olu\u015fturmak i\u00e7in \u015eirket Hedefleri \u015eablonumuzu kullan\u0131n.<\/p>\n<h5><\/h5>\n<h5 id=\"b3424472210_8721\" class=\"editable-text paragraph indent-0 selected-block selected-block-wrapper\">Nas\u0131l Kullan\u0131l\u0131r?<\/h5>\n<ul id=\"b3424472210_9713\" class=\"editor-list number-template-decimal-all\">\n<li id=\"b830703306_2838\" class=\"list-item-bullet editable-text list-item indent-0 selected-block selected-block-wrapper\">\u0130fadelerin kalitesini en \u00fcst d\u00fczeye \u00e7\u0131karmak i\u00e7in <a href=\"https:\/\/sales-ai-agents.com\/guides\/embedding-sharing\/embeds\/\">yerle\u015ftirmeler ekleyin<\/a>;<\/li>\n<li id=\"b830703306_2898\" class=\"list-item-bullet editable-text list-item indent-0 selected-block selected-block-wrapper\"><a href=\"https:\/\/sales-ai-agents.com\/guides\/basics\/images\/\">G\u00f6r\u00fcnt\u00fcler se\u00e7ene\u011fi<\/a> ile ekstra grafikler ekleyin;<\/li>\n<li id=\"b830703306_2948\" class=\"list-item-bullet editable-text list-item indent-0 selected-block selected-block-wrapper\">Hizmet Teklifleri tablosunu \u015firket tekliflerinize g\u00f6re <a href=\"https:\/\/sales-ai-agents.com\/guides\/table-database\/database\/#b470768785_1059\">&#8220;Derecelendirme&#8221;<\/a> ve <a href=\"https:\/\/sales-ai-agents.com\/guides\/table-database\/database\/#b470768785_929\">&#8220;Tek Se\u00e7im<\/a> &#8221; s\u00fctun t\u00fcrleriyle \u00f6zelle\u015ftirin.<\/li>\n<\/ul>\n","protected":false},"excerpt":{"rendered":"<p>Kurumunuzda bir ba\u015far\u0131 ve uyum k\u00fclt\u00fcr\u00fcn\u00fc ate\u015flemeye haz\u0131r m\u0131s\u0131n\u0131z? \u015eablonumuzla hedef belirlemenin g\u00fcc\u00fcn\u00fc kucaklay\u0131n. Ekibinize ilham verin, i\u015fbirli\u011fini te\u015fvik edin ve kurulu\u015funuzu ba\u015far\u0131ya do\u011fru ilerletin. Bug\u00fcn ba\u015flay\u0131n ve \u015firketinizin dahili s\u00fcr\u00fcc\u00fcs\u00fcn\u00fcn t\u00fcm potansiyelini ortaya \u00e7\u0131kar\u0131n!<\/p>\n","protected":false},"featured_media":54463,"template":"","meta":{"_acf_changed":false,"inline_featured_image":false},"product_brand":[],"product_cat":[217,218],"product_tag":[],"class_list":{"0":"post-54462","1":"product","2":"type-product","3":"status-publish","4":"has-post-thumbnail","6":"product_cat-entrepreneur","7":"product_cat-operations","8":"collections-onboarding","10":"first","11":"instock","12":"shipping-taxable","13":"product-type-simple"},"acf":[],"yoast_head":"<!-- This site is optimized with the Yoast SEO plugin v25.3.1 - https:\/\/yoast.com\/wordpress\/plugins\/seo\/ -->\n<title>\u015eirket Hedefleri \u015eablon - Sales AI Agents<\/title>\n<meta name=\"description\" content=\"Kapsaml\u0131 \u015fablonumuzla stratejik planlama ve hedef belirlemenin g\u00fcc\u00fcnden yararlanarak kurulu\u015funuzun ger\u00e7ek potansiyelini ortaya \u00e7\u0131kar\u0131n.\" \/>\n<meta name=\"robots\" content=\"index, follow, max-snippet:-1, max-image-preview:large, max-video-preview:-1\" \/>\n<link rel=\"canonical\" href=\"https:\/\/sales-ai-agents.com\/tr\/templates\/company-goals\/\" \/>\n<meta property=\"og:locale\" content=\"tr_TR\" \/>\n<meta property=\"og:type\" content=\"article\" \/>\n<meta property=\"og:title\" content=\"\u015eirket Hedefleri \u015eablon - Sales AI Agents\" \/>\n<meta property=\"og:description\" content=\"Kapsaml\u0131 \u015fablonumuzla stratejik planlama ve hedef belirlemenin g\u00fcc\u00fcnden yararlanarak kurulu\u015funuzun ger\u00e7ek potansiyelini ortaya \u00e7\u0131kar\u0131n.\" \/>\n<meta property=\"og:url\" content=\"https:\/\/sales-ai-agents.com\/tr\/templates\/company-goals\/\" \/>\n<meta property=\"og:site_name\" content=\"Sales AI Agents\" \/>\n<meta property=\"article:modified_time\" content=\"2023-09-20T13:37:01+00:00\" \/>\n<meta property=\"og:image\" content=\"https:\/\/sales-ai-agents.com\/wp-content\/uploads\/2023\/05\/Company-Goals-Template.png\" \/>\n\t<meta property=\"og:image:width\" content=\"1700\" \/>\n\t<meta property=\"og:image:height\" content=\"1100\" \/>\n\t<meta property=\"og:image:type\" content=\"image\/png\" \/>\n<meta name=\"twitter:card\" content=\"summary_large_image\" \/>\n<script type=\"application\/ld+json\" class=\"yoast-schema-graph\">{\"@context\":\"https:\/\/schema.org\",\"@graph\":[{\"@type\":\"WebPage\",\"@id\":\"https:\/\/sales-ai-agents.com\/tr\/templates\/company-goals\/\",\"url\":\"https:\/\/sales-ai-agents.com\/tr\/templates\/company-goals\/\",\"name\":\"\u015eirket Hedefleri \u015eablon - Sales AI Agents\",\"isPartOf\":{\"@id\":\"https:\/\/sales-ai-agents.com\/#website\"},\"primaryImageOfPage\":{\"@id\":\"https:\/\/sales-ai-agents.com\/tr\/templates\/company-goals\/#primaryimage\"},\"image\":{\"@id\":\"https:\/\/sales-ai-agents.com\/tr\/templates\/company-goals\/#primaryimage\"},\"thumbnailUrl\":\"https:\/\/sales-ai-agents.com\/wp-content\/uploads\/2023\/05\/Company-Goals-Template.png\",\"datePublished\":\"2023-06-08T10:36:56+00:00\",\"dateModified\":\"2023-09-20T13:37:01+00:00\",\"description\":\"Kapsaml\u0131 \u015fablonumuzla stratejik planlama ve hedef belirlemenin g\u00fcc\u00fcnden yararlanarak kurulu\u015funuzun ger\u00e7ek potansiyelini ortaya \u00e7\u0131kar\u0131n.\",\"inLanguage\":\"tr\",\"potentialAction\":[{\"@type\":\"ReadAction\",\"target\":[\"https:\/\/sales-ai-agents.com\/tr\/templates\/company-goals\/\"]}]},{\"@type\":\"ImageObject\",\"inLanguage\":\"tr\",\"@id\":\"https:\/\/sales-ai-agents.com\/tr\/templates\/company-goals\/#primaryimage\",\"url\":\"https:\/\/sales-ai-agents.com\/wp-content\/uploads\/2023\/05\/Company-Goals-Template.png\",\"contentUrl\":\"https:\/\/sales-ai-agents.com\/wp-content\/uploads\/2023\/05\/Company-Goals-Template.png\",\"width\":1700,\"height\":1100},{\"@type\":\"WebSite\",\"@id\":\"https:\/\/sales-ai-agents.com\/#website\",\"url\":\"https:\/\/sales-ai-agents.com\/\",\"name\":\"FuseBase\",\"description\":\"Sales AI Agents - Free Online Collaboration Software for Remote Teams. Build your wikis, client portals and more with the Nimbus Platform collaboration tool ? A perfect space for online work\",\"publisher\":{\"@id\":\"https:\/\/sales-ai-agents.com\/#organization\"},\"potentialAction\":[{\"@type\":\"SearchAction\",\"target\":{\"@type\":\"EntryPoint\",\"urlTemplate\":\"https:\/\/sales-ai-agents.com\/?s={search_term_string}\"},\"query-input\":{\"@type\":\"PropertyValueSpecification\",\"valueRequired\":true,\"valueName\":\"search_term_string\"}}],\"inLanguage\":\"tr\"},{\"@type\":\"Organization\",\"@id\":\"https:\/\/sales-ai-agents.com\/#organization\",\"name\":\"FuseBase\",\"url\":\"https:\/\/sales-ai-agents.com\/\",\"logo\":{\"@type\":\"ImageObject\",\"inLanguage\":\"tr\",\"@id\":\"https:\/\/sales-ai-agents.com\/#\/schema\/logo\/image\/\",\"url\":\"https:\/\/sales-ai-agents.com\/wp-content\/uploads\/2023\/11\/icon-7.svg\",\"contentUrl\":\"https:\/\/sales-ai-agents.com\/wp-content\/uploads\/2023\/11\/icon-7.svg\",\"width\":128,\"height\":128,\"caption\":\"FuseBase\"},\"image\":{\"@id\":\"https:\/\/sales-ai-agents.com\/#\/schema\/logo\/image\/\"}}]}<\/script>\n<!-- \/ Yoast SEO plugin. -->","yoast_head_json":{"title":"\u015eirket Hedefleri \u015eablon - Sales AI Agents","description":"Kapsaml\u0131 \u015fablonumuzla stratejik planlama ve hedef belirlemenin g\u00fcc\u00fcnden yararlanarak kurulu\u015funuzun ger\u00e7ek potansiyelini ortaya \u00e7\u0131kar\u0131n.","robots":{"index":"index","follow":"follow","max-snippet":"max-snippet:-1","max-image-preview":"max-image-preview:large","max-video-preview":"max-video-preview:-1"},"canonical":"https:\/\/sales-ai-agents.com\/tr\/templates\/company-goals\/","og_locale":"tr_TR","og_type":"article","og_title":"\u015eirket Hedefleri \u015eablon - Sales AI Agents","og_description":"Kapsaml\u0131 \u015fablonumuzla stratejik planlama ve hedef belirlemenin g\u00fcc\u00fcnden yararlanarak kurulu\u015funuzun ger\u00e7ek potansiyelini ortaya \u00e7\u0131kar\u0131n.","og_url":"https:\/\/sales-ai-agents.com\/tr\/templates\/company-goals\/","og_site_name":"Sales AI Agents","article_modified_time":"2023-09-20T13:37:01+00:00","og_image":[{"width":1700,"height":1100,"url":"https:\/\/sales-ai-agents.com\/wp-content\/uploads\/2023\/05\/Company-Goals-Template.png","type":"image\/png"}],"twitter_card":"summary_large_image","schema":{"@context":"https:\/\/schema.org","@graph":[{"@type":"WebPage","@id":"https:\/\/sales-ai-agents.com\/tr\/templates\/company-goals\/","url":"https:\/\/sales-ai-agents.com\/tr\/templates\/company-goals\/","name":"\u015eirket Hedefleri \u015eablon - Sales AI Agents","isPartOf":{"@id":"https:\/\/sales-ai-agents.com\/#website"},"primaryImageOfPage":{"@id":"https:\/\/sales-ai-agents.com\/tr\/templates\/company-goals\/#primaryimage"},"image":{"@id":"https:\/\/sales-ai-agents.com\/tr\/templates\/company-goals\/#primaryimage"},"thumbnailUrl":"https:\/\/sales-ai-agents.com\/wp-content\/uploads\/2023\/05\/Company-Goals-Template.png","datePublished":"2023-06-08T10:36:56+00:00","dateModified":"2023-09-20T13:37:01+00:00","description":"Kapsaml\u0131 \u015fablonumuzla stratejik planlama ve hedef belirlemenin g\u00fcc\u00fcnden yararlanarak kurulu\u015funuzun ger\u00e7ek potansiyelini ortaya \u00e7\u0131kar\u0131n.","inLanguage":"tr","potentialAction":[{"@type":"ReadAction","target":["https:\/\/sales-ai-agents.com\/tr\/templates\/company-goals\/"]}]},{"@type":"ImageObject","inLanguage":"tr","@id":"https:\/\/sales-ai-agents.com\/tr\/templates\/company-goals\/#primaryimage","url":"https:\/\/sales-ai-agents.com\/wp-content\/uploads\/2023\/05\/Company-Goals-Template.png","contentUrl":"https:\/\/sales-ai-agents.com\/wp-content\/uploads\/2023\/05\/Company-Goals-Template.png","width":1700,"height":1100},{"@type":"WebSite","@id":"https:\/\/sales-ai-agents.com\/#website","url":"https:\/\/sales-ai-agents.com\/","name":"FuseBase","description":"Sales AI Agents - Free Online Collaboration Software for Remote Teams. Build your wikis, client portals and more with the Nimbus Platform collaboration tool ? A perfect space for online work","publisher":{"@id":"https:\/\/sales-ai-agents.com\/#organization"},"potentialAction":[{"@type":"SearchAction","target":{"@type":"EntryPoint","urlTemplate":"https:\/\/sales-ai-agents.com\/?s={search_term_string}"},"query-input":{"@type":"PropertyValueSpecification","valueRequired":true,"valueName":"search_term_string"}}],"inLanguage":"tr"},{"@type":"Organization","@id":"https:\/\/sales-ai-agents.com\/#organization","name":"FuseBase","url":"https:\/\/sales-ai-agents.com\/","logo":{"@type":"ImageObject","inLanguage":"tr","@id":"https:\/\/sales-ai-agents.com\/#\/schema\/logo\/image\/","url":"https:\/\/sales-ai-agents.com\/wp-content\/uploads\/2023\/11\/icon-7.svg","contentUrl":"https:\/\/sales-ai-agents.com\/wp-content\/uploads\/2023\/11\/icon-7.svg","width":128,"height":128,"caption":"FuseBase"},"image":{"@id":"https:\/\/sales-ai-agents.com\/#\/schema\/logo\/image\/"}}]}},"_links":{"self":[{"href":"https:\/\/sales-ai-agents.com\/tr\/wp-json\/wp\/v2\/product\/54462","targetHints":{"allow":["GET"]}}],"collection":[{"href":"https:\/\/sales-ai-agents.com\/tr\/wp-json\/wp\/v2\/product"}],"about":[{"href":"https:\/\/sales-ai-agents.com\/tr\/wp-json\/wp\/v2\/types\/product"}],"wp:featuredmedia":[{"embeddable":true,"href":"https:\/\/sales-ai-agents.com\/tr\/wp-json\/wp\/v2\/media\/54463"}],"wp:attachment":[{"href":"https:\/\/sales-ai-agents.com\/tr\/wp-json\/wp\/v2\/media?parent=54462"}],"wp:term":[{"taxonomy":"product_brand","embeddable":true,"href":"https:\/\/sales-ai-agents.com\/tr\/wp-json\/wp\/v2\/product_brand?post=54462"},{"taxonomy":"product_cat","embeddable":true,"href":"https:\/\/sales-ai-agents.com\/tr\/wp-json\/wp\/v2\/product_cat?post=54462"},{"taxonomy":"product_tag","embeddable":true,"href":"https:\/\/sales-ai-agents.com\/tr\/wp-json\/wp\/v2\/product_tag?post=54462"}],"curies":[{"name":"wp","href":"https:\/\/api.w.org\/{rel}","templated":true}]}}