{"id":54465,"date":"2023-06-08T10:50:13","date_gmt":"2023-06-08T10:50:13","guid":{"rendered":"https:\/\/sales-ai-agents.com\/templates\/safety-and-emergency-procedures\/"},"modified":"2023-11-30T11:31:25","modified_gmt":"2023-11-30T11:31:25","slug":"safety-and-emergency-procedures","status":"publish","type":"product","link":"https:\/\/sales-ai-agents.com\/tr\/templates\/safety-and-emergency-procedures\/","title":{"rendered":"G\u00fcvenlik ve Acil Durum Prosed\u00fcrleri"},"content":{"rendered":"<h2>G\u00fcvenlik ve Acil Durum Prosed\u00fcrleri \u015eablonu<\/h2>\n<p>G\u00fcvenlik ve acil durum prosed\u00fcrleri s\u00f6z konusu oldu\u011funda her saniye \u00f6nemlidir. Bu nedenle \u015fablonumuz, sa\u011flam protokoller olu\u015fturman\u0131z i\u00e7in size a\u00e7\u0131k ve \u00f6zl\u00fc bir \u00e7er\u00e7eve sa\u011flamak \u00fczere titizlikle haz\u0131rlanm\u0131\u015ft\u0131r. Bu \u015fablonla, i\u015f g\u00fcc\u00fcn\u00fcz\u00fc koruyan ve riskleri en aza indiren hayati g\u00fcvenlik y\u00f6nergelerini kolayca olu\u015fturabilir ve iletebilirsiniz. G\u00fcvenli\u011fi \u015fansa b\u0131rakmay\u0131n &#8211; kullan\u0131c\u0131 dostu \u015fablonumuzla kontrol\u00fc elinize al\u0131n.<\/p>\n<p>&nbsp;<\/p>\n<h5 id=\"b3424472210_5603\" class=\"editable-text paragraph indent-0 selected-block selected-block-wrapper\">Nas\u0131l Kullan\u0131l\u0131r?<\/h5>\n<ul id=\"b3424472210_7049\" class=\"editor-list number-template-decimal-all\">\n<li id=\"b3424472210_7068\" class=\"list-item-bullet editable-text list-item indent-0 selected-block selected-block-wrapper\">Yeni bir pozisyon ekleyin veya alakas\u0131z olanlar\u0131 silin;<\/li>\n<li id=\"b3424472210_7124\" class=\"list-item-bullet editable-text list-item indent-0 selected-block selected-block-wrapper\">\u0130htiya\u00e7 halinde istenen blo\u011fa <a href=\"https:\/\/sales-ai-agents.com\/guides\/basics\/links-in-nimbus-note\/\">bir ba\u011flant\u0131 g\u00f6nderin<\/a>;<\/li>\n<li id=\"b255143646_1168\" class=\"list-item-bullet editable-text list-item indent-0 selected-block selected-block-wrapper\"><a href=\"https:\/\/sales-ai-agents.com\/guides\/settings\/how-to-export-notes-to-html-or-pdf\/\" target=\"_blank\" rel=\"noopener\">.pdf olarak kaydedin<\/a> ve ihtiya\u00e7 halinde bu belgeyi g\u00f6nderin.<\/li>\n<\/ul>\n","protected":false},"excerpt":{"rendered":"<p>G\u00fcvenlik ve Acil Durum Prosed\u00fcrleri \u015fablonumuz yang\u0131n acil durumlar\u0131, do\u011fal afetler, t\u0131bbi olaylar, tahliye prosed\u00fcrleri ve daha fazlas\u0131 dahil olmak \u00fczere \u00e7ok \u00e7e\u015fitli potansiyel senaryolar\u0131 kapsamaktad\u0131r. Herhangi bir kriz durumunda kurulu\u015funuzun h\u0131zl\u0131 ve etkili bir \u015fekilde yan\u0131t vermesini sa\u011flayan kapsaml\u0131 bir k\u0131lavuz olarak kullan\u0131n.<\/p>\n","protected":false},"featured_media":54466,"template":"","meta":{"_acf_changed":false,"inline_featured_image":false},"product_brand":[],"product_cat":[217,218],"product_tag":[],"class_list":{"0":"post-54465","1":"product","2":"type-product","3":"status-publish","4":"has-post-thumbnail","6":"product_cat-entrepreneur","7":"product_cat-operations","8":"collections-onboarding","10":"first","11":"instock","12":"shipping-taxable","13":"product-type-simple"},"acf":[],"yoast_head":"<!-- This site is optimized with the Yoast SEO plugin v25.3.1 - https:\/\/yoast.com\/wordpress\/plugins\/seo\/ -->\n<title>G\u00fcvenlik ve Acil Durum Prosed\u00fcrleri \u015eablon - Sales AI Agents<\/title>\n<meta name=\"description\" content=\"G\u00fcvenlikten \u00f6d\u00fcn vermeyin. Nimbus&#039;tan bir \u015fablon ile ekibinizi h\u0131zl\u0131 hareket etme, potansiyel olarak hayat kurtarma ve hasar\u0131 azaltma konusunda g\u00fc\u00e7lendirin!\" \/>\n<meta name=\"robots\" content=\"index, follow, max-snippet:-1, max-image-preview:large, max-video-preview:-1\" \/>\n<link rel=\"canonical\" href=\"https:\/\/sales-ai-agents.com\/tr\/templates\/safety-and-emergency-procedures\/\" \/>\n<meta property=\"og:locale\" content=\"tr_TR\" \/>\n<meta property=\"og:type\" content=\"article\" \/>\n<meta property=\"og:title\" content=\"G\u00fcvenlik ve Acil Durum Prosed\u00fcrleri \u015eablon - Sales AI Agents\" \/>\n<meta property=\"og:description\" content=\"G\u00fcvenlikten \u00f6d\u00fcn vermeyin. Nimbus&#039;tan bir \u015fablon ile ekibinizi h\u0131zl\u0131 hareket etme, potansiyel olarak hayat kurtarma ve hasar\u0131 azaltma konusunda g\u00fc\u00e7lendirin!\" \/>\n<meta property=\"og:url\" content=\"https:\/\/sales-ai-agents.com\/tr\/templates\/safety-and-emergency-procedures\/\" \/>\n<meta property=\"og:site_name\" content=\"Sales AI Agents\" \/>\n<meta property=\"article:modified_time\" content=\"2023-11-30T11:31:25+00:00\" \/>\n<meta property=\"og:image\" content=\"https:\/\/sales-ai-agents.com\/wp-content\/uploads\/2023\/05\/Safety-and-Emergency-Procedures-Template.png\" \/>\n\t<meta property=\"og:image:width\" content=\"1700\" \/>\n\t<meta property=\"og:image:height\" content=\"1100\" \/>\n\t<meta property=\"og:image:type\" content=\"image\/png\" \/>\n<meta name=\"twitter:card\" content=\"summary_large_image\" \/>\n<script type=\"application\/ld+json\" class=\"yoast-schema-graph\">{\"@context\":\"https:\/\/schema.org\",\"@graph\":[{\"@type\":\"WebPage\",\"@id\":\"https:\/\/sales-ai-agents.com\/tr\/templates\/safety-and-emergency-procedures\/\",\"url\":\"https:\/\/sales-ai-agents.com\/tr\/templates\/safety-and-emergency-procedures\/\",\"name\":\"G\u00fcvenlik ve Acil Durum Prosed\u00fcrleri \u015eablon - Sales AI Agents\",\"isPartOf\":{\"@id\":\"https:\/\/sales-ai-agents.com\/#website\"},\"primaryImageOfPage\":{\"@id\":\"https:\/\/sales-ai-agents.com\/tr\/templates\/safety-and-emergency-procedures\/#primaryimage\"},\"image\":{\"@id\":\"https:\/\/sales-ai-agents.com\/tr\/templates\/safety-and-emergency-procedures\/#primaryimage\"},\"thumbnailUrl\":\"https:\/\/sales-ai-agents.com\/wp-content\/uploads\/2023\/05\/Safety-and-Emergency-Procedures-Template.png\",\"datePublished\":\"2023-06-08T10:50:13+00:00\",\"dateModified\":\"2023-11-30T11:31:25+00:00\",\"description\":\"G\u00fcvenlikten \u00f6d\u00fcn vermeyin. Nimbus'tan bir \u015fablon ile ekibinizi h\u0131zl\u0131 hareket etme, potansiyel olarak hayat kurtarma ve hasar\u0131 azaltma konusunda g\u00fc\u00e7lendirin!\",\"inLanguage\":\"tr\",\"potentialAction\":[{\"@type\":\"ReadAction\",\"target\":[\"https:\/\/sales-ai-agents.com\/tr\/templates\/safety-and-emergency-procedures\/\"]}]},{\"@type\":\"ImageObject\",\"inLanguage\":\"tr\",\"@id\":\"https:\/\/sales-ai-agents.com\/tr\/templates\/safety-and-emergency-procedures\/#primaryimage\",\"url\":\"https:\/\/sales-ai-agents.com\/wp-content\/uploads\/2023\/05\/Safety-and-Emergency-Procedures-Template.png\",\"contentUrl\":\"https:\/\/sales-ai-agents.com\/wp-content\/uploads\/2023\/05\/Safety-and-Emergency-Procedures-Template.png\",\"width\":1700,\"height\":1100},{\"@type\":\"WebSite\",\"@id\":\"https:\/\/sales-ai-agents.com\/#website\",\"url\":\"https:\/\/sales-ai-agents.com\/\",\"name\":\"FuseBase\",\"description\":\"Sales AI Agents - Free Online Collaboration Software for Remote Teams. Build your wikis, client portals and more with the Nimbus Platform collaboration tool ? A perfect space for online work\",\"publisher\":{\"@id\":\"https:\/\/sales-ai-agents.com\/#organization\"},\"potentialAction\":[{\"@type\":\"SearchAction\",\"target\":{\"@type\":\"EntryPoint\",\"urlTemplate\":\"https:\/\/sales-ai-agents.com\/?s={search_term_string}\"},\"query-input\":{\"@type\":\"PropertyValueSpecification\",\"valueRequired\":true,\"valueName\":\"search_term_string\"}}],\"inLanguage\":\"tr\"},{\"@type\":\"Organization\",\"@id\":\"https:\/\/sales-ai-agents.com\/#organization\",\"name\":\"FuseBase\",\"url\":\"https:\/\/sales-ai-agents.com\/\",\"logo\":{\"@type\":\"ImageObject\",\"inLanguage\":\"tr\",\"@id\":\"https:\/\/sales-ai-agents.com\/#\/schema\/logo\/image\/\",\"url\":\"https:\/\/sales-ai-agents.com\/wp-content\/uploads\/2023\/11\/icon-7.svg\",\"contentUrl\":\"https:\/\/sales-ai-agents.com\/wp-content\/uploads\/2023\/11\/icon-7.svg\",\"width\":128,\"height\":128,\"caption\":\"FuseBase\"},\"image\":{\"@id\":\"https:\/\/sales-ai-agents.com\/#\/schema\/logo\/image\/\"}}]}<\/script>\n<!-- \/ Yoast SEO plugin. -->","yoast_head_json":{"title":"G\u00fcvenlik ve Acil Durum Prosed\u00fcrleri \u015eablon - Sales AI Agents","description":"G\u00fcvenlikten \u00f6d\u00fcn vermeyin. Nimbus'tan bir \u015fablon ile ekibinizi h\u0131zl\u0131 hareket etme, potansiyel olarak hayat kurtarma ve hasar\u0131 azaltma konusunda g\u00fc\u00e7lendirin!","robots":{"index":"index","follow":"follow","max-snippet":"max-snippet:-1","max-image-preview":"max-image-preview:large","max-video-preview":"max-video-preview:-1"},"canonical":"https:\/\/sales-ai-agents.com\/tr\/templates\/safety-and-emergency-procedures\/","og_locale":"tr_TR","og_type":"article","og_title":"G\u00fcvenlik ve Acil Durum Prosed\u00fcrleri \u015eablon - Sales AI Agents","og_description":"G\u00fcvenlikten \u00f6d\u00fcn vermeyin. Nimbus'tan bir \u015fablon ile ekibinizi h\u0131zl\u0131 hareket etme, potansiyel olarak hayat kurtarma ve hasar\u0131 azaltma konusunda g\u00fc\u00e7lendirin!","og_url":"https:\/\/sales-ai-agents.com\/tr\/templates\/safety-and-emergency-procedures\/","og_site_name":"Sales AI Agents","article_modified_time":"2023-11-30T11:31:25+00:00","og_image":[{"width":1700,"height":1100,"url":"https:\/\/sales-ai-agents.com\/wp-content\/uploads\/2023\/05\/Safety-and-Emergency-Procedures-Template.png","type":"image\/png"}],"twitter_card":"summary_large_image","schema":{"@context":"https:\/\/schema.org","@graph":[{"@type":"WebPage","@id":"https:\/\/sales-ai-agents.com\/tr\/templates\/safety-and-emergency-procedures\/","url":"https:\/\/sales-ai-agents.com\/tr\/templates\/safety-and-emergency-procedures\/","name":"G\u00fcvenlik ve Acil Durum Prosed\u00fcrleri \u015eablon - Sales AI Agents","isPartOf":{"@id":"https:\/\/sales-ai-agents.com\/#website"},"primaryImageOfPage":{"@id":"https:\/\/sales-ai-agents.com\/tr\/templates\/safety-and-emergency-procedures\/#primaryimage"},"image":{"@id":"https:\/\/sales-ai-agents.com\/tr\/templates\/safety-and-emergency-procedures\/#primaryimage"},"thumbnailUrl":"https:\/\/sales-ai-agents.com\/wp-content\/uploads\/2023\/05\/Safety-and-Emergency-Procedures-Template.png","datePublished":"2023-06-08T10:50:13+00:00","dateModified":"2023-11-30T11:31:25+00:00","description":"G\u00fcvenlikten \u00f6d\u00fcn vermeyin. Nimbus'tan bir \u015fablon ile ekibinizi h\u0131zl\u0131 hareket etme, potansiyel olarak hayat kurtarma ve hasar\u0131 azaltma konusunda g\u00fc\u00e7lendirin!","inLanguage":"tr","potentialAction":[{"@type":"ReadAction","target":["https:\/\/sales-ai-agents.com\/tr\/templates\/safety-and-emergency-procedures\/"]}]},{"@type":"ImageObject","inLanguage":"tr","@id":"https:\/\/sales-ai-agents.com\/tr\/templates\/safety-and-emergency-procedures\/#primaryimage","url":"https:\/\/sales-ai-agents.com\/wp-content\/uploads\/2023\/05\/Safety-and-Emergency-Procedures-Template.png","contentUrl":"https:\/\/sales-ai-agents.com\/wp-content\/uploads\/2023\/05\/Safety-and-Emergency-Procedures-Template.png","width":1700,"height":1100},{"@type":"WebSite","@id":"https:\/\/sales-ai-agents.com\/#website","url":"https:\/\/sales-ai-agents.com\/","name":"FuseBase","description":"Sales AI Agents - Free Online Collaboration Software for Remote Teams. Build your wikis, client portals and more with the Nimbus Platform collaboration tool ? A perfect space for online work","publisher":{"@id":"https:\/\/sales-ai-agents.com\/#organization"},"potentialAction":[{"@type":"SearchAction","target":{"@type":"EntryPoint","urlTemplate":"https:\/\/sales-ai-agents.com\/?s={search_term_string}"},"query-input":{"@type":"PropertyValueSpecification","valueRequired":true,"valueName":"search_term_string"}}],"inLanguage":"tr"},{"@type":"Organization","@id":"https:\/\/sales-ai-agents.com\/#organization","name":"FuseBase","url":"https:\/\/sales-ai-agents.com\/","logo":{"@type":"ImageObject","inLanguage":"tr","@id":"https:\/\/sales-ai-agents.com\/#\/schema\/logo\/image\/","url":"https:\/\/sales-ai-agents.com\/wp-content\/uploads\/2023\/11\/icon-7.svg","contentUrl":"https:\/\/sales-ai-agents.com\/wp-content\/uploads\/2023\/11\/icon-7.svg","width":128,"height":128,"caption":"FuseBase"},"image":{"@id":"https:\/\/sales-ai-agents.com\/#\/schema\/logo\/image\/"}}]}},"_links":{"self":[{"href":"https:\/\/sales-ai-agents.com\/tr\/wp-json\/wp\/v2\/product\/54465","targetHints":{"allow":["GET"]}}],"collection":[{"href":"https:\/\/sales-ai-agents.com\/tr\/wp-json\/wp\/v2\/product"}],"about":[{"href":"https:\/\/sales-ai-agents.com\/tr\/wp-json\/wp\/v2\/types\/product"}],"wp:featuredmedia":[{"embeddable":true,"href":"https:\/\/sales-ai-agents.com\/tr\/wp-json\/wp\/v2\/media\/54466"}],"wp:attachment":[{"href":"https:\/\/sales-ai-agents.com\/tr\/wp-json\/wp\/v2\/media?parent=54465"}],"wp:term":[{"taxonomy":"product_brand","embeddable":true,"href":"https:\/\/sales-ai-agents.com\/tr\/wp-json\/wp\/v2\/product_brand?post=54465"},{"taxonomy":"product_cat","embeddable":true,"href":"https:\/\/sales-ai-agents.com\/tr\/wp-json\/wp\/v2\/product_cat?post=54465"},{"taxonomy":"product_tag","embeddable":true,"href":"https:\/\/sales-ai-agents.com\/tr\/wp-json\/wp\/v2\/product_tag?post=54465"}],"curies":[{"name":"wp","href":"https:\/\/api.w.org\/{rel}","templated":true}]}}