{"id":54469,"date":"2023-06-08T10:27:00","date_gmt":"2023-06-08T10:27:00","guid":{"rendered":"https:\/\/sales-ai-agents.com\/templates\/code-of-ethics-2\/"},"modified":"2023-11-30T11:32:34","modified_gmt":"2023-11-30T11:32:34","slug":"code-of-ethics-2","status":"publish","type":"product","link":"https:\/\/sales-ai-agents.com\/tr\/templates\/code-of-ethics-2\/","title":{"rendered":"Etik Kurallar"},"content":{"rendered":"<h2 id=\"b3424472210_11273\" class=\"editable-text paragraph indent-0 allow-dragging focused-block selected-block selected-block-wrapper\">Etik Kurallar \u015eablonu<\/h2>\n<p>Bu \u015fablon, kurulu\u015funuzun de\u011ferlerini, ilkelerini ve y\u00f6nergelerini ifade etmeniz i\u00e7in size sa\u011flam bir \u00e7er\u00e7eve sunar. \u00c7al\u0131\u015fanlardan y\u00f6neticilere kadar herkes bu belgeye yol g\u00f6sterici bir pusula olarak ba\u015fvurabilir ve kurum genelinde tutarl\u0131 etik davran\u0131\u015f ve karar alma s\u00fcre\u00e7leri sa\u011flayabilir. \u00d6zelle\u015ftirilebilir \u015fablonumuzla etik davran\u0131\u015fa ilham verin, g\u00fcven k\u00fclt\u00fcr\u00fcn\u00fc te\u015fvik edin ve kurumunuzun itibar\u0131n\u0131 koruyun.<\/p>\n<h5><\/h5>\n<h5 id=\"b3424472210_8805\" class=\"editable-text paragraph indent-0 selected-block selected-block-wrapper\">Nas\u0131l Kullan\u0131l\u0131r?<\/h5>\n<ul id=\"b3424472210_12829\" class=\"editor-list number-template-decimal-all\">\n<li id=\"b830703306_3878\" class=\"list-item-bullet editable-text list-item indent-0 selected-block selected-block-wrapper\">Yeni bir pozisyon ekleyin veya alakas\u0131z olanlar\u0131 silin;<\/li>\n<li id=\"b830703306_3934\" class=\"list-item-bullet editable-text list-item indent-0 selected-block selected-block-wrapper\">Gerekirse istenen bloklara <a href=\"https:\/\/sales-ai-agents.com\/guides\/basics\/links-in-nimbus-note\/\">bir ba\u011flant\u0131 g\u00f6nderin<\/a>;<\/li>\n<li id=\"b830703306_3985\" class=\"list-item-bullet editable-text list-item indent-0 selected-block selected-block-wrapper\"><a href=\"https:\/\/sales-ai-agents.com\/guides\/settings\/how-to-export-notes-to-html-or-pdf\/\" target=\"_blank\" rel=\"noopener\">.pdf olarak kaydedin<\/a> ve gerekirse bu belgeyi g\u00f6nderin.<\/li>\n<\/ul>\n","protected":false},"excerpt":{"rendered":"<div id=\"b3424472210_11454\" class=\"editable-text paragraph indent-0 allow-dragging focused-block\">Kurulu\u015funuz i\u00e7in g\u00fc\u00e7l\u00fc bir etik temel olu\u015fturmaya haz\u0131r m\u0131s\u0131n\u0131z? Etik Kurallar \u015eablonumuz ile etik standartlar\u0131n g\u00fcc\u00fcn\u00fc kucaklay\u0131n. Ekibinizin her \u00fcyesinin etik standartlar\u0131n\u0131zla uyumlu oldu\u011fundan emin olun.<\/div>\n","protected":false},"featured_media":54470,"template":"","meta":{"_acf_changed":false,"inline_featured_image":false},"product_brand":[],"product_cat":[218],"product_tag":[],"class_list":{"0":"post-54469","1":"product","2":"type-product","3":"status-publish","4":"has-post-thumbnail","6":"product_cat-operations","8":"first","9":"instock","10":"shipping-taxable","11":"product-type-simple"},"acf":[],"yoast_head":"<!-- This site is optimized with the Yoast SEO plugin v25.3.1 - https:\/\/yoast.com\/wordpress\/plugins\/seo\/ -->\n<title>Etik Kurallar \u015eablon - Sales AI Agents<\/title>\n<meta name=\"description\" content=\"Kapsaml\u0131 ve \u00f6zelle\u015ftirilebilir \u015fablonumuzla g\u00fcven olu\u015fturun, sorumlu karar vermeyi te\u015fvik edin ve en y\u00fcksek mesleki etik standartlar\u0131n\u0131 koruyun.\" \/>\n<meta name=\"robots\" content=\"index, follow, max-snippet:-1, max-image-preview:large, max-video-preview:-1\" \/>\n<link rel=\"canonical\" href=\"https:\/\/sales-ai-agents.com\/tr\/templates\/code-of-ethics-2\/\" \/>\n<meta property=\"og:locale\" content=\"tr_TR\" \/>\n<meta property=\"og:type\" content=\"article\" \/>\n<meta property=\"og:title\" content=\"Etik Kurallar \u015eablon - Sales AI Agents\" \/>\n<meta property=\"og:description\" content=\"Kapsaml\u0131 ve \u00f6zelle\u015ftirilebilir \u015fablonumuzla g\u00fcven olu\u015fturun, sorumlu karar vermeyi te\u015fvik edin ve en y\u00fcksek mesleki etik standartlar\u0131n\u0131 koruyun.\" \/>\n<meta property=\"og:url\" content=\"https:\/\/sales-ai-agents.com\/tr\/templates\/code-of-ethics-2\/\" \/>\n<meta property=\"og:site_name\" content=\"Sales AI Agents\" \/>\n<meta property=\"article:modified_time\" content=\"2023-11-30T11:32:34+00:00\" \/>\n<meta property=\"og:image\" content=\"https:\/\/sales-ai-agents.com\/wp-content\/uploads\/2023\/05\/Code-of-Ethics-Template.png\" \/>\n\t<meta property=\"og:image:width\" content=\"1700\" \/>\n\t<meta property=\"og:image:height\" content=\"1100\" \/>\n\t<meta property=\"og:image:type\" content=\"image\/png\" \/>\n<meta name=\"twitter:card\" content=\"summary_large_image\" \/>\n<script type=\"application\/ld+json\" class=\"yoast-schema-graph\">{\"@context\":\"https:\/\/schema.org\",\"@graph\":[{\"@type\":\"WebPage\",\"@id\":\"https:\/\/sales-ai-agents.com\/tr\/templates\/code-of-ethics-2\/\",\"url\":\"https:\/\/sales-ai-agents.com\/tr\/templates\/code-of-ethics-2\/\",\"name\":\"Etik Kurallar \u015eablon - Sales AI Agents\",\"isPartOf\":{\"@id\":\"https:\/\/sales-ai-agents.com\/#website\"},\"primaryImageOfPage\":{\"@id\":\"https:\/\/sales-ai-agents.com\/tr\/templates\/code-of-ethics-2\/#primaryimage\"},\"image\":{\"@id\":\"https:\/\/sales-ai-agents.com\/tr\/templates\/code-of-ethics-2\/#primaryimage\"},\"thumbnailUrl\":\"https:\/\/sales-ai-agents.com\/wp-content\/uploads\/2023\/05\/Code-of-Ethics-Template.png\",\"datePublished\":\"2023-06-08T10:27:00+00:00\",\"dateModified\":\"2023-11-30T11:32:34+00:00\",\"description\":\"Kapsaml\u0131 ve \u00f6zelle\u015ftirilebilir \u015fablonumuzla g\u00fcven olu\u015fturun, sorumlu karar vermeyi te\u015fvik edin ve en y\u00fcksek mesleki etik standartlar\u0131n\u0131 koruyun.\",\"inLanguage\":\"tr\",\"potentialAction\":[{\"@type\":\"ReadAction\",\"target\":[\"https:\/\/sales-ai-agents.com\/tr\/templates\/code-of-ethics-2\/\"]}]},{\"@type\":\"ImageObject\",\"inLanguage\":\"tr\",\"@id\":\"https:\/\/sales-ai-agents.com\/tr\/templates\/code-of-ethics-2\/#primaryimage\",\"url\":\"https:\/\/sales-ai-agents.com\/wp-content\/uploads\/2023\/05\/Code-of-Ethics-Template.png\",\"contentUrl\":\"https:\/\/sales-ai-agents.com\/wp-content\/uploads\/2023\/05\/Code-of-Ethics-Template.png\",\"width\":1700,\"height\":1100},{\"@type\":\"WebSite\",\"@id\":\"https:\/\/sales-ai-agents.com\/#website\",\"url\":\"https:\/\/sales-ai-agents.com\/\",\"name\":\"FuseBase\",\"description\":\"Sales AI Agents - Free Online Collaboration Software for Remote Teams. Build your wikis, client portals and more with the Nimbus Platform collaboration tool ? A perfect space for online work\",\"publisher\":{\"@id\":\"https:\/\/sales-ai-agents.com\/#organization\"},\"potentialAction\":[{\"@type\":\"SearchAction\",\"target\":{\"@type\":\"EntryPoint\",\"urlTemplate\":\"https:\/\/sales-ai-agents.com\/?s={search_term_string}\"},\"query-input\":{\"@type\":\"PropertyValueSpecification\",\"valueRequired\":true,\"valueName\":\"search_term_string\"}}],\"inLanguage\":\"tr\"},{\"@type\":\"Organization\",\"@id\":\"https:\/\/sales-ai-agents.com\/#organization\",\"name\":\"FuseBase\",\"url\":\"https:\/\/sales-ai-agents.com\/\",\"logo\":{\"@type\":\"ImageObject\",\"inLanguage\":\"tr\",\"@id\":\"https:\/\/sales-ai-agents.com\/#\/schema\/logo\/image\/\",\"url\":\"https:\/\/sales-ai-agents.com\/wp-content\/uploads\/2023\/11\/icon-7.svg\",\"contentUrl\":\"https:\/\/sales-ai-agents.com\/wp-content\/uploads\/2023\/11\/icon-7.svg\",\"width\":128,\"height\":128,\"caption\":\"FuseBase\"},\"image\":{\"@id\":\"https:\/\/sales-ai-agents.com\/#\/schema\/logo\/image\/\"}}]}<\/script>\n<!-- \/ Yoast SEO plugin. -->","yoast_head_json":{"title":"Etik Kurallar \u015eablon - Sales AI Agents","description":"Kapsaml\u0131 ve \u00f6zelle\u015ftirilebilir \u015fablonumuzla g\u00fcven olu\u015fturun, sorumlu karar vermeyi te\u015fvik edin ve en y\u00fcksek mesleki etik standartlar\u0131n\u0131 koruyun.","robots":{"index":"index","follow":"follow","max-snippet":"max-snippet:-1","max-image-preview":"max-image-preview:large","max-video-preview":"max-video-preview:-1"},"canonical":"https:\/\/sales-ai-agents.com\/tr\/templates\/code-of-ethics-2\/","og_locale":"tr_TR","og_type":"article","og_title":"Etik Kurallar \u015eablon - Sales AI Agents","og_description":"Kapsaml\u0131 ve \u00f6zelle\u015ftirilebilir \u015fablonumuzla g\u00fcven olu\u015fturun, sorumlu karar vermeyi te\u015fvik edin ve en y\u00fcksek mesleki etik standartlar\u0131n\u0131 koruyun.","og_url":"https:\/\/sales-ai-agents.com\/tr\/templates\/code-of-ethics-2\/","og_site_name":"Sales AI Agents","article_modified_time":"2023-11-30T11:32:34+00:00","og_image":[{"width":1700,"height":1100,"url":"https:\/\/sales-ai-agents.com\/wp-content\/uploads\/2023\/05\/Code-of-Ethics-Template.png","type":"image\/png"}],"twitter_card":"summary_large_image","schema":{"@context":"https:\/\/schema.org","@graph":[{"@type":"WebPage","@id":"https:\/\/sales-ai-agents.com\/tr\/templates\/code-of-ethics-2\/","url":"https:\/\/sales-ai-agents.com\/tr\/templates\/code-of-ethics-2\/","name":"Etik Kurallar \u015eablon - Sales AI Agents","isPartOf":{"@id":"https:\/\/sales-ai-agents.com\/#website"},"primaryImageOfPage":{"@id":"https:\/\/sales-ai-agents.com\/tr\/templates\/code-of-ethics-2\/#primaryimage"},"image":{"@id":"https:\/\/sales-ai-agents.com\/tr\/templates\/code-of-ethics-2\/#primaryimage"},"thumbnailUrl":"https:\/\/sales-ai-agents.com\/wp-content\/uploads\/2023\/05\/Code-of-Ethics-Template.png","datePublished":"2023-06-08T10:27:00+00:00","dateModified":"2023-11-30T11:32:34+00:00","description":"Kapsaml\u0131 ve \u00f6zelle\u015ftirilebilir \u015fablonumuzla g\u00fcven olu\u015fturun, sorumlu karar vermeyi te\u015fvik edin ve en y\u00fcksek mesleki etik standartlar\u0131n\u0131 koruyun.","inLanguage":"tr","potentialAction":[{"@type":"ReadAction","target":["https:\/\/sales-ai-agents.com\/tr\/templates\/code-of-ethics-2\/"]}]},{"@type":"ImageObject","inLanguage":"tr","@id":"https:\/\/sales-ai-agents.com\/tr\/templates\/code-of-ethics-2\/#primaryimage","url":"https:\/\/sales-ai-agents.com\/wp-content\/uploads\/2023\/05\/Code-of-Ethics-Template.png","contentUrl":"https:\/\/sales-ai-agents.com\/wp-content\/uploads\/2023\/05\/Code-of-Ethics-Template.png","width":1700,"height":1100},{"@type":"WebSite","@id":"https:\/\/sales-ai-agents.com\/#website","url":"https:\/\/sales-ai-agents.com\/","name":"FuseBase","description":"Sales AI Agents - Free Online Collaboration Software for Remote Teams. Build your wikis, client portals and more with the Nimbus Platform collaboration tool ? A perfect space for online work","publisher":{"@id":"https:\/\/sales-ai-agents.com\/#organization"},"potentialAction":[{"@type":"SearchAction","target":{"@type":"EntryPoint","urlTemplate":"https:\/\/sales-ai-agents.com\/?s={search_term_string}"},"query-input":{"@type":"PropertyValueSpecification","valueRequired":true,"valueName":"search_term_string"}}],"inLanguage":"tr"},{"@type":"Organization","@id":"https:\/\/sales-ai-agents.com\/#organization","name":"FuseBase","url":"https:\/\/sales-ai-agents.com\/","logo":{"@type":"ImageObject","inLanguage":"tr","@id":"https:\/\/sales-ai-agents.com\/#\/schema\/logo\/image\/","url":"https:\/\/sales-ai-agents.com\/wp-content\/uploads\/2023\/11\/icon-7.svg","contentUrl":"https:\/\/sales-ai-agents.com\/wp-content\/uploads\/2023\/11\/icon-7.svg","width":128,"height":128,"caption":"FuseBase"},"image":{"@id":"https:\/\/sales-ai-agents.com\/#\/schema\/logo\/image\/"}}]}},"_links":{"self":[{"href":"https:\/\/sales-ai-agents.com\/tr\/wp-json\/wp\/v2\/product\/54469","targetHints":{"allow":["GET"]}}],"collection":[{"href":"https:\/\/sales-ai-agents.com\/tr\/wp-json\/wp\/v2\/product"}],"about":[{"href":"https:\/\/sales-ai-agents.com\/tr\/wp-json\/wp\/v2\/types\/product"}],"wp:featuredmedia":[{"embeddable":true,"href":"https:\/\/sales-ai-agents.com\/tr\/wp-json\/wp\/v2\/media\/54470"}],"wp:attachment":[{"href":"https:\/\/sales-ai-agents.com\/tr\/wp-json\/wp\/v2\/media?parent=54469"}],"wp:term":[{"taxonomy":"product_brand","embeddable":true,"href":"https:\/\/sales-ai-agents.com\/tr\/wp-json\/wp\/v2\/product_brand?post=54469"},{"taxonomy":"product_cat","embeddable":true,"href":"https:\/\/sales-ai-agents.com\/tr\/wp-json\/wp\/v2\/product_cat?post=54469"},{"taxonomy":"product_tag","embeddable":true,"href":"https:\/\/sales-ai-agents.com\/tr\/wp-json\/wp\/v2\/product_tag?post=54469"}],"curies":[{"name":"wp","href":"https:\/\/api.w.org\/{rel}","templated":true}]}}