{"id":54843,"date":"2023-06-08T10:22:41","date_gmt":"2023-06-08T10:22:41","guid":{"rendered":"https:\/\/sales-ai-agents.com\/templates\/standard-operation-procedures\/"},"modified":"2023-09-20T19:21:20","modified_gmt":"2023-09-20T19:21:20","slug":"standard-operation-procedures","status":"publish","type":"product","link":"https:\/\/sales-ai-agents.com\/tr\/templates\/standard-operation-procedures\/","title":{"rendered":"Standart Operasyon Prosed\u00fcrleri"},"content":{"rendered":"<h2>Standart Operasyon Prosed\u00fcrleri \u015eablonu<\/h2>\n<p>\u015eablonumuz finanstan insan kaynaklar\u0131na, pazarlamadan m\u00fc\u015fteri hizmetlerine ve \u00f6tesine kadar \u00e7ok \u00e7e\u015fitli i\u015f operasyonlar\u0131n\u0131 kapsamaktad\u0131r. S\u00fcrecin her ad\u0131m\u0131n\u0131 belgelemenize ve rol ve sorumluluklar\u0131 tan\u0131mlaman\u0131za olanak tan\u0131r. \u00c7al\u0131\u015fanlardan y\u00f6neticilere kadar herkes bu belgeye yol g\u00f6sterici bir kaynak olarak ba\u015fvurarak kurum genelinde tutarl\u0131 ve y\u00fcksek kaliteli performans sa\u011flayabilir.<\/p>\n<p>&nbsp;<\/p>\n<h5 id=\"b3424472210_8888\" class=\"editable-text paragraph indent-0 selected-block selected-block-wrapper\">Nas\u0131l Kullan\u0131l\u0131r?<\/h5>\n<ul id=\"b4013841054_59\" class=\"editor-list number-template-decimal-all\">\n<li id=\"b830703306_4848\" class=\"list-item-bullet editable-text list-item indent-0 selected-block selected-block-wrapper\">Yeni bir pozisyon ekleyin veya alakas\u0131z olanlar\u0131 silin;<\/li>\n<li id=\"b830703306_4904\" class=\"list-item-bullet editable-text list-item indent-0 selected-block selected-block-wrapper\">Tam bir g\u00f6r\u00fcn\u00fcm i\u00e7in istenen belgelerle <a href=\"https:\/\/sales-ai-agents.com\/guides\/basics\/links-in-nimbus-note\/\">\u00e7apraz referans yap\u0131n<\/a>;<\/li>\n<li id=\"b830703306_4985\" class=\"list-item-bullet editable-text list-item indent-0 selected-block selected-block-wrapper\">Gerekirse istedi\u011finiz bloklar\u0131n ba\u011flant\u0131s\u0131n\u0131 payla\u015f\u0131n.<\/li>\n<\/ul>\n","protected":false},"excerpt":{"rendered":"<p>Kurulu\u015funuzun s\u00fcre\u00e7lerini optimize etmeye ve ekibinizin performans\u0131n\u0131 y\u00fckseltmeye haz\u0131r m\u0131s\u0131n\u0131z? Standart Operasyon Prosed\u00fcrleri \u015eablonumuz ile SOP&#8217;lerin g\u00fcc\u00fcn\u00fc ortaya \u00e7\u0131kar\u0131n. \u0130\u015f ak\u0131\u015flar\u0131n\u0131 kolayla\u015ft\u0131r\u0131n, hatalar\u0131 azalt\u0131n ve operasyonel m\u00fckemmellik elde edin. Bug\u00fcn ba\u015flay\u0131n ve \u015firketinizin t\u00fcm potansiyelini ortaya \u00e7\u0131kar\u0131n!<\/p>\n","protected":false},"featured_media":54844,"template":"","meta":{"_acf_changed":false,"inline_featured_image":false},"product_brand":[],"product_cat":[217,218],"product_tag":[],"class_list":{"0":"post-54843","1":"product","2":"type-product","3":"status-publish","4":"has-post-thumbnail","6":"product_cat-entrepreneur","7":"product_cat-operations","8":"collections-onboarding","10":"first","11":"instock","12":"shipping-taxable","13":"product-type-simple"},"acf":[],"yoast_head":"<!-- This site is optimized with the Yoast SEO plugin v25.3.1 - https:\/\/yoast.com\/wordpress\/plugins\/seo\/ -->\n<title>Standart Operasyon Prosed\u00fcrleri \u015eablon - Sales AI Agents<\/title>\n<meta name=\"description\" content=\"Kapsaml\u0131 ve \u00f6zelle\u015ftirilebilir \u015fablonumuzla karma\u015f\u0131k i\u015f ak\u0131\u015flar\u0131n\u0131 basitle\u015ftirin, hatalar\u0131 azalt\u0131n ve ekibinizin performans\u0131n\u0131 y\u00fckseltin.\" \/>\n<meta name=\"robots\" content=\"index, follow, max-snippet:-1, max-image-preview:large, max-video-preview:-1\" \/>\n<link rel=\"canonical\" href=\"https:\/\/sales-ai-agents.com\/tr\/templates\/standard-operation-procedures\/\" \/>\n<meta property=\"og:locale\" content=\"tr_TR\" \/>\n<meta property=\"og:type\" content=\"article\" \/>\n<meta property=\"og:title\" content=\"Standart Operasyon Prosed\u00fcrleri \u015eablon - Sales AI Agents\" \/>\n<meta property=\"og:description\" content=\"Kapsaml\u0131 ve \u00f6zelle\u015ftirilebilir \u015fablonumuzla karma\u015f\u0131k i\u015f ak\u0131\u015flar\u0131n\u0131 basitle\u015ftirin, hatalar\u0131 azalt\u0131n ve ekibinizin performans\u0131n\u0131 y\u00fckseltin.\" \/>\n<meta property=\"og:url\" content=\"https:\/\/sales-ai-agents.com\/tr\/templates\/standard-operation-procedures\/\" \/>\n<meta property=\"og:site_name\" content=\"Sales AI Agents\" \/>\n<meta property=\"article:modified_time\" content=\"2023-09-20T19:21:20+00:00\" \/>\n<meta property=\"og:image\" content=\"https:\/\/sales-ai-agents.com\/wp-content\/uploads\/2023\/05\/Standard-Operation-Procedures-Template.png\" \/>\n\t<meta property=\"og:image:width\" content=\"1700\" \/>\n\t<meta property=\"og:image:height\" content=\"1100\" \/>\n\t<meta property=\"og:image:type\" content=\"image\/png\" \/>\n<meta name=\"twitter:card\" content=\"summary_large_image\" \/>\n<script type=\"application\/ld+json\" class=\"yoast-schema-graph\">{\"@context\":\"https:\/\/schema.org\",\"@graph\":[{\"@type\":\"WebPage\",\"@id\":\"https:\/\/sales-ai-agents.com\/tr\/templates\/standard-operation-procedures\/\",\"url\":\"https:\/\/sales-ai-agents.com\/tr\/templates\/standard-operation-procedures\/\",\"name\":\"Standart Operasyon Prosed\u00fcrleri \u015eablon - Sales AI Agents\",\"isPartOf\":{\"@id\":\"https:\/\/sales-ai-agents.com\/#website\"},\"primaryImageOfPage\":{\"@id\":\"https:\/\/sales-ai-agents.com\/tr\/templates\/standard-operation-procedures\/#primaryimage\"},\"image\":{\"@id\":\"https:\/\/sales-ai-agents.com\/tr\/templates\/standard-operation-procedures\/#primaryimage\"},\"thumbnailUrl\":\"https:\/\/sales-ai-agents.com\/wp-content\/uploads\/2023\/05\/Standard-Operation-Procedures-Template.png\",\"datePublished\":\"2023-06-08T10:22:41+00:00\",\"dateModified\":\"2023-09-20T19:21:20+00:00\",\"description\":\"Kapsaml\u0131 ve \u00f6zelle\u015ftirilebilir \u015fablonumuzla karma\u015f\u0131k i\u015f ak\u0131\u015flar\u0131n\u0131 basitle\u015ftirin, hatalar\u0131 azalt\u0131n ve ekibinizin performans\u0131n\u0131 y\u00fckseltin.\",\"inLanguage\":\"tr\",\"potentialAction\":[{\"@type\":\"ReadAction\",\"target\":[\"https:\/\/sales-ai-agents.com\/tr\/templates\/standard-operation-procedures\/\"]}]},{\"@type\":\"ImageObject\",\"inLanguage\":\"tr\",\"@id\":\"https:\/\/sales-ai-agents.com\/tr\/templates\/standard-operation-procedures\/#primaryimage\",\"url\":\"https:\/\/sales-ai-agents.com\/wp-content\/uploads\/2023\/05\/Standard-Operation-Procedures-Template.png\",\"contentUrl\":\"https:\/\/sales-ai-agents.com\/wp-content\/uploads\/2023\/05\/Standard-Operation-Procedures-Template.png\",\"width\":1700,\"height\":1100},{\"@type\":\"WebSite\",\"@id\":\"https:\/\/sales-ai-agents.com\/#website\",\"url\":\"https:\/\/sales-ai-agents.com\/\",\"name\":\"FuseBase\",\"description\":\"Sales AI Agents - Free Online Collaboration Software for Remote Teams. Build your wikis, client portals and more with the Nimbus Platform collaboration tool ? A perfect space for online work\",\"publisher\":{\"@id\":\"https:\/\/sales-ai-agents.com\/#organization\"},\"potentialAction\":[{\"@type\":\"SearchAction\",\"target\":{\"@type\":\"EntryPoint\",\"urlTemplate\":\"https:\/\/sales-ai-agents.com\/?s={search_term_string}\"},\"query-input\":{\"@type\":\"PropertyValueSpecification\",\"valueRequired\":true,\"valueName\":\"search_term_string\"}}],\"inLanguage\":\"tr\"},{\"@type\":\"Organization\",\"@id\":\"https:\/\/sales-ai-agents.com\/#organization\",\"name\":\"FuseBase\",\"url\":\"https:\/\/sales-ai-agents.com\/\",\"logo\":{\"@type\":\"ImageObject\",\"inLanguage\":\"tr\",\"@id\":\"https:\/\/sales-ai-agents.com\/#\/schema\/logo\/image\/\",\"url\":\"https:\/\/sales-ai-agents.com\/wp-content\/uploads\/2023\/11\/icon-7.svg\",\"contentUrl\":\"https:\/\/sales-ai-agents.com\/wp-content\/uploads\/2023\/11\/icon-7.svg\",\"width\":128,\"height\":128,\"caption\":\"FuseBase\"},\"image\":{\"@id\":\"https:\/\/sales-ai-agents.com\/#\/schema\/logo\/image\/\"}}]}<\/script>\n<!-- \/ Yoast SEO plugin. -->","yoast_head_json":{"title":"Standart Operasyon Prosed\u00fcrleri \u015eablon - Sales AI Agents","description":"Kapsaml\u0131 ve \u00f6zelle\u015ftirilebilir \u015fablonumuzla karma\u015f\u0131k i\u015f ak\u0131\u015flar\u0131n\u0131 basitle\u015ftirin, hatalar\u0131 azalt\u0131n ve ekibinizin performans\u0131n\u0131 y\u00fckseltin.","robots":{"index":"index","follow":"follow","max-snippet":"max-snippet:-1","max-image-preview":"max-image-preview:large","max-video-preview":"max-video-preview:-1"},"canonical":"https:\/\/sales-ai-agents.com\/tr\/templates\/standard-operation-procedures\/","og_locale":"tr_TR","og_type":"article","og_title":"Standart Operasyon Prosed\u00fcrleri \u015eablon - Sales AI Agents","og_description":"Kapsaml\u0131 ve \u00f6zelle\u015ftirilebilir \u015fablonumuzla karma\u015f\u0131k i\u015f ak\u0131\u015flar\u0131n\u0131 basitle\u015ftirin, hatalar\u0131 azalt\u0131n ve ekibinizin performans\u0131n\u0131 y\u00fckseltin.","og_url":"https:\/\/sales-ai-agents.com\/tr\/templates\/standard-operation-procedures\/","og_site_name":"Sales AI Agents","article_modified_time":"2023-09-20T19:21:20+00:00","og_image":[{"width":1700,"height":1100,"url":"https:\/\/sales-ai-agents.com\/wp-content\/uploads\/2023\/05\/Standard-Operation-Procedures-Template.png","type":"image\/png"}],"twitter_card":"summary_large_image","schema":{"@context":"https:\/\/schema.org","@graph":[{"@type":"WebPage","@id":"https:\/\/sales-ai-agents.com\/tr\/templates\/standard-operation-procedures\/","url":"https:\/\/sales-ai-agents.com\/tr\/templates\/standard-operation-procedures\/","name":"Standart Operasyon Prosed\u00fcrleri \u015eablon - Sales AI Agents","isPartOf":{"@id":"https:\/\/sales-ai-agents.com\/#website"},"primaryImageOfPage":{"@id":"https:\/\/sales-ai-agents.com\/tr\/templates\/standard-operation-procedures\/#primaryimage"},"image":{"@id":"https:\/\/sales-ai-agents.com\/tr\/templates\/standard-operation-procedures\/#primaryimage"},"thumbnailUrl":"https:\/\/sales-ai-agents.com\/wp-content\/uploads\/2023\/05\/Standard-Operation-Procedures-Template.png","datePublished":"2023-06-08T10:22:41+00:00","dateModified":"2023-09-20T19:21:20+00:00","description":"Kapsaml\u0131 ve \u00f6zelle\u015ftirilebilir \u015fablonumuzla karma\u015f\u0131k i\u015f ak\u0131\u015flar\u0131n\u0131 basitle\u015ftirin, hatalar\u0131 azalt\u0131n ve ekibinizin performans\u0131n\u0131 y\u00fckseltin.","inLanguage":"tr","potentialAction":[{"@type":"ReadAction","target":["https:\/\/sales-ai-agents.com\/tr\/templates\/standard-operation-procedures\/"]}]},{"@type":"ImageObject","inLanguage":"tr","@id":"https:\/\/sales-ai-agents.com\/tr\/templates\/standard-operation-procedures\/#primaryimage","url":"https:\/\/sales-ai-agents.com\/wp-content\/uploads\/2023\/05\/Standard-Operation-Procedures-Template.png","contentUrl":"https:\/\/sales-ai-agents.com\/wp-content\/uploads\/2023\/05\/Standard-Operation-Procedures-Template.png","width":1700,"height":1100},{"@type":"WebSite","@id":"https:\/\/sales-ai-agents.com\/#website","url":"https:\/\/sales-ai-agents.com\/","name":"FuseBase","description":"Sales AI Agents - Free Online Collaboration Software for Remote Teams. Build your wikis, client portals and more with the Nimbus Platform collaboration tool ? A perfect space for online work","publisher":{"@id":"https:\/\/sales-ai-agents.com\/#organization"},"potentialAction":[{"@type":"SearchAction","target":{"@type":"EntryPoint","urlTemplate":"https:\/\/sales-ai-agents.com\/?s={search_term_string}"},"query-input":{"@type":"PropertyValueSpecification","valueRequired":true,"valueName":"search_term_string"}}],"inLanguage":"tr"},{"@type":"Organization","@id":"https:\/\/sales-ai-agents.com\/#organization","name":"FuseBase","url":"https:\/\/sales-ai-agents.com\/","logo":{"@type":"ImageObject","inLanguage":"tr","@id":"https:\/\/sales-ai-agents.com\/#\/schema\/logo\/image\/","url":"https:\/\/sales-ai-agents.com\/wp-content\/uploads\/2023\/11\/icon-7.svg","contentUrl":"https:\/\/sales-ai-agents.com\/wp-content\/uploads\/2023\/11\/icon-7.svg","width":128,"height":128,"caption":"FuseBase"},"image":{"@id":"https:\/\/sales-ai-agents.com\/#\/schema\/logo\/image\/"}}]}},"_links":{"self":[{"href":"https:\/\/sales-ai-agents.com\/tr\/wp-json\/wp\/v2\/product\/54843","targetHints":{"allow":["GET"]}}],"collection":[{"href":"https:\/\/sales-ai-agents.com\/tr\/wp-json\/wp\/v2\/product"}],"about":[{"href":"https:\/\/sales-ai-agents.com\/tr\/wp-json\/wp\/v2\/types\/product"}],"wp:featuredmedia":[{"embeddable":true,"href":"https:\/\/sales-ai-agents.com\/tr\/wp-json\/wp\/v2\/media\/54844"}],"wp:attachment":[{"href":"https:\/\/sales-ai-agents.com\/tr\/wp-json\/wp\/v2\/media?parent=54843"}],"wp:term":[{"taxonomy":"product_brand","embeddable":true,"href":"https:\/\/sales-ai-agents.com\/tr\/wp-json\/wp\/v2\/product_brand?post=54843"},{"taxonomy":"product_cat","embeddable":true,"href":"https:\/\/sales-ai-agents.com\/tr\/wp-json\/wp\/v2\/product_cat?post=54843"},{"taxonomy":"product_tag","embeddable":true,"href":"https:\/\/sales-ai-agents.com\/tr\/wp-json\/wp\/v2\/product_tag?post=54843"}],"curies":[{"name":"wp","href":"https:\/\/api.w.org\/{rel}","templated":true}]}}