{"id":54848,"date":"2023-06-08T10:17:25","date_gmt":"2023-06-08T10:17:25","guid":{"rendered":"https:\/\/sales-ai-agents.com\/templates\/employee-handbook\/"},"modified":"2023-09-20T19:22:58","modified_gmt":"2023-09-20T19:22:58","slug":"employee-handbook","status":"publish","type":"product","link":"https:\/\/sales-ai-agents.com\/tr\/templates\/employee-handbook\/","title":{"rendered":"\u00c7al\u0131\u015fan El Kitab\u0131"},"content":{"rendered":"<h2>\u00c7al\u0131\u015fan El Kitab\u0131 \u015eablonu<\/h2>\n<p>\u00c7al\u0131\u015fan el kitab\u0131, her b\u00fcy\u00fckl\u00fckteki kurulu\u015f i\u00e7in hayati bir ara\u00e7t\u0131r. T\u00fcm \u00e7al\u0131\u015fanlar i\u00e7in tutarl\u0131 ve adil bir \u00e7er\u00e7eve olu\u015fturarak \u015firket politikalar\u0131n\u0131, prosed\u00fcrlerini, sosyal haklar\u0131 ve beklentileri \u00f6zetleyen merkezi bir kaynak g\u00f6revi g\u00f6r\u00fcr. \u00c7al\u0131\u015fan El Kitab\u0131 \u015eablonumuz, kurulu\u015funuzun benzersiz ihtiya\u00e7lar\u0131na uyacak \u015fekilde \u00f6zelle\u015ftirilebilen kullan\u0131ma haz\u0131r bir temel sa\u011flar. Ki\u015fiselle\u015ftirilmi\u015f ve ilgi \u00e7ekici bir \u00e7al\u0131\u015fan el kitab\u0131 olu\u015fturmak i\u00e7in \u015firketinizin markas\u0131n\u0131, logolar\u0131n\u0131 ve k\u00fclt\u00fcr\u00fcn\u00fc de ekleyebilirsiniz.<\/p>\n<h5><\/h5>\n<h5 id=\"b3424472210_8962\" class=\"editable-text paragraph indent-0 selected-block selected-block-wrapper\">Nas\u0131l Kullan\u0131l\u0131r?<\/h5>\n<ul id=\"b3085061755_1693\" class=\"editor-list number-template-decimal-all\">\n<li id=\"b830703306_7178\" class=\"list-item-bullet editable-text list-item indent-0 selected-block selected-block-wrapper\">Yeni bir pozisyon ekleyin veya alakas\u0131z olanlar\u0131 silin;<\/li>\n<li id=\"b830703306_7234\" class=\"list-item-bullet editable-text list-item indent-0 selected-block selected-block-wrapper\">Tam bir g\u00f6r\u00fcn\u00fcm i\u00e7in istenen belgelerle <a href=\"https:\/\/sales-ai-agents.com\/guides\/basics\/links-in-nimbus-note\/\">\u00e7apraz referans yap\u0131n<\/a>;<\/li>\n<li id=\"b830703306_7315\" class=\"list-item-bullet editable-text list-item indent-0 selected-block selected-block-wrapper\">Gerekirse istedi\u011finiz bloklar\u0131n ba\u011flant\u0131s\u0131n\u0131 payla\u015f\u0131n.<\/li>\n<\/ul>\n","protected":false},"excerpt":{"rendered":"<p>\u00c7al\u0131\u015fan merkezli bir k\u00fclt\u00fcr olu\u015fturmaya ve \u0130K s\u00fcre\u00e7lerinizi kolayla\u015ft\u0131rmaya haz\u0131r m\u0131s\u0131n\u0131z? \u00c7al\u0131\u015fan El Kitab\u0131 \u015eablonumuzun g\u00fcc\u00fcn\u00fc ke\u015ffedin. Olumlu ve \u00fcretken bir \u00e7al\u0131\u015fma ortam\u0131n\u0131 te\u015fvik ederken netli\u011fi, tutarl\u0131l\u0131\u011f\u0131 ve uyumlulu\u011fu geli\u015ftirin. Bug\u00fcn ba\u015flay\u0131n ve \u00e7al\u0131\u015fanlar\u0131n\u0131z\u0131 m\u00fckemmelle\u015fmek i\u00e7in ihtiya\u00e7 duyduklar\u0131 bilgilerle g\u00fc\u00e7lendirin!<\/p>\n","protected":false},"featured_media":54849,"template":"","meta":{"_acf_changed":false,"inline_featured_image":false},"product_brand":[],"product_cat":[218],"product_tag":[],"class_list":{"0":"post-54848","1":"product","2":"type-product","3":"status-publish","4":"has-post-thumbnail","6":"product_cat-operations","7":"collections-onboarding","9":"first","10":"instock","11":"shipping-taxable","12":"product-type-simple"},"acf":[],"yoast_head":"<!-- This site is optimized with the Yoast SEO plugin v25.3.1 - https:\/\/yoast.com\/wordpress\/plugins\/seo\/ -->\n<title>\u00c7al\u0131\u015fan El Kitab\u0131 \u015eablon - Sales AI Agents<\/title>\n<meta name=\"description\" content=\"\u00d6zelle\u015ftirilebilir \u015fablonumuzla \u015firketinizde \u015feffafl\u0131\u011f\u0131, g\u00fcveni ve kar\u015f\u0131l\u0131kl\u0131 sayg\u0131y\u0131 te\u015fvik eden olumlu bir \u00e7al\u0131\u015fma ortam\u0131 olu\u015fturun.\" \/>\n<meta name=\"robots\" content=\"index, follow, max-snippet:-1, max-image-preview:large, max-video-preview:-1\" \/>\n<link rel=\"canonical\" href=\"https:\/\/sales-ai-agents.com\/tr\/templates\/employee-handbook\/\" \/>\n<meta property=\"og:locale\" content=\"tr_TR\" \/>\n<meta property=\"og:type\" content=\"article\" \/>\n<meta property=\"og:title\" content=\"\u00c7al\u0131\u015fan El Kitab\u0131 \u015eablon - Sales AI Agents\" \/>\n<meta property=\"og:description\" content=\"\u00d6zelle\u015ftirilebilir \u015fablonumuzla \u015firketinizde \u015feffafl\u0131\u011f\u0131, g\u00fcveni ve kar\u015f\u0131l\u0131kl\u0131 sayg\u0131y\u0131 te\u015fvik eden olumlu bir \u00e7al\u0131\u015fma ortam\u0131 olu\u015fturun.\" \/>\n<meta property=\"og:url\" content=\"https:\/\/sales-ai-agents.com\/tr\/templates\/employee-handbook\/\" \/>\n<meta property=\"og:site_name\" content=\"Sales AI Agents\" \/>\n<meta property=\"article:modified_time\" content=\"2023-09-20T19:22:58+00:00\" \/>\n<meta property=\"og:image\" content=\"https:\/\/sales-ai-agents.com\/wp-content\/uploads\/2023\/05\/Employee-Handbook-Template.png\" \/>\n\t<meta property=\"og:image:width\" content=\"1700\" \/>\n\t<meta property=\"og:image:height\" content=\"1100\" \/>\n\t<meta property=\"og:image:type\" content=\"image\/png\" \/>\n<meta name=\"twitter:card\" content=\"summary_large_image\" \/>\n<script type=\"application\/ld+json\" class=\"yoast-schema-graph\">{\"@context\":\"https:\/\/schema.org\",\"@graph\":[{\"@type\":\"WebPage\",\"@id\":\"https:\/\/sales-ai-agents.com\/tr\/templates\/employee-handbook\/\",\"url\":\"https:\/\/sales-ai-agents.com\/tr\/templates\/employee-handbook\/\",\"name\":\"\u00c7al\u0131\u015fan El Kitab\u0131 \u015eablon - Sales AI Agents\",\"isPartOf\":{\"@id\":\"https:\/\/sales-ai-agents.com\/#website\"},\"primaryImageOfPage\":{\"@id\":\"https:\/\/sales-ai-agents.com\/tr\/templates\/employee-handbook\/#primaryimage\"},\"image\":{\"@id\":\"https:\/\/sales-ai-agents.com\/tr\/templates\/employee-handbook\/#primaryimage\"},\"thumbnailUrl\":\"https:\/\/sales-ai-agents.com\/wp-content\/uploads\/2023\/05\/Employee-Handbook-Template.png\",\"datePublished\":\"2023-06-08T10:17:25+00:00\",\"dateModified\":\"2023-09-20T19:22:58+00:00\",\"description\":\"\u00d6zelle\u015ftirilebilir \u015fablonumuzla \u015firketinizde \u015feffafl\u0131\u011f\u0131, g\u00fcveni ve kar\u015f\u0131l\u0131kl\u0131 sayg\u0131y\u0131 te\u015fvik eden olumlu bir \u00e7al\u0131\u015fma ortam\u0131 olu\u015fturun.\",\"inLanguage\":\"tr\",\"potentialAction\":[{\"@type\":\"ReadAction\",\"target\":[\"https:\/\/sales-ai-agents.com\/tr\/templates\/employee-handbook\/\"]}]},{\"@type\":\"ImageObject\",\"inLanguage\":\"tr\",\"@id\":\"https:\/\/sales-ai-agents.com\/tr\/templates\/employee-handbook\/#primaryimage\",\"url\":\"https:\/\/sales-ai-agents.com\/wp-content\/uploads\/2023\/05\/Employee-Handbook-Template.png\",\"contentUrl\":\"https:\/\/sales-ai-agents.com\/wp-content\/uploads\/2023\/05\/Employee-Handbook-Template.png\",\"width\":1700,\"height\":1100},{\"@type\":\"WebSite\",\"@id\":\"https:\/\/sales-ai-agents.com\/#website\",\"url\":\"https:\/\/sales-ai-agents.com\/\",\"name\":\"FuseBase\",\"description\":\"Sales AI Agents - Free Online Collaboration Software for Remote Teams. Build your wikis, client portals and more with the Nimbus Platform collaboration tool ? A perfect space for online work\",\"publisher\":{\"@id\":\"https:\/\/sales-ai-agents.com\/#organization\"},\"potentialAction\":[{\"@type\":\"SearchAction\",\"target\":{\"@type\":\"EntryPoint\",\"urlTemplate\":\"https:\/\/sales-ai-agents.com\/?s={search_term_string}\"},\"query-input\":{\"@type\":\"PropertyValueSpecification\",\"valueRequired\":true,\"valueName\":\"search_term_string\"}}],\"inLanguage\":\"tr\"},{\"@type\":\"Organization\",\"@id\":\"https:\/\/sales-ai-agents.com\/#organization\",\"name\":\"FuseBase\",\"url\":\"https:\/\/sales-ai-agents.com\/\",\"logo\":{\"@type\":\"ImageObject\",\"inLanguage\":\"tr\",\"@id\":\"https:\/\/sales-ai-agents.com\/#\/schema\/logo\/image\/\",\"url\":\"https:\/\/sales-ai-agents.com\/wp-content\/uploads\/2023\/11\/icon-7.svg\",\"contentUrl\":\"https:\/\/sales-ai-agents.com\/wp-content\/uploads\/2023\/11\/icon-7.svg\",\"width\":128,\"height\":128,\"caption\":\"FuseBase\"},\"image\":{\"@id\":\"https:\/\/sales-ai-agents.com\/#\/schema\/logo\/image\/\"}}]}<\/script>\n<!-- \/ Yoast SEO plugin. -->","yoast_head_json":{"title":"\u00c7al\u0131\u015fan El Kitab\u0131 \u015eablon - Sales AI Agents","description":"\u00d6zelle\u015ftirilebilir \u015fablonumuzla \u015firketinizde \u015feffafl\u0131\u011f\u0131, g\u00fcveni ve kar\u015f\u0131l\u0131kl\u0131 sayg\u0131y\u0131 te\u015fvik eden olumlu bir \u00e7al\u0131\u015fma ortam\u0131 olu\u015fturun.","robots":{"index":"index","follow":"follow","max-snippet":"max-snippet:-1","max-image-preview":"max-image-preview:large","max-video-preview":"max-video-preview:-1"},"canonical":"https:\/\/sales-ai-agents.com\/tr\/templates\/employee-handbook\/","og_locale":"tr_TR","og_type":"article","og_title":"\u00c7al\u0131\u015fan El Kitab\u0131 \u015eablon - Sales AI Agents","og_description":"\u00d6zelle\u015ftirilebilir \u015fablonumuzla \u015firketinizde \u015feffafl\u0131\u011f\u0131, g\u00fcveni ve kar\u015f\u0131l\u0131kl\u0131 sayg\u0131y\u0131 te\u015fvik eden olumlu bir \u00e7al\u0131\u015fma ortam\u0131 olu\u015fturun.","og_url":"https:\/\/sales-ai-agents.com\/tr\/templates\/employee-handbook\/","og_site_name":"Sales AI Agents","article_modified_time":"2023-09-20T19:22:58+00:00","og_image":[{"width":1700,"height":1100,"url":"https:\/\/sales-ai-agents.com\/wp-content\/uploads\/2023\/05\/Employee-Handbook-Template.png","type":"image\/png"}],"twitter_card":"summary_large_image","schema":{"@context":"https:\/\/schema.org","@graph":[{"@type":"WebPage","@id":"https:\/\/sales-ai-agents.com\/tr\/templates\/employee-handbook\/","url":"https:\/\/sales-ai-agents.com\/tr\/templates\/employee-handbook\/","name":"\u00c7al\u0131\u015fan El Kitab\u0131 \u015eablon - Sales AI Agents","isPartOf":{"@id":"https:\/\/sales-ai-agents.com\/#website"},"primaryImageOfPage":{"@id":"https:\/\/sales-ai-agents.com\/tr\/templates\/employee-handbook\/#primaryimage"},"image":{"@id":"https:\/\/sales-ai-agents.com\/tr\/templates\/employee-handbook\/#primaryimage"},"thumbnailUrl":"https:\/\/sales-ai-agents.com\/wp-content\/uploads\/2023\/05\/Employee-Handbook-Template.png","datePublished":"2023-06-08T10:17:25+00:00","dateModified":"2023-09-20T19:22:58+00:00","description":"\u00d6zelle\u015ftirilebilir \u015fablonumuzla \u015firketinizde \u015feffafl\u0131\u011f\u0131, g\u00fcveni ve kar\u015f\u0131l\u0131kl\u0131 sayg\u0131y\u0131 te\u015fvik eden olumlu bir \u00e7al\u0131\u015fma ortam\u0131 olu\u015fturun.","inLanguage":"tr","potentialAction":[{"@type":"ReadAction","target":["https:\/\/sales-ai-agents.com\/tr\/templates\/employee-handbook\/"]}]},{"@type":"ImageObject","inLanguage":"tr","@id":"https:\/\/sales-ai-agents.com\/tr\/templates\/employee-handbook\/#primaryimage","url":"https:\/\/sales-ai-agents.com\/wp-content\/uploads\/2023\/05\/Employee-Handbook-Template.png","contentUrl":"https:\/\/sales-ai-agents.com\/wp-content\/uploads\/2023\/05\/Employee-Handbook-Template.png","width":1700,"height":1100},{"@type":"WebSite","@id":"https:\/\/sales-ai-agents.com\/#website","url":"https:\/\/sales-ai-agents.com\/","name":"FuseBase","description":"Sales AI Agents - Free Online Collaboration Software for Remote Teams. Build your wikis, client portals and more with the Nimbus Platform collaboration tool ? A perfect space for online work","publisher":{"@id":"https:\/\/sales-ai-agents.com\/#organization"},"potentialAction":[{"@type":"SearchAction","target":{"@type":"EntryPoint","urlTemplate":"https:\/\/sales-ai-agents.com\/?s={search_term_string}"},"query-input":{"@type":"PropertyValueSpecification","valueRequired":true,"valueName":"search_term_string"}}],"inLanguage":"tr"},{"@type":"Organization","@id":"https:\/\/sales-ai-agents.com\/#organization","name":"FuseBase","url":"https:\/\/sales-ai-agents.com\/","logo":{"@type":"ImageObject","inLanguage":"tr","@id":"https:\/\/sales-ai-agents.com\/#\/schema\/logo\/image\/","url":"https:\/\/sales-ai-agents.com\/wp-content\/uploads\/2023\/11\/icon-7.svg","contentUrl":"https:\/\/sales-ai-agents.com\/wp-content\/uploads\/2023\/11\/icon-7.svg","width":128,"height":128,"caption":"FuseBase"},"image":{"@id":"https:\/\/sales-ai-agents.com\/#\/schema\/logo\/image\/"}}]}},"_links":{"self":[{"href":"https:\/\/sales-ai-agents.com\/tr\/wp-json\/wp\/v2\/product\/54848","targetHints":{"allow":["GET"]}}],"collection":[{"href":"https:\/\/sales-ai-agents.com\/tr\/wp-json\/wp\/v2\/product"}],"about":[{"href":"https:\/\/sales-ai-agents.com\/tr\/wp-json\/wp\/v2\/types\/product"}],"wp:featuredmedia":[{"embeddable":true,"href":"https:\/\/sales-ai-agents.com\/tr\/wp-json\/wp\/v2\/media\/54849"}],"wp:attachment":[{"href":"https:\/\/sales-ai-agents.com\/tr\/wp-json\/wp\/v2\/media?parent=54848"}],"wp:term":[{"taxonomy":"product_brand","embeddable":true,"href":"https:\/\/sales-ai-agents.com\/tr\/wp-json\/wp\/v2\/product_brand?post=54848"},{"taxonomy":"product_cat","embeddable":true,"href":"https:\/\/sales-ai-agents.com\/tr\/wp-json\/wp\/v2\/product_cat?post=54848"},{"taxonomy":"product_tag","embeddable":true,"href":"https:\/\/sales-ai-agents.com\/tr\/wp-json\/wp\/v2\/product_tag?post=54848"}],"curies":[{"name":"wp","href":"https:\/\/api.w.org\/{rel}","templated":true}]}}