{"id":55028,"date":"2023-06-08T09:57:38","date_gmt":"2023-06-08T09:57:38","guid":{"rendered":"https:\/\/sales-ai-agents.com\/templates\/bylaws\/"},"modified":"2023-11-30T11:33:48","modified_gmt":"2023-11-30T11:33:48","slug":"bylaws","status":"publish","type":"product","link":"https:\/\/sales-ai-agents.com\/tr\/templates\/bylaws\/","title":{"rendered":"Y\u00f6netmelikler"},"content":{"rendered":"<h2>Y\u00f6netmelik \u015eablonu<\/h2>\n<p>Y\u00f6netmelikler her kurulu\u015fun temelini olu\u015fturur ve kurulu\u015fun yap\u0131s\u0131n\u0131, sorumluluklar\u0131n\u0131 ve faaliyetlerini d\u00fczenleyen prosed\u00fcrleri ana hatlar\u0131yla belirleyen bir \u00e7er\u00e7eve sunar. Sezgisel \u015fablonumuz y\u00f6netim kurulu \u00fcyeleri, memurlar ve di\u011fer payda\u015flar\u0131n y\u00f6netmeliklere eri\u015fmesini ve bunlar\u0131 anlamas\u0131n\u0131 kolayla\u015ft\u0131r\u0131r. Kurumunuza kat\u0131ld\u0131klar\u0131 andan itibaren, rollerini ve sorumluluklar\u0131n\u0131 \u00f6zetleyen kapsaml\u0131 bir rehbere sahip olacaklard\u0131r.<\/p>\n<h5><\/h5>\n<h5 id=\"b3424472210_9045\" class=\"editable-text paragraph indent-0 selected-block selected-block-wrapper\">Nas\u0131l Kullan\u0131l\u0131r?<\/h5>\n<ul id=\"b3458500245_1134\" class=\"editor-list number-template-decimal-all\">\n<li id=\"b3458500245_1140\" class=\"list-item-bullet editable-text list-item indent-0 selected-block selected-block-wrapper\">Kurulu\u015funuz hakk\u0131nda ilgili bilgileri ekleyin;<\/li>\n<li id=\"b3458500245_1204\" class=\"list-item-bullet editable-text list-item indent-0 selected-block selected-block-wrapper\"><a href=\"https:\/\/sales-ai-agents.com\/guides\/settings\/how-to-export-notes-to-html-or-pdf\/\" target=\"_blank\" rel=\"noopener\">.pdf olarak kaydedin<\/a> ve ihtiya\u00e7 halinde bu belgeyi g\u00f6nderin.<\/li>\n<\/ul>\n","protected":false},"excerpt":{"rendered":"<p>Karar alma s\u00fcrecini kolayla\u015ft\u0131r\u0131n, uyumlulu\u011fu sa\u011flay\u0131n ve kurulu\u015funuzun faaliyetlerinde \u015feffafl\u0131\u011f\u0131 te\u015fvik edin. Bug\u00fcn ba\u015flay\u0131n ve iyi yap\u0131land\u0131r\u0131lm\u0131\u015f ve ba\u015far\u0131l\u0131 bir organizasyon i\u00e7in zemin haz\u0131rlay\u0131n!<\/p>\n","protected":false},"featured_media":55029,"template":"","meta":{"_acf_changed":false,"inline_featured_image":false},"product_brand":[],"product_cat":[218],"product_tag":[],"class_list":{"0":"post-55028","1":"product","2":"type-product","3":"status-publish","4":"has-post-thumbnail","6":"product_cat-operations","7":"collections-onboarding","9":"first","10":"instock","11":"shipping-taxable","12":"product-type-simple"},"acf":[],"yoast_head":"<!-- This site is optimized with the Yoast SEO plugin v25.3.1 - https:\/\/yoast.com\/wordpress\/plugins\/seo\/ -->\n<title>Y\u00f6netmelikler \u015eablon - Sales AI Agents<\/title>\n<meta name=\"description\" content=\"Nimbus \u015fablonu ile kurumunuzda hesap verebilirli\u011fi, verimlili\u011fi ve adaleti te\u015fvik eden sa\u011flam bir y\u00f6neti\u015fim yap\u0131s\u0131 olu\u015fturun!\" \/>\n<meta name=\"robots\" content=\"index, follow, max-snippet:-1, max-image-preview:large, max-video-preview:-1\" \/>\n<link rel=\"canonical\" href=\"https:\/\/sales-ai-agents.com\/tr\/templates\/bylaws\/\" \/>\n<meta property=\"og:locale\" content=\"tr_TR\" \/>\n<meta property=\"og:type\" content=\"article\" \/>\n<meta property=\"og:title\" content=\"Y\u00f6netmelikler \u015eablon - Sales AI Agents\" \/>\n<meta property=\"og:description\" content=\"Nimbus \u015fablonu ile kurumunuzda hesap verebilirli\u011fi, verimlili\u011fi ve adaleti te\u015fvik eden sa\u011flam bir y\u00f6neti\u015fim yap\u0131s\u0131 olu\u015fturun!\" \/>\n<meta property=\"og:url\" content=\"https:\/\/sales-ai-agents.com\/tr\/templates\/bylaws\/\" \/>\n<meta property=\"og:site_name\" content=\"Sales AI Agents\" \/>\n<meta property=\"article:modified_time\" content=\"2023-11-30T11:33:48+00:00\" \/>\n<meta property=\"og:image\" content=\"https:\/\/sales-ai-agents.com\/wp-content\/uploads\/2023\/05\/Bylaws-Template.png\" \/>\n\t<meta property=\"og:image:width\" content=\"1700\" \/>\n\t<meta property=\"og:image:height\" content=\"1100\" \/>\n\t<meta property=\"og:image:type\" content=\"image\/png\" \/>\n<meta name=\"twitter:card\" content=\"summary_large_image\" \/>\n<script type=\"application\/ld+json\" class=\"yoast-schema-graph\">{\"@context\":\"https:\/\/schema.org\",\"@graph\":[{\"@type\":\"WebPage\",\"@id\":\"https:\/\/sales-ai-agents.com\/tr\/templates\/bylaws\/\",\"url\":\"https:\/\/sales-ai-agents.com\/tr\/templates\/bylaws\/\",\"name\":\"Y\u00f6netmelikler \u015eablon - Sales AI Agents\",\"isPartOf\":{\"@id\":\"https:\/\/sales-ai-agents.com\/#website\"},\"primaryImageOfPage\":{\"@id\":\"https:\/\/sales-ai-agents.com\/tr\/templates\/bylaws\/#primaryimage\"},\"image\":{\"@id\":\"https:\/\/sales-ai-agents.com\/tr\/templates\/bylaws\/#primaryimage\"},\"thumbnailUrl\":\"https:\/\/sales-ai-agents.com\/wp-content\/uploads\/2023\/05\/Bylaws-Template.png\",\"datePublished\":\"2023-06-08T09:57:38+00:00\",\"dateModified\":\"2023-11-30T11:33:48+00:00\",\"description\":\"Nimbus \u015fablonu ile kurumunuzda hesap verebilirli\u011fi, verimlili\u011fi ve adaleti te\u015fvik eden sa\u011flam bir y\u00f6neti\u015fim yap\u0131s\u0131 olu\u015fturun!\",\"inLanguage\":\"tr\",\"potentialAction\":[{\"@type\":\"ReadAction\",\"target\":[\"https:\/\/sales-ai-agents.com\/tr\/templates\/bylaws\/\"]}]},{\"@type\":\"ImageObject\",\"inLanguage\":\"tr\",\"@id\":\"https:\/\/sales-ai-agents.com\/tr\/templates\/bylaws\/#primaryimage\",\"url\":\"https:\/\/sales-ai-agents.com\/wp-content\/uploads\/2023\/05\/Bylaws-Template.png\",\"contentUrl\":\"https:\/\/sales-ai-agents.com\/wp-content\/uploads\/2023\/05\/Bylaws-Template.png\",\"width\":1700,\"height\":1100},{\"@type\":\"WebSite\",\"@id\":\"https:\/\/sales-ai-agents.com\/#website\",\"url\":\"https:\/\/sales-ai-agents.com\/\",\"name\":\"FuseBase\",\"description\":\"Sales AI Agents - Free Online Collaboration Software for Remote Teams. Build your wikis, client portals and more with the Nimbus Platform collaboration tool ? A perfect space for online work\",\"publisher\":{\"@id\":\"https:\/\/sales-ai-agents.com\/#organization\"},\"potentialAction\":[{\"@type\":\"SearchAction\",\"target\":{\"@type\":\"EntryPoint\",\"urlTemplate\":\"https:\/\/sales-ai-agents.com\/?s={search_term_string}\"},\"query-input\":{\"@type\":\"PropertyValueSpecification\",\"valueRequired\":true,\"valueName\":\"search_term_string\"}}],\"inLanguage\":\"tr\"},{\"@type\":\"Organization\",\"@id\":\"https:\/\/sales-ai-agents.com\/#organization\",\"name\":\"FuseBase\",\"url\":\"https:\/\/sales-ai-agents.com\/\",\"logo\":{\"@type\":\"ImageObject\",\"inLanguage\":\"tr\",\"@id\":\"https:\/\/sales-ai-agents.com\/#\/schema\/logo\/image\/\",\"url\":\"https:\/\/sales-ai-agents.com\/wp-content\/uploads\/2023\/11\/icon-7.svg\",\"contentUrl\":\"https:\/\/sales-ai-agents.com\/wp-content\/uploads\/2023\/11\/icon-7.svg\",\"width\":128,\"height\":128,\"caption\":\"FuseBase\"},\"image\":{\"@id\":\"https:\/\/sales-ai-agents.com\/#\/schema\/logo\/image\/\"}}]}<\/script>\n<!-- \/ Yoast SEO plugin. -->","yoast_head_json":{"title":"Y\u00f6netmelikler \u015eablon - Sales AI Agents","description":"Nimbus \u015fablonu ile kurumunuzda hesap verebilirli\u011fi, verimlili\u011fi ve adaleti te\u015fvik eden sa\u011flam bir y\u00f6neti\u015fim yap\u0131s\u0131 olu\u015fturun!","robots":{"index":"index","follow":"follow","max-snippet":"max-snippet:-1","max-image-preview":"max-image-preview:large","max-video-preview":"max-video-preview:-1"},"canonical":"https:\/\/sales-ai-agents.com\/tr\/templates\/bylaws\/","og_locale":"tr_TR","og_type":"article","og_title":"Y\u00f6netmelikler \u015eablon - Sales AI Agents","og_description":"Nimbus \u015fablonu ile kurumunuzda hesap verebilirli\u011fi, verimlili\u011fi ve adaleti te\u015fvik eden sa\u011flam bir y\u00f6neti\u015fim yap\u0131s\u0131 olu\u015fturun!","og_url":"https:\/\/sales-ai-agents.com\/tr\/templates\/bylaws\/","og_site_name":"Sales AI Agents","article_modified_time":"2023-11-30T11:33:48+00:00","og_image":[{"width":1700,"height":1100,"url":"https:\/\/sales-ai-agents.com\/wp-content\/uploads\/2023\/05\/Bylaws-Template.png","type":"image\/png"}],"twitter_card":"summary_large_image","schema":{"@context":"https:\/\/schema.org","@graph":[{"@type":"WebPage","@id":"https:\/\/sales-ai-agents.com\/tr\/templates\/bylaws\/","url":"https:\/\/sales-ai-agents.com\/tr\/templates\/bylaws\/","name":"Y\u00f6netmelikler \u015eablon - Sales AI Agents","isPartOf":{"@id":"https:\/\/sales-ai-agents.com\/#website"},"primaryImageOfPage":{"@id":"https:\/\/sales-ai-agents.com\/tr\/templates\/bylaws\/#primaryimage"},"image":{"@id":"https:\/\/sales-ai-agents.com\/tr\/templates\/bylaws\/#primaryimage"},"thumbnailUrl":"https:\/\/sales-ai-agents.com\/wp-content\/uploads\/2023\/05\/Bylaws-Template.png","datePublished":"2023-06-08T09:57:38+00:00","dateModified":"2023-11-30T11:33:48+00:00","description":"Nimbus \u015fablonu ile kurumunuzda hesap verebilirli\u011fi, verimlili\u011fi ve adaleti te\u015fvik eden sa\u011flam bir y\u00f6neti\u015fim yap\u0131s\u0131 olu\u015fturun!","inLanguage":"tr","potentialAction":[{"@type":"ReadAction","target":["https:\/\/sales-ai-agents.com\/tr\/templates\/bylaws\/"]}]},{"@type":"ImageObject","inLanguage":"tr","@id":"https:\/\/sales-ai-agents.com\/tr\/templates\/bylaws\/#primaryimage","url":"https:\/\/sales-ai-agents.com\/wp-content\/uploads\/2023\/05\/Bylaws-Template.png","contentUrl":"https:\/\/sales-ai-agents.com\/wp-content\/uploads\/2023\/05\/Bylaws-Template.png","width":1700,"height":1100},{"@type":"WebSite","@id":"https:\/\/sales-ai-agents.com\/#website","url":"https:\/\/sales-ai-agents.com\/","name":"FuseBase","description":"Sales AI Agents - Free Online Collaboration Software for Remote Teams. Build your wikis, client portals and more with the Nimbus Platform collaboration tool ? A perfect space for online work","publisher":{"@id":"https:\/\/sales-ai-agents.com\/#organization"},"potentialAction":[{"@type":"SearchAction","target":{"@type":"EntryPoint","urlTemplate":"https:\/\/sales-ai-agents.com\/?s={search_term_string}"},"query-input":{"@type":"PropertyValueSpecification","valueRequired":true,"valueName":"search_term_string"}}],"inLanguage":"tr"},{"@type":"Organization","@id":"https:\/\/sales-ai-agents.com\/#organization","name":"FuseBase","url":"https:\/\/sales-ai-agents.com\/","logo":{"@type":"ImageObject","inLanguage":"tr","@id":"https:\/\/sales-ai-agents.com\/#\/schema\/logo\/image\/","url":"https:\/\/sales-ai-agents.com\/wp-content\/uploads\/2023\/11\/icon-7.svg","contentUrl":"https:\/\/sales-ai-agents.com\/wp-content\/uploads\/2023\/11\/icon-7.svg","width":128,"height":128,"caption":"FuseBase"},"image":{"@id":"https:\/\/sales-ai-agents.com\/#\/schema\/logo\/image\/"}}]}},"_links":{"self":[{"href":"https:\/\/sales-ai-agents.com\/tr\/wp-json\/wp\/v2\/product\/55028","targetHints":{"allow":["GET"]}}],"collection":[{"href":"https:\/\/sales-ai-agents.com\/tr\/wp-json\/wp\/v2\/product"}],"about":[{"href":"https:\/\/sales-ai-agents.com\/tr\/wp-json\/wp\/v2\/types\/product"}],"wp:featuredmedia":[{"embeddable":true,"href":"https:\/\/sales-ai-agents.com\/tr\/wp-json\/wp\/v2\/media\/55029"}],"wp:attachment":[{"href":"https:\/\/sales-ai-agents.com\/tr\/wp-json\/wp\/v2\/media?parent=55028"}],"wp:term":[{"taxonomy":"product_brand","embeddable":true,"href":"https:\/\/sales-ai-agents.com\/tr\/wp-json\/wp\/v2\/product_brand?post=55028"},{"taxonomy":"product_cat","embeddable":true,"href":"https:\/\/sales-ai-agents.com\/tr\/wp-json\/wp\/v2\/product_cat?post=55028"},{"taxonomy":"product_tag","embeddable":true,"href":"https:\/\/sales-ai-agents.com\/tr\/wp-json\/wp\/v2\/product_tag?post=55028"}],"curies":[{"name":"wp","href":"https:\/\/api.w.org\/{rel}","templated":true}]}}