{"id":55031,"date":"2023-06-08T09:26:15","date_gmt":"2023-06-08T09:26:15","guid":{"rendered":"https:\/\/sales-ai-agents.com\/templates\/articles-of-incorporation\/"},"modified":"2023-11-30T11:36:10","modified_gmt":"2023-11-30T11:36:10","slug":"articles-of-incorporation","status":"publish","type":"product","link":"https:\/\/sales-ai-agents.com\/tr\/templates\/articles-of-incorporation\/","title":{"rendered":"Ana S\u00f6zle\u015fme"},"content":{"rendered":"<h2 id=\"b3424472210_9115\" class=\"editable-text paragraph indent-0 allow-dragging focused-block selected-block selected-block-wrapper\">Ana S\u00f6zle\u015fme \u015eablonu<\/h2>\n<p>Bu Nimbus \u015fablonu ile ticari varl\u0131\u011f\u0131n\u0131z\u0131 resmile\u015ftirin ve g\u00fc\u00e7l\u00fc bir yasal temel olu\u015fturun. \u015eablonumuz, kurulu\u015funuzun ad\u0131 ve amac\u0131, kay\u0131tl\u0131 temsilci, hisse say\u0131s\u0131 ve t\u00fcrleri ve daha fazlas\u0131 gibi \u00f6nemli unsurlar\u0131 kapsar. S\u00fcreci basitle\u015ftirin ve en \u00f6nemli \u015feye odaklan\u0131n &#8211; Nimbus Platform ile i\u015finizi kurun ve b\u00fcy\u00fct\u00fcn.<\/p>\n<p>&nbsp;<\/p>\n<h5 id=\"b3424472210_9128\" class=\"editable-text paragraph indent-0 selected-block selected-block-wrapper\">Nas\u0131l Kullan\u0131l\u0131r?<\/h5>\n<ul id=\"b3458500245_2698\" class=\"editor-list number-template-decimal-all\">\n<li id=\"b830703306_9006\" class=\"list-item-bullet editable-text list-item indent-0 selected-block selected-block-wrapper\">Kurulu\u015funuz hakk\u0131nda ilgili bilgileri ekleyin;<\/li>\n<li id=\"b830703306_9066\" class=\"list-item-bullet editable-text list-item indent-0 selected-block selected-block-wrapper\"><a href=\"https:\/\/sales-ai-agents.com\/guides\/settings\/how-to-export-notes-to-html-or-pdf\/\" target=\"_blank\" rel=\"noopener\">.pdf olarak kaydedin<\/a> ve gerekirse bu belgeyi g\u00f6nderin.<\/li>\n<\/ul>\n","protected":false},"excerpt":{"rendered":"<div id=\"b3458500245_1500\" class=\"editable-text paragraph indent-0 allow-dragging focused-block\">Bir i\u015fe ba\u015flarken, Ana S\u00f6zle\u015fme, kurulu\u015funuzu ayr\u0131 bir t\u00fczel ki\u015filik olarak kuran temel yasal belgelerdir. \u015eablonumuz, s\u00fcre\u00e7 boyunca size rehberlik ederek zamandan ve emekten tasarruf etmenizi sa\u011flayan kullan\u0131ma haz\u0131r bir \u00e7er\u00e7eve sunar.<\/div>\n","protected":false},"featured_media":55032,"template":"","meta":{"_acf_changed":false,"inline_featured_image":false},"product_brand":[],"product_cat":[218],"product_tag":[],"class_list":{"0":"post-55031","1":"product","2":"type-product","3":"status-publish","4":"has-post-thumbnail","6":"product_cat-operations","7":"collections-onboarding","9":"first","10":"instock","11":"shipping-taxable","12":"product-type-simple"},"acf":[],"yoast_head":"<!-- This site is optimized with the Yoast SEO plugin v25.3.1 - https:\/\/yoast.com\/wordpress\/plugins\/seo\/ -->\n<title>Ana S\u00f6zle\u015fme \u015eablon - Sales AI Agents<\/title>\n<meta name=\"description\" content=\"Yeni kullan\u0131\u015fl\u0131 \u015fablonumuzla varl\u0131klar\u0131n\u0131z\u0131 koruyun ve resmi i\u015f yap\u0131s\u0131n\u0131n ve yasal koruman\u0131n avantajlar\u0131n\u0131 elde edin.\" \/>\n<meta name=\"robots\" content=\"index, follow, max-snippet:-1, max-image-preview:large, max-video-preview:-1\" \/>\n<link rel=\"canonical\" href=\"https:\/\/sales-ai-agents.com\/tr\/templates\/articles-of-incorporation\/\" \/>\n<meta property=\"og:locale\" content=\"tr_TR\" \/>\n<meta property=\"og:type\" content=\"article\" \/>\n<meta property=\"og:title\" content=\"Ana S\u00f6zle\u015fme \u015eablon - Sales AI Agents\" \/>\n<meta property=\"og:description\" content=\"Yeni kullan\u0131\u015fl\u0131 \u015fablonumuzla varl\u0131klar\u0131n\u0131z\u0131 koruyun ve resmi i\u015f yap\u0131s\u0131n\u0131n ve yasal koruman\u0131n avantajlar\u0131n\u0131 elde edin.\" \/>\n<meta property=\"og:url\" content=\"https:\/\/sales-ai-agents.com\/tr\/templates\/articles-of-incorporation\/\" \/>\n<meta property=\"og:site_name\" content=\"Sales AI Agents\" \/>\n<meta property=\"article:modified_time\" content=\"2023-11-30T11:36:10+00:00\" \/>\n<meta property=\"og:image\" content=\"https:\/\/sales-ai-agents.com\/wp-content\/uploads\/2023\/06\/Articles-of-Incorporation-Template.png\" \/>\n\t<meta property=\"og:image:width\" content=\"1700\" \/>\n\t<meta property=\"og:image:height\" content=\"1100\" \/>\n\t<meta property=\"og:image:type\" content=\"image\/png\" \/>\n<meta name=\"twitter:card\" content=\"summary_large_image\" \/>\n<script type=\"application\/ld+json\" class=\"yoast-schema-graph\">{\"@context\":\"https:\/\/schema.org\",\"@graph\":[{\"@type\":\"WebPage\",\"@id\":\"https:\/\/sales-ai-agents.com\/tr\/templates\/articles-of-incorporation\/\",\"url\":\"https:\/\/sales-ai-agents.com\/tr\/templates\/articles-of-incorporation\/\",\"name\":\"Ana S\u00f6zle\u015fme \u015eablon - Sales AI Agents\",\"isPartOf\":{\"@id\":\"https:\/\/sales-ai-agents.com\/#website\"},\"primaryImageOfPage\":{\"@id\":\"https:\/\/sales-ai-agents.com\/tr\/templates\/articles-of-incorporation\/#primaryimage\"},\"image\":{\"@id\":\"https:\/\/sales-ai-agents.com\/tr\/templates\/articles-of-incorporation\/#primaryimage\"},\"thumbnailUrl\":\"https:\/\/sales-ai-agents.com\/wp-content\/uploads\/2023\/06\/Articles-of-Incorporation-Template.png\",\"datePublished\":\"2023-06-08T09:26:15+00:00\",\"dateModified\":\"2023-11-30T11:36:10+00:00\",\"description\":\"Yeni kullan\u0131\u015fl\u0131 \u015fablonumuzla varl\u0131klar\u0131n\u0131z\u0131 koruyun ve resmi i\u015f yap\u0131s\u0131n\u0131n ve yasal koruman\u0131n avantajlar\u0131n\u0131 elde edin.\",\"inLanguage\":\"tr\",\"potentialAction\":[{\"@type\":\"ReadAction\",\"target\":[\"https:\/\/sales-ai-agents.com\/tr\/templates\/articles-of-incorporation\/\"]}]},{\"@type\":\"ImageObject\",\"inLanguage\":\"tr\",\"@id\":\"https:\/\/sales-ai-agents.com\/tr\/templates\/articles-of-incorporation\/#primaryimage\",\"url\":\"https:\/\/sales-ai-agents.com\/wp-content\/uploads\/2023\/06\/Articles-of-Incorporation-Template.png\",\"contentUrl\":\"https:\/\/sales-ai-agents.com\/wp-content\/uploads\/2023\/06\/Articles-of-Incorporation-Template.png\",\"width\":1700,\"height\":1100},{\"@type\":\"WebSite\",\"@id\":\"https:\/\/sales-ai-agents.com\/#website\",\"url\":\"https:\/\/sales-ai-agents.com\/\",\"name\":\"FuseBase\",\"description\":\"Sales AI Agents - Free Online Collaboration Software for Remote Teams. Build your wikis, client portals and more with the Nimbus Platform collaboration tool ? A perfect space for online work\",\"publisher\":{\"@id\":\"https:\/\/sales-ai-agents.com\/#organization\"},\"potentialAction\":[{\"@type\":\"SearchAction\",\"target\":{\"@type\":\"EntryPoint\",\"urlTemplate\":\"https:\/\/sales-ai-agents.com\/?s={search_term_string}\"},\"query-input\":{\"@type\":\"PropertyValueSpecification\",\"valueRequired\":true,\"valueName\":\"search_term_string\"}}],\"inLanguage\":\"tr\"},{\"@type\":\"Organization\",\"@id\":\"https:\/\/sales-ai-agents.com\/#organization\",\"name\":\"FuseBase\",\"url\":\"https:\/\/sales-ai-agents.com\/\",\"logo\":{\"@type\":\"ImageObject\",\"inLanguage\":\"tr\",\"@id\":\"https:\/\/sales-ai-agents.com\/#\/schema\/logo\/image\/\",\"url\":\"https:\/\/sales-ai-agents.com\/wp-content\/uploads\/2023\/11\/icon-7.svg\",\"contentUrl\":\"https:\/\/sales-ai-agents.com\/wp-content\/uploads\/2023\/11\/icon-7.svg\",\"width\":128,\"height\":128,\"caption\":\"FuseBase\"},\"image\":{\"@id\":\"https:\/\/sales-ai-agents.com\/#\/schema\/logo\/image\/\"}}]}<\/script>\n<!-- \/ Yoast SEO plugin. -->","yoast_head_json":{"title":"Ana S\u00f6zle\u015fme \u015eablon - Sales AI Agents","description":"Yeni kullan\u0131\u015fl\u0131 \u015fablonumuzla varl\u0131klar\u0131n\u0131z\u0131 koruyun ve resmi i\u015f yap\u0131s\u0131n\u0131n ve yasal koruman\u0131n avantajlar\u0131n\u0131 elde edin.","robots":{"index":"index","follow":"follow","max-snippet":"max-snippet:-1","max-image-preview":"max-image-preview:large","max-video-preview":"max-video-preview:-1"},"canonical":"https:\/\/sales-ai-agents.com\/tr\/templates\/articles-of-incorporation\/","og_locale":"tr_TR","og_type":"article","og_title":"Ana S\u00f6zle\u015fme \u015eablon - Sales AI Agents","og_description":"Yeni kullan\u0131\u015fl\u0131 \u015fablonumuzla varl\u0131klar\u0131n\u0131z\u0131 koruyun ve resmi i\u015f yap\u0131s\u0131n\u0131n ve yasal koruman\u0131n avantajlar\u0131n\u0131 elde edin.","og_url":"https:\/\/sales-ai-agents.com\/tr\/templates\/articles-of-incorporation\/","og_site_name":"Sales AI Agents","article_modified_time":"2023-11-30T11:36:10+00:00","og_image":[{"width":1700,"height":1100,"url":"https:\/\/sales-ai-agents.com\/wp-content\/uploads\/2023\/06\/Articles-of-Incorporation-Template.png","type":"image\/png"}],"twitter_card":"summary_large_image","schema":{"@context":"https:\/\/schema.org","@graph":[{"@type":"WebPage","@id":"https:\/\/sales-ai-agents.com\/tr\/templates\/articles-of-incorporation\/","url":"https:\/\/sales-ai-agents.com\/tr\/templates\/articles-of-incorporation\/","name":"Ana S\u00f6zle\u015fme \u015eablon - Sales AI Agents","isPartOf":{"@id":"https:\/\/sales-ai-agents.com\/#website"},"primaryImageOfPage":{"@id":"https:\/\/sales-ai-agents.com\/tr\/templates\/articles-of-incorporation\/#primaryimage"},"image":{"@id":"https:\/\/sales-ai-agents.com\/tr\/templates\/articles-of-incorporation\/#primaryimage"},"thumbnailUrl":"https:\/\/sales-ai-agents.com\/wp-content\/uploads\/2023\/06\/Articles-of-Incorporation-Template.png","datePublished":"2023-06-08T09:26:15+00:00","dateModified":"2023-11-30T11:36:10+00:00","description":"Yeni kullan\u0131\u015fl\u0131 \u015fablonumuzla varl\u0131klar\u0131n\u0131z\u0131 koruyun ve resmi i\u015f yap\u0131s\u0131n\u0131n ve yasal koruman\u0131n avantajlar\u0131n\u0131 elde edin.","inLanguage":"tr","potentialAction":[{"@type":"ReadAction","target":["https:\/\/sales-ai-agents.com\/tr\/templates\/articles-of-incorporation\/"]}]},{"@type":"ImageObject","inLanguage":"tr","@id":"https:\/\/sales-ai-agents.com\/tr\/templates\/articles-of-incorporation\/#primaryimage","url":"https:\/\/sales-ai-agents.com\/wp-content\/uploads\/2023\/06\/Articles-of-Incorporation-Template.png","contentUrl":"https:\/\/sales-ai-agents.com\/wp-content\/uploads\/2023\/06\/Articles-of-Incorporation-Template.png","width":1700,"height":1100},{"@type":"WebSite","@id":"https:\/\/sales-ai-agents.com\/#website","url":"https:\/\/sales-ai-agents.com\/","name":"FuseBase","description":"Sales AI Agents - Free Online Collaboration Software for Remote Teams. Build your wikis, client portals and more with the Nimbus Platform collaboration tool ? A perfect space for online work","publisher":{"@id":"https:\/\/sales-ai-agents.com\/#organization"},"potentialAction":[{"@type":"SearchAction","target":{"@type":"EntryPoint","urlTemplate":"https:\/\/sales-ai-agents.com\/?s={search_term_string}"},"query-input":{"@type":"PropertyValueSpecification","valueRequired":true,"valueName":"search_term_string"}}],"inLanguage":"tr"},{"@type":"Organization","@id":"https:\/\/sales-ai-agents.com\/#organization","name":"FuseBase","url":"https:\/\/sales-ai-agents.com\/","logo":{"@type":"ImageObject","inLanguage":"tr","@id":"https:\/\/sales-ai-agents.com\/#\/schema\/logo\/image\/","url":"https:\/\/sales-ai-agents.com\/wp-content\/uploads\/2023\/11\/icon-7.svg","contentUrl":"https:\/\/sales-ai-agents.com\/wp-content\/uploads\/2023\/11\/icon-7.svg","width":128,"height":128,"caption":"FuseBase"},"image":{"@id":"https:\/\/sales-ai-agents.com\/#\/schema\/logo\/image\/"}}]}},"_links":{"self":[{"href":"https:\/\/sales-ai-agents.com\/tr\/wp-json\/wp\/v2\/product\/55031","targetHints":{"allow":["GET"]}}],"collection":[{"href":"https:\/\/sales-ai-agents.com\/tr\/wp-json\/wp\/v2\/product"}],"about":[{"href":"https:\/\/sales-ai-agents.com\/tr\/wp-json\/wp\/v2\/types\/product"}],"wp:featuredmedia":[{"embeddable":true,"href":"https:\/\/sales-ai-agents.com\/tr\/wp-json\/wp\/v2\/media\/55032"}],"wp:attachment":[{"href":"https:\/\/sales-ai-agents.com\/tr\/wp-json\/wp\/v2\/media?parent=55031"}],"wp:term":[{"taxonomy":"product_brand","embeddable":true,"href":"https:\/\/sales-ai-agents.com\/tr\/wp-json\/wp\/v2\/product_brand?post=55031"},{"taxonomy":"product_cat","embeddable":true,"href":"https:\/\/sales-ai-agents.com\/tr\/wp-json\/wp\/v2\/product_cat?post=55031"},{"taxonomy":"product_tag","embeddable":true,"href":"https:\/\/sales-ai-agents.com\/tr\/wp-json\/wp\/v2\/product_tag?post=55031"}],"curies":[{"name":"wp","href":"https:\/\/api.w.org\/{rel}","templated":true}]}}