{"id":55169,"date":"2023-06-08T09:21:46","date_gmt":"2023-06-08T09:21:46","guid":{"rendered":"https:\/\/sales-ai-agents.com\/templates\/short-press-kit\/"},"modified":"2023-09-20T19:35:20","modified_gmt":"2023-09-20T19:35:20","slug":"short-press-kit","status":"publish","type":"product","link":"https:\/\/sales-ai-agents.com\/tr\/templates\/short-press-kit\/","title":{"rendered":"K\u0131sa Bas\u0131n Kiti"},"content":{"rendered":"<h2 id=\"b3424472210_9198\" class=\"editable-text paragraph indent-0 allow-dragging focused-block selected-block selected-block-wrapper\">K\u0131sa Bas\u0131n Kiti \u015eablonu<\/h2>\n<p>\u015eablonumuz, \u015firkete genel bak\u0131\u015f, \u00f6nemli ger\u00e7ekler ve rakamlar, \u00fcr\u00fcn\/hizmet vurgular\u0131, \u00f6nemli ba\u015far\u0131lar, referanslar ve ileti\u015fim bilgileri dahil olmak \u00fczere bir bas\u0131n kitinin t\u00fcm temel unsurlar\u0131n\u0131 kapsar. Markan\u0131z\u0131n net ve ilgi \u00e7ekici bir g\u00f6r\u00fcnt\u00fcs\u00fcn\u00fc \u00f6zl\u00fc ve ilgi \u00e7ekici bir \u015fekilde sunman\u0131z\u0131 sa\u011flar. Kapsaml\u0131 i\u00e7eri\u011finin \u00f6tesinde, \u015fablonumuz basitlik ve netli\u011fi vurgulamaktad\u0131r. Markan\u0131z\u0131n mesaj\u0131n\u0131 etkili bir \u015fekilde iletmek i\u00e7in ilgi \u00e7ekici ba\u015fl\u0131klar ve b\u00fcy\u00fcleyici g\u00f6rseller kullanarak bilgileri sindirilebilir bir formatta sunar.<\/p>\n<h5><\/h5>\n<h5 id=\"b3424472210_9211\" class=\"editable-text paragraph indent-0 selected-block selected-block-wrapper\">Nas\u0131l Kullan\u0131l\u0131r?<\/h5>\n<ul id=\"b182865622_1176\" class=\"editor-list number-template-decimal-all\">\n<li id=\"b830703306_10071\" class=\"list-item-bullet editable-text list-item indent-0 selected-block selected-block-wrapper\">D\u00fc\u011fmeleri kullanarak web sitenize ve sosyal medyaya <a href=\"https:\/\/sales-ai-agents.com\/guides\/basics\/links-in-nimbus-note\/\">ba\u011flant\u0131lar ekleyin<\/a>;<\/li>\n<li id=\"b830703306_10143\" class=\"list-item-bullet editable-text list-item indent-0 selected-block selected-block-wrapper\">Ekip \u00fcyelerinizin <a href=\"https:\/\/sales-ai-agents.com\/guides\/basics\/images\/\">foto\u011fraflar\u0131n\u0131 yay\u0131nlayarak<\/a> onlar\u0131 tan\u0131t\u0131n;<\/li>\n<li id=\"b830703306_10206\" class=\"list-item-bullet editable-text list-item indent-0 selected-block selected-block-wrapper\">\u015eirketinizi daha etkili bir \u015fekilde tan\u0131tmak i\u00e7in <a href=\"https:\/\/sales-ai-agents.com\/guides\/basics\/video\/\">k\u0131sa bir video ekleyin<\/a>;<\/li>\n<li id=\"b830703306_10279\" class=\"list-item-bullet editable-text list-item indent-0 selected-block selected-block-wrapper\">Al\u0131nt\u0131 blo\u011fu se\u00e7ene\u011fi ile m\u00fc\u015fterilerinizin logolar\u0131n\u0131 ve referanslar\u0131n\u0131 ekleyin.<\/li>\n<\/ul>\n","protected":false},"excerpt":{"rendered":"<p>Markan\u0131z\u0131n \u00f6z\u00fcn\u00fc yakalayan profesyonel ve \u00f6zl\u00fc bir medya kiti olu\u015fturmak i\u00e7in hepsi bir arada kayna\u011f\u0131n\u0131z olan K\u0131sa Bas\u0131n Kiti \u015eablonu ile tan\u0131\u015f\u0131n. \u00d6zelle\u015ftirilebilir ve etkili \u015fablonumuzla gazeteciler, blog yazarlar\u0131 ve influencer&#8217;lar \u00fczerinde kal\u0131c\u0131 bir etki b\u0131rak\u0131n.<\/p>\n","protected":false},"featured_media":55170,"template":"","meta":{"_acf_changed":false,"inline_featured_image":false},"product_brand":[],"product_cat":[226],"product_tag":[],"class_list":{"0":"post-55169","1":"product","2":"type-product","3":"status-publish","4":"has-post-thumbnail","6":"product_cat-uncategorized","7":"collections-onboarding","9":"first","10":"instock","11":"shipping-taxable","12":"product-type-simple"},"acf":[],"yoast_head":"<!-- This site is optimized with the Yoast SEO plugin v25.3.1 - https:\/\/yoast.com\/wordpress\/plugins\/seo\/ -->\n<title>K\u0131sa Bas\u0131n Kiti \u015eablon - Sales AI Agents<\/title>\n<meta name=\"description\" content=\"Kullan\u0131c\u0131 dostu ve sezgisel \u015fablonumuz, pazarlamac\u0131lar\u0131n, halkla ili\u015fkiler uzmanlar\u0131n\u0131n ve giri\u015fimcilerin ilgi \u00e7ekici bir bas\u0131n kiti olu\u015fturmas\u0131n\u0131 kolayla\u015ft\u0131r\u0131r.\" \/>\n<meta name=\"robots\" content=\"index, follow, max-snippet:-1, max-image-preview:large, max-video-preview:-1\" \/>\n<link rel=\"canonical\" href=\"https:\/\/sales-ai-agents.com\/tr\/templates\/short-press-kit\/\" \/>\n<meta property=\"og:locale\" content=\"tr_TR\" \/>\n<meta property=\"og:type\" content=\"article\" \/>\n<meta property=\"og:title\" content=\"K\u0131sa Bas\u0131n Kiti \u015eablon - Sales AI Agents\" \/>\n<meta property=\"og:description\" content=\"Kullan\u0131c\u0131 dostu ve sezgisel \u015fablonumuz, pazarlamac\u0131lar\u0131n, halkla ili\u015fkiler uzmanlar\u0131n\u0131n ve giri\u015fimcilerin ilgi \u00e7ekici bir bas\u0131n kiti olu\u015fturmas\u0131n\u0131 kolayla\u015ft\u0131r\u0131r.\" \/>\n<meta property=\"og:url\" content=\"https:\/\/sales-ai-agents.com\/tr\/templates\/short-press-kit\/\" \/>\n<meta property=\"og:site_name\" content=\"Sales AI Agents\" \/>\n<meta property=\"article:modified_time\" content=\"2023-09-20T19:35:20+00:00\" \/>\n<meta property=\"og:image\" content=\"https:\/\/sales-ai-agents.com\/wp-content\/uploads\/2023\/05\/Short-Press-Kit-Template.png\" \/>\n\t<meta property=\"og:image:width\" content=\"1700\" \/>\n\t<meta property=\"og:image:height\" content=\"1100\" \/>\n\t<meta property=\"og:image:type\" content=\"image\/png\" \/>\n<meta name=\"twitter:card\" content=\"summary_large_image\" \/>\n<script type=\"application\/ld+json\" class=\"yoast-schema-graph\">{\"@context\":\"https:\/\/schema.org\",\"@graph\":[{\"@type\":\"WebPage\",\"@id\":\"https:\/\/sales-ai-agents.com\/tr\/templates\/short-press-kit\/\",\"url\":\"https:\/\/sales-ai-agents.com\/tr\/templates\/short-press-kit\/\",\"name\":\"K\u0131sa Bas\u0131n Kiti \u015eablon - Sales AI Agents\",\"isPartOf\":{\"@id\":\"https:\/\/sales-ai-agents.com\/#website\"},\"primaryImageOfPage\":{\"@id\":\"https:\/\/sales-ai-agents.com\/tr\/templates\/short-press-kit\/#primaryimage\"},\"image\":{\"@id\":\"https:\/\/sales-ai-agents.com\/tr\/templates\/short-press-kit\/#primaryimage\"},\"thumbnailUrl\":\"https:\/\/sales-ai-agents.com\/wp-content\/uploads\/2023\/05\/Short-Press-Kit-Template.png\",\"datePublished\":\"2023-06-08T09:21:46+00:00\",\"dateModified\":\"2023-09-20T19:35:20+00:00\",\"description\":\"Kullan\u0131c\u0131 dostu ve sezgisel \u015fablonumuz, pazarlamac\u0131lar\u0131n, halkla ili\u015fkiler uzmanlar\u0131n\u0131n ve giri\u015fimcilerin ilgi \u00e7ekici bir bas\u0131n kiti olu\u015fturmas\u0131n\u0131 kolayla\u015ft\u0131r\u0131r.\",\"inLanguage\":\"tr\",\"potentialAction\":[{\"@type\":\"ReadAction\",\"target\":[\"https:\/\/sales-ai-agents.com\/tr\/templates\/short-press-kit\/\"]}]},{\"@type\":\"ImageObject\",\"inLanguage\":\"tr\",\"@id\":\"https:\/\/sales-ai-agents.com\/tr\/templates\/short-press-kit\/#primaryimage\",\"url\":\"https:\/\/sales-ai-agents.com\/wp-content\/uploads\/2023\/05\/Short-Press-Kit-Template.png\",\"contentUrl\":\"https:\/\/sales-ai-agents.com\/wp-content\/uploads\/2023\/05\/Short-Press-Kit-Template.png\",\"width\":1700,\"height\":1100},{\"@type\":\"WebSite\",\"@id\":\"https:\/\/sales-ai-agents.com\/#website\",\"url\":\"https:\/\/sales-ai-agents.com\/\",\"name\":\"FuseBase\",\"description\":\"Sales AI Agents - Free Online Collaboration Software for Remote Teams. Build your wikis, client portals and more with the Nimbus Platform collaboration tool ? A perfect space for online work\",\"publisher\":{\"@id\":\"https:\/\/sales-ai-agents.com\/#organization\"},\"potentialAction\":[{\"@type\":\"SearchAction\",\"target\":{\"@type\":\"EntryPoint\",\"urlTemplate\":\"https:\/\/sales-ai-agents.com\/?s={search_term_string}\"},\"query-input\":{\"@type\":\"PropertyValueSpecification\",\"valueRequired\":true,\"valueName\":\"search_term_string\"}}],\"inLanguage\":\"tr\"},{\"@type\":\"Organization\",\"@id\":\"https:\/\/sales-ai-agents.com\/#organization\",\"name\":\"FuseBase\",\"url\":\"https:\/\/sales-ai-agents.com\/\",\"logo\":{\"@type\":\"ImageObject\",\"inLanguage\":\"tr\",\"@id\":\"https:\/\/sales-ai-agents.com\/#\/schema\/logo\/image\/\",\"url\":\"https:\/\/sales-ai-agents.com\/wp-content\/uploads\/2023\/11\/icon-7.svg\",\"contentUrl\":\"https:\/\/sales-ai-agents.com\/wp-content\/uploads\/2023\/11\/icon-7.svg\",\"width\":128,\"height\":128,\"caption\":\"FuseBase\"},\"image\":{\"@id\":\"https:\/\/sales-ai-agents.com\/#\/schema\/logo\/image\/\"}}]}<\/script>\n<!-- \/ Yoast SEO plugin. -->","yoast_head_json":{"title":"K\u0131sa Bas\u0131n Kiti \u015eablon - Sales AI Agents","description":"Kullan\u0131c\u0131 dostu ve sezgisel \u015fablonumuz, pazarlamac\u0131lar\u0131n, halkla ili\u015fkiler uzmanlar\u0131n\u0131n ve giri\u015fimcilerin ilgi \u00e7ekici bir bas\u0131n kiti olu\u015fturmas\u0131n\u0131 kolayla\u015ft\u0131r\u0131r.","robots":{"index":"index","follow":"follow","max-snippet":"max-snippet:-1","max-image-preview":"max-image-preview:large","max-video-preview":"max-video-preview:-1"},"canonical":"https:\/\/sales-ai-agents.com\/tr\/templates\/short-press-kit\/","og_locale":"tr_TR","og_type":"article","og_title":"K\u0131sa Bas\u0131n Kiti \u015eablon - Sales AI Agents","og_description":"Kullan\u0131c\u0131 dostu ve sezgisel \u015fablonumuz, pazarlamac\u0131lar\u0131n, halkla ili\u015fkiler uzmanlar\u0131n\u0131n ve giri\u015fimcilerin ilgi \u00e7ekici bir bas\u0131n kiti olu\u015fturmas\u0131n\u0131 kolayla\u015ft\u0131r\u0131r.","og_url":"https:\/\/sales-ai-agents.com\/tr\/templates\/short-press-kit\/","og_site_name":"Sales AI Agents","article_modified_time":"2023-09-20T19:35:20+00:00","og_image":[{"width":1700,"height":1100,"url":"https:\/\/sales-ai-agents.com\/wp-content\/uploads\/2023\/05\/Short-Press-Kit-Template.png","type":"image\/png"}],"twitter_card":"summary_large_image","schema":{"@context":"https:\/\/schema.org","@graph":[{"@type":"WebPage","@id":"https:\/\/sales-ai-agents.com\/tr\/templates\/short-press-kit\/","url":"https:\/\/sales-ai-agents.com\/tr\/templates\/short-press-kit\/","name":"K\u0131sa Bas\u0131n Kiti \u015eablon - Sales AI Agents","isPartOf":{"@id":"https:\/\/sales-ai-agents.com\/#website"},"primaryImageOfPage":{"@id":"https:\/\/sales-ai-agents.com\/tr\/templates\/short-press-kit\/#primaryimage"},"image":{"@id":"https:\/\/sales-ai-agents.com\/tr\/templates\/short-press-kit\/#primaryimage"},"thumbnailUrl":"https:\/\/sales-ai-agents.com\/wp-content\/uploads\/2023\/05\/Short-Press-Kit-Template.png","datePublished":"2023-06-08T09:21:46+00:00","dateModified":"2023-09-20T19:35:20+00:00","description":"Kullan\u0131c\u0131 dostu ve sezgisel \u015fablonumuz, pazarlamac\u0131lar\u0131n, halkla ili\u015fkiler uzmanlar\u0131n\u0131n ve giri\u015fimcilerin ilgi \u00e7ekici bir bas\u0131n kiti olu\u015fturmas\u0131n\u0131 kolayla\u015ft\u0131r\u0131r.","inLanguage":"tr","potentialAction":[{"@type":"ReadAction","target":["https:\/\/sales-ai-agents.com\/tr\/templates\/short-press-kit\/"]}]},{"@type":"ImageObject","inLanguage":"tr","@id":"https:\/\/sales-ai-agents.com\/tr\/templates\/short-press-kit\/#primaryimage","url":"https:\/\/sales-ai-agents.com\/wp-content\/uploads\/2023\/05\/Short-Press-Kit-Template.png","contentUrl":"https:\/\/sales-ai-agents.com\/wp-content\/uploads\/2023\/05\/Short-Press-Kit-Template.png","width":1700,"height":1100},{"@type":"WebSite","@id":"https:\/\/sales-ai-agents.com\/#website","url":"https:\/\/sales-ai-agents.com\/","name":"FuseBase","description":"Sales AI Agents - Free Online Collaboration Software for Remote Teams. Build your wikis, client portals and more with the Nimbus Platform collaboration tool ? A perfect space for online work","publisher":{"@id":"https:\/\/sales-ai-agents.com\/#organization"},"potentialAction":[{"@type":"SearchAction","target":{"@type":"EntryPoint","urlTemplate":"https:\/\/sales-ai-agents.com\/?s={search_term_string}"},"query-input":{"@type":"PropertyValueSpecification","valueRequired":true,"valueName":"search_term_string"}}],"inLanguage":"tr"},{"@type":"Organization","@id":"https:\/\/sales-ai-agents.com\/#organization","name":"FuseBase","url":"https:\/\/sales-ai-agents.com\/","logo":{"@type":"ImageObject","inLanguage":"tr","@id":"https:\/\/sales-ai-agents.com\/#\/schema\/logo\/image\/","url":"https:\/\/sales-ai-agents.com\/wp-content\/uploads\/2023\/11\/icon-7.svg","contentUrl":"https:\/\/sales-ai-agents.com\/wp-content\/uploads\/2023\/11\/icon-7.svg","width":128,"height":128,"caption":"FuseBase"},"image":{"@id":"https:\/\/sales-ai-agents.com\/#\/schema\/logo\/image\/"}}]}},"_links":{"self":[{"href":"https:\/\/sales-ai-agents.com\/tr\/wp-json\/wp\/v2\/product\/55169","targetHints":{"allow":["GET"]}}],"collection":[{"href":"https:\/\/sales-ai-agents.com\/tr\/wp-json\/wp\/v2\/product"}],"about":[{"href":"https:\/\/sales-ai-agents.com\/tr\/wp-json\/wp\/v2\/types\/product"}],"wp:featuredmedia":[{"embeddable":true,"href":"https:\/\/sales-ai-agents.com\/tr\/wp-json\/wp\/v2\/media\/55170"}],"wp:attachment":[{"href":"https:\/\/sales-ai-agents.com\/tr\/wp-json\/wp\/v2\/media?parent=55169"}],"wp:term":[{"taxonomy":"product_brand","embeddable":true,"href":"https:\/\/sales-ai-agents.com\/tr\/wp-json\/wp\/v2\/product_brand?post=55169"},{"taxonomy":"product_cat","embeddable":true,"href":"https:\/\/sales-ai-agents.com\/tr\/wp-json\/wp\/v2\/product_cat?post=55169"},{"taxonomy":"product_tag","embeddable":true,"href":"https:\/\/sales-ai-agents.com\/tr\/wp-json\/wp\/v2\/product_tag?post=55169"}],"curies":[{"name":"wp","href":"https:\/\/api.w.org\/{rel}","templated":true}]}}