{"id":55173,"date":"2023-06-08T08:12:05","date_gmt":"2023-06-08T08:12:05","guid":{"rendered":"https:\/\/sales-ai-agents.com\/templates\/why-our-company\/"},"modified":"2023-11-30T11:34:57","modified_gmt":"2023-11-30T11:34:57","slug":"why-our-company","status":"publish","type":"product","link":"https:\/\/sales-ai-agents.com\/tr\/templates\/why-our-company\/","title":{"rendered":"Neden Bizim \u015eirketimiz?"},"content":{"rendered":"<h2 id=\"b3424472210_9281\" class=\"editable-text paragraph indent-0 allow-dragging focused-block selected-block selected-block-wrapper\">Neden Bizim \u015eirketimiz? \u015eablon<\/h2>\n<p>G\u00fcn\u00fcm\u00fcz\u00fcn rekabet\u00e7i i\u015f ortam\u0131nda, \u00e7al\u0131\u015fanlar\u0131n\u0131z\u0131 \u015firketinizin neden \u00f6zel oldu\u011fu ve onu rakiplerinden ay\u0131ran \u00f6zelliklerin neler oldu\u011fu konusunda net bir anlay\u0131\u015fla g\u00fc\u00e7lendirmek \u00e7ok \u00f6nemlidir. Yeni \u015fablonumuz, \u015firketinizin benzersiz de\u011fer \u00f6nerisini iletmek ve i\u015fg\u00fcc\u00fcn\u00fcze g\u00fc\u00e7l\u00fc bir ama\u00e7 duygusu a\u015f\u0131lamak i\u00e7in kapsaml\u0131 bir \u00e7er\u00e7eve sunmaktad\u0131r. \u015eirket i\u00e7i ekiplerinize ilham veren ve onlar\u0131n \u015firketinizin hedeflerine olan ba\u011fl\u0131l\u0131\u011f\u0131n\u0131 g\u00fc\u00e7lendiren ilgi \u00e7ekici bir anlat\u0131 olu\u015fturman\u0131z\u0131 sa\u011flar.<\/p>\n<p>&nbsp;<\/p>\n<h5 id=\"b3424472210_9294\" class=\"editable-text paragraph indent-0 selected-block selected-block-wrapper\">Nas\u0131l Kullan\u0131l\u0131r?<\/h5>\n<ul id=\"b182865622_3257\" class=\"editor-list number-template-decimal-all\">\n<li id=\"b830703306_11279\" class=\"list-item-bullet editable-text list-item indent-0 selected-block selected-block-wrapper\">\u015eirketinizi daha etkili bir \u015fekilde tan\u0131tmak i\u00e7in <a href=\"https:\/\/sales-ai-agents.com\/guides\/basics\/video\/\">k\u0131sa bir video ekleyin<\/a>;<\/li>\n<li id=\"b830703306_11352\" class=\"list-item-bullet editable-text list-item indent-0 selected-block selected-block-wrapper\"><a href=\"https:\/\/sales-ai-agents.com\/guides\/basics\/button-object\/\">D\u00fc\u011fmeleri kullanarak<\/a> web sitenize ve sosyal medyaya ba\u011flant\u0131lar ekleyin;<\/li>\n<li id=\"b830703306_11424\" class=\"list-item-bullet editable-text list-item indent-0 selected-block selected-block-wrapper\">\u015eirketinizin ilkelerini, \u0130nan\u00e7lar\u0131n\u0131 ve Amac\u0131n\u0131 yaz\u0131n, b\u00f6ylece \u00e7al\u0131\u015fanlar tutumlar\u0131n\u0131 hizalayabilirler;<\/li>\n<li id=\"b830703306_11532\" class=\"list-item-bullet editable-text list-item indent-0 selected-block selected-block-wrapper\">\u015eirketinizin \u00e7al\u0131\u015fmalar\u0131na daha ayr\u0131nt\u0131l\u0131 bir genel bak\u0131\u015f i\u00e7in <a href=\"https:\/\/sales-ai-agents.com\/guides\/settings\/how-to-export-notes-to-html-or-pdf\/\" target=\"_blank\" rel=\"noopener\">sunumu indirin<\/a>;<\/li>\n<li id=\"b830703306_11621\" class=\"list-item-bullet editable-text list-item indent-0 selected-block selected-block-wrapper\">G\u00fcven d\u00fczeyini art\u0131rmak i\u00e7in \u00f6d\u00fcllerinizi ve m\u00fc\u015fteri referanslar\u0131n\u0131z\u0131 unutmay\u0131n.<\/li>\n<\/ul>\n","protected":false},"excerpt":{"rendered":"<p>Yeni \u015fablonumuz, \u015firketinizi ola\u011fan\u00fcst\u00fc k\u0131lan benzersiz g\u00fc\u00e7l\u00fc y\u00f6nlerinizi ve avantajlar\u0131n\u0131z\u0131 vurgulayarak \u015firket i\u00e7i ekiplerinizi hizalaman\u0131z ve onlara ilham vermeniz i\u00e7in anahtar\u0131n\u0131zd\u0131r. \u00d6zelle\u015ftirilebilir ve etkili \u015fablonumuzla \u00e7al\u0131\u015fanlar\u0131n\u0131z aras\u0131nda gurur, ama\u00e7 ve motivasyon duygusunu te\u015fvik edin.<\/p>\n","protected":false},"featured_media":55174,"template":"","meta":{"_acf_changed":false,"inline_featured_image":false},"product_brand":[],"product_cat":[217,218],"product_tag":[],"class_list":{"0":"post-55173","1":"product","2":"type-product","3":"status-publish","4":"has-post-thumbnail","6":"product_cat-entrepreneur","7":"product_cat-operations","8":"collections-onboarding","10":"first","11":"instock","12":"shipping-taxable","13":"product-type-simple"},"acf":[],"yoast_head":"<!-- This site is optimized with the Yoast SEO plugin v25.3.1 - https:\/\/yoast.com\/wordpress\/plugins\/seo\/ -->\n<title>Neden Bizim \u015eirketimiz? \u015eablon - Sales AI Agents<\/title>\n<meta name=\"description\" content=\"Nimbus \u015fablonu, \u015firketinizin yol g\u00f6sterici ilkeleri, inan\u00e7lar\u0131, amac\u0131, belgeleri ve ba\u015far\u0131 \u00f6yk\u00fcleri de dahil olmak \u00fczere \u00e7ok \u00e7e\u015fitli unsurlar\u0131 kapsar.\" \/>\n<meta name=\"robots\" content=\"index, follow, max-snippet:-1, max-image-preview:large, max-video-preview:-1\" \/>\n<link rel=\"canonical\" href=\"https:\/\/sales-ai-agents.com\/tr\/templates\/why-our-company\/\" \/>\n<meta property=\"og:locale\" content=\"tr_TR\" \/>\n<meta property=\"og:type\" content=\"article\" \/>\n<meta property=\"og:title\" content=\"Neden Bizim \u015eirketimiz? \u015eablon - Sales AI Agents\" \/>\n<meta property=\"og:description\" content=\"Nimbus \u015fablonu, \u015firketinizin yol g\u00f6sterici ilkeleri, inan\u00e7lar\u0131, amac\u0131, belgeleri ve ba\u015far\u0131 \u00f6yk\u00fcleri de dahil olmak \u00fczere \u00e7ok \u00e7e\u015fitli unsurlar\u0131 kapsar.\" \/>\n<meta property=\"og:url\" content=\"https:\/\/sales-ai-agents.com\/tr\/templates\/why-our-company\/\" \/>\n<meta property=\"og:site_name\" content=\"Sales AI Agents\" \/>\n<meta property=\"article:modified_time\" content=\"2023-11-30T11:34:57+00:00\" \/>\n<meta property=\"og:image\" content=\"https:\/\/sales-ai-agents.com\/wp-content\/uploads\/2023\/05\/Why-Our-Company-Template.png\" \/>\n\t<meta property=\"og:image:width\" content=\"1700\" \/>\n\t<meta property=\"og:image:height\" content=\"1100\" \/>\n\t<meta property=\"og:image:type\" content=\"image\/png\" \/>\n<meta name=\"twitter:card\" content=\"summary_large_image\" \/>\n<script type=\"application\/ld+json\" class=\"yoast-schema-graph\">{\"@context\":\"https:\/\/schema.org\",\"@graph\":[{\"@type\":\"WebPage\",\"@id\":\"https:\/\/sales-ai-agents.com\/tr\/templates\/why-our-company\/\",\"url\":\"https:\/\/sales-ai-agents.com\/tr\/templates\/why-our-company\/\",\"name\":\"Neden Bizim \u015eirketimiz? \u015eablon - Sales AI Agents\",\"isPartOf\":{\"@id\":\"https:\/\/sales-ai-agents.com\/#website\"},\"primaryImageOfPage\":{\"@id\":\"https:\/\/sales-ai-agents.com\/tr\/templates\/why-our-company\/#primaryimage\"},\"image\":{\"@id\":\"https:\/\/sales-ai-agents.com\/tr\/templates\/why-our-company\/#primaryimage\"},\"thumbnailUrl\":\"https:\/\/sales-ai-agents.com\/wp-content\/uploads\/2023\/05\/Why-Our-Company-Template.png\",\"datePublished\":\"2023-06-08T08:12:05+00:00\",\"dateModified\":\"2023-11-30T11:34:57+00:00\",\"description\":\"Nimbus \u015fablonu, \u015firketinizin yol g\u00f6sterici ilkeleri, inan\u00e7lar\u0131, amac\u0131, belgeleri ve ba\u015far\u0131 \u00f6yk\u00fcleri de dahil olmak \u00fczere \u00e7ok \u00e7e\u015fitli unsurlar\u0131 kapsar.\",\"inLanguage\":\"tr\",\"potentialAction\":[{\"@type\":\"ReadAction\",\"target\":[\"https:\/\/sales-ai-agents.com\/tr\/templates\/why-our-company\/\"]}]},{\"@type\":\"ImageObject\",\"inLanguage\":\"tr\",\"@id\":\"https:\/\/sales-ai-agents.com\/tr\/templates\/why-our-company\/#primaryimage\",\"url\":\"https:\/\/sales-ai-agents.com\/wp-content\/uploads\/2023\/05\/Why-Our-Company-Template.png\",\"contentUrl\":\"https:\/\/sales-ai-agents.com\/wp-content\/uploads\/2023\/05\/Why-Our-Company-Template.png\",\"width\":1700,\"height\":1100},{\"@type\":\"WebSite\",\"@id\":\"https:\/\/sales-ai-agents.com\/#website\",\"url\":\"https:\/\/sales-ai-agents.com\/\",\"name\":\"FuseBase\",\"description\":\"Sales AI Agents - Free Online Collaboration Software for Remote Teams. Build your wikis, client portals and more with the Nimbus Platform collaboration tool ? A perfect space for online work\",\"publisher\":{\"@id\":\"https:\/\/sales-ai-agents.com\/#organization\"},\"potentialAction\":[{\"@type\":\"SearchAction\",\"target\":{\"@type\":\"EntryPoint\",\"urlTemplate\":\"https:\/\/sales-ai-agents.com\/?s={search_term_string}\"},\"query-input\":{\"@type\":\"PropertyValueSpecification\",\"valueRequired\":true,\"valueName\":\"search_term_string\"}}],\"inLanguage\":\"tr\"},{\"@type\":\"Organization\",\"@id\":\"https:\/\/sales-ai-agents.com\/#organization\",\"name\":\"FuseBase\",\"url\":\"https:\/\/sales-ai-agents.com\/\",\"logo\":{\"@type\":\"ImageObject\",\"inLanguage\":\"tr\",\"@id\":\"https:\/\/sales-ai-agents.com\/#\/schema\/logo\/image\/\",\"url\":\"https:\/\/sales-ai-agents.com\/wp-content\/uploads\/2023\/11\/icon-7.svg\",\"contentUrl\":\"https:\/\/sales-ai-agents.com\/wp-content\/uploads\/2023\/11\/icon-7.svg\",\"width\":128,\"height\":128,\"caption\":\"FuseBase\"},\"image\":{\"@id\":\"https:\/\/sales-ai-agents.com\/#\/schema\/logo\/image\/\"}}]}<\/script>\n<!-- \/ Yoast SEO plugin. -->","yoast_head_json":{"title":"Neden Bizim \u015eirketimiz? \u015eablon - Sales AI Agents","description":"Nimbus \u015fablonu, \u015firketinizin yol g\u00f6sterici ilkeleri, inan\u00e7lar\u0131, amac\u0131, belgeleri ve ba\u015far\u0131 \u00f6yk\u00fcleri de dahil olmak \u00fczere \u00e7ok \u00e7e\u015fitli unsurlar\u0131 kapsar.","robots":{"index":"index","follow":"follow","max-snippet":"max-snippet:-1","max-image-preview":"max-image-preview:large","max-video-preview":"max-video-preview:-1"},"canonical":"https:\/\/sales-ai-agents.com\/tr\/templates\/why-our-company\/","og_locale":"tr_TR","og_type":"article","og_title":"Neden Bizim \u015eirketimiz? \u015eablon - Sales AI Agents","og_description":"Nimbus \u015fablonu, \u015firketinizin yol g\u00f6sterici ilkeleri, inan\u00e7lar\u0131, amac\u0131, belgeleri ve ba\u015far\u0131 \u00f6yk\u00fcleri de dahil olmak \u00fczere \u00e7ok \u00e7e\u015fitli unsurlar\u0131 kapsar.","og_url":"https:\/\/sales-ai-agents.com\/tr\/templates\/why-our-company\/","og_site_name":"Sales AI Agents","article_modified_time":"2023-11-30T11:34:57+00:00","og_image":[{"width":1700,"height":1100,"url":"https:\/\/sales-ai-agents.com\/wp-content\/uploads\/2023\/05\/Why-Our-Company-Template.png","type":"image\/png"}],"twitter_card":"summary_large_image","schema":{"@context":"https:\/\/schema.org","@graph":[{"@type":"WebPage","@id":"https:\/\/sales-ai-agents.com\/tr\/templates\/why-our-company\/","url":"https:\/\/sales-ai-agents.com\/tr\/templates\/why-our-company\/","name":"Neden Bizim \u015eirketimiz? \u015eablon - Sales AI Agents","isPartOf":{"@id":"https:\/\/sales-ai-agents.com\/#website"},"primaryImageOfPage":{"@id":"https:\/\/sales-ai-agents.com\/tr\/templates\/why-our-company\/#primaryimage"},"image":{"@id":"https:\/\/sales-ai-agents.com\/tr\/templates\/why-our-company\/#primaryimage"},"thumbnailUrl":"https:\/\/sales-ai-agents.com\/wp-content\/uploads\/2023\/05\/Why-Our-Company-Template.png","datePublished":"2023-06-08T08:12:05+00:00","dateModified":"2023-11-30T11:34:57+00:00","description":"Nimbus \u015fablonu, \u015firketinizin yol g\u00f6sterici ilkeleri, inan\u00e7lar\u0131, amac\u0131, belgeleri ve ba\u015far\u0131 \u00f6yk\u00fcleri de dahil olmak \u00fczere \u00e7ok \u00e7e\u015fitli unsurlar\u0131 kapsar.","inLanguage":"tr","potentialAction":[{"@type":"ReadAction","target":["https:\/\/sales-ai-agents.com\/tr\/templates\/why-our-company\/"]}]},{"@type":"ImageObject","inLanguage":"tr","@id":"https:\/\/sales-ai-agents.com\/tr\/templates\/why-our-company\/#primaryimage","url":"https:\/\/sales-ai-agents.com\/wp-content\/uploads\/2023\/05\/Why-Our-Company-Template.png","contentUrl":"https:\/\/sales-ai-agents.com\/wp-content\/uploads\/2023\/05\/Why-Our-Company-Template.png","width":1700,"height":1100},{"@type":"WebSite","@id":"https:\/\/sales-ai-agents.com\/#website","url":"https:\/\/sales-ai-agents.com\/","name":"FuseBase","description":"Sales AI Agents - Free Online Collaboration Software for Remote Teams. Build your wikis, client portals and more with the Nimbus Platform collaboration tool ? A perfect space for online work","publisher":{"@id":"https:\/\/sales-ai-agents.com\/#organization"},"potentialAction":[{"@type":"SearchAction","target":{"@type":"EntryPoint","urlTemplate":"https:\/\/sales-ai-agents.com\/?s={search_term_string}"},"query-input":{"@type":"PropertyValueSpecification","valueRequired":true,"valueName":"search_term_string"}}],"inLanguage":"tr"},{"@type":"Organization","@id":"https:\/\/sales-ai-agents.com\/#organization","name":"FuseBase","url":"https:\/\/sales-ai-agents.com\/","logo":{"@type":"ImageObject","inLanguage":"tr","@id":"https:\/\/sales-ai-agents.com\/#\/schema\/logo\/image\/","url":"https:\/\/sales-ai-agents.com\/wp-content\/uploads\/2023\/11\/icon-7.svg","contentUrl":"https:\/\/sales-ai-agents.com\/wp-content\/uploads\/2023\/11\/icon-7.svg","width":128,"height":128,"caption":"FuseBase"},"image":{"@id":"https:\/\/sales-ai-agents.com\/#\/schema\/logo\/image\/"}}]}},"_links":{"self":[{"href":"https:\/\/sales-ai-agents.com\/tr\/wp-json\/wp\/v2\/product\/55173","targetHints":{"allow":["GET"]}}],"collection":[{"href":"https:\/\/sales-ai-agents.com\/tr\/wp-json\/wp\/v2\/product"}],"about":[{"href":"https:\/\/sales-ai-agents.com\/tr\/wp-json\/wp\/v2\/types\/product"}],"wp:featuredmedia":[{"embeddable":true,"href":"https:\/\/sales-ai-agents.com\/tr\/wp-json\/wp\/v2\/media\/55174"}],"wp:attachment":[{"href":"https:\/\/sales-ai-agents.com\/tr\/wp-json\/wp\/v2\/media?parent=55173"}],"wp:term":[{"taxonomy":"product_brand","embeddable":true,"href":"https:\/\/sales-ai-agents.com\/tr\/wp-json\/wp\/v2\/product_brand?post=55173"},{"taxonomy":"product_cat","embeddable":true,"href":"https:\/\/sales-ai-agents.com\/tr\/wp-json\/wp\/v2\/product_cat?post=55173"},{"taxonomy":"product_tag","embeddable":true,"href":"https:\/\/sales-ai-agents.com\/tr\/wp-json\/wp\/v2\/product_tag?post=55173"}],"curies":[{"name":"wp","href":"https:\/\/api.w.org\/{rel}","templated":true}]}}