{"id":55177,"date":"2023-06-08T07:48:14","date_gmt":"2023-06-08T07:48:14","guid":{"rendered":"https:\/\/sales-ai-agents.com\/templates\/employment-basics\/"},"modified":"2023-11-30T11:37:10","modified_gmt":"2023-11-30T11:37:10","slug":"employment-basics","status":"publish","type":"product","link":"https:\/\/sales-ai-agents.com\/tr\/templates\/employment-basics\/","title":{"rendered":"\u0130stihdam Temelleri"},"content":{"rendered":"<h2 id=\"b3424472210_9364\" class=\"editable-text paragraph indent-0 allow-dragging focused-block selected-block selected-block-wrapper\">\u0130stihdam Temelleri \u015eablonu<\/h2>\n<p>Yeni \u00e7al\u0131\u015fanlar\u0131 kurumunuza kabul ederken, istihdam temelleri konusunda sa\u011flam bir temel sa\u011flamak \u00e7ok \u00f6nemlidir. \u015eablonumuz, temel bilgileri ve politikalar\u0131 kapsayan, i\u015fe al\u0131m s\u00fcrecini kolayla\u015ft\u0131ran ve ilk g\u00fcnden itibaren olumlu bir ton belirleyen kullan\u0131ma haz\u0131r bir \u00e7er\u00e7eve sunar. \u0130stihdam Temelleri \u015eablonumuzu kullanarak, yeni i\u015fe ba\u015flayanlar i\u00e7in g\u00fc\u00e7l\u00fc bir temel olu\u015fturabilir, en ba\u015f\u0131ndan itibaren desteklendiklerini ve bilgilendirildiklerini hissetmelerini sa\u011flayabilirsiniz.<\/p>\n<h5><\/h5>\n<h5 id=\"b3424472210_9377\" class=\"editable-text paragraph indent-0 selected-block selected-block-wrapper\">Nas\u0131l Kullan\u0131l\u0131r?<\/h5>\n<ul id=\"b182865622_4394\" class=\"editor-list number-template-decimal-all\">\n<li id=\"b830703306_12570\" class=\"list-item-bullet editable-text list-item indent-0 selected-block selected-block-wrapper\">Belgeyi kurulu\u015funuzun \u00f6zel politikalar\u0131n\u0131, k\u00fclt\u00fcr\u00fcn\u00fc ve sekt\u00f6r gereksinimlerini yans\u0131tacak \u015fekilde \u00f6zelle\u015ftirin;<\/li>\n<li id=\"b830703306_12684\" class=\"list-item-bullet editable-text list-item indent-0 selected-block selected-block-wrapper\"><a href=\"https:\/\/sales-ai-agents.com\/guides\/settings\/how-to-export-notes-to-html-or-pdf\/\" target=\"_blank\" rel=\"noopener\">.pdf olarak kaydedin<\/a> ve gerekirse bu belgeyi g\u00f6nderin<\/li>\n<\/ul>\n","protected":false},"excerpt":{"rendered":"<p>Yeni i\u015fe al\u0131nanlara temel bilgileri sa\u011flamak ve sorunsuz bir i\u015fe al\u0131m s\u00fcreci sa\u011flamak i\u00e7in \u0130stihdam Temelleri \u015eablonunu kapsaml\u0131 k\u0131lavuzunuz olarak kullan\u0131n. \u00d6zelle\u015ftirilebilir ve kullan\u0131c\u0131 dostu \u015fablonumuzla istihdam\u0131n karma\u015f\u0131kl\u0131\u011f\u0131n\u0131 basitle\u015ftirin ve \u00e7al\u0131\u015fanlar\u0131n\u0131z\u0131 g\u00fc\u00e7lendirin.<\/p>\n","protected":false},"featured_media":55178,"template":"","meta":{"_acf_changed":false,"inline_featured_image":false},"product_brand":[],"product_cat":[217,218],"product_tag":[],"class_list":{"0":"post-55177","1":"product","2":"type-product","3":"status-publish","4":"has-post-thumbnail","6":"product_cat-entrepreneur","7":"product_cat-operations","8":"collections-onboarding","10":"first","11":"instock","12":"shipping-taxable","13":"product-type-simple"},"acf":[],"yoast_head":"<!-- This site is optimized with the Yoast SEO plugin v25.3.1 - https:\/\/yoast.com\/wordpress\/plugins\/seo\/ -->\n<title>\u0130stihdam Temelleri \u015eablon - Sales AI Agents<\/title>\n<meta name=\"description\" content=\"Bu Nimbus \u015fablonu ile olumlu bir i\u015fyeri k\u00fclt\u00fcr\u00fcn\u00fc te\u015fvik edin, net beklentiler olu\u015fturun ve genel \u00e7al\u0131\u015fan memnuniyetini ve elde tutmay\u0131 art\u0131r\u0131n!\" \/>\n<meta name=\"robots\" content=\"index, follow, max-snippet:-1, max-image-preview:large, max-video-preview:-1\" \/>\n<link rel=\"canonical\" href=\"https:\/\/sales-ai-agents.com\/tr\/templates\/employment-basics\/\" \/>\n<meta property=\"og:locale\" content=\"tr_TR\" \/>\n<meta property=\"og:type\" content=\"article\" \/>\n<meta property=\"og:title\" content=\"\u0130stihdam Temelleri \u015eablon - Sales AI Agents\" \/>\n<meta property=\"og:description\" content=\"Bu Nimbus \u015fablonu ile olumlu bir i\u015fyeri k\u00fclt\u00fcr\u00fcn\u00fc te\u015fvik edin, net beklentiler olu\u015fturun ve genel \u00e7al\u0131\u015fan memnuniyetini ve elde tutmay\u0131 art\u0131r\u0131n!\" \/>\n<meta property=\"og:url\" content=\"https:\/\/sales-ai-agents.com\/tr\/templates\/employment-basics\/\" \/>\n<meta property=\"og:site_name\" content=\"Sales AI Agents\" \/>\n<meta property=\"article:modified_time\" content=\"2023-11-30T11:37:10+00:00\" \/>\n<meta property=\"og:image\" content=\"https:\/\/sales-ai-agents.com\/wp-content\/uploads\/2023\/06\/Employment-Basics-Template.png\" \/>\n\t<meta property=\"og:image:width\" content=\"1700\" \/>\n\t<meta property=\"og:image:height\" content=\"1100\" \/>\n\t<meta property=\"og:image:type\" content=\"image\/png\" \/>\n<meta name=\"twitter:card\" content=\"summary_large_image\" \/>\n<script type=\"application\/ld+json\" class=\"yoast-schema-graph\">{\"@context\":\"https:\/\/schema.org\",\"@graph\":[{\"@type\":\"WebPage\",\"@id\":\"https:\/\/sales-ai-agents.com\/tr\/templates\/employment-basics\/\",\"url\":\"https:\/\/sales-ai-agents.com\/tr\/templates\/employment-basics\/\",\"name\":\"\u0130stihdam Temelleri \u015eablon - Sales AI Agents\",\"isPartOf\":{\"@id\":\"https:\/\/sales-ai-agents.com\/#website\"},\"primaryImageOfPage\":{\"@id\":\"https:\/\/sales-ai-agents.com\/tr\/templates\/employment-basics\/#primaryimage\"},\"image\":{\"@id\":\"https:\/\/sales-ai-agents.com\/tr\/templates\/employment-basics\/#primaryimage\"},\"thumbnailUrl\":\"https:\/\/sales-ai-agents.com\/wp-content\/uploads\/2023\/06\/Employment-Basics-Template.png\",\"datePublished\":\"2023-06-08T07:48:14+00:00\",\"dateModified\":\"2023-11-30T11:37:10+00:00\",\"description\":\"Bu Nimbus \u015fablonu ile olumlu bir i\u015fyeri k\u00fclt\u00fcr\u00fcn\u00fc te\u015fvik edin, net beklentiler olu\u015fturun ve genel \u00e7al\u0131\u015fan memnuniyetini ve elde tutmay\u0131 art\u0131r\u0131n!\",\"inLanguage\":\"tr\",\"potentialAction\":[{\"@type\":\"ReadAction\",\"target\":[\"https:\/\/sales-ai-agents.com\/tr\/templates\/employment-basics\/\"]}]},{\"@type\":\"ImageObject\",\"inLanguage\":\"tr\",\"@id\":\"https:\/\/sales-ai-agents.com\/tr\/templates\/employment-basics\/#primaryimage\",\"url\":\"https:\/\/sales-ai-agents.com\/wp-content\/uploads\/2023\/06\/Employment-Basics-Template.png\",\"contentUrl\":\"https:\/\/sales-ai-agents.com\/wp-content\/uploads\/2023\/06\/Employment-Basics-Template.png\",\"width\":1700,\"height\":1100},{\"@type\":\"WebSite\",\"@id\":\"https:\/\/sales-ai-agents.com\/#website\",\"url\":\"https:\/\/sales-ai-agents.com\/\",\"name\":\"FuseBase\",\"description\":\"Sales AI Agents - Free Online Collaboration Software for Remote Teams. Build your wikis, client portals and more with the Nimbus Platform collaboration tool ? A perfect space for online work\",\"publisher\":{\"@id\":\"https:\/\/sales-ai-agents.com\/#organization\"},\"potentialAction\":[{\"@type\":\"SearchAction\",\"target\":{\"@type\":\"EntryPoint\",\"urlTemplate\":\"https:\/\/sales-ai-agents.com\/?s={search_term_string}\"},\"query-input\":{\"@type\":\"PropertyValueSpecification\",\"valueRequired\":true,\"valueName\":\"search_term_string\"}}],\"inLanguage\":\"tr\"},{\"@type\":\"Organization\",\"@id\":\"https:\/\/sales-ai-agents.com\/#organization\",\"name\":\"FuseBase\",\"url\":\"https:\/\/sales-ai-agents.com\/\",\"logo\":{\"@type\":\"ImageObject\",\"inLanguage\":\"tr\",\"@id\":\"https:\/\/sales-ai-agents.com\/#\/schema\/logo\/image\/\",\"url\":\"https:\/\/sales-ai-agents.com\/wp-content\/uploads\/2023\/11\/icon-7.svg\",\"contentUrl\":\"https:\/\/sales-ai-agents.com\/wp-content\/uploads\/2023\/11\/icon-7.svg\",\"width\":128,\"height\":128,\"caption\":\"FuseBase\"},\"image\":{\"@id\":\"https:\/\/sales-ai-agents.com\/#\/schema\/logo\/image\/\"}}]}<\/script>\n<!-- \/ Yoast SEO plugin. -->","yoast_head_json":{"title":"\u0130stihdam Temelleri \u015eablon - Sales AI Agents","description":"Bu Nimbus \u015fablonu ile olumlu bir i\u015fyeri k\u00fclt\u00fcr\u00fcn\u00fc te\u015fvik edin, net beklentiler olu\u015fturun ve genel \u00e7al\u0131\u015fan memnuniyetini ve elde tutmay\u0131 art\u0131r\u0131n!","robots":{"index":"index","follow":"follow","max-snippet":"max-snippet:-1","max-image-preview":"max-image-preview:large","max-video-preview":"max-video-preview:-1"},"canonical":"https:\/\/sales-ai-agents.com\/tr\/templates\/employment-basics\/","og_locale":"tr_TR","og_type":"article","og_title":"\u0130stihdam Temelleri \u015eablon - Sales AI Agents","og_description":"Bu Nimbus \u015fablonu ile olumlu bir i\u015fyeri k\u00fclt\u00fcr\u00fcn\u00fc te\u015fvik edin, net beklentiler olu\u015fturun ve genel \u00e7al\u0131\u015fan memnuniyetini ve elde tutmay\u0131 art\u0131r\u0131n!","og_url":"https:\/\/sales-ai-agents.com\/tr\/templates\/employment-basics\/","og_site_name":"Sales AI Agents","article_modified_time":"2023-11-30T11:37:10+00:00","og_image":[{"width":1700,"height":1100,"url":"https:\/\/sales-ai-agents.com\/wp-content\/uploads\/2023\/06\/Employment-Basics-Template.png","type":"image\/png"}],"twitter_card":"summary_large_image","schema":{"@context":"https:\/\/schema.org","@graph":[{"@type":"WebPage","@id":"https:\/\/sales-ai-agents.com\/tr\/templates\/employment-basics\/","url":"https:\/\/sales-ai-agents.com\/tr\/templates\/employment-basics\/","name":"\u0130stihdam Temelleri \u015eablon - Sales AI Agents","isPartOf":{"@id":"https:\/\/sales-ai-agents.com\/#website"},"primaryImageOfPage":{"@id":"https:\/\/sales-ai-agents.com\/tr\/templates\/employment-basics\/#primaryimage"},"image":{"@id":"https:\/\/sales-ai-agents.com\/tr\/templates\/employment-basics\/#primaryimage"},"thumbnailUrl":"https:\/\/sales-ai-agents.com\/wp-content\/uploads\/2023\/06\/Employment-Basics-Template.png","datePublished":"2023-06-08T07:48:14+00:00","dateModified":"2023-11-30T11:37:10+00:00","description":"Bu Nimbus \u015fablonu ile olumlu bir i\u015fyeri k\u00fclt\u00fcr\u00fcn\u00fc te\u015fvik edin, net beklentiler olu\u015fturun ve genel \u00e7al\u0131\u015fan memnuniyetini ve elde tutmay\u0131 art\u0131r\u0131n!","inLanguage":"tr","potentialAction":[{"@type":"ReadAction","target":["https:\/\/sales-ai-agents.com\/tr\/templates\/employment-basics\/"]}]},{"@type":"ImageObject","inLanguage":"tr","@id":"https:\/\/sales-ai-agents.com\/tr\/templates\/employment-basics\/#primaryimage","url":"https:\/\/sales-ai-agents.com\/wp-content\/uploads\/2023\/06\/Employment-Basics-Template.png","contentUrl":"https:\/\/sales-ai-agents.com\/wp-content\/uploads\/2023\/06\/Employment-Basics-Template.png","width":1700,"height":1100},{"@type":"WebSite","@id":"https:\/\/sales-ai-agents.com\/#website","url":"https:\/\/sales-ai-agents.com\/","name":"FuseBase","description":"Sales AI Agents - Free Online Collaboration Software for Remote Teams. Build your wikis, client portals and more with the Nimbus Platform collaboration tool ? A perfect space for online work","publisher":{"@id":"https:\/\/sales-ai-agents.com\/#organization"},"potentialAction":[{"@type":"SearchAction","target":{"@type":"EntryPoint","urlTemplate":"https:\/\/sales-ai-agents.com\/?s={search_term_string}"},"query-input":{"@type":"PropertyValueSpecification","valueRequired":true,"valueName":"search_term_string"}}],"inLanguage":"tr"},{"@type":"Organization","@id":"https:\/\/sales-ai-agents.com\/#organization","name":"FuseBase","url":"https:\/\/sales-ai-agents.com\/","logo":{"@type":"ImageObject","inLanguage":"tr","@id":"https:\/\/sales-ai-agents.com\/#\/schema\/logo\/image\/","url":"https:\/\/sales-ai-agents.com\/wp-content\/uploads\/2023\/11\/icon-7.svg","contentUrl":"https:\/\/sales-ai-agents.com\/wp-content\/uploads\/2023\/11\/icon-7.svg","width":128,"height":128,"caption":"FuseBase"},"image":{"@id":"https:\/\/sales-ai-agents.com\/#\/schema\/logo\/image\/"}}]}},"_links":{"self":[{"href":"https:\/\/sales-ai-agents.com\/tr\/wp-json\/wp\/v2\/product\/55177","targetHints":{"allow":["GET"]}}],"collection":[{"href":"https:\/\/sales-ai-agents.com\/tr\/wp-json\/wp\/v2\/product"}],"about":[{"href":"https:\/\/sales-ai-agents.com\/tr\/wp-json\/wp\/v2\/types\/product"}],"wp:featuredmedia":[{"embeddable":true,"href":"https:\/\/sales-ai-agents.com\/tr\/wp-json\/wp\/v2\/media\/55178"}],"wp:attachment":[{"href":"https:\/\/sales-ai-agents.com\/tr\/wp-json\/wp\/v2\/media?parent=55177"}],"wp:term":[{"taxonomy":"product_brand","embeddable":true,"href":"https:\/\/sales-ai-agents.com\/tr\/wp-json\/wp\/v2\/product_brand?post=55177"},{"taxonomy":"product_cat","embeddable":true,"href":"https:\/\/sales-ai-agents.com\/tr\/wp-json\/wp\/v2\/product_cat?post=55177"},{"taxonomy":"product_tag","embeddable":true,"href":"https:\/\/sales-ai-agents.com\/tr\/wp-json\/wp\/v2\/product_tag?post=55177"}],"curies":[{"name":"wp","href":"https:\/\/api.w.org\/{rel}","templated":true}]}}