{"id":55180,"date":"2023-04-28T09:19:03","date_gmt":"2023-04-28T09:19:03","guid":{"rendered":"https:\/\/sales-ai-agents.com\/templates\/requirements-elicitation\/"},"modified":"2023-09-20T20:03:12","modified_gmt":"2023-09-20T20:03:12","slug":"requirements-elicitation","status":"publish","type":"product","link":"https:\/\/sales-ai-agents.com\/tr\/templates\/requirements-elicitation\/","title":{"rendered":"Gereksinimlerin Ortaya \u00c7\u0131kar\u0131lmas\u0131"},"content":{"rendered":"<h2 class=\"ng-binding ng-scope\">Gereksinimleri Belirleme \u015eablonu<\/h2>\n<p>Kullan\u0131c\u0131lar\u0131n\u0131za ihtiya\u00e7 duyduklar\u0131 \u015feyleri sa\u011flayabiliyor musunuz? Bu belgeyi m\u00fc\u015fterilerinizle payla\u015f\u0131n ve ayn\u0131 sayfada olup olmad\u0131\u011f\u0131n\u0131z\u0131 kontrol edin! Gelecekteki projenizin her detay\u0131n\u0131 netle\u015ftirin ve \u00e7ok say\u0131da iterasyondan ka\u00e7\u0131n\u0131n. Durum hakk\u0131nda ortak bir anlay\u0131\u015fa sahip oldu\u011funuzdan emin olmak ba\u015far\u0131n\u0131n anahtar\u0131d\u0131r.<\/p>\n<h5><\/h5>\n<h5>Nas\u0131l Kullan\u0131l\u0131r?<\/h5>\n<ul>\n<li>M\u00fc\u015fteriye, ekip \u00fcyelerinizden bahsederek s\u00fcrece kimlerin dahil oldu\u011funu hat\u0131rlat\u0131n;<\/li>\n<li>Hi\u00e7bir \u015feyi ka\u00e7\u0131rmamak i\u00e7in hat\u0131rlat\u0131c\u0131 ayarlama se\u00e7ene\u011fiyle birlikte Zaman \u00c7izelgesi tablosunda kilometre ta\u015flar\u0131n\u0131 ve tarihlerini ana hatlar\u0131yla belirtin. \u0130htiyac\u0131n\u0131z olan dosyalar\u0131 eklemeyi unutmay\u0131n;<\/li>\n<li>M\u00fc\u015fterinizin i\u015fi i\u00e7in ihtiya\u00e7 duydu\u011fu t\u00fcm \u00f6zellikleri sa\u011flay\u0131p sa\u011flayamayaca\u011f\u0131n\u0131z\u0131 kontrol edin;<\/li>\n<li>Sonraki Ad\u0131mlar g\u00f6rev blo\u011fu ile bir geli\u015ftirme se\u00e7ene\u011fi \u00f6nerin;<\/li>\n<li>M\u00fclakat blo\u011funu, kullan\u0131c\u0131 deneyimini anlaman\u0131za yard\u0131mc\u0131 olacak geri bildirimleri toplamak i\u00e7in de kullanabilirsiniz;<\/li>\n<li>Ve sonunda, kullan\u0131c\u0131n\u0131n dinlendi\u011finden ve t\u00fcm sorular\u0131n\u0131n yan\u0131tland\u0131\u011f\u0131ndan emin olmak i\u00e7in Sorular blo\u011funu kullan\u0131n.<\/li>\n<\/ul>\n","protected":false},"excerpt":{"rendered":"<p>Gereksinim Belirleme \u015eablonumuz ile m\u00fc\u015fterilerinizle olan t\u00fcm yolculu\u011funuzu netle\u015ftirin! \u015eablon b\u00f6l\u00fcmlerinin rehberli\u011finde bilgi toplay\u0131n ve b\u00fcy\u00fcmenizi planlay\u0131n!<\/p>\n","protected":false},"featured_media":55181,"template":"","meta":{"_acf_changed":false,"inline_featured_image":false},"product_brand":[],"product_cat":[217,227,228,226],"product_tag":[],"class_list":{"0":"post-55180","1":"product","2":"type-product","3":"status-publish","4":"has-post-thumbnail","6":"product_cat-entrepreneur","7":"product_cat-marketing-clients","8":"product_cat-sales-account","9":"product_cat-uncategorized","10":"collections-client","12":"first","13":"instock","14":"shipping-taxable","15":"product-type-simple"},"acf":[],"yoast_head":"<!-- This site is optimized with the Yoast SEO plugin v25.3.1 - https:\/\/yoast.com\/wordpress\/plugins\/seo\/ -->\n<title>Gereksinimlerin Ortaya \u00c7\u0131kar\u0131lmas\u0131 \u015eablon - Sales AI Agents<\/title>\n<meta name=\"description\" content=\"Durumu netle\u015ftirin. M\u00fc\u015fterinizin istedi\u011fi her \u015feyi sa\u011flayabilecek misiniz? Bu bilgileri toplamak, bir hareket tarz\u0131 belirlemenize yard\u0131mc\u0131 olacakt\u0131r.\" \/>\n<meta name=\"robots\" content=\"index, follow, max-snippet:-1, max-image-preview:large, max-video-preview:-1\" \/>\n<link rel=\"canonical\" href=\"https:\/\/sales-ai-agents.com\/tr\/templates\/requirements-elicitation\/\" \/>\n<meta property=\"og:locale\" content=\"tr_TR\" \/>\n<meta property=\"og:type\" content=\"article\" \/>\n<meta property=\"og:title\" content=\"Gereksinimlerin Ortaya \u00c7\u0131kar\u0131lmas\u0131 \u015eablon - Sales AI Agents\" \/>\n<meta property=\"og:description\" content=\"Durumu netle\u015ftirin. M\u00fc\u015fterinizin istedi\u011fi her \u015feyi sa\u011flayabilecek misiniz? Bu bilgileri toplamak, bir hareket tarz\u0131 belirlemenize yard\u0131mc\u0131 olacakt\u0131r.\" \/>\n<meta property=\"og:url\" content=\"https:\/\/sales-ai-agents.com\/tr\/templates\/requirements-elicitation\/\" \/>\n<meta property=\"og:site_name\" content=\"Sales AI Agents\" \/>\n<meta property=\"article:modified_time\" content=\"2023-09-20T20:03:12+00:00\" \/>\n<meta property=\"og:image\" content=\"https:\/\/sales-ai-agents.com\/wp-content\/uploads\/2023\/04\/Requirements-Elicitation-Template.png\" \/>\n\t<meta property=\"og:image:width\" content=\"1700\" \/>\n\t<meta property=\"og:image:height\" content=\"1100\" \/>\n\t<meta property=\"og:image:type\" content=\"image\/png\" \/>\n<meta name=\"twitter:card\" content=\"summary_large_image\" \/>\n<script type=\"application\/ld+json\" class=\"yoast-schema-graph\">{\"@context\":\"https:\/\/schema.org\",\"@graph\":[{\"@type\":\"WebPage\",\"@id\":\"https:\/\/sales-ai-agents.com\/tr\/templates\/requirements-elicitation\/\",\"url\":\"https:\/\/sales-ai-agents.com\/tr\/templates\/requirements-elicitation\/\",\"name\":\"Gereksinimlerin Ortaya \u00c7\u0131kar\u0131lmas\u0131 \u015eablon - Sales AI Agents\",\"isPartOf\":{\"@id\":\"https:\/\/sales-ai-agents.com\/#website\"},\"primaryImageOfPage\":{\"@id\":\"https:\/\/sales-ai-agents.com\/tr\/templates\/requirements-elicitation\/#primaryimage\"},\"image\":{\"@id\":\"https:\/\/sales-ai-agents.com\/tr\/templates\/requirements-elicitation\/#primaryimage\"},\"thumbnailUrl\":\"https:\/\/sales-ai-agents.com\/wp-content\/uploads\/2023\/04\/Requirements-Elicitation-Template.png\",\"datePublished\":\"2023-04-28T09:19:03+00:00\",\"dateModified\":\"2023-09-20T20:03:12+00:00\",\"description\":\"Durumu netle\u015ftirin. M\u00fc\u015fterinizin istedi\u011fi her \u015feyi sa\u011flayabilecek misiniz? Bu bilgileri toplamak, bir hareket tarz\u0131 belirlemenize yard\u0131mc\u0131 olacakt\u0131r.\",\"inLanguage\":\"tr\",\"potentialAction\":[{\"@type\":\"ReadAction\",\"target\":[\"https:\/\/sales-ai-agents.com\/tr\/templates\/requirements-elicitation\/\"]}]},{\"@type\":\"ImageObject\",\"inLanguage\":\"tr\",\"@id\":\"https:\/\/sales-ai-agents.com\/tr\/templates\/requirements-elicitation\/#primaryimage\",\"url\":\"https:\/\/sales-ai-agents.com\/wp-content\/uploads\/2023\/04\/Requirements-Elicitation-Template.png\",\"contentUrl\":\"https:\/\/sales-ai-agents.com\/wp-content\/uploads\/2023\/04\/Requirements-Elicitation-Template.png\",\"width\":1700,\"height\":1100},{\"@type\":\"WebSite\",\"@id\":\"https:\/\/sales-ai-agents.com\/#website\",\"url\":\"https:\/\/sales-ai-agents.com\/\",\"name\":\"FuseBase\",\"description\":\"Sales AI Agents - Free Online Collaboration Software for Remote Teams. Build your wikis, client portals and more with the Nimbus Platform collaboration tool ? A perfect space for online work\",\"publisher\":{\"@id\":\"https:\/\/sales-ai-agents.com\/#organization\"},\"potentialAction\":[{\"@type\":\"SearchAction\",\"target\":{\"@type\":\"EntryPoint\",\"urlTemplate\":\"https:\/\/sales-ai-agents.com\/?s={search_term_string}\"},\"query-input\":{\"@type\":\"PropertyValueSpecification\",\"valueRequired\":true,\"valueName\":\"search_term_string\"}}],\"inLanguage\":\"tr\"},{\"@type\":\"Organization\",\"@id\":\"https:\/\/sales-ai-agents.com\/#organization\",\"name\":\"FuseBase\",\"url\":\"https:\/\/sales-ai-agents.com\/\",\"logo\":{\"@type\":\"ImageObject\",\"inLanguage\":\"tr\",\"@id\":\"https:\/\/sales-ai-agents.com\/#\/schema\/logo\/image\/\",\"url\":\"https:\/\/sales-ai-agents.com\/wp-content\/uploads\/2023\/11\/icon-7.svg\",\"contentUrl\":\"https:\/\/sales-ai-agents.com\/wp-content\/uploads\/2023\/11\/icon-7.svg\",\"width\":128,\"height\":128,\"caption\":\"FuseBase\"},\"image\":{\"@id\":\"https:\/\/sales-ai-agents.com\/#\/schema\/logo\/image\/\"}}]}<\/script>\n<!-- \/ Yoast SEO plugin. -->","yoast_head_json":{"title":"Gereksinimlerin Ortaya \u00c7\u0131kar\u0131lmas\u0131 \u015eablon - Sales AI Agents","description":"Durumu netle\u015ftirin. M\u00fc\u015fterinizin istedi\u011fi her \u015feyi sa\u011flayabilecek misiniz? Bu bilgileri toplamak, bir hareket tarz\u0131 belirlemenize yard\u0131mc\u0131 olacakt\u0131r.","robots":{"index":"index","follow":"follow","max-snippet":"max-snippet:-1","max-image-preview":"max-image-preview:large","max-video-preview":"max-video-preview:-1"},"canonical":"https:\/\/sales-ai-agents.com\/tr\/templates\/requirements-elicitation\/","og_locale":"tr_TR","og_type":"article","og_title":"Gereksinimlerin Ortaya \u00c7\u0131kar\u0131lmas\u0131 \u015eablon - Sales AI Agents","og_description":"Durumu netle\u015ftirin. M\u00fc\u015fterinizin istedi\u011fi her \u015feyi sa\u011flayabilecek misiniz? Bu bilgileri toplamak, bir hareket tarz\u0131 belirlemenize yard\u0131mc\u0131 olacakt\u0131r.","og_url":"https:\/\/sales-ai-agents.com\/tr\/templates\/requirements-elicitation\/","og_site_name":"Sales AI Agents","article_modified_time":"2023-09-20T20:03:12+00:00","og_image":[{"width":1700,"height":1100,"url":"https:\/\/sales-ai-agents.com\/wp-content\/uploads\/2023\/04\/Requirements-Elicitation-Template.png","type":"image\/png"}],"twitter_card":"summary_large_image","schema":{"@context":"https:\/\/schema.org","@graph":[{"@type":"WebPage","@id":"https:\/\/sales-ai-agents.com\/tr\/templates\/requirements-elicitation\/","url":"https:\/\/sales-ai-agents.com\/tr\/templates\/requirements-elicitation\/","name":"Gereksinimlerin Ortaya \u00c7\u0131kar\u0131lmas\u0131 \u015eablon - Sales AI Agents","isPartOf":{"@id":"https:\/\/sales-ai-agents.com\/#website"},"primaryImageOfPage":{"@id":"https:\/\/sales-ai-agents.com\/tr\/templates\/requirements-elicitation\/#primaryimage"},"image":{"@id":"https:\/\/sales-ai-agents.com\/tr\/templates\/requirements-elicitation\/#primaryimage"},"thumbnailUrl":"https:\/\/sales-ai-agents.com\/wp-content\/uploads\/2023\/04\/Requirements-Elicitation-Template.png","datePublished":"2023-04-28T09:19:03+00:00","dateModified":"2023-09-20T20:03:12+00:00","description":"Durumu netle\u015ftirin. M\u00fc\u015fterinizin istedi\u011fi her \u015feyi sa\u011flayabilecek misiniz? Bu bilgileri toplamak, bir hareket tarz\u0131 belirlemenize yard\u0131mc\u0131 olacakt\u0131r.","inLanguage":"tr","potentialAction":[{"@type":"ReadAction","target":["https:\/\/sales-ai-agents.com\/tr\/templates\/requirements-elicitation\/"]}]},{"@type":"ImageObject","inLanguage":"tr","@id":"https:\/\/sales-ai-agents.com\/tr\/templates\/requirements-elicitation\/#primaryimage","url":"https:\/\/sales-ai-agents.com\/wp-content\/uploads\/2023\/04\/Requirements-Elicitation-Template.png","contentUrl":"https:\/\/sales-ai-agents.com\/wp-content\/uploads\/2023\/04\/Requirements-Elicitation-Template.png","width":1700,"height":1100},{"@type":"WebSite","@id":"https:\/\/sales-ai-agents.com\/#website","url":"https:\/\/sales-ai-agents.com\/","name":"FuseBase","description":"Sales AI Agents - Free Online Collaboration Software for Remote Teams. Build your wikis, client portals and more with the Nimbus Platform collaboration tool ? A perfect space for online work","publisher":{"@id":"https:\/\/sales-ai-agents.com\/#organization"},"potentialAction":[{"@type":"SearchAction","target":{"@type":"EntryPoint","urlTemplate":"https:\/\/sales-ai-agents.com\/?s={search_term_string}"},"query-input":{"@type":"PropertyValueSpecification","valueRequired":true,"valueName":"search_term_string"}}],"inLanguage":"tr"},{"@type":"Organization","@id":"https:\/\/sales-ai-agents.com\/#organization","name":"FuseBase","url":"https:\/\/sales-ai-agents.com\/","logo":{"@type":"ImageObject","inLanguage":"tr","@id":"https:\/\/sales-ai-agents.com\/#\/schema\/logo\/image\/","url":"https:\/\/sales-ai-agents.com\/wp-content\/uploads\/2023\/11\/icon-7.svg","contentUrl":"https:\/\/sales-ai-agents.com\/wp-content\/uploads\/2023\/11\/icon-7.svg","width":128,"height":128,"caption":"FuseBase"},"image":{"@id":"https:\/\/sales-ai-agents.com\/#\/schema\/logo\/image\/"}}]}},"_links":{"self":[{"href":"https:\/\/sales-ai-agents.com\/tr\/wp-json\/wp\/v2\/product\/55180","targetHints":{"allow":["GET"]}}],"collection":[{"href":"https:\/\/sales-ai-agents.com\/tr\/wp-json\/wp\/v2\/product"}],"about":[{"href":"https:\/\/sales-ai-agents.com\/tr\/wp-json\/wp\/v2\/types\/product"}],"wp:featuredmedia":[{"embeddable":true,"href":"https:\/\/sales-ai-agents.com\/tr\/wp-json\/wp\/v2\/media\/55181"}],"wp:attachment":[{"href":"https:\/\/sales-ai-agents.com\/tr\/wp-json\/wp\/v2\/media?parent=55180"}],"wp:term":[{"taxonomy":"product_brand","embeddable":true,"href":"https:\/\/sales-ai-agents.com\/tr\/wp-json\/wp\/v2\/product_brand?post=55180"},{"taxonomy":"product_cat","embeddable":true,"href":"https:\/\/sales-ai-agents.com\/tr\/wp-json\/wp\/v2\/product_cat?post=55180"},{"taxonomy":"product_tag","embeddable":true,"href":"https:\/\/sales-ai-agents.com\/tr\/wp-json\/wp\/v2\/product_tag?post=55180"}],"curies":[{"name":"wp","href":"https:\/\/api.w.org\/{rel}","templated":true}]}}