{"id":55340,"date":"2023-04-28T07:33:28","date_gmt":"2023-04-28T07:33:28","guid":{"rendered":"https:\/\/sales-ai-agents.com\/templates\/business-proposal\/"},"modified":"2023-09-21T20:08:27","modified_gmt":"2023-09-21T20:08:27","slug":"business-proposal","status":"publish","type":"product","link":"https:\/\/sales-ai-agents.com\/tr\/templates\/business-proposal\/","title":{"rendered":"\u0130\u015f Teklifi"},"content":{"rendered":"<h2>\u0130\u015f Teklifi \u015eablonu<\/h2>\n<p>\u0130\u015finizi potansiyel m\u00fc\u015fterilere veya yat\u0131r\u0131mc\u0131lara sunmak i\u00e7in profesyonel ve etkili bir yol mu ar\u0131yorsunuz? \u0130\u015f Teklifi \u015eablonumuz, di\u011ferlerinin aras\u0131ndan s\u0131yr\u0131l\u0131p kazanan bir teklif olu\u015fturman\u0131za yard\u0131mc\u0131 olacak m\u00fckemmel bir \u00e7\u00f6z\u00fcmd\u00fcr. Kullan\u0131m\u0131 kolay b\u00f6l\u00fcmleri ve \u00f6zelle\u015ftirilebilir tasar\u0131m\u0131 ile bu \u015fablon i\u015f plan\u0131n\u0131z\u0131 sergilemenize, hedef kitlenizi etkilemenize ve finansman sa\u011flaman\u0131za yard\u0131mc\u0131 olacakt\u0131r. \u0130ster yeni kurulmu\u015f ister k\u00f6kl\u00fc bir i\u015fletme olun, \u015fablonumuz g\u00fc\u00e7l\u00fc y\u00f6nlerinizi vurgulayan ve sizi rakiplerinizden ay\u0131ran ilgi \u00e7ekici bir teklif olu\u015fturma s\u00fcrecinde size rehberlik edecektir. \u0130\u015f Teklifi \u015eablonumuz ile ba\u015far\u0131ya giden yolculu\u011funuza bug\u00fcn ba\u015flay\u0131n.<\/p>\n<p>&nbsp;<\/p>\n<p><b>Nas\u0131l Kullan\u0131l\u0131r?<\/b><\/p>\n<ul>\n<li>M\u00fc\u015fterilerinize bir tan\u0131t\u0131m videosu y\u00fckleyin &#8211; ki\u015fisel bir dokunu\u015f kat\u0131n;<\/li>\n<li>Di\u011fer platformlardan \u00fcr\u00fcn\u00fcn\u00fcz\u00fcn demosunu i\u00e7eren bir video yerle\u015ftirin;<\/li>\n<li>A\u00e7\u0131klay\u0131c\u0131 bir sunum i\u00e7eren bir PDF dosyas\u0131 ekleyin;<\/li>\n<li>Fiyatland\u0131rma ve Planlar\u0131n\u0131zla ilgili bilgilendirici bir tablo haz\u0131rlay\u0131n;<\/li>\n<li>G\u00f6rev listesini kullanarak sonraki ad\u0131mlar\u0131 \u00f6nerin;<\/li>\n<li>Yerle\u015ftirme i\u015flevselli\u011fi ile bir arama rezervasyonu yapmak i\u00e7in takviminizi ekleyin.<\/li>\n<\/ul>\n","protected":false},"excerpt":{"rendered":"<p>Bir i\u015f teklifi haz\u0131rlamak g\u00f6z korkutucu bir g\u00f6rev olabilir. Avantajlar\u0131n\u0131z\u0131 vurgulamak ve anla\u015fma hakk\u0131nda gerekli t\u00fcm bilgileri tek bir sayfada toplamak i\u00e7in \u0130\u015f Teklifi \u015eablonumuzu kullan\u0131n. \u0130yi izlenim garantili!<\/p>\n","protected":false},"featured_media":80039,"template":"","meta":{"_acf_changed":false,"inline_featured_image":false},"product_brand":[],"product_cat":[217,248],"product_tag":[232],"class_list":{"0":"post-55340","1":"product","2":"type-product","3":"status-publish","4":"has-post-thumbnail","6":"product_cat-entrepreneur","7":"product_cat-sales-proposals","8":"product_tag-hit","9":"collections-client","11":"first","12":"instock","13":"shipping-taxable","14":"product-type-simple"},"acf":[],"yoast_head":"<!-- This site is optimized with the Yoast SEO plugin v25.3.1 - https:\/\/yoast.com\/wordpress\/plugins\/seo\/ -->\n<title>\u0130\u015f Teklifi \u015eablon - Sales AI Agents<\/title>\n<meta name=\"description\" content=\"Nimbus \u015fablonu ile i\u015f fikirlerinizi sergileyen ve potansiyel m\u00fc\u015fterileri veya yat\u0131r\u0131mc\u0131lar\u0131 etkileyen profesyonel ve etkili bir teklif olu\u015fturun!\" \/>\n<meta name=\"robots\" content=\"index, follow, max-snippet:-1, max-image-preview:large, max-video-preview:-1\" \/>\n<link rel=\"canonical\" href=\"https:\/\/sales-ai-agents.com\/tr\/templates\/business-proposal\/\" \/>\n<meta property=\"og:locale\" content=\"tr_TR\" \/>\n<meta property=\"og:type\" content=\"article\" \/>\n<meta property=\"og:title\" content=\"\u0130\u015f Teklifi \u015eablon - Sales AI Agents\" \/>\n<meta property=\"og:description\" content=\"Nimbus \u015fablonu ile i\u015f fikirlerinizi sergileyen ve potansiyel m\u00fc\u015fterileri veya yat\u0131r\u0131mc\u0131lar\u0131 etkileyen profesyonel ve etkili bir teklif olu\u015fturun!\" \/>\n<meta property=\"og:url\" content=\"https:\/\/sales-ai-agents.com\/tr\/templates\/business-proposal\/\" \/>\n<meta property=\"og:site_name\" content=\"Sales AI Agents\" \/>\n<meta property=\"article:modified_time\" content=\"2023-09-21T20:08:27+00:00\" \/>\n<meta property=\"og:image\" content=\"https:\/\/sales-ai-agents.com\/wp-content\/uploads\/2023\/04\/Business-Proposal-Template-1.png\" \/>\n\t<meta property=\"og:image:width\" content=\"1200\" \/>\n\t<meta property=\"og:image:height\" content=\"700\" \/>\n\t<meta property=\"og:image:type\" content=\"image\/png\" \/>\n<meta name=\"twitter:card\" content=\"summary_large_image\" \/>\n<script type=\"application\/ld+json\" class=\"yoast-schema-graph\">{\"@context\":\"https:\/\/schema.org\",\"@graph\":[{\"@type\":\"WebPage\",\"@id\":\"https:\/\/sales-ai-agents.com\/tr\/templates\/business-proposal\/\",\"url\":\"https:\/\/sales-ai-agents.com\/tr\/templates\/business-proposal\/\",\"name\":\"\u0130\u015f Teklifi \u015eablon - Sales AI Agents\",\"isPartOf\":{\"@id\":\"https:\/\/sales-ai-agents.com\/#website\"},\"primaryImageOfPage\":{\"@id\":\"https:\/\/sales-ai-agents.com\/tr\/templates\/business-proposal\/#primaryimage\"},\"image\":{\"@id\":\"https:\/\/sales-ai-agents.com\/tr\/templates\/business-proposal\/#primaryimage\"},\"thumbnailUrl\":\"https:\/\/sales-ai-agents.com\/wp-content\/uploads\/2023\/04\/Business-Proposal-Template-1.png\",\"datePublished\":\"2023-04-28T07:33:28+00:00\",\"dateModified\":\"2023-09-21T20:08:27+00:00\",\"description\":\"Nimbus \u015fablonu ile i\u015f fikirlerinizi sergileyen ve potansiyel m\u00fc\u015fterileri veya yat\u0131r\u0131mc\u0131lar\u0131 etkileyen profesyonel ve etkili bir teklif olu\u015fturun!\",\"inLanguage\":\"tr\",\"potentialAction\":[{\"@type\":\"ReadAction\",\"target\":[\"https:\/\/sales-ai-agents.com\/tr\/templates\/business-proposal\/\"]}]},{\"@type\":\"ImageObject\",\"inLanguage\":\"tr\",\"@id\":\"https:\/\/sales-ai-agents.com\/tr\/templates\/business-proposal\/#primaryimage\",\"url\":\"https:\/\/sales-ai-agents.com\/wp-content\/uploads\/2023\/04\/Business-Proposal-Template-1.png\",\"contentUrl\":\"https:\/\/sales-ai-agents.com\/wp-content\/uploads\/2023\/04\/Business-Proposal-Template-1.png\",\"width\":1200,\"height\":700,\"caption\":\"Create a professional and effective proposal that showcases your business ideas with Nimbus!\"},{\"@type\":\"WebSite\",\"@id\":\"https:\/\/sales-ai-agents.com\/#website\",\"url\":\"https:\/\/sales-ai-agents.com\/\",\"name\":\"FuseBase\",\"description\":\"Sales AI Agents - Free Online Collaboration Software for Remote Teams. Build your wikis, client portals and more with the Nimbus Platform collaboration tool ? A perfect space for online work\",\"publisher\":{\"@id\":\"https:\/\/sales-ai-agents.com\/#organization\"},\"potentialAction\":[{\"@type\":\"SearchAction\",\"target\":{\"@type\":\"EntryPoint\",\"urlTemplate\":\"https:\/\/sales-ai-agents.com\/?s={search_term_string}\"},\"query-input\":{\"@type\":\"PropertyValueSpecification\",\"valueRequired\":true,\"valueName\":\"search_term_string\"}}],\"inLanguage\":\"tr\"},{\"@type\":\"Organization\",\"@id\":\"https:\/\/sales-ai-agents.com\/#organization\",\"name\":\"FuseBase\",\"url\":\"https:\/\/sales-ai-agents.com\/\",\"logo\":{\"@type\":\"ImageObject\",\"inLanguage\":\"tr\",\"@id\":\"https:\/\/sales-ai-agents.com\/#\/schema\/logo\/image\/\",\"url\":\"https:\/\/sales-ai-agents.com\/wp-content\/uploads\/2023\/11\/icon-7.svg\",\"contentUrl\":\"https:\/\/sales-ai-agents.com\/wp-content\/uploads\/2023\/11\/icon-7.svg\",\"width\":128,\"height\":128,\"caption\":\"FuseBase\"},\"image\":{\"@id\":\"https:\/\/sales-ai-agents.com\/#\/schema\/logo\/image\/\"}}]}<\/script>\n<!-- \/ Yoast SEO plugin. -->","yoast_head_json":{"title":"\u0130\u015f Teklifi \u015eablon - Sales AI Agents","description":"Nimbus \u015fablonu ile i\u015f fikirlerinizi sergileyen ve potansiyel m\u00fc\u015fterileri veya yat\u0131r\u0131mc\u0131lar\u0131 etkileyen profesyonel ve etkili bir teklif olu\u015fturun!","robots":{"index":"index","follow":"follow","max-snippet":"max-snippet:-1","max-image-preview":"max-image-preview:large","max-video-preview":"max-video-preview:-1"},"canonical":"https:\/\/sales-ai-agents.com\/tr\/templates\/business-proposal\/","og_locale":"tr_TR","og_type":"article","og_title":"\u0130\u015f Teklifi \u015eablon - Sales AI Agents","og_description":"Nimbus \u015fablonu ile i\u015f fikirlerinizi sergileyen ve potansiyel m\u00fc\u015fterileri veya yat\u0131r\u0131mc\u0131lar\u0131 etkileyen profesyonel ve etkili bir teklif olu\u015fturun!","og_url":"https:\/\/sales-ai-agents.com\/tr\/templates\/business-proposal\/","og_site_name":"Sales AI Agents","article_modified_time":"2023-09-21T20:08:27+00:00","og_image":[{"width":1200,"height":700,"url":"https:\/\/sales-ai-agents.com\/wp-content\/uploads\/2023\/04\/Business-Proposal-Template-1.png","type":"image\/png"}],"twitter_card":"summary_large_image","schema":{"@context":"https:\/\/schema.org","@graph":[{"@type":"WebPage","@id":"https:\/\/sales-ai-agents.com\/tr\/templates\/business-proposal\/","url":"https:\/\/sales-ai-agents.com\/tr\/templates\/business-proposal\/","name":"\u0130\u015f Teklifi \u015eablon - Sales AI Agents","isPartOf":{"@id":"https:\/\/sales-ai-agents.com\/#website"},"primaryImageOfPage":{"@id":"https:\/\/sales-ai-agents.com\/tr\/templates\/business-proposal\/#primaryimage"},"image":{"@id":"https:\/\/sales-ai-agents.com\/tr\/templates\/business-proposal\/#primaryimage"},"thumbnailUrl":"https:\/\/sales-ai-agents.com\/wp-content\/uploads\/2023\/04\/Business-Proposal-Template-1.png","datePublished":"2023-04-28T07:33:28+00:00","dateModified":"2023-09-21T20:08:27+00:00","description":"Nimbus \u015fablonu ile i\u015f fikirlerinizi sergileyen ve potansiyel m\u00fc\u015fterileri veya yat\u0131r\u0131mc\u0131lar\u0131 etkileyen profesyonel ve etkili bir teklif olu\u015fturun!","inLanguage":"tr","potentialAction":[{"@type":"ReadAction","target":["https:\/\/sales-ai-agents.com\/tr\/templates\/business-proposal\/"]}]},{"@type":"ImageObject","inLanguage":"tr","@id":"https:\/\/sales-ai-agents.com\/tr\/templates\/business-proposal\/#primaryimage","url":"https:\/\/sales-ai-agents.com\/wp-content\/uploads\/2023\/04\/Business-Proposal-Template-1.png","contentUrl":"https:\/\/sales-ai-agents.com\/wp-content\/uploads\/2023\/04\/Business-Proposal-Template-1.png","width":1200,"height":700,"caption":"Create a professional and effective proposal that showcases your business ideas with Nimbus!"},{"@type":"WebSite","@id":"https:\/\/sales-ai-agents.com\/#website","url":"https:\/\/sales-ai-agents.com\/","name":"FuseBase","description":"Sales AI Agents - Free Online Collaboration Software for Remote Teams. Build your wikis, client portals and more with the Nimbus Platform collaboration tool ? A perfect space for online work","publisher":{"@id":"https:\/\/sales-ai-agents.com\/#organization"},"potentialAction":[{"@type":"SearchAction","target":{"@type":"EntryPoint","urlTemplate":"https:\/\/sales-ai-agents.com\/?s={search_term_string}"},"query-input":{"@type":"PropertyValueSpecification","valueRequired":true,"valueName":"search_term_string"}}],"inLanguage":"tr"},{"@type":"Organization","@id":"https:\/\/sales-ai-agents.com\/#organization","name":"FuseBase","url":"https:\/\/sales-ai-agents.com\/","logo":{"@type":"ImageObject","inLanguage":"tr","@id":"https:\/\/sales-ai-agents.com\/#\/schema\/logo\/image\/","url":"https:\/\/sales-ai-agents.com\/wp-content\/uploads\/2023\/11\/icon-7.svg","contentUrl":"https:\/\/sales-ai-agents.com\/wp-content\/uploads\/2023\/11\/icon-7.svg","width":128,"height":128,"caption":"FuseBase"},"image":{"@id":"https:\/\/sales-ai-agents.com\/#\/schema\/logo\/image\/"}}]}},"_links":{"self":[{"href":"https:\/\/sales-ai-agents.com\/tr\/wp-json\/wp\/v2\/product\/55340","targetHints":{"allow":["GET"]}}],"collection":[{"href":"https:\/\/sales-ai-agents.com\/tr\/wp-json\/wp\/v2\/product"}],"about":[{"href":"https:\/\/sales-ai-agents.com\/tr\/wp-json\/wp\/v2\/types\/product"}],"wp:featuredmedia":[{"embeddable":true,"href":"https:\/\/sales-ai-agents.com\/tr\/wp-json\/wp\/v2\/media\/80039"}],"wp:attachment":[{"href":"https:\/\/sales-ai-agents.com\/tr\/wp-json\/wp\/v2\/media?parent=55340"}],"wp:term":[{"taxonomy":"product_brand","embeddable":true,"href":"https:\/\/sales-ai-agents.com\/tr\/wp-json\/wp\/v2\/product_brand?post=55340"},{"taxonomy":"product_cat","embeddable":true,"href":"https:\/\/sales-ai-agents.com\/tr\/wp-json\/wp\/v2\/product_cat?post=55340"},{"taxonomy":"product_tag","embeddable":true,"href":"https:\/\/sales-ai-agents.com\/tr\/wp-json\/wp\/v2\/product_tag?post=55340"}],"curies":[{"name":"wp","href":"https:\/\/api.w.org\/{rel}","templated":true}]}}