{"id":55346,"date":"2023-04-28T07:22:08","date_gmt":"2023-04-28T07:22:08","guid":{"rendered":"https:\/\/sales-ai-agents.com\/templates\/social-posting-management\/"},"modified":"2023-09-21T20:19:05","modified_gmt":"2023-09-21T20:19:05","slug":"social-posting-management","status":"publish","type":"product","link":"https:\/\/sales-ai-agents.com\/tr\/templates\/social-posting-management\/","title":{"rendered":"Sosyal G\u00f6nderi Y\u00f6netimi"},"content":{"rendered":"<h2>Sosyal G\u00f6nderi Y\u00f6netimi \u015eablonu<\/h2>\n<p>S\u00fcrekli olarak birden fazla sosyal medya hesab\u0131yla u\u011fra\u015fmaktan ve tutarl\u0131 bir \u015fekilde payla\u015f\u0131m yapmakta zorlanmaktan b\u0131kt\u0131n\u0131z m\u0131? \u015eablonumuz, g\u00f6nderileri planlamaktan etkile\u015fimi analiz etmeye kadar sosyal medya hesaplar\u0131n\u0131z\u0131 y\u00f6netme s\u00fcrecini basitle\u015ftirmek i\u00e7in tasarlanm\u0131\u015ft\u0131r. Sosyal medya y\u00f6netiminizi kolayla\u015ft\u0131r\u0131n ve sosyal medya stratejinizin etkinli\u011fini art\u0131r\u0131n!<\/p>\n<h5><\/h5>\n<h5>Nas\u0131l Kullan\u0131l\u0131r?<\/h5>\n<p><strong>Program Tablosu<\/strong><\/p>\n<ul>\n<li>Tarih s\u00fctunu t\u00fcr\u00fcyle bir son tarih belirleyin;<\/li>\n<li>\u0130lerleme s\u00fctunu t\u00fcr\u00fcyle i\u015flemlerin (tasar\u0131m ve metin gibi) ne kadar eksiksiz oldu\u011funu kontrol edin;<\/li>\n<li>Onay kutusu s\u00fctun t\u00fcr\u00fcn\u00fc kullanarak G\u00f6zden Ge\u00e7ir ve Yay\u0131nla a\u015famalar\u0131n\u0131n tamamland\u0131\u011f\u0131n\u0131 i\u015faretleyin;<\/li>\n<li>\u00c7oklu se\u00e7im s\u00fctun t\u00fcr\u00fc ile g\u00f6nderilerinizin hangi kanallarda yay\u0131nlanaca\u011f\u0131n\u0131 izleyin;<\/li>\n<li>G\u00f6nderileriniz i\u00e7in t\u00fcm belgeleri kaynak s\u00fctununda kolayca eri\u015fmek i\u00e7in ba\u011flay\u0131n.<\/li>\n<\/ul>\n<p>&nbsp;<\/p>\n<p><strong>Analiz Tablosu<\/strong><\/p>\n<ul>\n<li>G\u00f6r\u00fcn\u00fcmlerdeki t\u00fcm verileri girin ve derecelendirme s\u00fctun t\u00fcr\u00fc ile genel bir ba\u015far\u0131 notu verin.<\/li>\n<\/ul>\n<p>&nbsp;<\/p>\n<p><strong>Fikirler Tablosu<\/strong><\/p>\n<ul>\n<li>Tarih s\u00fctun tipi ile g\u00f6nderinin yay\u0131nlanabilece\u011fi tarihi belirleyin;<\/li>\n<li>\u00c7oklu se\u00e7im s\u00fctun t\u00fcr\u00fc ile g\u00f6nderilerinizin hangi kanallarda yay\u0131nlanaca\u011f\u0131n\u0131 planlay\u0131n.<\/li>\n<\/ul>\n","protected":false},"excerpt":{"rendered":"<p>Kullan\u0131m\u0131 kolay \u015fablonumuzla sosyal medya y\u00f6netiminizi kolayla\u015ft\u0131r\u0131n ve stratejinizin etkinli\u011fini art\u0131r\u0131n. Nimbus Platform ile g\u00f6nderileriniz i\u00e7in plan yap\u0131n, analiz edin ve fikirlerinizi yaz\u0131n!<\/p>\n","protected":false},"featured_media":55347,"template":"","meta":{"_acf_changed":false,"inline_featured_image":false},"product_brand":[],"product_cat":[249,226],"product_tag":[],"class_list":{"0":"post-55346","1":"product","2":"type-product","3":"status-publish","4":"has-post-thumbnail","6":"product_cat-marketing-content","7":"product_cat-uncategorized","9":"first","10":"instock","11":"shipping-taxable","12":"product-type-simple"},"acf":[],"yoast_head":"<!-- This site is optimized with the Yoast SEO plugin v25.3.1 - https:\/\/yoast.com\/wordpress\/plugins\/seo\/ -->\n<title>Sosyal G\u00f6nderi Y\u00f6netimi \u015eablon - Sales AI Agents<\/title>\n<meta name=\"description\" content=\"G\u00f6nderileri planlay\u0131n, etkile\u015fimi takip edin ve sosyal medya performans\u0131n\u0131z\u0131 analiz edin. Nimbus Platform ile y\u00f6netiminizi basitle\u015ftirin ve stratejinizi geli\u015ftirin.\" \/>\n<meta name=\"robots\" content=\"index, follow, max-snippet:-1, max-image-preview:large, max-video-preview:-1\" \/>\n<link rel=\"canonical\" href=\"https:\/\/sales-ai-agents.com\/tr\/templates\/social-posting-management\/\" \/>\n<meta property=\"og:locale\" content=\"tr_TR\" \/>\n<meta property=\"og:type\" content=\"article\" \/>\n<meta property=\"og:title\" content=\"Sosyal G\u00f6nderi Y\u00f6netimi \u015eablon - Sales AI Agents\" \/>\n<meta property=\"og:description\" content=\"G\u00f6nderileri planlay\u0131n, etkile\u015fimi takip edin ve sosyal medya performans\u0131n\u0131z\u0131 analiz edin. Nimbus Platform ile y\u00f6netiminizi basitle\u015ftirin ve stratejinizi geli\u015ftirin.\" \/>\n<meta property=\"og:url\" content=\"https:\/\/sales-ai-agents.com\/tr\/templates\/social-posting-management\/\" \/>\n<meta property=\"og:site_name\" content=\"Sales AI Agents\" \/>\n<meta property=\"article:modified_time\" content=\"2023-09-21T20:19:05+00:00\" \/>\n<meta property=\"og:image\" content=\"https:\/\/sales-ai-agents.com\/wp-content\/uploads\/2023\/04\/Social-Posting-Management-Template.png\" \/>\n\t<meta property=\"og:image:width\" content=\"1700\" \/>\n\t<meta property=\"og:image:height\" content=\"1066\" \/>\n\t<meta property=\"og:image:type\" content=\"image\/png\" \/>\n<meta name=\"twitter:card\" content=\"summary_large_image\" \/>\n<script type=\"application\/ld+json\" class=\"yoast-schema-graph\">{\"@context\":\"https:\/\/schema.org\",\"@graph\":[{\"@type\":\"WebPage\",\"@id\":\"https:\/\/sales-ai-agents.com\/tr\/templates\/social-posting-management\/\",\"url\":\"https:\/\/sales-ai-agents.com\/tr\/templates\/social-posting-management\/\",\"name\":\"Sosyal G\u00f6nderi Y\u00f6netimi \u015eablon - Sales AI Agents\",\"isPartOf\":{\"@id\":\"https:\/\/sales-ai-agents.com\/#website\"},\"primaryImageOfPage\":{\"@id\":\"https:\/\/sales-ai-agents.com\/tr\/templates\/social-posting-management\/#primaryimage\"},\"image\":{\"@id\":\"https:\/\/sales-ai-agents.com\/tr\/templates\/social-posting-management\/#primaryimage\"},\"thumbnailUrl\":\"https:\/\/sales-ai-agents.com\/wp-content\/uploads\/2023\/04\/Social-Posting-Management-Template.png\",\"datePublished\":\"2023-04-28T07:22:08+00:00\",\"dateModified\":\"2023-09-21T20:19:05+00:00\",\"description\":\"G\u00f6nderileri planlay\u0131n, etkile\u015fimi takip edin ve sosyal medya performans\u0131n\u0131z\u0131 analiz edin. Nimbus Platform ile y\u00f6netiminizi basitle\u015ftirin ve stratejinizi geli\u015ftirin.\",\"inLanguage\":\"tr\",\"potentialAction\":[{\"@type\":\"ReadAction\",\"target\":[\"https:\/\/sales-ai-agents.com\/tr\/templates\/social-posting-management\/\"]}]},{\"@type\":\"ImageObject\",\"inLanguage\":\"tr\",\"@id\":\"https:\/\/sales-ai-agents.com\/tr\/templates\/social-posting-management\/#primaryimage\",\"url\":\"https:\/\/sales-ai-agents.com\/wp-content\/uploads\/2023\/04\/Social-Posting-Management-Template.png\",\"contentUrl\":\"https:\/\/sales-ai-agents.com\/wp-content\/uploads\/2023\/04\/Social-Posting-Management-Template.png\",\"width\":1700,\"height\":1066},{\"@type\":\"WebSite\",\"@id\":\"https:\/\/sales-ai-agents.com\/#website\",\"url\":\"https:\/\/sales-ai-agents.com\/\",\"name\":\"FuseBase\",\"description\":\"Sales AI Agents - Free Online Collaboration Software for Remote Teams. Build your wikis, client portals and more with the Nimbus Platform collaboration tool ? A perfect space for online work\",\"publisher\":{\"@id\":\"https:\/\/sales-ai-agents.com\/#organization\"},\"potentialAction\":[{\"@type\":\"SearchAction\",\"target\":{\"@type\":\"EntryPoint\",\"urlTemplate\":\"https:\/\/sales-ai-agents.com\/?s={search_term_string}\"},\"query-input\":{\"@type\":\"PropertyValueSpecification\",\"valueRequired\":true,\"valueName\":\"search_term_string\"}}],\"inLanguage\":\"tr\"},{\"@type\":\"Organization\",\"@id\":\"https:\/\/sales-ai-agents.com\/#organization\",\"name\":\"FuseBase\",\"url\":\"https:\/\/sales-ai-agents.com\/\",\"logo\":{\"@type\":\"ImageObject\",\"inLanguage\":\"tr\",\"@id\":\"https:\/\/sales-ai-agents.com\/#\/schema\/logo\/image\/\",\"url\":\"https:\/\/sales-ai-agents.com\/wp-content\/uploads\/2023\/11\/icon-7.svg\",\"contentUrl\":\"https:\/\/sales-ai-agents.com\/wp-content\/uploads\/2023\/11\/icon-7.svg\",\"width\":128,\"height\":128,\"caption\":\"FuseBase\"},\"image\":{\"@id\":\"https:\/\/sales-ai-agents.com\/#\/schema\/logo\/image\/\"}}]}<\/script>\n<!-- \/ Yoast SEO plugin. -->","yoast_head_json":{"title":"Sosyal G\u00f6nderi Y\u00f6netimi \u015eablon - Sales AI Agents","description":"G\u00f6nderileri planlay\u0131n, etkile\u015fimi takip edin ve sosyal medya performans\u0131n\u0131z\u0131 analiz edin. Nimbus Platform ile y\u00f6netiminizi basitle\u015ftirin ve stratejinizi geli\u015ftirin.","robots":{"index":"index","follow":"follow","max-snippet":"max-snippet:-1","max-image-preview":"max-image-preview:large","max-video-preview":"max-video-preview:-1"},"canonical":"https:\/\/sales-ai-agents.com\/tr\/templates\/social-posting-management\/","og_locale":"tr_TR","og_type":"article","og_title":"Sosyal G\u00f6nderi Y\u00f6netimi \u015eablon - Sales AI Agents","og_description":"G\u00f6nderileri planlay\u0131n, etkile\u015fimi takip edin ve sosyal medya performans\u0131n\u0131z\u0131 analiz edin. Nimbus Platform ile y\u00f6netiminizi basitle\u015ftirin ve stratejinizi geli\u015ftirin.","og_url":"https:\/\/sales-ai-agents.com\/tr\/templates\/social-posting-management\/","og_site_name":"Sales AI Agents","article_modified_time":"2023-09-21T20:19:05+00:00","og_image":[{"width":1700,"height":1066,"url":"https:\/\/sales-ai-agents.com\/wp-content\/uploads\/2023\/04\/Social-Posting-Management-Template.png","type":"image\/png"}],"twitter_card":"summary_large_image","schema":{"@context":"https:\/\/schema.org","@graph":[{"@type":"WebPage","@id":"https:\/\/sales-ai-agents.com\/tr\/templates\/social-posting-management\/","url":"https:\/\/sales-ai-agents.com\/tr\/templates\/social-posting-management\/","name":"Sosyal G\u00f6nderi Y\u00f6netimi \u015eablon - Sales AI Agents","isPartOf":{"@id":"https:\/\/sales-ai-agents.com\/#website"},"primaryImageOfPage":{"@id":"https:\/\/sales-ai-agents.com\/tr\/templates\/social-posting-management\/#primaryimage"},"image":{"@id":"https:\/\/sales-ai-agents.com\/tr\/templates\/social-posting-management\/#primaryimage"},"thumbnailUrl":"https:\/\/sales-ai-agents.com\/wp-content\/uploads\/2023\/04\/Social-Posting-Management-Template.png","datePublished":"2023-04-28T07:22:08+00:00","dateModified":"2023-09-21T20:19:05+00:00","description":"G\u00f6nderileri planlay\u0131n, etkile\u015fimi takip edin ve sosyal medya performans\u0131n\u0131z\u0131 analiz edin. Nimbus Platform ile y\u00f6netiminizi basitle\u015ftirin ve stratejinizi geli\u015ftirin.","inLanguage":"tr","potentialAction":[{"@type":"ReadAction","target":["https:\/\/sales-ai-agents.com\/tr\/templates\/social-posting-management\/"]}]},{"@type":"ImageObject","inLanguage":"tr","@id":"https:\/\/sales-ai-agents.com\/tr\/templates\/social-posting-management\/#primaryimage","url":"https:\/\/sales-ai-agents.com\/wp-content\/uploads\/2023\/04\/Social-Posting-Management-Template.png","contentUrl":"https:\/\/sales-ai-agents.com\/wp-content\/uploads\/2023\/04\/Social-Posting-Management-Template.png","width":1700,"height":1066},{"@type":"WebSite","@id":"https:\/\/sales-ai-agents.com\/#website","url":"https:\/\/sales-ai-agents.com\/","name":"FuseBase","description":"Sales AI Agents - Free Online Collaboration Software for Remote Teams. Build your wikis, client portals and more with the Nimbus Platform collaboration tool ? A perfect space for online work","publisher":{"@id":"https:\/\/sales-ai-agents.com\/#organization"},"potentialAction":[{"@type":"SearchAction","target":{"@type":"EntryPoint","urlTemplate":"https:\/\/sales-ai-agents.com\/?s={search_term_string}"},"query-input":{"@type":"PropertyValueSpecification","valueRequired":true,"valueName":"search_term_string"}}],"inLanguage":"tr"},{"@type":"Organization","@id":"https:\/\/sales-ai-agents.com\/#organization","name":"FuseBase","url":"https:\/\/sales-ai-agents.com\/","logo":{"@type":"ImageObject","inLanguage":"tr","@id":"https:\/\/sales-ai-agents.com\/#\/schema\/logo\/image\/","url":"https:\/\/sales-ai-agents.com\/wp-content\/uploads\/2023\/11\/icon-7.svg","contentUrl":"https:\/\/sales-ai-agents.com\/wp-content\/uploads\/2023\/11\/icon-7.svg","width":128,"height":128,"caption":"FuseBase"},"image":{"@id":"https:\/\/sales-ai-agents.com\/#\/schema\/logo\/image\/"}}]}},"_links":{"self":[{"href":"https:\/\/sales-ai-agents.com\/tr\/wp-json\/wp\/v2\/product\/55346","targetHints":{"allow":["GET"]}}],"collection":[{"href":"https:\/\/sales-ai-agents.com\/tr\/wp-json\/wp\/v2\/product"}],"about":[{"href":"https:\/\/sales-ai-agents.com\/tr\/wp-json\/wp\/v2\/types\/product"}],"wp:featuredmedia":[{"embeddable":true,"href":"https:\/\/sales-ai-agents.com\/tr\/wp-json\/wp\/v2\/media\/55347"}],"wp:attachment":[{"href":"https:\/\/sales-ai-agents.com\/tr\/wp-json\/wp\/v2\/media?parent=55346"}],"wp:term":[{"taxonomy":"product_brand","embeddable":true,"href":"https:\/\/sales-ai-agents.com\/tr\/wp-json\/wp\/v2\/product_brand?post=55346"},{"taxonomy":"product_cat","embeddable":true,"href":"https:\/\/sales-ai-agents.com\/tr\/wp-json\/wp\/v2\/product_cat?post=55346"},{"taxonomy":"product_tag","embeddable":true,"href":"https:\/\/sales-ai-agents.com\/tr\/wp-json\/wp\/v2\/product_tag?post=55346"}],"curies":[{"name":"wp","href":"https:\/\/api.w.org\/{rel}","templated":true}]}}